{"id":39,"date":"2024-04-04T02:50:38","date_gmt":"2024-04-03T23:50:38","guid":{"rendered":"https:\/\/sisu.ut.ee\/juhendid\/viidete-lehekulg\/"},"modified":"2024-04-11T10:32:24","modified_gmt":"2024-04-11T07:32:24","slug":"viidete-lehekulg","status":"publish","type":"page","link":"https:\/\/sisu.ut.ee\/juhendid\/viidete-lehekulg\/","title":{"rendered":"Viidete lehek\u00fclg"},"content":{"rendered":"<p id=\"id-4.\u00d5ppematerjalidelisaminejaloomineMoodle'is-6.Viidetelehek\u00fclg\">\n\tViidete lehek\u00fcljele saab kirjutada sissejuhatava teksti v\u00f5i juhised ja kokku koondada teema\/mooduli\/n\u00e4dala \u00f5ppematerjalid failidena ja veebilinkidena. See vahend aitab samuti kursuse avalehel ruumi kokku hoida.\n<\/p>\n<p style=\"text-align: center\">\n\t<img loading=\"lazy\" decoding=\"async\" width=\"700\" height=\"246\" class=\"alignnone wp-image-359\" src=\"https:\/\/sisu.ut.ee\/wp-content\/uploads\/sites\/177\/viidete-lehekylg.png\" title=\"viidete-lehekylg.png\" alt=\"Viidete lehek\u00fclg\" srcset=\"https:\/\/sisu.ut.ee\/wp-content\/uploads\/sites\/177\/viidete-lehekylg.png 700w, https:\/\/sisu.ut.ee\/wp-content\/uploads\/sites\/177\/viidete-lehekylg-300x105.png 300w\" sizes=\"auto, (max-width: 700px) 100vw, 700px\">\n<\/p>\n<h3>\n\tViidete lehek\u00fclje\u00a0lisamiseks kursuse avalehele:<br>\n<\/h3>\n<ul>\n<li>\n\t\tvalige lingist\u00a0<em>Lisa vahend v\u00f5i tegevus<\/em>\u00a0avanevast aknast\u00a0<em>Viidete lehek\u00fclg<\/em>\n\t<\/li>\n<li>\n\t\tsisestage\u00a0<em>Viidete lehek\u00fclje<\/em>\u00a0nimi (pealkiri) ning kirjeldus\n\t<\/li>\n<\/ul>\n<h3>\n\tViidete lehek\u00fcljele failide v\u00f5i veebilinkide lisamiseks:<br>\n<\/h3>\n<ul>\n<li>\n\t\tkl\u00f5psake lipikul\u00a0<em>Muuda<\/em>\n\t<\/li>\n<li>\n\t\tavaneval lehel lisage \u00f5ppematerjali pealkiri (<em>Nimi<\/em>)\n\t<\/li>\n<li>\n\t\tvalige (<em>Viidatav materjal<\/em>), kas tegu on veebilingiga (<strong><em>URL<\/em><\/strong>) v\u00f5i failiga (<strong><em>FILE<\/em><\/strong>)\n\t<\/li>\n<li>\n\t\tkopeerige <strong>veebiaadress <\/strong>v\u00f5i lisage<strong> vajalik fail (pdf)<\/strong>\n\t<\/li>\n<\/ul>\n<p style=\"text-align: center\">\n\t<img loading=\"lazy\" decoding=\"async\" width=\"686\" height=\"720\" class=\"alignnone wp-image-360\" src=\"https:\/\/sisu.ut.ee\/wp-content\/uploads\/sites\/177\/viidete-lehekylg-muuda.png\" title=\"viidete-lehekylg-muuda.png\" alt=\"Viidete lehek\u00fclg\" srcset=\"https:\/\/sisu.ut.ee\/wp-content\/uploads\/sites\/177\/viidete-lehekylg-muuda.png 686w, https:\/\/sisu.ut.ee\/wp-content\/uploads\/sites\/177\/viidete-lehekylg-muuda-286x300.png 286w\" sizes=\"auto, (max-width: 686px) 100vw, 686px\">\n<\/p>\n<p>\n\tLisatud \u00f5ppematerjalide j\u00e4rjekorda saab muuta tegevuste tulbas olevatest esimesest noole-nupust. Hammasrattast saab muuta lisatud \u00f5ppematerjali pealkirja, veebiaadressi v\u00f5i asendada faili, pr\u00fcgikasti-nupust kustutada,\u00a0horisontaalsetest nooltest saab tekitada v\u00f5i eemaldada taanet\u00a0ning silma-nupust peita.\u00a0<\/p>\n","protected":false},"excerpt":{"rendered":"<p>Viidete lehek\u00fcljele saab kirjutada sissejuhatava teksti v\u00f5i juhised ja kokku koondada teema\/mooduli\/n\u00e4dala \u00f5ppematerjalid failidena ja veebilinkidena. See vahend aitab samuti kursuse avalehel ruumi kokku hoida. Viidete lehek\u00fclje\u00a0lisamiseks kursuse avalehele: valige lingist\u00a0Lisa vahend v\u00f5i tegevus\u00a0avanevast aknast\u00a0Viidete lehek\u00fclg sisestage\u00a0Viidete lehek\u00fclje\u00a0nimi (pealkiri) ning &#8230;<\/p>\n","protected":false},"author":6,"featured_media":0,"parent":0,"menu_order":0,"comment_status":"closed","ping_status":"closed","template":"","meta":{"_acf_changed":false,"inline_featured_image":false,"footnotes":""},"class_list":["post-39","page","type-page","status-publish","hentry"],"acf":[],"_links":{"self":[{"href":"https:\/\/sisu.ut.ee\/juhendid\/wp-json\/wp\/v2\/pages\/39","targetHints":{"allow":["GET"]}}],"collection":[{"href":"https:\/\/sisu.ut.ee\/juhendid\/wp-json\/wp\/v2\/pages"}],"about":[{"href":"https:\/\/sisu.ut.ee\/juhendid\/wp-json\/wp\/v2\/types\/page"}],"author":[{"embeddable":true,"href":"https:\/\/sisu.ut.ee\/juhendid\/wp-json\/wp\/v2\/users\/6"}],"replies":[{"embeddable":true,"href":"https:\/\/sisu.ut.ee\/juhendid\/wp-json\/wp\/v2\/comments?post=39"}],"version-history":[{"count":1,"href":"https:\/\/sisu.ut.ee\/juhendid\/wp-json\/wp\/v2\/pages\/39\/revisions"}],"predecessor-version":[{"id":1812,"href":"https:\/\/sisu.ut.ee\/juhendid\/wp-json\/wp\/v2\/pages\/39\/revisions\/1812"}],"wp:attachment":[{"href":"https:\/\/sisu.ut.ee\/juhendid\/wp-json\/wp\/v2\/media?parent=39"}],"curies":[{"name":"wp","href":"https:\/\/api.w.org\/{rel}","templated":true}]}}