{"id":3848,"date":"2024-10-07T11:48:18","date_gmt":"2024-10-07T08:48:18","guid":{"rendered":"https:\/\/sisu.ut.ee\/juhendid\/?page_id=3848"},"modified":"2025-09-02T11:53:14","modified_gmt":"2025-09-02T08:53:14","slug":"videote-lisamine-moodlei-kursusele","status":"publish","type":"page","link":"https:\/\/sisu.ut.ee\/juhendid\/videote-lisamine-moodlei-kursusele\/","title":{"rendered":"Panopto videote lisamine Moodle&#8217;i kursusele"},"content":{"rendered":"<h3 class=\"wp-block-heading\">Panopto videote lisamine tegevusena<\/h3>\n\n\n\n<p>Kui te soovite Panopto video lisada Moodle\u2019i kursusele lingiga \u00fcksikule videole, siis lisage video kursusele Panopto video vahendiga. Selleks kl\u00f5psake kursuse muutmisre\u017eiimis <em>Lisa vahend v\u00f5 tegevus<\/em> ja valige tegevus <strong>Panopto video<\/strong>. Video valimiseks kl\u00f5psake <em><strong>Sisu valimine<\/strong><\/em>. M\u00e4\u00e4rake video hindamise s\u00e4tted:<\/p>\n\n\n\n<ul class=\"wp-block-list\">\n<li>Videot ei hinnata (<em>Do not grade this video<\/em>)<\/li>\n\n\n\n<li>Hinnatakse video vaatamise protsenti (<em>Grade on % viewed<\/em>)\n<ul class=\"wp-block-list\">\n<li>Selle valiku tegemisel tuleb video lisamisel vastava tegevuse <strong>privaatsuse<\/strong> osas teha valik <em><strong>Kinnita t\u00f6\u00f6riistast p\u00e4rit hinded<\/strong><\/em> ning <strong>hindamise<\/strong> osas m\u00e4\u00e4rata <strong>hindamise t\u00fc\u00fcp ja skoor<\/strong>, mille tulemusena tekib hindetabelisse selle video vaatamise hindeveerg. Video vaatamise hindamisel jagatakse video 100 osaks ning hinnang kujuneb nende osade vaatamise j\u00e4rgi. NB! hindetabelisse l\u00e4heb maksimaaalne vaatamise skoor ning tulemus j\u00f5uab hindetabelisse 3-24 tundi peale video vaatamist. T\u00e4psem info: <a href=\"https:\/\/support.panopto.com\/s\/article\/How-to-Use-a-Panopto-Video-as-a-Graded-Activity-in-Moodle\" target=\"_blank\" rel=\"noreferrer noopener\">https:\/\/support.panopto.com\/s\/article\/How-to-Use-a-Panopto-Video-as-a-Graded-Activity-in-Moodle<\/a><\/li>\n<\/ul>\n<\/li>\n\n\n\n<li>Hinnatakse videosse sisestatud testik\u00fcsimustele vastamise tulemust (<em>Grade on quiz results<\/em>)\n<ul class=\"wp-block-list\">\n<li>Selle valiku tegemisel tuleb video lisamisel vastava tegevuse <strong>privaatsuse<\/strong> osas teha valik <em><strong>Kinnita t\u00f6\u00f6riistast p\u00e4rit hinded<\/strong><\/em> ning <strong>hindamise<\/strong> osas m\u00e4\u00e4rata <strong>hindamise t\u00fc\u00fcp ja skoor<\/strong>, mille tulemusena tekib hindetabelisse selle video testik\u00fcsimustele vastamise tulemuse hindeveerg. <\/li>\n<\/ul>\n<\/li>\n<\/ul>\n\n\n\n<figure class=\"wp-block-image size-full\"><img loading=\"lazy\" decoding=\"async\" width=\"775\" height=\"498\" src=\"https:\/\/sisu.ut.ee\/wp-content\/uploads\/sites\/177\/video_seaded.png\" alt=\"\" class=\"wp-image-3867\" srcset=\"https:\/\/sisu.ut.ee\/wp-content\/uploads\/sites\/177\/video_seaded.png 775w, https:\/\/sisu.ut.ee\/wp-content\/uploads\/sites\/177\/video_seaded-300x193.png 300w, https:\/\/sisu.ut.ee\/wp-content\/uploads\/sites\/177\/video_seaded-768x494.png 768w\" sizes=\"auto, (max-width: 775px) 100vw, 775px\"><\/figure>\n\n\n\n<h3 class=\"wp-block-heading\">Panopto videote vistutamine<\/h3>\n\n\n\n<p>Kui te soovite Moodle\u2019i kursusel lisada Panopto videosid vistutatuna lehele, raamatusse, vahesildile v\u00f5i kirjeldustesse, siis on soovitatav video lisada Moodle\u2019i TinyMCE redaktori <strong>Panopto LTI <\/strong>nupu abil. Panopto nupu abil video lisamine tagab video vaatamis\u00f5iguse parema rakendumise juhul kui video on k\u00e4ttesaadavaks tehtud kursusel osalejatele.<\/p>\n\n\n\n<figure class=\"wp-block-image size-large is-resized\"><img loading=\"lazy\" decoding=\"async\" width=\"1024\" height=\"94\" src=\"https:\/\/sisu.ut.ee\/wp-content\/uploads\/sites\/177\/panoto-lti-button-tinymce-1024x94.png\" alt=\"\" class=\"wp-image-4770\" style=\"width:913px;height:auto\" srcset=\"https:\/\/sisu.ut.ee\/wp-content\/uploads\/sites\/177\/panoto-lti-button-tinymce-1024x94.png 1024w, https:\/\/sisu.ut.ee\/wp-content\/uploads\/sites\/177\/panoto-lti-button-tinymce-300x28.png 300w, https:\/\/sisu.ut.ee\/wp-content\/uploads\/sites\/177\/panoto-lti-button-tinymce-768x70.png 768w, https:\/\/sisu.ut.ee\/wp-content\/uploads\/sites\/177\/panoto-lti-button-tinymce.png 1133w\" sizes=\"auto, (max-width: 1024px) 100vw, 1024px\"><\/figure>\n\n\n\n<p>Teile kuvatakse vaikimisi kursuse Panopto kaust, kus m\u00e4rkige \u00e4ra video, mida soovite vistutada ja kl\u00f5psake <strong>Insert<\/strong>. Eelnevalt saate veel muuta video vistutamise valikuid (<em>Video Embed options<\/em>).<\/p>\n\n\n\n<figure class=\"wp-block-image size-large\"><img loading=\"lazy\" decoding=\"async\" width=\"1024\" height=\"554\" src=\"https:\/\/sisu.ut.ee\/wp-content\/uploads\/sites\/177\/video_vailimine-2-1024x554.png\" alt=\"\" class=\"wp-image-3863\" srcset=\"https:\/\/sisu.ut.ee\/wp-content\/uploads\/sites\/177\/video_vailimine-2-1024x554.png 1024w, https:\/\/sisu.ut.ee\/wp-content\/uploads\/sites\/177\/video_vailimine-2-300x162.png 300w, https:\/\/sisu.ut.ee\/wp-content\/uploads\/sites\/177\/video_vailimine-2-768x416.png 768w, https:\/\/sisu.ut.ee\/wp-content\/uploads\/sites\/177\/video_vailimine-2.png 1099w\" sizes=\"auto, (max-width: 1024px) 100vw, 1024px\"><\/figure>\n","protected":false},"excerpt":{"rendered":"<p>Panopto videote lisamine tegevusena Kui te soovite Panopto video lisada Moodle\u2019i kursusele lingiga \u00fcksikule videole, siis lisage video kursusele Panopto video vahendiga. Selleks kl\u00f5psake kursuse muutmisre\u017eiimis Lisa vahend v\u00f5 tegevus ja valige tegevus Panopto video. Video valimiseks kl\u00f5psake Sisu valimine. &#8230;<\/p>\n","protected":false},"author":6,"featured_media":0,"parent":0,"menu_order":0,"comment_status":"closed","ping_status":"closed","template":"","meta":{"_acf_changed":false,"inline_featured_image":false,"footnotes":""},"class_list":["post-3848","page","type-page","status-publish","hentry"],"acf":[],"_links":{"self":[{"href":"https:\/\/sisu.ut.ee\/juhendid\/wp-json\/wp\/v2\/pages\/3848","targetHints":{"allow":["GET"]}}],"collection":[{"href":"https:\/\/sisu.ut.ee\/juhendid\/wp-json\/wp\/v2\/pages"}],"about":[{"href":"https:\/\/sisu.ut.ee\/juhendid\/wp-json\/wp\/v2\/types\/page"}],"author":[{"embeddable":true,"href":"https:\/\/sisu.ut.ee\/juhendid\/wp-json\/wp\/v2\/users\/6"}],"replies":[{"embeddable":true,"href":"https:\/\/sisu.ut.ee\/juhendid\/wp-json\/wp\/v2\/comments?post=3848"}],"version-history":[{"count":13,"href":"https:\/\/sisu.ut.ee\/juhendid\/wp-json\/wp\/v2\/pages\/3848\/revisions"}],"predecessor-version":[{"id":4772,"href":"https:\/\/sisu.ut.ee\/juhendid\/wp-json\/wp\/v2\/pages\/3848\/revisions\/4772"}],"wp:attachment":[{"href":"https:\/\/sisu.ut.ee\/juhendid\/wp-json\/wp\/v2\/media?parent=3848"}],"curies":[{"name":"wp","href":"https:\/\/api.w.org\/{rel}","templated":true}]}}