{"id":3717,"date":"2024-08-21T13:44:18","date_gmt":"2024-08-21T10:44:18","guid":{"rendered":"https:\/\/sisu.ut.ee\/juhendid\/?page_id=3717"},"modified":"2026-03-18T08:46:38","modified_gmt":"2026-03-18T06:46:38","slug":"sailitamispoliitika","status":"publish","type":"page","link":"https:\/\/sisu.ut.ee\/juhendid\/panopto\/sailitamispoliitika\/","title":{"rendered":"Panopto videote s\u00e4ilitamispoliitika"},"content":{"rendered":"<p><strong>Panopto videote s\u00e4ilitamise kohta on \u00f5ppekomisjoni 12. septembri 2024 otsusega kehtestatud j\u00e4rgmised p\u00f5him\u00f5tted:<\/strong>\u00a0<\/p>\n\n\n\n<ul class=\"wp-block-list\">\n<li>arhiveeritakse videod, mida pole viimase 13 kuu jooksul kordagi vaadatud;\u00a0<\/li>\n<\/ul>\n\n\n\n<ul class=\"wp-block-list\">\n<li>arhiveeritud videoid on Panoptosse sisse logitud kasutajatel (sh \u00f5ppijatel) v\u00f5imalik taastada (kuni 72 tunni jooksul) ja vaadata;\u00a0<\/li>\n<\/ul>\n\n\n\n<ul class=\"wp-block-list\">\n<li>kuna arhiivimahtu on \u00fclikoolil varuga, puudub l\u00e4hiaastatel vajadus videoid arhiivist kustutada.\u00a0<\/li>\n<\/ul>\n\n\n\n<p>Videote arhiveerimise eesm\u00e4rk on liigutada vanemad salvestused ressursside kokkuhoiu eesm\u00e4rgil aeglasemale kettaruumile, et tagada videohalduss\u00fcsteemi optimaalsem t\u00f6\u00f6.\u00a0<\/p>\n\n\n<div class=\"accordion-block mb-3\">\n\t\t<div class=\"accordion \" id=\"accordion-accordion-69d20b711a83c\">\n\t\t\t\t\t\t\t<div class=\"accordion-item accordion-item--white\">\n\t\t\t\t\t<h2 class=\"accordion-header\" id=\"accordion-69d20b711a83c-heading-1\">\n\t\t\t\t\t\t<button class=\"accordion-button collapsed\" type=\"button\" data-bs-toggle=\"collapse\" data-bs-target=\"#accordion-69d20b711a83c-collapse-1\" aria-expanded=\"true\" aria-controls=\"accordion-69d20b711a83c-collapse-1\">\n\t\t\t\t\t\t\tKas ma saan e-postiga teate, kui minu videod arhiveeritakse?\n\t\t\t\t\t\t<\/button>\n\t\t\t\t\t<\/h2>\n\t\t\t\t\t<div id=\"accordion-69d20b711a83c-collapse-1\" class=\"accordion-collapse collapse \" aria-labelledby=\"accordion-69d20b711a83c-heading-1\">\n\t\t\t\t\t\t<div class=\"accordion-body\">\n\t\t\t\t\t\t\t<p>Videod arhiveeritakse automaatselt ning videote omanikele ei saadeta e-kirjaga teadet arhiveerimisest.<\/p>\n\n\t\t\t\t\t\t<\/div>\n\t\t\t\t\t<\/div>\n\t\t\t\t<\/div>\n\t\t\t\t\t\t\t<div class=\"accordion-item accordion-item--white\">\n\t\t\t\t\t<h2 class=\"accordion-header\" id=\"accordion-69d20b711a83c-heading-2\">\n\t\t\t\t\t\t<button class=\"accordion-button collapsed\" type=\"button\" data-bs-toggle=\"collapse\" data-bs-target=\"#accordion-69d20b711a83c-collapse-2\" aria-expanded=\"true\" aria-controls=\"accordion-69d20b711a83c-collapse-2\">\n\t\t\t\t\t\t\tKuidas ma tean, millised minu videod on arhiveeritud?\n\t\t\t\t\t\t<\/button>\n\t\t\t\t\t<\/h2>\n\t\t\t\t\t<div id=\"accordion-69d20b711a83c-collapse-2\" class=\"accordion-collapse collapse \" aria-labelledby=\"accordion-69d20b711a83c-heading-2\">\n\t\t\t\t\t\t<div class=\"accordion-body\">\n\t\t\t\t\t\t\t<p>Kui te olete Panoptosse sisse logitud ning avate oma videote kausta, siis on v\u00f5imalik lehe \u00fclaservas olevatel ikoonidel kl\u00f5psates n\u00e4ha, millised selle kausta videod on n\u00e4htavad ja millised on arhiveeritud.<\/p>\n<p><img loading=\"lazy\" decoding=\"async\" class=\"alignnone size-medium wp-image-3816\" src=\"https:\/\/sisu.ut.ee\/wp-content\/uploads\/sites\/177\/Screenshot-2024-09-13-at-13.46.22-300x70.png\" alt=\"\" width=\"300\" height=\"70\" srcset=\"https:\/\/sisu.ut.ee\/wp-content\/uploads\/sites\/177\/Screenshot-2024-09-13-at-13.46.22-300x70.png 300w, https:\/\/sisu.ut.ee\/wp-content\/uploads\/sites\/177\/Screenshot-2024-09-13-at-13.46.22-768x179.png 768w, https:\/\/sisu.ut.ee\/wp-content\/uploads\/sites\/177\/Screenshot-2024-09-13-at-13.46.22.png 834w\" sizes=\"auto, (max-width: 300px) 100vw, 300px\"><\/p>\n\n\t\t\t\t\t\t<\/div>\n\t\t\t\t\t<\/div>\n\t\t\t\t<\/div>\n\t\t\t\t\t\t\t<div class=\"accordion-item accordion-item--white\">\n\t\t\t\t\t<h2 class=\"accordion-header\" id=\"accordion-69d20b711a83c-heading-3\">\n\t\t\t\t\t\t<button class=\"accordion-button collapsed\" type=\"button\" data-bs-toggle=\"collapse\" data-bs-target=\"#accordion-69d20b711a83c-collapse-3\" aria-expanded=\"true\" aria-controls=\"accordion-69d20b711a83c-collapse-3\">\n\t\t\t\t\t\t\tKas mul on v\u00f5imalik videoid ka ise arhiveerida? \n\t\t\t\t\t\t<\/button>\n\t\t\t\t\t<\/h2>\n\t\t\t\t\t<div id=\"accordion-69d20b711a83c-collapse-3\" class=\"accordion-collapse collapse \" aria-labelledby=\"accordion-69d20b711a83c-heading-3\">\n\t\t\t\t\t\t<div class=\"accordion-body\">\n\t\t\t\t\t\t\t<p>Kui teil on video looja (<em>creator<\/em>) \u00f5igused, siis saate videot igal ajahetkel video seadete Manage lipikul <em>Archive<\/em> k\u00e4su abil arhiveerida.<\/p>\n\n\t\t\t\t\t\t<\/div>\n\t\t\t\t\t<\/div>\n\t\t\t\t<\/div>\n\t\t\t\t\t\t\t<div class=\"accordion-item accordion-item--white\">\n\t\t\t\t\t<h2 class=\"accordion-header\" id=\"accordion-69d20b711a83c-heading-4\">\n\t\t\t\t\t\t<button class=\"accordion-button collapsed\" type=\"button\" data-bs-toggle=\"collapse\" data-bs-target=\"#accordion-69d20b711a83c-collapse-4\" aria-expanded=\"true\" aria-controls=\"accordion-69d20b711a83c-collapse-4\">\n\t\t\t\t\t\t\tKuidas ma saan videoid arhiivist taastada?\n\t\t\t\t\t\t<\/button>\n\t\t\t\t\t<\/h2>\n\t\t\t\t\t<div id=\"accordion-69d20b711a83c-collapse-4\" class=\"accordion-collapse collapse \" aria-labelledby=\"accordion-69d20b711a83c-heading-4\">\n\t\t\t\t\t\t<div class=\"accordion-body\">\n\t\t\t\t\t\t\t<p>Arhiveeritud videotel on <strong><em>Restore from Archive<\/em><\/strong> nupp, millel kl\u00f5psates saate video arhiivist taastada.<\/p>\n<p><img loading=\"lazy\" decoding=\"async\" class=\"alignnone size-medium wp-image-3820\" src=\"https:\/\/sisu.ut.ee\/wp-content\/uploads\/sites\/177\/Screenshot-2024-09-13-at-13.53.49-300x162.png\" alt=\"\" width=\"300\" height=\"162\" srcset=\"https:\/\/sisu.ut.ee\/wp-content\/uploads\/sites\/177\/Screenshot-2024-09-13-at-13.53.49-300x162.png 300w, https:\/\/sisu.ut.ee\/wp-content\/uploads\/sites\/177\/Screenshot-2024-09-13-at-13.53.49.png 762w\" sizes=\"auto, (max-width: 300px) 100vw, 300px\"><\/p>\n\n\t\t\t\t\t\t<\/div>\n\t\t\t\t\t<\/div>\n\t\t\t\t<\/div>\n\t\t\t\t\t\t\t<div class=\"accordion-item accordion-item--white\">\n\t\t\t\t\t<h2 class=\"accordion-header\" id=\"accordion-69d20b711a83c-heading-5\">\n\t\t\t\t\t\t<button class=\"accordion-button collapsed\" type=\"button\" data-bs-toggle=\"collapse\" data-bs-target=\"#accordion-69d20b711a83c-collapse-5\" aria-expanded=\"true\" aria-controls=\"accordion-69d20b711a83c-collapse-5\">\n\t\t\t\t\t\t\tKui kaua v\u00f5tab aega video arhiivist taastamine?\n\t\t\t\t\t\t<\/button>\n\t\t\t\t\t<\/h2>\n\t\t\t\t\t<div id=\"accordion-69d20b711a83c-collapse-5\" class=\"accordion-collapse collapse \" aria-labelledby=\"accordion-69d20b711a83c-heading-5\">\n\t\t\t\t\t\t<div class=\"accordion-body\">\n\t\t\t\t\t\t\t<p>Video arhiivist taastamise aeg s\u00f5ltub hetkel Panoptos k\u00e4imasolevate protsesside hulgast ning taastajale kuvatakse teade, kui kaua v\u00f5ib taastamine aega v\u00f5tta. Taastamine toimub maksimaalselt 72 tunni jooksul ning kui taastamine on toimunud, siis saab video omanik selle kohta e-kirjana teate.<\/p>\n\n\t\t\t\t\t\t<\/div>\n\t\t\t\t\t<\/div>\n\t\t\t\t<\/div>\n\t\t\t\t\t<\/div>\n\t<\/div>\n","protected":false},"excerpt":{"rendered":"<p>Panopto videote s\u00e4ilitamise kohta on \u00f5ppekomisjoni 12. septembri 2024 otsusega kehtestatud j\u00e4rgmised p\u00f5him\u00f5tted:\u00a0 Videote arhiveerimise eesm\u00e4rk on liigutada vanemad salvestused ressursside kokkuhoiu eesm\u00e4rgil aeglasemale kettaruumile, et tagada videohalduss\u00fcsteemi optimaalsem t\u00f6\u00f6.\u00a0<\/p>\n","protected":false},"author":280,"featured_media":0,"parent":202,"menu_order":0,"comment_status":"closed","ping_status":"closed","template":"","meta":{"_acf_changed":false,"inline_featured_image":false,"footnotes":""},"class_list":["post-3717","page","type-page","status-publish","hentry"],"acf":[],"_links":{"self":[{"href":"https:\/\/sisu.ut.ee\/juhendid\/wp-json\/wp\/v2\/pages\/3717","targetHints":{"allow":["GET"]}}],"collection":[{"href":"https:\/\/sisu.ut.ee\/juhendid\/wp-json\/wp\/v2\/pages"}],"about":[{"href":"https:\/\/sisu.ut.ee\/juhendid\/wp-json\/wp\/v2\/types\/page"}],"author":[{"embeddable":true,"href":"https:\/\/sisu.ut.ee\/juhendid\/wp-json\/wp\/v2\/users\/280"}],"replies":[{"embeddable":true,"href":"https:\/\/sisu.ut.ee\/juhendid\/wp-json\/wp\/v2\/comments?post=3717"}],"version-history":[{"count":21,"href":"https:\/\/sisu.ut.ee\/juhendid\/wp-json\/wp\/v2\/pages\/3717\/revisions"}],"predecessor-version":[{"id":5036,"href":"https:\/\/sisu.ut.ee\/juhendid\/wp-json\/wp\/v2\/pages\/3717\/revisions\/5036"}],"up":[{"embeddable":true,"href":"https:\/\/sisu.ut.ee\/juhendid\/wp-json\/wp\/v2\/pages\/202"}],"wp:attachment":[{"href":"https:\/\/sisu.ut.ee\/juhendid\/wp-json\/wp\/v2\/media?parent=3717"}],"curies":[{"name":"wp","href":"https:\/\/api.w.org\/{rel}","templated":true}]}}