{"id":36,"date":"2024-04-04T02:50:38","date_gmt":"2024-04-03T23:50:38","guid":{"rendered":"https:\/\/sisu.ut.ee\/juhendid\/kaust\/"},"modified":"2024-04-11T10:27:01","modified_gmt":"2024-04-11T07:27:01","slug":"kaust","status":"publish","type":"page","link":"https:\/\/sisu.ut.ee\/juhendid\/kaust\/","title":{"rendered":"Kaust"},"content":{"rendered":"<p>\n\t<img loading=\"lazy\" decoding=\"async\" width=\"226\" height=\"211\" class=\"alignnone wp-image-354\" style=\"float: right;border: 1px solid #eee\" src=\"https:\/\/sisu.ut.ee\/wp-content\/uploads\/sites\/177\/kaust2b.png\" title=\"kaust2b.png\" alt=\"kaust2b.png\">Kursuse avalehele saab lisada lingi kaustale, mis sisaldab just konkreetse teema\/n\u00e4dala\/\u00fclesande jaoks vajalikke faile. \u00d5ppijale kuvatakse kaustas olevate failide nimed t\u00e4hestikulises j\u00e4rjekorras. Kaustana on m\u00f5tet esitada vaid neid faile, mille nimed ja esitamise j\u00e4rjekord pole \u00f5ppija jaoks sisulise t\u00e4hendusega \u2013 nt erinevad t\u00f6\u00f6failid, mustandid jms.\u00a0\n<\/p>\n<h5>\n\tNB! V\u00e4ltige kausta- ja failinimedes t\u00fchikuid, eestip\u00e4raseid t\u00e4pit\u00e4hti ning eris\u00fcmboleid.<br>\n<\/h5>\n<h5>\n\tNB! Vahendina kursuse avalehele loodud kausta ega lisatud faile kursuse failide alla ei salvestata!<br>\n<\/h5>\n<h3>\n\tKausta lisamiseks kursuse avalehele:<br>\n<\/h3>\n<ul>\n<li>\n\t\tvalige lingist\u00a0<em>Lisa vahend v\u00f5i tegevus<\/em>\u00a0avanevast aknast\u00a0<em>Kaust<\/em>\n\t<\/li>\n<li>\n\t\tsisestage kaustale nimi (pealkiri) ning kirjeldus\n\t<\/li>\n<li>\n\t\tfaili lisamiseks valige\u00a0lehe-nupust v\u00f5i lohistage see enda failihaldusprogrammist\n\t<\/li>\n<li>\n\t\talamkausta loomiseks kl\u00f5psake kausta-nupul\n\t<\/li>\n<\/ul>\n<p style=\"text-align: center\">\n\t<img loading=\"lazy\" decoding=\"async\" width=\"560\" height=\"211\" class=\"alignnone wp-image-351\" src=\"https:\/\/sisu.ut.ee\/wp-content\/uploads\/sites\/177\/fail_01.png\" title=\"fail_01.png\" alt=\"Faili lisamine\" srcset=\"https:\/\/sisu.ut.ee\/wp-content\/uploads\/sites\/177\/fail_01.png 560w, https:\/\/sisu.ut.ee\/wp-content\/uploads\/sites\/177\/fail_01-300x113.png 300w\" sizes=\"auto, (max-width: 560px) 100vw, 560px\">\n<\/p>\n<h5>\n\tNB! \u00d5ppematerjalide esitamiseks on \u00f5ppijas\u00f5bralikum kasutada kausta asemel hoopis vahendeid\u00a0<span style=\"color: inherit;font-family: inherit;line-height: 1.1\"><em>Ressursside nimekiri<\/em> ja <em>Viidete lehek\u00fclg<\/em>.<\/span><br>\n<\/h5>\n","protected":false},"excerpt":{"rendered":"<p>Kursuse avalehele saab lisada lingi kaustale, mis sisaldab just konkreetse teema\/n\u00e4dala\/\u00fclesande jaoks vajalikke faile. \u00d5ppijale kuvatakse kaustas olevate failide nimed t\u00e4hestikulises j\u00e4rjekorras. Kaustana on m\u00f5tet esitada vaid neid faile, mille nimed ja esitamise j\u00e4rjekord pole \u00f5ppija jaoks sisulise t\u00e4hendusega \u2013 &#8230;<\/p>\n","protected":false},"author":6,"featured_media":0,"parent":0,"menu_order":0,"comment_status":"closed","ping_status":"closed","template":"","meta":{"_acf_changed":false,"inline_featured_image":false,"footnotes":""},"class_list":["post-36","page","type-page","status-publish","hentry"],"acf":[],"_links":{"self":[{"href":"https:\/\/sisu.ut.ee\/juhendid\/wp-json\/wp\/v2\/pages\/36","targetHints":{"allow":["GET"]}}],"collection":[{"href":"https:\/\/sisu.ut.ee\/juhendid\/wp-json\/wp\/v2\/pages"}],"about":[{"href":"https:\/\/sisu.ut.ee\/juhendid\/wp-json\/wp\/v2\/types\/page"}],"author":[{"embeddable":true,"href":"https:\/\/sisu.ut.ee\/juhendid\/wp-json\/wp\/v2\/users\/6"}],"replies":[{"embeddable":true,"href":"https:\/\/sisu.ut.ee\/juhendid\/wp-json\/wp\/v2\/comments?post=36"}],"version-history":[{"count":1,"href":"https:\/\/sisu.ut.ee\/juhendid\/wp-json\/wp\/v2\/pages\/36\/revisions"}],"predecessor-version":[{"id":1815,"href":"https:\/\/sisu.ut.ee\/juhendid\/wp-json\/wp\/v2\/pages\/36\/revisions\/1815"}],"wp:attachment":[{"href":"https:\/\/sisu.ut.ee\/juhendid\/wp-json\/wp\/v2\/media?parent=36"}],"curies":[{"name":"wp","href":"https:\/\/api.w.org\/{rel}","templated":true}]}}