{"id":35,"date":"2024-04-04T02:50:38","date_gmt":"2024-04-03T23:50:38","guid":{"rendered":"https:\/\/sisu.ut.ee\/juhendid\/sisupakett\/"},"modified":"2024-04-11T10:26:31","modified_gmt":"2024-04-11T07:26:31","slug":"sisupakett","status":"publish","type":"page","link":"https:\/\/sisu.ut.ee\/juhendid\/sisupakett\/","title":{"rendered":"IMS-sisupakett"},"content":{"rendered":"<p>\n\tSisupakett on terviklik, \u00fche teema kohta k\u00e4iv, iseseisvakas omandamiseks m\u00f5eldud mitmest eraldi lehek\u00fcljest ning sisukorrast koosnev \u00f5ppematerjal. Sisupakette luuakse spetsiaalse tarkvaraga v\u00e4ljaspool Moodle\u2019i keskkonda ja imporditakse p\u00e4rast e-kursusele.\n<\/p>\n<p>\n\t<img loading=\"lazy\" decoding=\"async\" width=\"470\" height=\"402\" class=\"alignnone wp-image-352\" style=\"margin-left: auto;margin-right: auto\" src=\"https:\/\/sisu.ut.ee\/wp-content\/uploads\/sites\/177\/sisupakett2.png\" title=\"sisupakett2.png\" alt=\"sisupakett2.png\" srcset=\"https:\/\/sisu.ut.ee\/wp-content\/uploads\/sites\/177\/sisupakett2.png 470w, https:\/\/sisu.ut.ee\/wp-content\/uploads\/sites\/177\/sisupakett2-300x257.png 300w\" sizes=\"auto, (max-width: 470px) 100vw, 470px\">\n<\/p>\n<p>\n\tKui loote sisupaketi n\u00e4iteks programmiga eXe Learning, saate eksportimisel valida, kas salvestate selle SCORM- v\u00f5i IMS-paketina. IMS-paketi saate zip-failina kursusele importida materjalide alt ja SCORM-paketina tegevuste alt.<\/p>\n","protected":false},"excerpt":{"rendered":"<p>Sisupakett on terviklik, \u00fche teema kohta k\u00e4iv, iseseisvakas omandamiseks m\u00f5eldud mitmest eraldi lehek\u00fcljest ning sisukorrast koosnev \u00f5ppematerjal. Sisupakette luuakse spetsiaalse tarkvaraga v\u00e4ljaspool Moodle\u2019i keskkonda ja imporditakse p\u00e4rast e-kursusele. Kui loote sisupaketi n\u00e4iteks programmiga eXe Learning, saate eksportimisel valida, kas salvestate &#8230;<\/p>\n","protected":false},"author":6,"featured_media":0,"parent":0,"menu_order":0,"comment_status":"closed","ping_status":"closed","template":"","meta":{"_acf_changed":false,"inline_featured_image":false,"footnotes":""},"class_list":["post-35","page","type-page","status-publish","hentry"],"acf":[],"_links":{"self":[{"href":"https:\/\/sisu.ut.ee\/juhendid\/wp-json\/wp\/v2\/pages\/35","targetHints":{"allow":["GET"]}}],"collection":[{"href":"https:\/\/sisu.ut.ee\/juhendid\/wp-json\/wp\/v2\/pages"}],"about":[{"href":"https:\/\/sisu.ut.ee\/juhendid\/wp-json\/wp\/v2\/types\/page"}],"author":[{"embeddable":true,"href":"https:\/\/sisu.ut.ee\/juhendid\/wp-json\/wp\/v2\/users\/6"}],"replies":[{"embeddable":true,"href":"https:\/\/sisu.ut.ee\/juhendid\/wp-json\/wp\/v2\/comments?post=35"}],"version-history":[{"count":1,"href":"https:\/\/sisu.ut.ee\/juhendid\/wp-json\/wp\/v2\/pages\/35\/revisions"}],"predecessor-version":[{"id":1816,"href":"https:\/\/sisu.ut.ee\/juhendid\/wp-json\/wp\/v2\/pages\/35\/revisions\/1816"}],"wp:attachment":[{"href":"https:\/\/sisu.ut.ee\/juhendid\/wp-json\/wp\/v2\/media?parent=35"}],"curies":[{"name":"wp","href":"https:\/\/api.w.org\/{rel}","templated":true}]}}