{"id":3436,"date":"2024-04-04T02:50:49","date_gmt":"2024-04-03T23:50:49","guid":{"rendered":"https:\/\/sisu.ut.ee\/juhendid\/?page_id=3436"},"modified":"2026-03-11T16:24:29","modified_gmt":"2026-03-11T14:24:29","slug":"requesting-ut-ee-domain","status":"publish","type":"page","link":"https:\/\/sisu.ut.ee\/juhendid\/requesting-ut-ee-domain\/?lang=en","title":{"rendered":"Requesting ut.ee subdomain for Sisu@UT website"},"content":{"rendered":"<p>The website creator can order the domain for the website in the form of <strong>websitename.ut.ee<\/strong> if necessary.<\/p>\n\n\n\n<p>To request a domain:<\/p>\n\n\n\n<ul class=\"wp-block-list\">\n<li>Fill in the domain request <a href=\"https:\/\/jira.ut.ee\/servicedesk\/customer\/portal\/6\/create\/98\" data-type=\"link\" data-id=\"https:\/\/jira.ut.ee\/servicedesk\/customer\/portal\/6\/create\/98\" target=\"_blank\" rel=\"noreferrer noopener\"><strong>Sisu@UT subdomain request form<\/strong><\/a>.<\/li>\n\n\n\n<li>In the form you must fill in the domain address and justify why you need this domain (Reason for ordering the domain).<\/li>\n\n\n\n<li>A ticket will be made and the domain creation will start if the domain request is reasonable.<\/li>\n<\/ul>\n\n\n\n<h5 class=\"wp-block-heading\"><strong>NB! <\/strong>Order the domain only if there is an urgent need for it (e.g. for websites of projects, conferences, etc.). Domain request is not justified for thematic content packages.<\/h5>\n\n\n\n<p>Recommendations:<\/p>\n\n\n\n<ul class=\"wp-block-list\">\n<li>Before ordering a domain, make sure that the given domain is not already in use.<\/li>\n\n\n\n<li>For the domain name, it is recommended to choose the same name that is on the sisu.ut.ee site. For example: domain.ut.ee and sisu.ut.ee\/domain.<\/li>\n\n\n\n<li>The domain name must not contain letters with dots (\u00f6\u00fc\u00e4\u00f6..) or special characters (!?\u201d$#..).<\/li>\n\n\n\n<li>Do not choose too ambitious names for the domain name (e.g. research.ut.ee), as the university may need these domains for other purposes.<\/li>\n\n\n\n<li>It takes a certain amount of time to get a domain after submitting your request, as your request is being reviewed. If the request cannot be satisfied, the subscriber of the domain will be contacted.<\/li>\n<\/ul>\n\n\n\n<h5 class=\"wp-block-heading\"><strong>NB!<\/strong> Your website can only be viewed at the domain address, to change the website you still need to go to the Sisu page <a href=\"https:\/\/sisu.ut.ee\" target=\"_blank\" rel=\"noreferrer noopener\">https:\/\/sisu.ut.ee<\/a> and log in.<\/h5>\n\n\n\n<h5 class=\"wp-block-heading\"><strong>NB!<\/strong>\u00a0If you wish to order a top-level domain such as domain.ee, you must order the domain through the University of Tartu IT Helpdesk using the <a href=\"https:\/\/jira.ut.ee\/servicedesk\/customer\/portal\/4\/create\/81\">\u201cOrder Domain Name\u201d form<\/a>. This is a paid service! If you are using a previously ordered domain with Sisu@UT, you need to transfer ownership to the University of Tartu, which incurs an additional fee.<br><\/h5>\n","protected":false},"excerpt":{"rendered":"<p>The website creator can order the domain for the website in the form of websitename.ut.ee if necessary. To request a domain: NB! Order the domain only if there is an urgent need for it (e.g. for websites of projects, conferences, &#8230;<\/p>\n","protected":false},"author":6,"featured_media":0,"parent":0,"menu_order":0,"comment_status":"closed","ping_status":"closed","template":"","meta":{"_acf_changed":false,"inline_featured_image":false,"footnotes":""},"class_list":["post-3436","page","type-page","status-publish","hentry"],"acf":[],"_links":{"self":[{"href":"https:\/\/sisu.ut.ee\/juhendid\/wp-json\/wp\/v2\/pages\/3436","targetHints":{"allow":["GET"]}}],"collection":[{"href":"https:\/\/sisu.ut.ee\/juhendid\/wp-json\/wp\/v2\/pages"}],"about":[{"href":"https:\/\/sisu.ut.ee\/juhendid\/wp-json\/wp\/v2\/types\/page"}],"author":[{"embeddable":true,"href":"https:\/\/sisu.ut.ee\/juhendid\/wp-json\/wp\/v2\/users\/6"}],"replies":[{"embeddable":true,"href":"https:\/\/sisu.ut.ee\/juhendid\/wp-json\/wp\/v2\/comments?post=3436"}],"version-history":[{"count":7,"href":"https:\/\/sisu.ut.ee\/juhendid\/wp-json\/wp\/v2\/pages\/3436\/revisions"}],"predecessor-version":[{"id":5033,"href":"https:\/\/sisu.ut.ee\/juhendid\/wp-json\/wp\/v2\/pages\/3436\/revisions\/5033"}],"wp:attachment":[{"href":"https:\/\/sisu.ut.ee\/juhendid\/wp-json\/wp\/v2\/media?parent=3436"}],"curies":[{"name":"wp","href":"https:\/\/api.w.org\/{rel}","templated":true}]}}