{"id":34,"date":"2024-04-04T02:50:38","date_gmt":"2024-04-03T23:50:38","guid":{"rendered":"https:\/\/sisu.ut.ee\/juhendid\/fail\/"},"modified":"2025-09-24T13:44:52","modified_gmt":"2025-09-24T10:44:52","slug":"fail","status":"publish","type":"page","link":"https:\/\/sisu.ut.ee\/juhendid\/fail\/","title":{"rendered":"Fail"},"content":{"rendered":"<p>Failina saab kursuse avalehele lisada k\u00f5ikv\u00f5imalikes erinevates formaatides faile. Failide avamiseks peab \u00f5ppijal vastav tarkvara arvutis olemas olema.<\/p>\n<h5>J\u00e4lgige, et teie failinimedes poleks t\u00fchikuid ja eestip\u00e4raseid t\u00e4pit\u00e4hti (\u00f5 \u00e4 \u00f6 \u00fc).\u00a0Kui teie failid on ebasobivate nimedega, nimetage need enne Moodle\u2019isse viimist lihtsalt \u00fcmber.<\/h5>\n<p>Kui failid on loodud ja salvestatud m\u00f5ne kontoritarkvaraga (Word, PowerPoint vm) ning on m\u00f5eldud vaid vaatamiseks, mitte muutmiseks, salvestage need esmalt oma arvutis pdf-ks (kui \u00f5ppematerjalis on pildid, tabelid, valemid, eris\u00fcmbolid). Kontoritarkvaraga loodud vm spetsiifilises formaadis faile lisage e-kursusele vaid juhul, kuid \u00f5ppijad peavad neid ise muutma.<\/p>\n<h3>Faili lisamiseks kursuse avalehele:<\/h3>\n<ul>\n<li>valige lingist <img loading=\"lazy\" decoding=\"async\" class=\"alignnone  wp-image-4811\" src=\"https:\/\/sisu.ut.ee\/wp-content\/uploads\/sites\/177\/image-2.png\" alt=\"\" width=\"148\" height=\"53\"> <em>Vahend v\u00f5i tegevus<\/em>\u00a0avanevast aknast\u00a0<em>Fail<\/em><\/li>\n<li>sisestage failile nimi (pealkiri) ning kirjeldus<\/li>\n<li>valige lehe-nupust fail v\u00f5i lohistage see enda failihaldusprogrammist<\/li>\n<li>kausta-nupust saate luua alamkaustasid<\/li>\n<\/ul>\n<p style=\"text-align: center;\"><img loading=\"lazy\" decoding=\"async\" width=\"560\" height=\"211\" class=\"alignnone wp-image-351\" title=\"fail_01.png\" src=\"https:\/\/sisu.ut.ee\/wp-content\/uploads\/sites\/177\/fail_01.png\" alt=\"Faili lisamine\" srcset=\"https:\/\/sisu.ut.ee\/wp-content\/uploads\/sites\/177\/fail_01.png 560w, https:\/\/sisu.ut.ee\/wp-content\/uploads\/sites\/177\/fail_01-300x113.png 300w\" sizes=\"auto, (max-width: 560px) 100vw, 560px\"><\/p>\n<p>Arvestage sellega, st v\u00e4ljaspool Moodle\u2019it loodud faile te Moodle\u2019is edaspidi muuta ei saa. Muuta saate neid enda arvutis. Seej\u00e4rel peate muudetud ja salvestatud faili uuesti kursusele lisama. Faili vahendiga kursuse avalehele lisatud faili reaalselt kursuse failide alla ei salvestata.<\/p>\n<p>Kasulik on kursusel kasutatavad failid t\u00f5sta esmalt kursuse failide kausta, et need siis sealt materjalidena kursuse avalehele lisada.<\/p>\n<h3>Failide lisamiseks kursuse failide kausta:<\/h3>\n<ol>\n<li>kl\u00f5psake plokis <em>Seadistused <\/em>lingil<em> Kursuse failid <\/em><\/li>\n<li>kl\u00f5psake nupul<em> Muuda kursuse faile <\/em><\/li>\n<li>lohistage hiirega vajalikud failid failihaldusprogrammist kursuse failide aknasse (v\u00f5ite eelnevalt luua ka kaustu)<\/li>\n<li>kl\u00f5psake nupul<em> Salvesta muudatused<\/em><\/li>\n<\/ol>\n","protected":false},"excerpt":{"rendered":"<p>Failina saab kursuse avalehele lisada k\u00f5ikv\u00f5imalikes erinevates formaatides faile. Failide avamiseks peab \u00f5ppijal vastav tarkvara arvutis olemas olema. J\u00e4lgige, et teie failinimedes poleks t\u00fchikuid ja eestip\u00e4raseid t\u00e4pit\u00e4hti (\u00f5 \u00e4 \u00f6 \u00fc).\u00a0Kui teie failid on ebasobivate nimedega, nimetage need enne Moodle\u2019isse &#8230;<\/p>\n","protected":false},"author":6,"featured_media":0,"parent":0,"menu_order":0,"comment_status":"closed","ping_status":"closed","template":"","meta":{"_acf_changed":false,"inline_featured_image":false,"footnotes":""},"class_list":["post-34","page","type-page","status-publish","hentry"],"acf":[],"_links":{"self":[{"href":"https:\/\/sisu.ut.ee\/juhendid\/wp-json\/wp\/v2\/pages\/34","targetHints":{"allow":["GET"]}}],"collection":[{"href":"https:\/\/sisu.ut.ee\/juhendid\/wp-json\/wp\/v2\/pages"}],"about":[{"href":"https:\/\/sisu.ut.ee\/juhendid\/wp-json\/wp\/v2\/types\/page"}],"author":[{"embeddable":true,"href":"https:\/\/sisu.ut.ee\/juhendid\/wp-json\/wp\/v2\/users\/6"}],"replies":[{"embeddable":true,"href":"https:\/\/sisu.ut.ee\/juhendid\/wp-json\/wp\/v2\/comments?post=34"}],"version-history":[{"count":4,"href":"https:\/\/sisu.ut.ee\/juhendid\/wp-json\/wp\/v2\/pages\/34\/revisions"}],"predecessor-version":[{"id":4819,"href":"https:\/\/sisu.ut.ee\/juhendid\/wp-json\/wp\/v2\/pages\/34\/revisions\/4819"}],"wp:attachment":[{"href":"https:\/\/sisu.ut.ee\/juhendid\/wp-json\/wp\/v2\/media?parent=34"}],"curies":[{"name":"wp","href":"https:\/\/api.w.org\/{rel}","templated":true}]}}