{"id":32,"date":"2024-04-04T02:50:37","date_gmt":"2024-04-03T23:50:37","guid":{"rendered":"https:\/\/sisu.ut.ee\/juhendid\/inimeste-eemaldamine-e-kursuselt\/"},"modified":"2024-04-11T10:21:34","modified_gmt":"2024-04-11T07:21:34","slug":"inimeste-eemaldamine-e-kursuselt","status":"publish","type":"page","link":"https:\/\/sisu.ut.ee\/juhendid\/inimeste-eemaldamine-e-kursuselt\/","title":{"rendered":"Inimeste eemaldamine e-kursuselt"},"content":{"rendered":"<p>\n\tKui kursuselt on vaja eemaldada k\u00f5ik \u00f5ppijad, tuleks l\u00e4bi teha kursuse t\u00fchjendamine: kl\u00f5psake kursusel seadistuste plokis <em>T\u00fchjenda kursus. K<\/em>\u00f5ik vajalikud seaded on juba vaikimisi paigas \u2013 teil tuleb t\u00fchjendamine vaid l\u00f5puni l\u00e4bi teha. Kursuse t\u00fchjendamise k\u00e4igus kustutatakse ka seos \u00d5ISi ainekava ja e-kursuse vahel.\n<\/p>\n<p>\n\tKui kursuselt on vaja eemaldada \u00fcksikud inimesed, tuleb seda teha k\u00e4sitsi. See, kuidas inimesi e-kursuselt eemaldada, s\u00f5ltub sellest, kuidas nad on e-kursusele lisatud: k\u00e4sitsi, v\u00f5tmega iseregistreerumise teel v\u00f5i \u00d5ISi kaudu. Iga inimese kohta on vastav info n\u00e4htav lehel <em>Registreeritud kasutajad:<\/em>\u00a0plokk\u00a0<em>Seadistused<\/em>\u00a0\u2013\u00a0<em>Kasutajad \u2013 Registreeritud kasutajad \u2013 <\/em>tulbas <em>Olek \u2013 i-nupp.<\/em>\n<\/p>\n<h2 id=\"id-3.Inimestelisaminekursuselejanendeeemaldamine-4.Kuidas\u00f5ppijadkursuselteemaldada?\">\n\t1. \u00d5ppijate eemaldamine<br>\n<\/h2>\n<h5>\n\t<span>NB! \u00d5ppijad ei saa ennast ise Moodle\u2019i e-kursustelt eemaldada.<\/span><br>\n<\/h5>\n<h3>\n\tA. Kui \u00f5ppijad on lisatud Moodle\u2019i e-kursusele \u00d5ISi kaudu<br>\n<\/h3>\n<p>\n\t<span>Kui \u00d5ISis on aktiivne \u00f5ppijate iga\u00f6ine \u00fclekanne, kontrollitakse igal \u00f6\u00f6l \u00d5ISis kursusele registreerunute nimekirja ja eemaldatakse \u00d5ISis kursuselt maharegistreerunud \u00fcli\u00f5pilased. Tervet e-kursust t\u00fchjendades eemaldatakse automaatselt ka k\u00f5ik \u00d5ISi kaudu lisatud \u00f5ppijad.<\/span>\n<\/p>\n<p>\n\t<span>Kui \u00f5ppijad\u00a0on\u00a0lisatud \u00d5ISi kaudu ja iga\u00f6ine \u00f5ppijate \u00fclekanne on \u00d5ISis l\u00f5petatud,\u00a0saab \u00f5ppej\u00f5ud neid eemaldada e-kursuselt k\u00e4sitsi: plokk\u00a0<em>Seadistused<\/em>\u00a0\u2013\u00a0<em>Kasutajad \u2013 Registreerimise meetodid \u2013 <\/em>real OIS viimases tulbas <em>mehikestega nupp \u2013<\/em> valida \u00f5ppija nimi ja klikkida nupul <em>Eemalda.\u00a0<\/em><\/span>\n<\/p>\n<p style=\"text-align: center\">\n\t<img loading=\"lazy\" decoding=\"async\" width=\"618\" height=\"305\" class=\"alignnone wp-image-345\" src=\"https:\/\/sisu.ut.ee\/wp-content\/uploads\/sites\/177\/ois-eemaldamine.png\" title=\"ois-eemaldamine.png\" alt=\"Inimeste eemaldamine kursuselt\" srcset=\"https:\/\/sisu.ut.ee\/wp-content\/uploads\/sites\/177\/ois-eemaldamine.png 618w, https:\/\/sisu.ut.ee\/wp-content\/uploads\/sites\/177\/ois-eemaldamine-300x148.png 300w\" sizes=\"auto, (max-width: 618px) 100vw, 618px\">\n<\/p>\n<h3>\n\t<span>B. Kui \u00f5ppijad pole e-kursusele lisatud \u00d5ISi kaudu<\/span><br>\n<\/h3>\n<p>\n\t\u00d5ppej\u00f5ud saab \u00f5ppijaid eemaldada e-kursuselt k\u00e4sitsi: plokk\u00a0<em>Seadistused<\/em>\u00a0\u2013\u00a0<em>Kasutajad \u2013 Registreeritud kasutajad \u2013 pr\u00fcgikasti-nupp <\/em>viimases tulbas.<em>\u00a0<\/em>\n<\/p>\n<h2 id=\"id-3.Inimestelisaminekursuselejanendeeemaldamine-5.Kuidas\u00f5ppej\u00f5udekursuselteemaldada?\">\n\t2. \u00d5ppej\u00f5ude eemaldamine<br>\n<\/h2>\n<h3>\n\t<span>A. Kui \u00f5ppej\u00f5ud on lisatud e-kursusele \u00d5ISi ainekava kaudu\u00a0<\/span><br>\n<\/h3>\n<p>\n\tKui \u00d5ISi ainekavas \u00a0lehel\u00a0<em>Halda Moodle\u2019i seoseid<\/em> luuakse seos ainekava ja Moodle\u2019i e-kursuse vahel, siis lisatakse andmeid v\u00e4rskendades (nupp <em>V\u00e4rskenda andmeid Moodle\u2019is<\/em>) Moodle\u2019i kursusele need \u00f5ppej\u00f5ud, kes on vastava ainekava juures \u00f5ppej\u00f5uks m\u00e4rgitud.\n<\/p>\n<ul>\n<li>\n\t\tKui e-kursusel Moodle\u2019is on \u00f5ppej\u00f5ude, kes on lisatud kursusele varem m\u00f5ne teise ainekava kaudu (nt sama \u00f5ppeaine muu ainekava v\u00f5i m\u00f5ne teise \u00f5ppeaine ainakava kaudu), siis neid automaatselt \u00d5ISis Moodle\u2019i seoste lehel andmeid v\u00e4rskendades kursuselt ei eemaldata \u2013 nemad tuleb vajadusel kursuselt kustutada k\u00e4sitsi (vt viimast l\u00f5iku).<br>\u00a0\n\t<\/li>\n<li>\n\t\tKui \u00d5ISi ainekava juurest eemaldatakse m\u00f5ni \u00f5ppej\u00f5ud p\u00e4rast ainekava ja Moodle\u2019i kursuse vahelise seose loomist, siis \u00d5ISis vastava ainekava Moodle\u2019i seoste lehel andmeid v\u00e4rskendades eemaldatakse Moodle\u2019i kursuselt ka ainekava juurest eemaldatud \u00f5ppej\u00f5ud.<br>\u00a0\n\t<\/li>\n<li>\n\t\tK\u00f5ik \u00f5ppeaine \u00f5ppej\u00f5ud peavad olema <span>\u00d5ISis ainekava juures \u00f5ppej\u00f5una kirjas<\/span>. Kui need \u00f5ppej\u00f5ud\u00a0on\u00a0lisatud Moodle\u2019i kursusele \u00d5ISi kaudu, kuid soovitakse, et keegi neist ei peaks omama Moodle\u2019i kursusele juurdep\u00e4\u00e4su, siis tuleb nad\u00a0eemaldada e-kursuselt k\u00e4sitsi (vt j\u00e4rgmist l\u00f5iku). Arvestama peab aga sellega, et p\u00e4rast k\u00e4sitsi eemaldamist ei tohiks enam <span>\u00d5ISis Moodle\u2019i seoste lehel andmeid v\u00e4rskendada, sest siis lisatakse need \u00f5ppej\u00f5ud e-kursusele j\u00e4lle tagasi.<\/span><span> \u00d5ppijate iga\u00f6ine \u00fclekanne v\u00f5ib siiski alles j\u00e4\u00e4da, sest sellega ei kaasne kursuse andmete v\u00e4rskendamist (sh \u00f5ppej\u00f5udude kursusele lisamist).<\/span>\n\t<\/li>\n<\/ul>\n<p>\n\t<span>\u00d5ppej\u00f5udude eemaldamine k\u00e4sitsi: plokk\u00a0<em>Seadistused<\/em>\u00a0\u2013\u00a0<em>Kasutajad \u2013 Registreerimise meetodid \u2013 <\/em>real OIS viimases tulbas <em>mehikestega nupp \u2013 <\/em>valida \u00f5ppej\u00f5u nimi ja klikkida nupul <em>Eemalda.\u00a0<\/em><\/span>\n<\/p>\n<h3>\n\t<span>B. Kui \u00f5ppej\u00f5ud on e-kursusele lisatud k\u00e4sitsi<\/span><br>\n<\/h3>\n<p>\n\t\u00d5ppej\u00f5ud saab teisi \u00f5ppej\u00f5ude eemaldada ka k\u00e4sitsi: plokk\u00a0<em>Seadistused<\/em>\u00a0\u2013\u00a0<em>Kasutajad \u2013 Registreeritud kasutajad \u2013 pr\u00fcgikasti-nupp <\/em>viimases tulbas.<em>\u00a0<\/em><\/p>\n","protected":false},"excerpt":{"rendered":"<p>Kui kursuselt on vaja eemaldada k\u00f5ik \u00f5ppijad, tuleks l\u00e4bi teha kursuse t\u00fchjendamine: kl\u00f5psake kursusel seadistuste plokis T\u00fchjenda kursus. K\u00f5ik vajalikud seaded on juba vaikimisi paigas \u2013 teil tuleb t\u00fchjendamine vaid l\u00f5puni l\u00e4bi teha. Kursuse t\u00fchjendamise k\u00e4igus kustutatakse ka seos \u00d5ISi &#8230;<\/p>\n","protected":false},"author":6,"featured_media":0,"parent":0,"menu_order":0,"comment_status":"closed","ping_status":"closed","template":"","meta":{"_acf_changed":false,"inline_featured_image":false,"footnotes":""},"class_list":["post-32","page","type-page","status-publish","hentry"],"acf":[],"_links":{"self":[{"href":"https:\/\/sisu.ut.ee\/juhendid\/wp-json\/wp\/v2\/pages\/32","targetHints":{"allow":["GET"]}}],"collection":[{"href":"https:\/\/sisu.ut.ee\/juhendid\/wp-json\/wp\/v2\/pages"}],"about":[{"href":"https:\/\/sisu.ut.ee\/juhendid\/wp-json\/wp\/v2\/types\/page"}],"author":[{"embeddable":true,"href":"https:\/\/sisu.ut.ee\/juhendid\/wp-json\/wp\/v2\/users\/6"}],"replies":[{"embeddable":true,"href":"https:\/\/sisu.ut.ee\/juhendid\/wp-json\/wp\/v2\/comments?post=32"}],"version-history":[{"count":1,"href":"https:\/\/sisu.ut.ee\/juhendid\/wp-json\/wp\/v2\/pages\/32\/revisions"}],"predecessor-version":[{"id":1819,"href":"https:\/\/sisu.ut.ee\/juhendid\/wp-json\/wp\/v2\/pages\/32\/revisions\/1819"}],"wp:attachment":[{"href":"https:\/\/sisu.ut.ee\/juhendid\/wp-json\/wp\/v2\/media?parent=32"}],"curies":[{"name":"wp","href":"https:\/\/api.w.org\/{rel}","templated":true}]}}