{"id":31,"date":"2024-04-04T02:50:37","date_gmt":"2024-04-03T23:50:37","guid":{"rendered":"https:\/\/sisu.ut.ee\/juhendid\/moodlei-pohivoimalused\/"},"modified":"2025-11-13T09:19:05","modified_gmt":"2025-11-13T07:19:05","slug":"moodlei-pohivoimalused","status":"publish","type":"page","link":"https:\/\/sisu.ut.ee\/juhendid\/moodlei-pohivoimalused\/","title":{"rendered":"Moodle&#8217;i p\u00f5hiv\u00f5imalused"},"content":{"rendered":"<p>Moodle\u2019i e-kursust saavad muuta\/disainida k\u00f5ik \u00f5ppej\u00f5u\/disaineri rollis olevad isikud. Disainige kursus vastavalt oma soovidele ja vajadustele. E-kursuse disainimine kujutab endast kursuse keskkonna kujundamist, vajalike t\u00f6\u00f6vahendite ja materjalide lisamist kursusele ning kursuse seadete m\u00e4\u00e4ramist. E-kursuse disainimist Moodle\u2019is\u00a0ei saa alustada t\u00fchjalt kohalt. Teil peab olema esmalt loodud t\u00fchi kursuse p\u00f5hi ja teie kasutajakonto sellega seotud. Enne kursuse disainimist tuleb l\u00e4bi m\u00f5elda, kelle ja milleks e-kursust vaja on. Kursuse disain m\u00e4\u00e4rab \u00e4ra kursuse \u00fcldmulje \u2013 kuidas on kursus struktureeritud, millised vahendid lisatud, millised plokid on kursusel kasutada. Hea disainiga saab muuta kursuse \u00f5ppijas\u00f5bralikuks \u2013 selliseks, kus \u00f5ppijal on lihtne orienteeruda ning tegeleda eelk\u00f5ige \u00f5ppimisega, mitte tehniliste k\u00fcsimustega.<\/p>\n<h2 id=\"id-2.Kuidasalustadauuee-kursuseloomisegaMoodle'is-7.Erinevadvaatedjarollid\">Erinevad vaated ja rollid<\/h2>\n<p><img loading=\"lazy\" decoding=\"async\" width=\"504\" height=\"876\" class=\"alignnone wp-image-342\" style=\"width: 200px; height: 348px; float: right;\" title=\"screenshot_2023-08-01_at_09.01.24.png\" src=\"https:\/\/sisu.ut.ee\/wp-content\/uploads\/sites\/177\/screenshot_2023-08-01_at_09.01.24.png\" alt=\"L\u00fclitu rollile\" srcset=\"https:\/\/sisu.ut.ee\/wp-content\/uploads\/sites\/177\/screenshot_2023-08-01_at_09.01.24.png 504w, https:\/\/sisu.ut.ee\/wp-content\/uploads\/sites\/177\/screenshot_2023-08-01_at_09.01.24-173x300.png 173w\" sizes=\"auto, (max-width: 504px) 100vw, 504px\">Teil on v\u00f5imalik oma kursusel olla neljas rollis (\u00fclamen\u00fc\u00fcs <em>enda nimi \u2013 L\u00fclitu rollile <\/em>v\u00f5i plokis <em>Seadistused \u2013 L\u00fclitu rollile<\/em>):<\/p>\n<ul>\n<li><em>\u00d5ppej\u00f5ud<\/em> omab kursusel k\u00f5iki \u00f5igusi. Ta saab kursust luua ja muuta, suhelda \u00f5ppijatega ning neid hinnata.<\/li>\n<li><em>Tuutor<\/em> saab kursusel \u00f5ppijatega suhelda ja neid hinnata, kuid mitte kursust muuta.<\/li>\n<li><em>\u00d5ppija<\/em> saab kursusel osaleda ja teha seda, mida \u00f5ppej\u00f5ud on m\u00e4\u00e4ranud.<\/li>\n<li><em>K\u00fclaline<\/em> saab vaid kursust vaadata, mitte seal midagi muuta v\u00f5i kasutada.<\/li>\n<\/ul>\n<p>Kui valida endale m\u00f5ni teine roll, ilmub rolli valimise plokki link <em>Aktiveeri minu tavaroll<\/em>. Tavarolli tagasi minnes olete aga automaatselt j\u00e4lle \u00f5ppej\u00f5una vaatamisre\u017eiimis.<\/p>\n<h5>Enda e-kursusel \u00f5ppija rollis olles ei ole v\u00f5imalused identsed tegelike \u00f5ppijatega. Kui te soovite oma kursust v\u00f5i kursusel olevaid vahendeid\/seadeid testida \u00f5ppija rollis, siis p\u00f6\u00f6rduge oma valdkonna \u00f5ppedisaineri poole.<\/h5>\n<h5>Kursuse sisu muutmiseks peab l\u00fclituma muutmisre\u017eiimi: paremas \u00fclanurgas olevast nupust\u00a0<img loading=\"lazy\" decoding=\"async\" width=\"48\" height=\"34\" class=\"alignnone wp-image-336\" title=\"luba_muutmine.png\" src=\"https:\/\/sisu.ut.ee\/wp-content\/uploads\/sites\/177\/luba_muutmine.png\" alt=\"luba_muutmine.png\">\u00a0v\u00f5i seadistuste plokis lingist\u00a0<em>Luba muutmine<\/em>. Vaatamisre\u017eiimi saab uuesti \u00fcmber l\u00fclituda samas kohas olevast nupust\u00a0<img loading=\"lazy\" decoding=\"async\" width=\"48\" height=\"34\" class=\"alignnone wp-image-337\" title=\"keela_muutmine.png\" src=\"https:\/\/sisu.ut.ee\/wp-content\/uploads\/sites\/177\/keela_muutmine.png\" alt=\"keela_muutmine.png\">\u00a0v\u00f5i lingist <em>Keela muutmine<\/em>.<\/h5>\n<p>Programmijuhile saab \u00f5ppedisainer m\u00e4\u00e4rata Moodle\u2019i programmijuhi rolli \u2013 kas tervele kategooriale (valdkond, instituut, osakond vm struktuuri\u00fcksus) v\u00f5i \u00fcksikutele e-kursustele. Programmijuht saab seej\u00e4rel lisada enda Moodle\u2019i t\u00f6\u00f6lauale (muutmire\u017eiimis) ploki <em>Programmijuht<\/em>, kus n\u00e4idatakse vastavat kategooriat ja selle e-kursusi v\u00f5i ploki <em>Kursuste rollip\u00f5hine \u00fclevaade,<\/em> kus saab programmijuht enda e-kursustest \u00fclevaate rippmen\u00fc\u00fcst programmijuhi rolli valides.<\/p>\n<h2 id=\"id-2.Kuidasalustadauuee-kursuseloomisegaMoodle'is-12.Tekstitoimeti\">Tekstitoimeti<\/h2>\n<p>Vahendite ja tegevuste kirjelduste, sisu ning foorumipostituste lisamisel kasutatakse Moodle\u2019i tekstitoimetit ehk redaktorit. Vaikeredaktorina on kasutusel TinyMCE redaktor. Nagu igas tavalises tekstitoimetis, on ka siin v\u00f5imalik muuta kirja stiili, suurust, kasutada rasvast- ja kaldkirja, loendeid, luua tabelit jne. Osa v\u00f5imalusi avaneb tekstiroimeti \u00fclamen\u00fc\u00fcst alammen\u00fc\u00fcdena ja osa nuppudest.<\/p>\n<p>Audio ja video salvestamise nuppudest saab mikrofoni ning kaamera olemasolul otse teksti vahele l\u00fchikesi (3 min) audio- v\u00f5i videoklippe salvestada.<\/p>\n<h2 id=\"id-2.Kuidasalustadauuee-kursuseloomisegaMoodle'is-13.H\u00fcpikaken\">H\u00fcpikaken<\/h2>\n<p>Teksti sisse saab lisada m\u00e4\u00e4ratud s\u00f5nal klikkides avanevat <a href=\"#\" data-bs-toggle=\"modal\" data-bs-target=\"#popup-modal\" data-title=\"h\u00fcpikakent\" data-content=\"See on h\u00fcpikaken.\">h\u00fcpikakent<\/a>. Selleks peaks klikkima soovitud s\u00f5nal (h\u00fcpikakna pealkiri, millel klikkides h\u00fcpikaken avaneb), seej\u00e4rel nupureas h\u00fcpikakna lisamise nupul ning sisestama h\u00fcpikakna sisu. P\u00e4rast h\u00fcpikakna loomist lisatakse see lehele spetsiaalsete m\u00e4rgendite vahele:<\/p>\n<p><img loading=\"lazy\" decoding=\"async\" class=\"alignnone size-full wp-image-4727\" src=\"https:\/\/sisu.ut.ee\/wp-content\/uploads\/sites\/177\/Screenshot-2025-08-04-at-13.42.55.png\" alt=\"\" width=\"434\" height=\"25\" srcset=\"https:\/\/sisu.ut.ee\/wp-content\/uploads\/sites\/177\/Screenshot-2025-08-04-at-13.42.55.png 434w, https:\/\/sisu.ut.ee\/wp-content\/uploads\/sites\/177\/Screenshot-2025-08-04-at-13.42.55-300x17.png 300w\" sizes=\"auto, (max-width: 434px) 100vw, 434px\"><\/p>\n<p><span style=\"font-size: revert;\">M\u00e4rgendite vahele j\u00e4\u00e4vat teksti v\u00f5ib hiljem muuta ja t\u00e4iendada \u2013 nt lisada teksti, pilti, videoklipi vm.<\/span><strong style=\"font-size: revert;\">\u00a0<\/strong><\/p>\n<h2 id=\"id-2.Kuidasalustadauuee-kursuseloomisegaMoodle'is-14.Akordion(peida\/n\u00e4ita)\">Akordion (peida\/n\u00e4ita)<\/h2>\n<p>Kui on soov osa sisu alguses \u00f5ppija eest \u00e4ra peita, et see avaneks ja l\u00e4heks uuesti peitu vastaval s\u00f5nal klikkide (nt esitada lisainfot, vihjeid, vastuseid m\u00f5tlemisulesannetele vm), saab kasutada nn akordioni.<\/p>\n<p><\/p><div class=\"accordion mb-3\">\n        <div class=\"accordion-item accordion-item--white\">\n        <h2 class=\"accordion-header\" id=\"accordion-69d9f0b74e992-heading\">\n            <button class=\"accordion-button collapsed\" type=\"button\" data-bs-toggle=\"collapse\" data-bs-target=\"#accordion-69d9f0b74e992-collapse\" aria-expanded=\"true\" aria-controls=\"accordion-69d9f0b74e992-collapse\">Akordion<\/button>\n        <\/h2>\n        <div id=\"accordion-69d9f0b74e992-collapse\" class=\"accordion-collapse collapse\" aria-labelledby=\"accordion-69d9f0b74e992-heading\">\n            <div class=\"accordion-body\">See on akordion.<\/div>\n        <\/div>\n        <\/div>\n    <\/div>\n<p>Akordioni lisamine k\u00e4ib samuti tekstitoimeti vastavast nupust. Tuleb sisestada s\u00f5na(d) (pealkiri), millel klikkides peidetud sisu avaneb ning peidetud sisu. P\u00e4rast akordioni loomist lisatakse see lehele spetsiaalsete m\u00e4rgendite vahele:<\/p>\n<p><strong><img loading=\"lazy\" decoding=\"async\" width=\"473\" height=\"13\" class=\"alignnone wp-image-335\" title=\"akordioni_kood.png\" src=\"https:\/\/sisu.ut.ee\/wp-content\/uploads\/sites\/177\/akordioni_kood.png\" alt=\"akordioni_kood.png\" srcset=\"https:\/\/sisu.ut.ee\/wp-content\/uploads\/sites\/177\/akordioni_kood.png 473w, https:\/\/sisu.ut.ee\/wp-content\/uploads\/sites\/177\/akordioni_kood-300x8.png 300w\" sizes=\"auto, (max-width: 473px) 100vw, 473px\"><\/strong><\/p>\n<p>M\u00e4rgendite vahele j\u00e4\u00e4vat teksti v\u00f5ib hiljem muuta ja t\u00e4iendada \u2013 nt lisada teksti, pilti, videoklipi vm.<strong>\u00a0<\/strong><\/p>\n","protected":false},"excerpt":{"rendered":"<p>Moodle\u2019i e-kursust saavad muuta\/disainida k\u00f5ik \u00f5ppej\u00f5u\/disaineri rollis olevad isikud. Disainige kursus vastavalt oma soovidele ja vajadustele. E-kursuse disainimine kujutab endast kursuse keskkonna kujundamist, vajalike t\u00f6\u00f6vahendite ja materjalide lisamist kursusele ning kursuse seadete m\u00e4\u00e4ramist. E-kursuse disainimist Moodle\u2019is\u00a0ei saa alustada t\u00fchjalt kohalt. &#8230;<\/p>\n","protected":false},"author":6,"featured_media":0,"parent":0,"menu_order":0,"comment_status":"closed","ping_status":"closed","template":"","meta":{"_acf_changed":false,"inline_featured_image":false,"footnotes":""},"class_list":["post-31","page","type-page","status-publish","hentry"],"acf":[],"_links":{"self":[{"href":"https:\/\/sisu.ut.ee\/juhendid\/wp-json\/wp\/v2\/pages\/31","targetHints":{"allow":["GET"]}}],"collection":[{"href":"https:\/\/sisu.ut.ee\/juhendid\/wp-json\/wp\/v2\/pages"}],"about":[{"href":"https:\/\/sisu.ut.ee\/juhendid\/wp-json\/wp\/v2\/types\/page"}],"author":[{"embeddable":true,"href":"https:\/\/sisu.ut.ee\/juhendid\/wp-json\/wp\/v2\/users\/6"}],"replies":[{"embeddable":true,"href":"https:\/\/sisu.ut.ee\/juhendid\/wp-json\/wp\/v2\/comments?post=31"}],"version-history":[{"count":6,"href":"https:\/\/sisu.ut.ee\/juhendid\/wp-json\/wp\/v2\/pages\/31\/revisions"}],"predecessor-version":[{"id":4938,"href":"https:\/\/sisu.ut.ee\/juhendid\/wp-json\/wp\/v2\/pages\/31\/revisions\/4938"}],"wp:attachment":[{"href":"https:\/\/sisu.ut.ee\/juhendid\/wp-json\/wp\/v2\/media?parent=31"}],"curies":[{"name":"wp","href":"https:\/\/api.w.org\/{rel}","templated":true}]}}