{"id":30,"date":"2024-04-04T02:50:37","date_gmt":"2024-04-03T23:50:37","guid":{"rendered":"https:\/\/sisu.ut.ee\/juhendid\/h5p-kasutamine\/"},"modified":"2024-05-15T08:45:55","modified_gmt":"2024-05-15T05:45:55","slug":"h5p-kasutamine","status":"publish","type":"page","link":"https:\/\/sisu.ut.ee\/juhendid\/h5p-kasutamine\/","title":{"rendered":"H5P kasutamine"},"content":{"rendered":"<p>H5P on sisuloomevahend (vt\u00a0<a href=\"https:\/\/h5p.org\/\" target=\"_blank\" rel=\"noopener\">https:\/\/h5p.org\/<\/a>), mis v\u00f5imaldab luua ja lehestikku lisada\u00a0erinevat t\u00fc\u00fcpi <strong>interaktiivseid harjutusi <\/strong>v\u00f5i importida mujal loodud H5P sisu faile.<\/p>\n<p><\/p><div class=\"accordion mb-3\">\n        <div class=\"accordion-item accordion-item--white\">\n        <h2 class=\"accordion-header\" id=\"accordion-69d1ebbee4ef1-heading\">\n            <button class=\"accordion-button collapsed\" type=\"button\" data-bs-toggle=\"collapse\" data-bs-target=\"#accordion-69d1ebbee4ef1-collapse\" aria-expanded=\"true\" aria-controls=\"accordion-69d1ebbee4ef1-collapse\">Interaktiivsete harjutuste t\u00fc\u00fcbid<\/button>\n        <\/h2>\n        <div id=\"accordion-69d1ebbee4ef1-collapse\" class=\"accordion-collapse collapse\" aria-labelledby=\"accordion-69d1ebbee4ef1-heading\">\n            <div class=\"accordion-body\">\n<ol>\n<li><a title=\"\" href=\"https:\/\/h5p.org\/presentation\" target=\"_blank\" rel=\"noopener\" data-url=\"https:\/\/h5p.org\/presentation\">Course presentation<\/a><strong>\u00a0<\/strong>v\u00f5imaldab luua slaididest koosnevat interaktiivset esitlust tekstist, audio- ja helifailidest, piltidest, interaktiivsetest harjutustest.<\/li>\n<li><a title=\"\" href=\"https:\/\/h5p.org\/image-slider\" target=\"_blank\" rel=\"noopener\" data-url=\"https:\/\/h5p.org\/image-slider\">Image Slider<\/a>\u00a0on pildiesitlus, mis koosneb v\u00e4hemalt kahest \u00fcleslaetud pildist. Igale pildile tuleb lisada pealkiri, alternatiivne tekst (kui pilti mingil p\u00f5hjusel ei kuvata) ja saab lisada ka teksti (Hover text), mida n\u00e4idatakse \u00f5ppijale kursoriga pildile liikudes. Soovitatav on kasutada pilte, mis on v\u00e4hemalt 1000px laiad.<\/li>\n<li><a title=\"\" href=\"https:\/\/h5p.org\/timeline\" target=\"_blank\" rel=\"noopener\" data-url=\"https:\/\/h5p.org\/timeline\">Timeline<\/a><strong>\u00a0<\/strong>v\u00f5imaldab esitada s\u00fcndmusi (Date) konkreetsel kuup\u00e4eval ja perioode (Era) kronoloogilises j\u00e4rjestuses.\u00a0Igale s\u00fcndmusele saab lisada teksti, pilte, sisu\u00a0Twitterist, YouTube\u2019ist, Flickrist, Vimeost, Google Mapsist ja SoundCloudist. Perioode kuvatakse ajajoonel v\u00e4rvilise alana koos pealkirjaga (Headline). Ajavahemiku teksti (Text,\u00a0Era body) \u00f5ppijale ei kuvata.<\/li>\n<li><a title=\"\" href=\"https:\/\/h5p.org\/iframe-embedder\" target=\"_blank\" rel=\"noopener\" data-url=\"https:\/\/h5p.org\/iframe-embedder\">iFrame<\/a>\u00a0v\u00f5imaldab igale lehele vistutada (embeedida) teisi veebilehek\u00fclgi. Sisestada tuleb vistutatava veebilehe pealkiri, veebiaadress ning akna suuruse parameetrid.<\/li>\n<li><a title=\"\" href=\"https:\/\/h5p.org\/chart\" target=\"_blank\" rel=\"noopener\" data-url=\"https:\/\/h5p.org\/chart\">Chart<\/a><strong>\u00a0<\/strong>v\u00f5imaldab sisestaud andmete baasil luua sektor- v\u00f5i tulpdiagrammi. Iga elemendi kohta tuleb sisestada nimi ja v\u00e4\u00e4rtus (ainult number), teksti- ning taustav\u00e4rv. Diagrammi kuvatakse s\u00f5ltumatult elementide arvust 100% akna laiusest. V\u00f5imalik pole lisada legendi ega\u00a0telgedele nimetusi.<\/li>\n<li><a title=\"\" href=\"https:\/\/h5p.org\/accordion\" target=\"_blank\" rel=\"noopener\" data-url=\"https:\/\/h5p.org\/accordion\">Accordion<\/a><strong>\u00a0<\/strong>v\u00f5imaldab esitada pikka teksti, mis avaneb selle pealkirjal (Title) kl\u00f5psates.<\/li>\n<li><a title=\"\" href=\"https:\/\/h5p.org\/memory-game\" target=\"_blank\" rel=\"noopener\" data-url=\"https:\/\/h5p.org\/memory-game\">Memory Game<\/a>\u00a0 v\u00f5imaldab luua m\u00e4ngu, kus \u00f5ppija peab leidma sobivate piltide paarid. Kui paare on rohkem kui 2, saab m\u00e4\u00e4rata v\u00e4iksema paaride arvu, mis \u00f5ppijale juhuslikult esitatakse.<\/li>\n<li><a title=\"\" href=\"https:\/\/h5p.org\/collage\" target=\"_blank\" rel=\"noopener\" data-url=\"https:\/\/h5p.org\/collage\">Collage<\/a><strong>\u00a0<\/strong>abil saab luua etteantud mallide (Layout) p\u00f5hjal pildikollaa\u017ei. Mida suuremad pildid, seda parem, sest kollaa\u017e on alati veebilehitsejaakna laiune.<\/li>\n<li><a title=\"\" href=\"https:\/\/h5p.org\/column\" target=\"_blank\" rel=\"noopener\" data-url=\"https:\/\/h5p.org\/column\">Column<\/a>\u00a0 v\u00f5imaldab luua lehe, mis sisaldab \u00fcksteisele j\u00e4rgnevaid H5P sisuelemente: teksti, interaktiivset videot v\u00f5i esitlust ning harjutusi.<\/li>\n<li><a title=\"\" href=\"https:\/\/h5p.org\/dialog-cards\" target=\"_blank\" rel=\"noopener\" data-url=\"https:\/\/h5p.org\/dialog-cards\">Dialog Cards<\/a>\u00a0abil saab luua kaarte, mille m\u00f5lemal k\u00fcljel on tekst. Lisaks saab lisada kaardile pildi, mida kuvatakse m\u00f5lemal k\u00fcljel ning esimesele k\u00fcljele audiofaili.<\/li>\n<li><a title=\"\" href=\"https:\/\/h5p.org\/documentation-tool\" target=\"_blank\" rel=\"noopener\" data-url=\"https:\/\/h5p.org\/documentation-tool\">Documentation Tool<\/a>\u00a0v\u00f5imaldab luua sisukorraga seotud lehek\u00fcljed, millele saab lisada teksti, teksti sisestamise v\u00e4lju, nende v\u00e4ljade sisu 3-pallilisel skaalal hinnata ja kogu sisu koondada \u00fchele lehele ja eksportida doc-failina. Eksportfailis kuvatakse v\u00e4ljadele sisestatud tekst hinnangute j\u00e4rjekorras, alates parimast.<\/li>\n<li><a title=\"\" href=\"https:\/\/h5p.org\/drag-and-drop\" target=\"_blank\" rel=\"noopener\" data-url=\"https:\/\/h5p.org\/drag-and-drop\">Drag and Drop<\/a><strong>\u00a0<\/strong>on harjutus, kus taustapildile m\u00e4\u00e4ratud kohtadesse tuleb lohistada \u00f5ige tekst v\u00f5i pilt. Harjutuse loomise sammud on:\n<ul>\n<li>Taustapildi lisamine ja selle \u00f5igete m\u00f5\u00f5tude m\u00e4\u00e4ramine (lehel Settings).<\/li>\n<li>Alade lisamine, kuhu tekst tuleb lohistada (lehel Task). Lohista alad taustapildil \u00f5igesse kohta.<\/li>\n<li>Lohistatavate tekstide v\u00f5i piltide lisamine (lehel Task). Tekstide\/piltide seadetes peavad olema k\u00f5ik lisatud tekstid\/pildid valitud (k\u00f5igi tekstide\/piltide m\u00e4rkeruutudes linnukesed).<\/li>\n<li>P\u00e4rast lohistatavate tekstide\/piltide lisamist tuleb iga ala seadetes linnuksega m\u00e4rkima \u00f5ige teksti\/pildi m\u00e4rkeruudu.<\/li>\n<li>\u00dcldiste seadete m\u00e4\u00e4ramine lehel Behavioural settings.<\/li>\n<\/ul>\n<\/li>\n<li><a title=\"\" href=\"https:\/\/h5p.org\/drag-the-words\" target=\"_blank\" rel=\"noopener\" data-url=\"https:\/\/h5p.org\/drag-the-words\">Drag the Words<\/a>\u00a0on interaktiivne harjutus, kus etteantud s\u00f5nad tuleb lohistada \u00f5igetesse l\u00fcnkadesse.\n<ul>\n<li>Harjutuse loomisel sisestatakse terve tekst ja lisatakse l\u00fcnka minevate s\u00f5nade ette ja j\u00e4rele t\u00e4rnid (*).<\/li>\n<li>Lisaks \u00f5igele vastusele, mida saab iga l\u00fcnga jaoks olla vaid \u00fcks, v\u00f5ib t\u00e4rnide vahele lisada vihje, tagagside \u00f5igele ja valele vastusele.<\/li>\n<li>Vihje ette m\u00e4rgitakse koolon.<\/li>\n<li>Tagasiside \u00f5ige vastuse puhul m\u00e4rgitakse\u00a0+\u00a0 Tagasiside ja vale vastuse puhul \u2013\u00a0 Tagasiside.<\/li>\n<\/ul>\n<p>N\u00e4ide:\u00a0Eesti pealinn on *Tallinn:Linna\u00f5igused sai 1248. aastal.* ja L\u00e4ti pealinn on *Riia:Asub Daugava j\u00f5e alamjooksul.+\u00d5ige, Riia on Baltimaade suurim linn.-Vale, proovi uuesti*.<\/p><\/li>\n<li><a title=\"\" href=\"https:\/\/h5p.org\/fill-in-the-blanks\" target=\"_blank\" rel=\"noopener\" data-url=\"https:\/\/h5p.org\/fill-in-the-blanks\">Fill in the Blanks<\/a><strong>\u00a0<\/strong>on interaktiivne harjutus, kus \u00f5ppija peab l\u00fcnkadesse kirjutama \u00f5iged vastused.\n<ul>\n<li>Teksti sees pannakse l\u00fcnka minevad s\u00f5nad t\u00e4rnide (*) vahele.<\/li>\n<li>Iga l\u00fcnga jaoks v\u00f5ib anda mitu \u00f5iget vastust, mis eraldatakse \u00fcksteisest kaldkriipsuga (\/).<\/li>\n<li>Iga l\u00fcnga jaoks v\u00f5ib lisada vihje, mis eraldatakse vastusest kooloniga (:).<\/li>\n<\/ul>\n<p>N\u00e4ide:\u00a0Eesti pealinn on *Tallinn* ja L\u00e4ti pealinn on *Riia:Baltimaade\u00a0suurim linn.*. M\u00f5lemad on v\u00e4ga *ilusad\/kaunid\/toredad* linnad.<\/p><\/li>\n<li><a title=\"\" href=\"https:\/\/h5p.org\/image-hotspot-question\" target=\"_blank\" rel=\"noopener\" data-url=\"https:\/\/h5p.org\/image-hotspot-question\">Find the Hotspot<\/a><strong>\u00a0<\/strong>on interaktiivne harjutus, kus taustapildile m\u00e4rgitakse klikitavad alad. \u00d5igeks m\u00e4rgitud alasid v\u00f5ib olla ka mitu, kuid harjutus on positiivselt sooritatud kohe p\u00e4rast esimesel \u00f5igel alal klikkimist.<\/li>\n<li><a title=\"\" href=\"https:\/\/h5p.org\/guess-the-answer\" target=\"_blank\" rel=\"noopener\" data-url=\"https:\/\/h5p.org\/guess-the-answer\">Guess the Answer<\/a>\u00a0on interaktiivne harjutus, mille\u00a0p\u00f5hjaks v\u00f5ib olla pilt v\u00f5i video. \u00d5ppija peab m\u00f5ttes vastama ja kontrollima enda vastust pildi\/video all oleval nupul kl\u00f5psates.<\/li>\n<li><a title=\"\" href=\"https:\/\/h5p.org\/interactive-video\" target=\"_blank\" rel=\"noopener\" data-url=\"https:\/\/h5p.org\/interactive-video\">Interactive Video<\/a><strong>\u00a0<\/strong>abil saab lisada \u00fcleslaetud v\u00f5i YouTube\u2019i videole teksti, pilti, tabelit ning interaktiivseid harjutusi.<\/li>\n<li><a title=\"\" href=\"https:\/\/h5p.org\/mark-the-words\" target=\"_blank\" rel=\"noopener\" data-url=\"https:\/\/h5p.org\/mark-the-words\">Mark the Words<\/a><strong>\u00a0<\/strong>on interaktiivne harjutus, kus \u00f5ppija peab lauses\/l\u00f5igus kl\u00f5psama \u00f5igetel s\u00f5nadel.<\/li>\n<li><a title=\"\" href=\"https:\/\/h5p.org\/personality-quiz\" target=\"_blank\" rel=\"noopener\" data-url=\"https:\/\/h5p.org\/personality-quiz\">Personality Quiz<\/a>\u00a0on interaktiivne k\u00fcsimustik, mille l\u00e4bimise teekond ja tulemus s\u00f5ltub \u00f5ppija vastustest.<\/li>\n<li><a title=\"\" href=\"https:\/\/h5p.org\/multichoice\" target=\"_blank\" rel=\"noopener\" data-url=\"https:\/\/h5p.org\/multichoice\">Multiple Choice<\/a><strong>\u00a0<\/strong>on interaktiivne harjutus, kus \u00f5ppija peab valikvastuste hulgast m\u00e4rkima \u00e4ra \u00f5iged vastused, mida v\u00f5ib olla \u00fcks kuni k\u00f5ik).<\/li>\n<li><a title=\"\" href=\"https:\/\/h5p.org\/question-set\" target=\"_blank\" rel=\"noopener\" data-url=\"https:\/\/h5p.org\/question-set\">Quiz<\/a><strong>\u00a0<\/strong>on interaktiivsete harjutuste komplekt, kuhu saab lisada 6 eri t\u00fc\u00fcpi harjutust: valikvastustega (\u00f5igeid vastuseid v\u00f5ib olla 1 v\u00f5i mitu), s\u00f5nade lohistamine pildile, l\u00fcnktekst, s\u00f5nade m\u00e4rkimine tekstis, s\u00f5nade lohistamine l\u00fcnka, t\u00f5ene\/v\u00e4\u00e4r. Saab ette anda harjutuste arvu, mis tervest komplektist \u00f5ppijale vastamiseks esitatakse.<\/li>\n<li><a title=\"\" href=\"https:\/\/h5p.org\/find-multiple-hotspots\" target=\"_blank\" rel=\"noopener\" data-url=\"https:\/\/h5p.org\/find-multiple-hotspots\">Find Multiple Hotspots<\/a><strong>\u00a0<\/strong>on interaktiivne harjutus, kus antakse ette pilt, selle kohta k\u00e4iv k\u00fcsimus ning pildil m\u00e4rgitakse \u00e4ra vastuseteks kl\u00f5psatavad alad ja \u00f5igete vastuste arv. Pildil v\u00f5ib \u00e4ra m\u00e4rkida ka valed alad, millel kl\u00f5psates esitatakse \u00f5ppijale tagasisidet.<\/li>\n<li><a title=\"\" href=\"https:\/\/h5p.org\/single-choice-set\" target=\"_blank\" rel=\"noopener\" data-url=\"https:\/\/h5p.org\/single-choice-set\">Single Choice Set<\/a><strong>\u00a0<\/strong>on valikvastustega harjutuste kogum. Igal harjutusel on ainult \u00fcks \u00f5ige vastus, mis tuleb harjutust luues sisestada esimesena.<\/li>\n<li><a title=\"\" href=\"https:\/\/h5p.org\/summary\" target=\"_blank\" rel=\"noopener\" data-url=\"https:\/\/h5p.org\/summary\">Summary<\/a><strong>\u00a0<\/strong>on interaktiivne harjutus, kus \u00f5ppija peab kl\u00f5psama \u00f5igel v\u00e4itel\/kokkuv\u00f5ttel. Harjutust luues tuleb \u00f5ige v\u00e4ide sisestada esimesena.<\/li>\n<li><a title=\"\" href=\"https:\/\/h5p.org\/true-false\" target=\"_blank\" rel=\"noopener\" data-url=\"https:\/\/h5p.org\/true-false\">True\/False Question<\/a><strong>\u00a0<\/strong>on harjutus, kus vastamiseks on ette antud nupud\u00a0True ja False, mille saab harjutust luues ise \u00e4ra t\u00f5lkida.<\/li>\n<li><a title=\"\" href=\"https:\/\/h5p.org\/image-hotspots\" target=\"_blank\" rel=\"noopener\" data-url=\"https:\/\/h5p.org\/image-hotspots\">Image Hotspots<\/a>\u00a0abil saab suurele taustapildile m\u00e4rkida kl\u00f5psatavad alad, millest avaneb h\u00fcpikaken tekstiga, pildiga v\u00f5i videoga.<\/li>\n<li><a title=\"\" href=\"https:\/\/h5p.org\/image-juxtaposition\" target=\"_blank\" rel=\"noopener\" data-url=\"https:\/\/h5p.org\/image-juxtaposition\">Image Juxtaposition<\/a>\u00a0v\u00f5imaldab \u00f5ppijal interaktiivselt v\u00f5rrelda kahte k\u00f5rvuti pilti liigutades vertikaalset v\u00f5i horisontaalset joont nende vahel.<\/li>\n<li><a title=\"\" href=\"https:\/\/h5p.org\/content-types\/agamotto\" target=\"_blank\" rel=\"noopener\" data-url=\"https:\/\/h5p.org\/content-types\/agamotto\">Agamotto (Image Blender)<\/a><strong>\u00a0<\/strong>v\u00f5imaldab nagu pildiesitlus (slider) kuvada pilte, kusjuures pildid muutuvad \u00fcksteiseks sujuvalt. Pildi kohta lisatud kirjeldust kuvatakse pildi all.<\/li>\n<li><a title=\"\" href=\"https:\/\/h5p.org\/content-types\/image-sequencing\" target=\"_blank\" rel=\"noopener\" data-url=\"https:\/\/h5p.org\/content-types\/image-sequencing\">Image Sequencing<\/a><strong>\u00a0<\/strong>on interaktiivne harjutus, kus \u00f5ppija peab etteantud pildid lohistama \u00f5igesse j\u00e4rjekorda.<\/li>\n<li><a title=\"\" href=\"https:\/\/h5p.org\/flashcards\" target=\"_blank\" rel=\"noopener\" data-url=\"https:\/\/h5p.org\/flashcards\">Flashcards<\/a><strong>\u00a0<\/strong>on interaktiivne harjutus, kus k\u00fcsimus esitatakse kaardil pildina v\u00f5i tekstina ning \u00f5ppija peab kirjutama kaardile \u00f5ige vastuse.<\/li>\n<li><a title=\"\" href=\"https:\/\/h5p.org\/content-types\/essay\" target=\"_blank\" rel=\"noopener\" data-url=\"https:\/\/h5p.org\/content-types\/essay\">Essay<\/a><strong>\u00a0<\/strong>v\u00f5imaldab \u00f5ppijal sisestada pikka teksti, mida kontrollitakse harjutuse looja poolt ette antud kohustuslike s\u00f5nade (Keywords) esinemise j\u00e4rgi.<\/li>\n<li><a title=\"\" href=\"https:\/\/h5p.org\/image-pairing\" target=\"_blank\" rel=\"noopener\" data-url=\"https:\/\/h5p.org\/image-pairing\">Image Pairing<\/a><strong>\u00a0<\/strong>on interaktiivne harjutus, kus \u00f5ppija peab lohistama pildid vasakult \u00f5ige pildi juurde paremal. Pildid peaks olema k\u00f5ik \u00fchesuurused ja v\u00e4hemalt 120 x 120 px.<\/li>\n<\/ol>\n<p><\/p><\/div>\n        <\/div>\n        <\/div>\n    <\/div>\n<h3>Interaktiivse sisu lisamiseks:<\/h3>\n<ul>\n<li>Kui H5P rakendus pole lehestikus aktiivne, siis saab seda aktiveerida <strong><em>Plugins<\/em><\/strong> lingi kaudu<\/li>\n<li>H5P sisu loomiseks tuleb valida men\u00fc\u00fcst <strong><em>H5P Content \u2013 Add new<\/em><\/strong>.<\/li>\n<li>Valige sobiv interaktiivse sisu t\u00fc\u00fcp<\/li>\n<li>Sisestage valitud t\u00fc\u00fcbile pealkiri ja \u00f5pijuhis\/kirjeldus<\/li>\n<\/ul>\n<p><strong>NB!<\/strong> Kui plaanite lehestikku luua palju interaktiivseid harjutusi, pange neile sellised pealkirjad, mis aitavad teil hiljem vajaliku harjutuse k\u00f5igi teiste sisuelementide (lehed, testid jne) seast \u00fcles leida.<\/p>\n<ul>\n<li>avage ja t\u00e4itke k\u00f5ik n\u00f5utud v\u00e4ljad (need on interaktiivse sisu eri t\u00fc\u00fcpide puhul erinevad)<\/li>\n<li>m\u00e4\u00e4rakse parempoolses men\u00fc\u00fcs <em>H5P Options<\/em>, kas soovite interaktiivse harjutuse all kuvada linke sisu allalaadimiseks ja vistutamiseks<\/li>\n<\/ul>\n<p><strong>NB! <\/strong>Loodav H5P harjutus on v\u00f5imalik vistutada olemasolevale lehele kas \u00fcksikuna v\u00f5i siis lehe teiste plokkide vahele.<\/p>\n<h3>Interaktiivse sisu vistutamiseks (manustamiseks, embeedimiseks):<\/h3>\n<ul>\n<li>Lisage H5P harjutus lehele <strong><em>Shortcode<\/em><\/strong> ploki abil<\/li>\n<li>Kleepige (CTRL V) \u00a0H5P harjutuse l\u00fchikood plokki, nt <div class=\"h5p-iframe-wrapper\"><div class=\"video-placeholder-wrapper video-placeholder-wrapper--fixed\" style=\"height: 366px;\">\n\t\t\t    <div class=\"video-placeholder d-flex justify-content-center align-items-center\">\n\t\t\t        <div class=\"overlay text-white p-2 w-100 text-center d-block justify-content-center align-items-center\">\n\t\t\t            <div>Kolmandate osapoolte sisu n\u00e4gemiseks palun n\u00f5ustu k\u00fcpsistega.<\/div>\n\t\t\t            <button class=\"btn btn-secondary btn-sm mt-1 consent-change\">Muuda n\u00f5usolekut<\/button>\n\t\t\t        <\/div>\n\t\t\t    <\/div>\n\t\t\t<\/div>\n<\/div> (l\u00fchikoodi saate harjutuse juurest <em>Shortcode<\/em> osast)<\/li>\n<li>kleepige kood (CTRL V) avanevasse aknasse<\/li>\n<\/ul>\n<p><\/p><div class=\"accordion mb-3\">\n        <div class=\"accordion-item accordion-item--white\">\n        <h2 class=\"accordion-header\" id=\"accordion-69d1ebbee4efc-heading\">\n            <button class=\"accordion-button collapsed\" type=\"button\" data-bs-toggle=\"collapse\" data-bs-target=\"#accordion-69d1ebbee4efc-collapse\" aria-expanded=\"true\" aria-controls=\"accordion-69d1ebbee4efc-collapse\">N\u00e4ide vistutatud H5P harjutusest<\/button>\n        <\/h2>\n        <div id=\"accordion-69d1ebbee4efc-collapse\" class=\"accordion-collapse collapse\" aria-labelledby=\"accordion-69d1ebbee4efc-heading\">\n            <div class=\"accordion-body\">\n<p><div class=\"video-placeholder-wrapper video-placeholder-wrapper--fixed\" style=\"height: 174px;\">\n\t\t\t    <div class=\"video-placeholder d-flex justify-content-center align-items-center\">\n\t\t\t        <div class=\"overlay text-white p-2 w-100 text-center d-block justify-content-center align-items-center\">\n\t\t\t            <div>Kolmandate osapoolte sisu n\u00e4gemiseks palun n\u00f5ustu k\u00fcpsistega.<\/div>\n\t\t\t            <button class=\"btn btn-secondary btn-sm mt-1 consent-change\">Muuda n\u00f5usolekut<\/button>\n\t\t\t        <\/div>\n\t\t\t    <\/div>\n\t\t\t<\/div>\n<\/p>\n<p><\/p><\/div>\n        <\/div>\n        <\/div>\n    <\/div>\n<h3>Interaktiivse sisu keele muutmiseks:<\/h3>\n<ul>\n<li>sobiv keel tuleb valida interaktiivse sisu seadete lehel moodulis <em>Teksti asendused ja t\u00f5lge<\/em>.<\/li>\n<\/ul>\n<p><img loading=\"lazy\" decoding=\"async\" width=\"1129\" height=\"502\" class=\"alignnone wp-image-334\" style=\"width: 800px; height: 356px;\" title=\"h5p-keel.png\" src=\"https:\/\/sisu.ut.ee\/wp-content\/uploads\/sites\/177\/h5p-keel.png\" alt=\"H5P\" srcset=\"https:\/\/sisu.ut.ee\/wp-content\/uploads\/sites\/177\/h5p-keel.png 1129w, https:\/\/sisu.ut.ee\/wp-content\/uploads\/sites\/177\/h5p-keel-300x133.png 300w, https:\/\/sisu.ut.ee\/wp-content\/uploads\/sites\/177\/h5p-keel-1024x455.png 1024w, https:\/\/sisu.ut.ee\/wp-content\/uploads\/sites\/177\/h5p-keel-768x341.png 768w\" sizes=\"auto, (max-width: 1129px) 100vw, 1129px\"><\/p>\n<h3>Interaktiivse sisu muutmiseks:<\/h3>\n<ul>\n<li>Avage men\u00fc\u00fcst <strong><em>H5P Content<\/em><\/strong> leht<\/li>\n<li>Kl\u00f5psake harjutuse real <strong><em>Edit<\/em><\/strong> lingil<\/li>\n<li>Muutke harjutus ja kl\u00f5psake <em>Update<\/em><\/li>\n<\/ul>\n","protected":false},"excerpt":{"rendered":"<p>H5P on sisuloomevahend (vt\u00a0https:\/\/h5p.org\/), mis v\u00f5imaldab luua ja lehestikku lisada\u00a0erinevat t\u00fc\u00fcpi interaktiivseid harjutusi v\u00f5i importida mujal loodud H5P sisu faile. Interaktiivsete harjutuste t\u00fc\u00fcbid Course presentation\u00a0v\u00f5imaldab luua slaididest koosnevat interaktiivset esitlust tekstist, audio- ja helifailidest, piltidest, interaktiivsetest harjutustest. Image Slider\u00a0on pildiesitlus, &#8230;<\/p>\n","protected":false},"author":6,"featured_media":0,"parent":0,"menu_order":0,"comment_status":"closed","ping_status":"closed","template":"","meta":{"_acf_changed":false,"inline_featured_image":false,"footnotes":""},"class_list":["post-30","page","type-page","status-publish","hentry"],"acf":[],"_links":{"self":[{"href":"https:\/\/sisu.ut.ee\/juhendid\/wp-json\/wp\/v2\/pages\/30","targetHints":{"allow":["GET"]}}],"collection":[{"href":"https:\/\/sisu.ut.ee\/juhendid\/wp-json\/wp\/v2\/pages"}],"about":[{"href":"https:\/\/sisu.ut.ee\/juhendid\/wp-json\/wp\/v2\/types\/page"}],"author":[{"embeddable":true,"href":"https:\/\/sisu.ut.ee\/juhendid\/wp-json\/wp\/v2\/users\/6"}],"replies":[{"embeddable":true,"href":"https:\/\/sisu.ut.ee\/juhendid\/wp-json\/wp\/v2\/comments?post=30"}],"version-history":[{"count":3,"href":"https:\/\/sisu.ut.ee\/juhendid\/wp-json\/wp\/v2\/pages\/30\/revisions"}],"predecessor-version":[{"id":3509,"href":"https:\/\/sisu.ut.ee\/juhendid\/wp-json\/wp\/v2\/pages\/30\/revisions\/3509"}],"wp:attachment":[{"href":"https:\/\/sisu.ut.ee\/juhendid\/wp-json\/wp\/v2\/media?parent=30"}],"curies":[{"name":"wp","href":"https:\/\/api.w.org\/{rel}","templated":true}]}}