{"id":3,"date":"2024-04-04T02:50:35","date_gmt":"2024-04-03T23:50:35","guid":{"rendered":"https:\/\/sisu.ut.ee\/juhendid\/lehe-loomine-kujundamine-ja-kustutamine\/"},"modified":"2024-04-04T02:55:48","modified_gmt":"2024-04-03T23:55:48","slug":"lehe-loomine-kujundamine-ja-kustutamine","status":"publish","type":"page","link":"https:\/\/sisu.ut.ee\/juhendid\/lehe-loomine-kujundamine-ja-kustutamine\/","title":{"rendered":"Lehe loomine, kujundamine ja kustutamine"},"content":{"rendered":"<p>\n\tMaharas tuleb esmalt luua lehed ning t\u00e4ita need soovitud sisuga. Hiljem saate otsustada, kas avalikustate \u00fcksiku lehe v\u00f5i koondate erinevad lehed kollektsiooni alla ja avalikustate terve kollektsiooni.\n<\/p>\n<h2 id=\"Kuidasluua,kujundadajakustutadalehti?-Leheloomine\">\n\tLehe loomine<br>\n<\/h2>\n<h3>\n\tLehe loomiseks:<br>\n<\/h3>\n<ul>\n<li>\n\t\tkl\u00f5psake k\u00f5rvalmen\u00fc\u00fcs\u00a0<em>Portfoolio<\/em>\n\t<\/li>\n<li>\n\t\tuue lehe loomiseks kl\u00f5psake nupul +\u00a0<em>Lisa<\/em>\n\t<\/li>\n<li>\n\t\tolemasoleva lehe kopeerimiseks kasutage nuppu\u00a0<em>Kopeeri <\/em>(koopia saate teha ka teiega jagatud (teile avalikustatud) lehest)\n\t<\/li>\n<li>\n\t\tsisestage lehele pealkiri ning soovi korral ka kirjeldus ja m\u00e4rks\u00f5nad\n\t<\/li>\n<\/ul>\n<p>\n\tM\u00e4rks\u00f5nad kuvatakse hiljem\u00a0<em>Lehed ja kollektsioonid<\/em>\u00a0ja\u00a0<em>Portfoolio<\/em>\u00a0lehtedel paremas servas eraldi plokis. Nii on hiljem mugav m\u00e4rks\u00f5nade j\u00e4rgi vajalikud lehed \u00fcles leida.\n<\/p>\n<p>\n\t<img loading=\"lazy\" decoding=\"async\" width=\"1540\" height=\"527\" class=\"alignnone wp-image-266\" style=\"margin-left: auto;margin-right: auto\" src=\"https:\/\/sisu.ut.ee\/wp-content\/uploads\/sites\/177\/leht1b.png\" title=\"leht1b.png\" alt=\"Loo leht\" srcset=\"https:\/\/sisu.ut.ee\/wp-content\/uploads\/sites\/177\/leht1b.png 1540w, https:\/\/sisu.ut.ee\/wp-content\/uploads\/sites\/177\/leht1b-300x103.png 300w, https:\/\/sisu.ut.ee\/wp-content\/uploads\/sites\/177\/leht1b-1024x350.png 1024w, https:\/\/sisu.ut.ee\/wp-content\/uploads\/sites\/177\/leht1b-768x263.png 768w, https:\/\/sisu.ut.ee\/wp-content\/uploads\/sites\/177\/leht1b-1536x526.png 1536w\" sizes=\"auto, (max-width: 1540px) 100vw, 1540px\">\n<\/p>\n<p style=\"text-align: center\">\n\t<img loading=\"lazy\" decoding=\"async\" width=\"744\" height=\"168\" class=\"alignnone wp-image-270\" src=\"https:\/\/sisu.ut.ee\/wp-content\/uploads\/sites\/177\/loo_leht_2.png\" title=\"loo_leht_2.png\" alt=\"Loo uus leht v\u00f5i kollektsioon\" srcset=\"https:\/\/sisu.ut.ee\/wp-content\/uploads\/sites\/177\/loo_leht_2.png 744w, https:\/\/sisu.ut.ee\/wp-content\/uploads\/sites\/177\/loo_leht_2-300x68.png 300w\" sizes=\"auto, (max-width: 744px) 100vw, 744px\">\n<\/p>\n<h5>\n\tNB! \u00c4rge pange erinevatele lehtedele t\u00e4pselt samasuguseid pealkirju, kuna hiljem on siis raske loodud lehti \u00fcksteisest eristada ning pole v\u00f5imalik ka lehti eksportida.<br>\n<\/h5>\n<p>\n\t<img loading=\"lazy\" decoding=\"async\" width=\"1484\" height=\"892\" class=\"alignnone wp-image-267\" style=\"margin-left: auto;margin-right: auto\" src=\"https:\/\/sisu.ut.ee\/wp-content\/uploads\/sites\/177\/leht2b.png\" title=\"leht2b.png\" alt=\"Lehe seaded\" srcset=\"https:\/\/sisu.ut.ee\/wp-content\/uploads\/sites\/177\/leht2b.png 1484w, https:\/\/sisu.ut.ee\/wp-content\/uploads\/sites\/177\/leht2b-300x180.png 300w, https:\/\/sisu.ut.ee\/wp-content\/uploads\/sites\/177\/leht2b-1024x616.png 1024w, https:\/\/sisu.ut.ee\/wp-content\/uploads\/sites\/177\/leht2b-768x462.png 768w\" sizes=\"auto, (max-width: 1484px) 100vw, 1484px\">\n<\/p>\n<h2 id=\"Kuidasluua,kujundadajakustutadalehti?-Sisupaigutamine\">\n\tSisu paigutamine<br>\n<\/h2>\n<p>\n\tPaigutust saate muuta plokke tirides ning neid laiemaks muutes. Plokke saate lehele paigutada vastavalt soovile ning seega luua endale just sobiva paigutuse.\n<\/p>\n<h2 id=\"Kuidasluua,kujundadajakustutadalehti?-Sisulisamine\">\n\tSisu lisamine<br>\n<\/h2>\n<p>\n\tSisu lisatakse lehele plokkidena. Plokke saate valida vasakust servast (klikkides avaneb veel v\u00f5imalusi) ja need\u00a0hiirega eelvaate aknasse lohistada.\u00a0\n<\/p>\n<p style=\"text-align: center\">\n\t<img loading=\"lazy\" decoding=\"async\" width=\"968\" height=\"483\" class=\"alignnone wp-image-271\" style=\"width: 968px;height: 483px\" src=\"https:\/\/sisu.ut.ee\/wp-content\/uploads\/sites\/177\/loo_leht_4.png\" title=\"loo_leht_4.png\" alt=\"Plokid\" srcset=\"https:\/\/sisu.ut.ee\/wp-content\/uploads\/sites\/177\/loo_leht_4.png 968w, https:\/\/sisu.ut.ee\/wp-content\/uploads\/sites\/177\/loo_leht_4-300x150.png 300w, https:\/\/sisu.ut.ee\/wp-content\/uploads\/sites\/177\/loo_leht_4-768x383.png 768w\" sizes=\"auto, (max-width: 968px) 100vw, 968px\">\n<\/p>\n<h3>\n\tSisu lisamiseks lehele:<br>\n<\/h3>\n<p>\n\t<img loading=\"lazy\" decoding=\"async\" width=\"758\" height=\"373\" class=\"alignnone wp-image-260\" src=\"https:\/\/sisu.ut.ee\/wp-content\/uploads\/sites\/177\/mahara-lehe-alamenuu.png\" title=\"mahara-lehe-alamenuu.png\" alt=\"Mahara lehe muutmine\" srcset=\"https:\/\/sisu.ut.ee\/wp-content\/uploads\/sites\/177\/mahara-lehe-alamenuu.png 758w, https:\/\/sisu.ut.ee\/wp-content\/uploads\/sites\/177\/mahara-lehe-alamenuu-300x148.png 300w\" sizes=\"auto, (max-width: 758px) 100vw, 758px\">\n<\/p>\n<p>\n\tPlokkidena on v\u00f5imalik lisada teksti, pilti, allalaetavaid faile, kaustu, pildialbumit, audio- ja videoklippe, p\u00e4eviku sissekandeid, r\u00fchmafoorumi postitusi, men\u00fc\u00fcd (tekib automaatselt kollektsiooni lisatud lehtedest), m\u00e4rkmeid, enda profiili komponente jm.\n<\/p>\n<p>\n\tIga lisatud plokki saab hiirega lohistades lehel teise kohta t\u00f5sta, muuta (ploki \u00fclanurgas olevast\u00a0<em>hammasrattast<\/em>) v\u00f5i kustutada (<em>pr\u00fcgikasti-nupust<\/em>).\n<\/p>\n<h2 id=\"Kuidasluua,kujundadajakustutadalehti?-Lehekujundamine\">\n\tLehe kujundamine<br>\n<\/h2>\n<p>\n\tVaikimisi on k\u00f5ik loodud lehed \u00fchesuguse kujundusega. Kl\u00f5psates nupul\u00a0<em>Halda kujundusmalle<\/em>\u00a0ja seej\u00e4rel nupul\u00a0<em>Loo kujundusmall<\/em>, saate ise enda lehele uue malli luua ning seda ka enda teistel lehtedel kasutada (kui kujundusmall on m\u00e4\u00e4ratud avalikuks). Te saate m\u00e4\u00e4rata lehele taustav\u00e4rvi, pealdise v\u00e4rvi, teksti kirjat\u00fc\u00fcbi ning v\u00e4rvid jm. V\u00e4rvi muutmiseks kl\u00f5psake v\u00e4rvi lahtris oleval v\u00e4rvikoodil \u2013 avaneb eraldi aken v\u00e4rvi valimiseks.\n<\/p>\n<h5>\n\tNB! Iga lehe puhul tuleb kujundusmall eraldi m\u00e4\u00e4rata. Tervele kollektsioonile \u00fchte kujundusmalli korraga m\u00e4\u00e4rata ei saa.<br>\n<\/h5>\n<p>\n\t<img loading=\"lazy\" decoding=\"async\" width=\"1137\" height=\"636\" class=\"alignnone wp-image-263\" style=\"margin-right: auto;margin-left: auto\" src=\"https:\/\/sisu.ut.ee\/wp-content\/uploads\/sites\/177\/kujundus.png\" title=\"kujundus.png\" alt=\"Kujundusmalli loomine\" srcset=\"https:\/\/sisu.ut.ee\/wp-content\/uploads\/sites\/177\/kujundus.png 1137w, https:\/\/sisu.ut.ee\/wp-content\/uploads\/sites\/177\/kujundus-300x168.png 300w, https:\/\/sisu.ut.ee\/wp-content\/uploads\/sites\/177\/kujundus-1024x573.png 1024w, https:\/\/sisu.ut.ee\/wp-content\/uploads\/sites\/177\/kujundus-768x430.png 768w\" sizes=\"auto, (max-width: 1137px) 100vw, 1137px\">\n<\/p>\n<p>\n\tKujundusmalli lisamiseks enda lehele kl\u00f5psake lehte toimetades lipikul\u00a0<em>Vali kujundusmall\u00a0<\/em>\u2013 kl\u00f5psake soovitud\u00a0<em>mallil\u00a0<\/em>ning seej\u00e4rel nupul\u00a0<em>Salvesta<\/em>. \u00d5iget lehe v\u00e4limust n\u00e4ete Maharast v\u00e4ljaloginult.\n<\/p>\n<p style=\"text-align: center\">\n\t<img loading=\"lazy\" decoding=\"async\" width=\"1541\" height=\"777\" class=\"alignnone wp-image-268\" src=\"https:\/\/sisu.ut.ee\/wp-content\/uploads\/sites\/177\/skin2b.png\" title=\"skin2b.png\" alt=\"Kujundusmalli valimine\" srcset=\"https:\/\/sisu.ut.ee\/wp-content\/uploads\/sites\/177\/skin2b.png 1541w, https:\/\/sisu.ut.ee\/wp-content\/uploads\/sites\/177\/skin2b-300x151.png 300w, https:\/\/sisu.ut.ee\/wp-content\/uploads\/sites\/177\/skin2b-1024x516.png 1024w, https:\/\/sisu.ut.ee\/wp-content\/uploads\/sites\/177\/skin2b-768x387.png 768w, https:\/\/sisu.ut.ee\/wp-content\/uploads\/sites\/177\/skin2b-1536x774.png 1536w\" sizes=\"auto, (max-width: 1541px) 100vw, 1541px\">\n<\/p>\n<p>\n\tKui kujundusmallide lehel (\u00fclamen\u00fc\u00fcs\u00a0<em>Portfoolio<\/em>\u00a0\u2013\u00a0<em>Kujundusmallid\u00a0<\/em>v\u00f5i lehe toimetamisel\u00a0<em>nupp Halda kujundusmalle<\/em>) on kellegi teise loodud mall, saate selle m\u00e4rkida\u00a0<em>t\u00e4rnil kl\u00f5psates enda lemmikuks<\/em>. Hiljem kuvatakse lehele kujundusmalli valides see mall lemmikute kujundusmallide reas.\n<\/p>\n<p>\n\t<img loading=\"lazy\" decoding=\"async\" width=\"383\" height=\"337\" class=\"alignnone wp-image-265\" style=\"margin-right: auto;margin-left: auto\" src=\"https:\/\/sisu.ut.ee\/wp-content\/uploads\/sites\/177\/skin1.png\" title=\"skin1.png\" alt=\"Kujundusmalli lemmikuks lisamine\" srcset=\"https:\/\/sisu.ut.ee\/wp-content\/uploads\/sites\/177\/skin1.png 383w, https:\/\/sisu.ut.ee\/wp-content\/uploads\/sites\/177\/skin1-300x264.png 300w\" sizes=\"auto, (max-width: 383px) 100vw, 383px\">\n<\/p>\n<p>\n\tEnda loodud kujundusmalle saate kujundusmallide lehel muuta\u00a0<em>pliiatsi-nupust<\/em>, vaadata infot\u00a0<em>i-nupust<\/em>, eksportida\u00a0<em>noole-nupust<\/em>\u00a0ning kustutada j\u00e4\u00e4davalt\u00a0<em>pr\u00fcgikasti-nupust<\/em>.\n<\/p>\n<p>\n\t<img loading=\"lazy\" decoding=\"async\" width=\"885\" height=\"455\" class=\"alignnone wp-image-264\" style=\"margin-right: auto;margin-left: auto\" src=\"https:\/\/sisu.ut.ee\/wp-content\/uploads\/sites\/177\/skin3.png\" title=\"skin3.png\" alt=\"Kujundusmalli muutmine\" srcset=\"https:\/\/sisu.ut.ee\/wp-content\/uploads\/sites\/177\/skin3.png 885w, https:\/\/sisu.ut.ee\/wp-content\/uploads\/sites\/177\/skin3-300x154.png 300w, https:\/\/sisu.ut.ee\/wp-content\/uploads\/sites\/177\/skin3-768x395.png 768w\" sizes=\"auto, (max-width: 885px) 100vw, 885px\">\n<\/p>\n<h2 id=\"Kuidasluua,kujundadajakustutadalehti?-Lehekustutamine\">\n\tLehe kustutamine<br>\n<\/h2>\n<p>\n\tKui otsustate, et te m\u00f5nda lehte ei vaja (ei soovi seda \u00fcmber nimetada, uue sisuga t\u00e4ita ning taaskasutada), saate lehe\u00a0J\u00c4\u00c4DAVALT\u00a0kustutada.\n<\/p>\n<h3>\n\tLehe kustutamiseks:<br>\n<\/h3>\n<ul>\n<li>\n\t\tveenduge enne, et antud leht ei kuuluks \u00fchtegi kollektsiooni, mis on kellelegi avalikustatud\n\t<\/li>\n<li>\n\t\tkl\u00f5psake k\u00f5rvalmen\u00fc\u00fcs\u00a0<em>Portfoolio<\/em>\u00a0\u2013\u00a0<em>pr\u00fcgikasti-nupp<\/em>\u00a0lehe pealkirja j\u00e4rel\n\t<\/li>\n<\/ul>\n","protected":false},"excerpt":{"rendered":"<p>Maharas tuleb esmalt luua lehed ning t\u00e4ita need soovitud sisuga. Hiljem saate otsustada, kas avalikustate \u00fcksiku lehe v\u00f5i koondate erinevad lehed kollektsiooni alla ja avalikustate terve kollektsiooni. Lehe loomine Lehe loomiseks: kl\u00f5psake k\u00f5rvalmen\u00fc\u00fcs\u00a0Portfoolio uue lehe loomiseks kl\u00f5psake nupul +\u00a0Lisa olemasoleva &#8230;<\/p>\n","protected":false},"author":6,"featured_media":0,"parent":0,"menu_order":0,"comment_status":"closed","ping_status":"closed","template":"","meta":{"_acf_changed":false,"inline_featured_image":false,"footnotes":""},"class_list":["post-3","page","type-page","status-publish","hentry"],"acf":[],"_links":{"self":[{"href":"https:\/\/sisu.ut.ee\/juhendid\/wp-json\/wp\/v2\/pages\/3","targetHints":{"allow":["GET"]}}],"collection":[{"href":"https:\/\/sisu.ut.ee\/juhendid\/wp-json\/wp\/v2\/pages"}],"about":[{"href":"https:\/\/sisu.ut.ee\/juhendid\/wp-json\/wp\/v2\/types\/page"}],"author":[{"embeddable":true,"href":"https:\/\/sisu.ut.ee\/juhendid\/wp-json\/wp\/v2\/users\/6"}],"replies":[{"embeddable":true,"href":"https:\/\/sisu.ut.ee\/juhendid\/wp-json\/wp\/v2\/comments?post=3"}],"version-history":[{"count":1,"href":"https:\/\/sisu.ut.ee\/juhendid\/wp-json\/wp\/v2\/pages\/3\/revisions"}],"predecessor-version":[{"id":1848,"href":"https:\/\/sisu.ut.ee\/juhendid\/wp-json\/wp\/v2\/pages\/3\/revisions\/1848"}],"wp:attachment":[{"href":"https:\/\/sisu.ut.ee\/juhendid\/wp-json\/wp\/v2\/media?parent=3"}],"curies":[{"name":"wp","href":"https:\/\/api.w.org\/{rel}","templated":true}]}}