{"id":28,"date":"2024-04-04T02:50:37","date_gmt":"2024-04-03T23:50:37","guid":{"rendered":"https:\/\/sisu.ut.ee\/juhendid\/sisenemine-moodleisse\/"},"modified":"2024-04-04T02:55:46","modified_gmt":"2024-04-03T23:55:46","slug":"sisenemine-moodleisse","status":"publish","type":"page","link":"https:\/\/sisu.ut.ee\/juhendid\/sisenemine-moodleisse\/","title":{"rendered":"Sisenemine Moodle&#8217;isse"},"content":{"rendered":"<p>\n\tMoodle\u2019isse\u00a0sisenemine toimub Tartu \u00dclikooli arvutiv\u00f5rgu kasutajatunnusega ning parooliga (sama, millega sisenete \u00d5ISi). Moodle\u2019isse sisenemine toimub \u00fcli\u00f5pilastel nupu <strong>T\u00dc arvutiv\u00f5rgu konto (OpenID)<\/strong> kaudu ning kasutajatunnus tuleb sisestada kujul <strong>kasutajatunnus@ut.ee<\/strong>.\n<\/p>\n<p>\n\tOpenID-ga Moodle\u2019isse sisenemine on Microsoft 365 teenus, mille kasutamiseks peavad nii\u00a0t\u00f6\u00f6tajad kui ka \u00fcli\u00f5pilased aktiveerima kahefaktorilise autentimise, vt <a data-url=\"https:\/\/wiki.ut.ee\/display\/AA\/Kaheastmelise+autentimise+aktiveerimine+Microsoft+365-s\" href=\"https:\/\/wiki.ut.ee\/display\/AA\/Kaheastmelise+autentimise+aktiveerimine+Microsoft+365-s\" target=\"_blank\" title=\"\" rel=\"noopener\">juhend<\/a>.\n<\/p>\n<h5>\n\tKui olete \u00e4ra unustanud oma T\u00dc arvutiv\u00f5rgu kasutajatunnuse v\u00f5i salas\u00f5na, siis kasutajatoe telefonil 737 5500 v\u00f5i e-posti aadressil <a href=\"mailto:arvutiabi@ut.ee\" target=\"_blank\" rel=\"noopener\">arvutiabi@ut.ee<\/a>\u00a0saab kasutajatunnuse meenutuse. Parooli saab ise vahetada aadressil <a data-url=\"https:\/\/parool.ut.ee\" href=\"https:\/\/parool.ut.ee\" target=\"_blank\" title=\"\" rel=\"noopener\">https:\/\/parool.ut.ee<\/a>\u00a0v\u00f5i kui ise parooli vahetamine ei \u00f5nnestu, siis tuleb p\u00f6\u00f6rduda arvutiabi@ut.ee.<br>\n<\/h5>\n<p>\n\tT\u00dc t\u00e4iendus\u00f5ppe kursusele registreerunutele luuakse Moodle\u2019i kasutajakonto automaatselt ning info kasutajakonto andmete ja kursusele juurdep\u00e4\u00e4su kohta saadetakse e-kirjaga e-posti aadressil, mille nad esitasid registreerumisel.\u00a0Kui t\u00e4iendus\u00f5ppe kursusel osalejal on ununenud Moodle\u2019i kasutajatunnus ja salas\u00f5na\u00a0v\u00f5i esineb probleeme sisselogimisel, peaks ta saatma e-kirja\u00a0aadressil <a href=\"mailto:eope@ut.ee\" target=\"_blank\" rel=\"noopener\">eope@ut.ee<\/a>.\n<\/p>\n<h2 id=\"id-2.Kuidasalustadauuee-kursuseloomisegaMoodle'is-2.Moodle'iavaleht-Minukodu\">\n\t1. Moodle\u2019i avaleht \u2013 T\u00f6\u00f6laud<br>\n<\/h2>\n<p>\n\tP\u00e4rast Moodle\u2019isse sisenemist n\u00e4ete t\u00f6\u00f6laua \u00fclaosas kursuste otsingut, viimati k\u00fclastatud kursuste nimekirja ja selle all k\u00f5ikide e-kursuste nimekirja, millega te \u00f5ppej\u00f5una v\u00f5i muus rollis\u00a0seotud olete.\u00a0\n<\/p>\n<h5>\n\tVaikimisi n\u00e4ete kursuste nimekirjas k\u00f5iki kursusi, kuid v\u00f5imalik on kuvada kursusi mitmete\u00a0filtrite abil: K\u00f5ik, Hetkel toimuvad, Varasemad, Esilet\u00f5stetud, Peidetud.<br>\n<\/h5>\n<p>\n\tKui olete seotud rohkem kui 12 kursusega, siis on kursuste nimekirja all olevast rippmen\u00fc\u00fcst v\u00f5imalik valida, kas n\u00e4idatakse 12, 24, 48, 96 v\u00f5i k\u00f5iki kursusi.\u00a0\n<\/p>\n<h3>\n\tKursuste esilet\u00f5stmine<br>\n<\/h3>\n<p>\n\tKursuste nimekirjas olevaid kursusi on v\u00f5imalik <strong>esilet\u00f5stmiseks t\u00e4rniga t\u00e4histada<\/strong>.\u00a0Kursuse t\u00e4rniga t\u00e4histamiseks kl\u00f5psake kursuse nime j\u00e4rel oleval kolmel t\u00e4pil ja valige\u00a0<em>T\u00f5sta kursus esile<\/em>. Esilet\u00f5stmise eemaldamiseks kl\u00f5psake kursuse nime taga kolmel t\u00e4rnil ja valige\u00a0<em>Eemalda esilet\u00f5stmine.<\/em>\u00a0\n<\/p>\n<h3>\n\tKursuste peitmine<br>\n<\/h3>\n<p>\n\tKui kursuste nimekirjas on kursusi, mida te ei soovi, et neid teie kursuste nimekirjas kuvatakse, siis on hea kasutada kursuste vaatest peitmise v\u00f5imalust. <strong>Kursuse peitmiseks <\/strong>vaatest kl\u00f5psake kursuse nime j\u00e4rel oleval kolmel t\u00e4pil ja valige\u00a0<em>Peida vaatest<\/em>. Peidetud kursusi saate n\u00e4ha filtri\u00a0<em>Peidetud<\/em>\u00a0abil. Kursuse n\u00e4htavaks tegemiseks kl\u00f5psake kolmel t\u00e4rnil ja valige\u00a0<em>N\u00e4ita seda kursust<\/em>.\u00a0\n<\/p>\n<h3>\n\tAjajoon t\u00f6\u00f6laual<br>\n<\/h3>\n<p>\n\tMoodle\u2019i t\u00f6\u00f6laua paremas veerus on ajajoone plokk, kus kuvatakse k\u00f5ikide teie e-kursuste tegevuste t\u00e4htajad ning teil on v\u00f5imalik tegevuse nimel kl\u00f5psates kohe vastava tegevuse juurde j\u00f5uda. Ajajoone plokis saate ise m\u00e4\u00e4rata, mitut tegevust seal kuvatakse (N\u00e4ita 5, 10 v\u00f5i 25). Plokis on erinevad filtrid ning saate sorteerida tegevusi t\u00e4htaja, kuup\u00e4eva ja kursuste j\u00e4rgi.\n<\/p>\n<h3>\n\tPlokid t\u00f6\u00f6laual<br>\n<\/h3>\n<p>\n\tT\u00f6\u00f6laual olevaid plokke saab soovi korral peita, kustutada v\u00f5i \u00fcmber paigutada. Selleks tuleb l\u00fclitada t\u00f6\u00f6laud muutmisre\u017eiimi (nupp\u00a0<em>Luba muutmine<\/em>), teha muudatused ning salvestada need (nupp\u00a0<em>Salvesta muudatused<\/em>).\n<\/p>\n<h2 id=\"id-2.Kuidasalustadauuee-kursuseloomisegaMoodle'is-6.Kasutajaandmetemuutmine\">\n\t2. Kasutaja andmete (profiil) ja eelistuste muutmine<br>\n<\/h2>\n<p style=\"text-align: left\">\n\tP\u00e4rast Moodle\u2019isse sisenemist saate muuta osasid enda kasutajaandmeid. Te ei saa Moodle\u2019is muuta oma nime.\u00a0Kui \u00d5ISis v\u00f5i T\u00dc isikuregistris on nimi muudetud ja see ei muutu automaatselt Moodle\u2019is, saatke nime muutmise palve aadressile\u00a0<a href=\"mailto:eope@ut.ee\" rel=\"nofollow noopener\" target=\"_blank\">eope@ut.ee<\/a>.\n<\/p>\n<p>\n\tOluline, et kasutajaandmetes olev e-posti aadress oleks \u00f5ige, kuna sellele saadetakse k\u00f5ik Moodle\u2019iga seotud teated ja postitused. Kui muudate e-posti aadressi \u00d5ISis, siis ei muutu see automaatselt Moodle\u2019is, vaid peate e-posti aadressi Moodle\u2019i profiilis samuti ise \u00e4ra muutma.\n<\/p>\n<p>\n\t<img loading=\"lazy\" decoding=\"async\" width=\"504\" height=\"816\" class=\"alignnone wp-image-333\" style=\"width: 200px;height: 324px;float: right\" src=\"https:\/\/sisu.ut.ee\/wp-content\/uploads\/sites\/177\/screenshot_2023-08-01_at_08.47.35.png\" title=\"screenshot_2023-08-01_at_08.47.35.png\" alt=\"Profiil ja eelistused\" srcset=\"https:\/\/sisu.ut.ee\/wp-content\/uploads\/sites\/177\/screenshot_2023-08-01_at_08.47.35.png 504w, https:\/\/sisu.ut.ee\/wp-content\/uploads\/sites\/177\/screenshot_2023-08-01_at_08.47.35-185x300.png 185w\" sizes=\"auto, (max-width: 504px) 100vw, 504px\">Soovitatav on lisada profiilile enda kasutaja pilt.\u00a0\n<\/p>\n<p>\n\tNeed andmed pole seotud \u00fchegi konkreetse kursusega, vaid kehtivad \u00fcle kogu Moodle\u2019i keskkonna.\n<\/p>\n<p>\n\t<strong>Oma andmete muutmiseks:<\/strong>\n<\/p>\n<ol>\n<li>\n\t\tkl\u00f5psake ekraani paremas \u00fclanurgas enda nimel\u00a0ja valige sealt\u00a0<em>Profiil<\/em>\n\t<\/li>\n<li>\n\t\tkl\u00f5psake kasutaja detailide plokis lingil\u00a0<em>Muuda profiili<\/em>\n\t<\/li>\n<li>\n\t\tsisestage enda kohta tutvustus lahtrisse\u00a0<em>Kirjeldus<\/em>\n\t<\/li>\n<li>\n\t\tlisage enda foto\n\t<\/li>\n<li>\n\t\tlisage soovi korral veel andmeid\n\t<\/li>\n<li>\n\t\tkl\u00f5psake nupul\u00a0<em>V\u00e4rskenda kasutaja andmeid<\/em>\n\t<\/li>\n<\/ol>\n<p>\n\t<strong>Teavituste eelistuste muutmiseks:<\/strong>\n<\/p>\n<ol>\n<li>\n\t\tkl\u00f5psake ekraani paremas \u00fclanurgas enda nimel\u00a0ja valige sealt\u00a0<em>Eelistused<\/em>\n\t<\/li>\n<li>\n\t\tkl\u00f5psake kasutajakonto plokis lingil\u00a0<em><em>Teavituste eelistused<\/em><\/em>\n\t<\/li>\n<\/ol>\n<p>\n\tTe saate valida, milliseid teateid teile e-kirjana edastatakse.\u00a0Need valikud pole seotud \u00fchegi konkreetse kursusega, vaid kehtivad \u00fcle kogu Moodle\u2019i keskkonna.<\/p>\n","protected":false},"excerpt":{"rendered":"<p>Moodle\u2019isse\u00a0sisenemine toimub Tartu \u00dclikooli arvutiv\u00f5rgu kasutajatunnusega ning parooliga (sama, millega sisenete \u00d5ISi). Moodle\u2019isse sisenemine toimub \u00fcli\u00f5pilastel nupu T\u00dc arvutiv\u00f5rgu konto (OpenID) kaudu ning kasutajatunnus tuleb sisestada kujul kasutajatunnus@ut.ee. OpenID-ga Moodle\u2019isse sisenemine on Microsoft 365 teenus, mille kasutamiseks peavad nii\u00a0t\u00f6\u00f6tajad kui &#8230;<\/p>\n","protected":false},"author":6,"featured_media":0,"parent":0,"menu_order":0,"comment_status":"closed","ping_status":"closed","template":"","meta":{"_acf_changed":false,"inline_featured_image":false,"footnotes":""},"class_list":["post-28","page","type-page","status-publish","hentry"],"acf":[],"_links":{"self":[{"href":"https:\/\/sisu.ut.ee\/juhendid\/wp-json\/wp\/v2\/pages\/28","targetHints":{"allow":["GET"]}}],"collection":[{"href":"https:\/\/sisu.ut.ee\/juhendid\/wp-json\/wp\/v2\/pages"}],"about":[{"href":"https:\/\/sisu.ut.ee\/juhendid\/wp-json\/wp\/v2\/types\/page"}],"author":[{"embeddable":true,"href":"https:\/\/sisu.ut.ee\/juhendid\/wp-json\/wp\/v2\/users\/6"}],"replies":[{"embeddable":true,"href":"https:\/\/sisu.ut.ee\/juhendid\/wp-json\/wp\/v2\/comments?post=28"}],"version-history":[{"count":1,"href":"https:\/\/sisu.ut.ee\/juhendid\/wp-json\/wp\/v2\/pages\/28\/revisions"}],"predecessor-version":[{"id":1823,"href":"https:\/\/sisu.ut.ee\/juhendid\/wp-json\/wp\/v2\/pages\/28\/revisions\/1823"}],"wp:attachment":[{"href":"https:\/\/sisu.ut.ee\/juhendid\/wp-json\/wp\/v2\/media?parent=28"}],"curies":[{"name":"wp","href":"https:\/\/api.w.org\/{rel}","templated":true}]}}