{"id":26,"date":"2024-04-04T02:50:37","date_gmt":"2024-04-03T23:50:37","guid":{"rendered":"https:\/\/sisu.ut.ee\/juhendid\/hinnete-ulekandmine-moodleist-oisi-protokolli\/"},"modified":"2024-04-11T11:33:00","modified_gmt":"2024-04-11T08:33:00","slug":"hinnete-ulekandmine-moodleist-oisi-protokolli","status":"publish","type":"page","link":"https:\/\/sisu.ut.ee\/juhendid\/hinnete-ulekandmine-moodleist-oisi-protokolli\/","title":{"rendered":"Hinnete \u00fclekandmine Moodle&#8217;ist \u00d5IS 1 protokolli"},"content":{"rendered":"<h5>\n\tNB! Juhis on hinnete \u00fcleakandmise kohta\u00a0\u00d5IS1 protokolli<br>\n<\/h5>\n<p>\n\tSelleks, et\u00a0\u00f5ppeaine l\u00f5pptulemusi\u00a0saaks Moodle\u2019i e-kursuselt \u00d5ISi eksamiprotokolli v\u00f5i t\u00e4iendus\u00f5ppeprogrammi prototkolli \u00fcle kanda, peab olema Moodle\u2019is e-kursusel hindetabelis l\u00f5pphinde veergu lisatud l\u00f5pptulemused samast hindes\u00fcsteemist, mis on \u00d5ISi ainekavas ja protokollis. Hinne eristava hindamise puhul on t\u00e4heline hinne vahemikus A-F\u00a0ning mitteeristava hindamise puhul hinne skaalal arvestatud\/mittearvestatud.\n<\/p>\n<p>\n\t\u00d5ppeaine protokoll tuleb luua \u00d5ISis vastavalt \u00d5KE reeglitele.\n<\/p>\n<p>\n\tEeldused\u00a0\u00d5ISi protokolli (eksamiprotokollid v\u00f5i t\u00e4iendus\u00f5ppeprogrammi protokollid) l\u00f5pptulemuste importimiseks\u00a0Moodle\u2019ist:\n<\/p>\n<ul>\n<li>\n\t\tp\u00f5im- v\u00f5i veebi\u00f5ppe ainekava \u00d5ISis on seotud Moodle\u2019i kursusega\n\t<\/li>\n<li>\n\t\tainele registreerunud \u00f5ppijad on Moodle\u2019i kursusele lisatud \u00d5ISi kaudu\n\t<\/li>\n<li>\n\t\tMoodle\u2019is on l\u00f5pptulemused sisestatud\u00a0samas hindes\u00fcsteemis, mis on \u00d5ISis ainekavas ja seega ka protokollis (vt l\u00f5pphinde seadistamise\u00a0<a href=\"https:\/\/sisu.ut.ee\/juhendid\/%C3%B5ppijate-hindamine-moodleis\" target=\"_blank\" rel=\"noopener\"><span data-mce-mark=\"1\">juhendit<\/span><\/a>)\n\t<\/li>\n<li>\n\t\tprotokoll on \u201csisekasutuses\u201d olekus\n\t<\/li>\n<\/ul>\n<h3>\n\tHinnete lisamiseks protokolli:<br>\n<\/h3>\n<ol>\n<li>\n\t\tkl\u00f5psake sisekasutuses olevas\u00a0protokollis nupule\u00a0<em>Muuda<\/em>\n\t<\/li>\n<li>\n\t\tvaadake protokollis hinded \u00fcle v\u00e4ljalt <em>Hinded Moodle\u2019ist\u00a0<\/em>lingist\u00a0<em>Vaata hindeid <\/em>(n\u00e4idatakse hindeid\u00a0Moodle\u2019i vastava e-kursuse hindetabeli l\u00f5pphinde veerus)\n\t<\/li>\n<li>\n\t\tlisage hinded protokolli v\u00e4ljalt\u00a0<em>Hinded Moodle\u2019ist\u00a0<\/em>lingist\u00a0<em>Lisa hinded protokolli<\/em>\n\t<\/li>\n<\/ol>\n<p>\n\tHindeid ei impordita, kui:\n<\/p>\n<ul>\n<li>\n\t\tKui Moodle\u2019i hindetabeli l\u00f5pphinde veerus\u00a0on hinne, mis ei ole protokollis m\u00e4rgitud hindes\u00fcsteemist (nt protokollis on t\u00e4heline hindes\u00fcsteem, kuid Moodle\u2019is on hinded arvestatud\/mittearvestatud \u2013\u00a0andmed v\u00f5etakse protokolli ainekava andmetest), siis kuvatakse protokolli hoiatus: <em>Moodle\u2019i hinne ei ole protokolli hindes\u00fcsteemist<\/em>. Muudatus tuleb teha vastavalt vajadusele \u00d5ISis ainekava hindes\u00fcsteemis v\u00f5i Moodle\u2019is.\n\t<\/li>\n<li>\n\t\tKui protokollis on hinne juba olemas, kuid see on erinev Moodle\u2019is olevast l\u00f5pphindest, siis kuvatakse hoiatus: Protokollis on hinne F ja Moodle\u2019is hinne C. Kontrollige hinnet ja tehke vastavalt vajadusele parandus protokollis v\u00f5i Moodle\u2019is.\n\t<\/li>\n<\/ul>\n<h5>\n\tNB!\u00a0Kui Moodle\u2019i hindetabelis\u00a0l\u00f5pptulemus puudub (\u00f5ppija pole Moodle\u2019i kursusele \u00fcldse sisenenud ja\/v\u00f5i pole sooritanud \u00fchtki hindelist ulesannet), siis \u00d5ISi protokolli kantakse nende \u00f5ppijate puhul \u201c<em>mitteilmunud<\/em>\u201c.<br>\n<\/h5>\n<p>\n\tVt t\u00e4psemaid juhendeid:\n<\/p>\n<p>\n\t\u00d5ppej\u00f5u juhend:\u00a0<a href=\"https:\/\/wiki.ut.ee\/x\/zibu\" rel=\"nofollow noopener\" target=\"_blank\">Eksamiprotokollis hinde ja hinde andja m\u00e4\u00e4ramine<\/a><br>T\u00f6\u00f6taja juhend:\u00a0<a href=\"https:\/\/wiki.ut.ee\/x\/bIPm\" rel=\"nofollow noopener\" target=\"_blank\">Eksamiprotokollis hinde ja hinde andja m\u00e4\u00e4ramine<\/a><\/p>\n","protected":false},"excerpt":{"rendered":"<p>NB! Juhis on hinnete \u00fcleakandmise kohta\u00a0\u00d5IS1 protokolli Selleks, et\u00a0\u00f5ppeaine l\u00f5pptulemusi\u00a0saaks Moodle\u2019i e-kursuselt \u00d5ISi eksamiprotokolli v\u00f5i t\u00e4iendus\u00f5ppeprogrammi prototkolli \u00fcle kanda, peab olema Moodle\u2019is e-kursusel hindetabelis l\u00f5pphinde veergu lisatud l\u00f5pptulemused samast hindes\u00fcsteemist, mis on \u00d5ISi ainekavas ja protokollis. Hinne eristava hindamise puhul &#8230;<\/p>\n","protected":false},"author":6,"featured_media":0,"parent":0,"menu_order":0,"comment_status":"closed","ping_status":"closed","template":"","meta":{"_acf_changed":false,"inline_featured_image":false,"footnotes":""},"class_list":["post-26","page","type-page","status-publish","hentry"],"acf":[],"_links":{"self":[{"href":"https:\/\/sisu.ut.ee\/juhendid\/wp-json\/wp\/v2\/pages\/26","targetHints":{"allow":["GET"]}}],"collection":[{"href":"https:\/\/sisu.ut.ee\/juhendid\/wp-json\/wp\/v2\/pages"}],"about":[{"href":"https:\/\/sisu.ut.ee\/juhendid\/wp-json\/wp\/v2\/types\/page"}],"author":[{"embeddable":true,"href":"https:\/\/sisu.ut.ee\/juhendid\/wp-json\/wp\/v2\/users\/6"}],"replies":[{"embeddable":true,"href":"https:\/\/sisu.ut.ee\/juhendid\/wp-json\/wp\/v2\/comments?post=26"}],"version-history":[{"count":1,"href":"https:\/\/sisu.ut.ee\/juhendid\/wp-json\/wp\/v2\/pages\/26\/revisions"}],"predecessor-version":[{"id":1825,"href":"https:\/\/sisu.ut.ee\/juhendid\/wp-json\/wp\/v2\/pages\/26\/revisions\/1825"}],"wp:attachment":[{"href":"https:\/\/sisu.ut.ee\/juhendid\/wp-json\/wp\/v2\/media?parent=26"}],"curies":[{"name":"wp","href":"https:\/\/api.w.org\/{rel}","templated":true}]}}