{"id":259,"date":"2024-04-04T02:50:55","date_gmt":"2024-04-03T23:50:55","guid":{"rendered":"https:\/\/sisu.ut.ee\/juhendid\/profiili-andmed-jm-personaalne-sisu\/"},"modified":"2024-04-04T02:55:34","modified_gmt":"2024-04-03T23:55:34","slug":"profiili-andmed-jm-personaalne-sisu","status":"publish","type":"page","link":"https:\/\/sisu.ut.ee\/juhendid\/profiili-andmed-jm-personaalne-sisu\/","title":{"rendered":"Profiili andmed jm personaalne sisu"},"content":{"rendered":"<p>\n\tMaharas saate lisada personaalset sisu (\u00fclamen\u00fc\u00fcs paremalt teine ikoon <i>Profiil <\/i>\u00a0v\u00f5i T\u00f6\u00f6laualt <em>Profiil<\/em>):\n<\/p>\n<ul>\n<li>\n\t\tt\u00e4iendada enda profiili \u2013\u00a0lisada enda iseloomustuse, kontaktinfo, sotsiaalmeedia kontaktid ning \u00fcldinfo (amet ja valdkond);\n\t<\/li>\n<li>\n\t\tlisada profiilipildi (\u00fcleslaetav pilt peaks olema ruudukujuline ning ei tohi olla suurem kui 1024\u00d71024 pikslit, sobivaim suurus on 100\u00d7100 pikslit);\n\t<\/li>\n<li>\n\t\tt\u00e4ita enda DiciCVd importides andmed \u00d5ISist ja ETISest;\n\t<\/li>\n<li>\n\t\t\u00fcles laadida vajalikud failid (enamlevinud failiformaadid, failide s\u00fcstematiseerimiseks saate luua alamkaustu), mida hiljem lehtedel kasutada;\n\t<\/li>\n<li>\n\t\tpidada p\u00e4evikut (ajaveebi);\n\t<\/li>\n<li>\n\t\tt\u00e4ita k\u00e4sitsi CVd Mahara enda moodulina\u00a0 (sissejuhatav osa, haridustee ja t\u00f6\u00f6kogemused, saavutused, eesm\u00e4rgid ning oskused ja hobid);\n\t<\/li>\n<li>\n\t\tomada \u00fclevaadet plokkidena lehtedele lisatud m\u00e4rkmetest;\n\t<\/li>\n<li>\n\t\tlisada plaane ning konkreetseid \u00fclesandeid nende t\u00e4itmiseks.\n\t<\/li>\n<\/ul>\n<h5>\n\tNB! Personaalne sisu on teistele avalik ALLES SIIS, kui loote lehe, lisate sellele plokkidena soovitud personaalse sisu komponendid ja avalikustate lehe.\u00a0<br>\n<\/h5>\n","protected":false},"excerpt":{"rendered":"<p>Maharas saate lisada personaalset sisu (\u00fclamen\u00fc\u00fcs paremalt teine ikoon Profiil \u00a0v\u00f5i T\u00f6\u00f6laualt Profiil): t\u00e4iendada enda profiili \u2013\u00a0lisada enda iseloomustuse, kontaktinfo, sotsiaalmeedia kontaktid ning \u00fcldinfo (amet ja valdkond); lisada profiilipildi (\u00fcleslaetav pilt peaks olema ruudukujuline ning ei tohi olla suurem kui &#8230;<\/p>\n","protected":false},"author":6,"featured_media":0,"parent":0,"menu_order":0,"comment_status":"closed","ping_status":"closed","template":"","meta":{"_acf_changed":false,"inline_featured_image":false,"footnotes":""},"class_list":["post-259","page","type-page","status-publish","hentry"],"acf":[],"_links":{"self":[{"href":"https:\/\/sisu.ut.ee\/juhendid\/wp-json\/wp\/v2\/pages\/259","targetHints":{"allow":["GET"]}}],"collection":[{"href":"https:\/\/sisu.ut.ee\/juhendid\/wp-json\/wp\/v2\/pages"}],"about":[{"href":"https:\/\/sisu.ut.ee\/juhendid\/wp-json\/wp\/v2\/types\/page"}],"author":[{"embeddable":true,"href":"https:\/\/sisu.ut.ee\/juhendid\/wp-json\/wp\/v2\/users\/6"}],"replies":[{"embeddable":true,"href":"https:\/\/sisu.ut.ee\/juhendid\/wp-json\/wp\/v2\/comments?post=259"}],"version-history":[{"count":1,"href":"https:\/\/sisu.ut.ee\/juhendid\/wp-json\/wp\/v2\/pages\/259\/revisions"}],"predecessor-version":[{"id":1592,"href":"https:\/\/sisu.ut.ee\/juhendid\/wp-json\/wp\/v2\/pages\/259\/revisions\/1592"}],"wp:attachment":[{"href":"https:\/\/sisu.ut.ee\/juhendid\/wp-json\/wp\/v2\/media?parent=259"}],"curies":[{"name":"wp","href":"https:\/\/api.w.org\/{rel}","templated":true}]}}