{"id":258,"date":"2024-04-04T02:50:54","date_gmt":"2024-04-03T23:50:54","guid":{"rendered":"https:\/\/sisu.ut.ee\/juhendid\/mahara-ylevaade\/"},"modified":"2024-04-04T02:55:34","modified_gmt":"2024-04-03T23:55:34","slug":"mahara-ylevaade","status":"publish","type":"page","link":"https:\/\/sisu.ut.ee\/juhendid\/mahara-ylevaade\/","title":{"rendered":"Mahara \u00fclevaade"},"content":{"rendered":"<h2>\n\tAndmemaht<br>\n<\/h2>\n<p>\n\tTeil on Maharas kasutada 500 MB andmemahtu. \u00dclevaadet andmemahu kasutamise kohta n\u00e4ete Mahara parempoolsest \u00fclamen\u00fc\u00fcnupust (<em>Loo\u00a0<\/em>\u2013\u00a0<em>Failid<\/em>) v\u00f5i faile keskkonda laadides.\u00a0\n<\/p>\n<h5>\n\tNB! Soovitatav on mitte laadida Maharasse v\u00e4ga suuri v\u00f5i \u00fcleliigseid faile\u00a0ning kasutada audio- ja videofailide lisamiseks vistutamist nt YouTubest v\u00f5i UTTVst.<br>\n<\/h5>\n<p style=\"text-align: center\">\n\t<img loading=\"lazy\" decoding=\"async\" width=\"273\" height=\"158\" class=\"alignnone wp-image-1087\" src=\"https:\/\/sisu.ut.ee\/wp-content\/uploads\/sites\/177\/maht.png\" title=\"maht.png\" alt=\"Mahara andmemaht\">\n<\/p>\n<h2 id=\"Sisenemineja\u00fclevaade-Avaleht\">\n\tAvaleht<br>\n<\/h2>\n<p>\n\tMahara avalehel on n\u00e4ha paremal men\u00fc\u00fc (1-5).\u00a0\n<\/p>\n<ul>\n<li>\n\t\t<em>T\u00f6\u00f6laud<\/em> (1)\u00a0viib teid alati Mahara avalehele.\n\t<\/li>\n<li>\n\t\t<i>Profiil\u00a0<\/i>(2)\u00a0lehel saate lisada personaalset profiili infot, hallata enda faile, t\u00e4ita p\u00e4evikut.\n\t<\/li>\n<li>\n\t\t<em>DigiCV<\/em> (3) lehel saate luua enda CV importides andmed ETISest v\u00f5i \u00d5ISist.\n\t<\/li>\n<li>\n\t\t<em>Portfoolio<\/em> (4)\u00a0lehel saate luua lehti ning kollektsioone ja neid hallata.\n\t<\/li>\n<li>\n\t\t<em>R\u00fchmad<\/em> (5)\u00a0viib teid lehele, kus saate luua ning hallata enda r\u00fchmi, otsida teiste loodud r\u00fchmi ning nendega liituda (kui see on lubatud). R\u00fchmaga liitunud liikmed saavad postitada s\u00f5numeid r\u00fchmafoorumisse, luua \u00fchiselt lehti ning kollektsioone ja hallata faile.\u00a0\n\t<\/li>\n<\/ul>\n<p>\n\tAvalehe keskosas asuvad kolm suurt nuppu:\u00a0<em>Loo<\/em> (6),\u00a0<em>Avalikusta<\/em> (7)\u00a0ja\u00a0<em>Suhtle<\/em> (8). Neil klikkides saate minna otse looma lehti, neid ja kollektsioone avaldama ja r\u00fchmade haldamise lehele.\n<\/p>\n<p>\n\tSeda, millised plokid teie Mahara avalehel on, saate ise m\u00e4\u00e4rata nupust\u00a0<em>Muuda t\u00f6\u00f6lauda<\/em> (9).\n<\/p>\n<p>\n\t<img loading=\"lazy\" decoding=\"async\" width=\"1575\" height=\"723\" class=\"alignnone wp-image-1089\" src=\"https:\/\/sisu.ut.ee\/wp-content\/uploads\/sites\/177\/toolaud2.png\" title=\"toolaud2.png\" alt=\"Mahara avaleht\" srcset=\"https:\/\/sisu.ut.ee\/wp-content\/uploads\/sites\/177\/toolaud2.png 1575w, https:\/\/sisu.ut.ee\/wp-content\/uploads\/sites\/177\/toolaud2-300x138.png 300w, https:\/\/sisu.ut.ee\/wp-content\/uploads\/sites\/177\/toolaud2-1024x470.png 1024w, https:\/\/sisu.ut.ee\/wp-content\/uploads\/sites\/177\/toolaud2-768x353.png 768w, https:\/\/sisu.ut.ee\/wp-content\/uploads\/sites\/177\/toolaud2-1536x705.png 1536w\" sizes=\"auto, (max-width: 1575px) 100vw, 1575px\">\n<\/p>\n<h2 id=\"Sisenemineja\u00fclevaade-Portfooliokoostamisep\u00f5hisammud\">\n\tPortfoolio koostamise p\u00f5hisammud<br>\n<\/h2>\n<ol>\n<li>\n\t\tSisenege T\u00dc kasutajakontoga (<a class=\"external-link\" data-ext-link-init=\"true\" href=\"https:\/\/mahara.ut.ee\/\" rel=\"nofollow noopener\" target=\"_blank\">https:\/\/mahara.ut.ee<\/a>)\u00a0\u00a0v\u00f5i Moodle\u2019i (<a class=\"external-link\" data-ext-link-init=\"true\" href=\"http:\/\/moodle.ut.ee%29\/\" rel=\"nofollow noopener\" target=\"_blank\">https:\/\/moodle.ut.ee)<\/a>\u00a0kaudu Maharasse.\n\t<\/li>\n<li>\n\t\tT\u00e4iendage enda profiili: men\u00fc\u00fcs\u00a0<em>Profiil.<\/em>\n\t<\/li>\n<li>\n\t\tLooge leht: men\u00fc\u00fcs\u00a0<em>Portfoolio\u00a0\u2013\u00a0Lisa\u00a0<\/em>\u2013 <em>Leht.<\/em>\n\t<\/li>\n<li>\n\t\tT\u00e4itke P\u00f5hiseaded ning salvestage. Lehe t\u00e4idate plokkide lisamisega, mida saate lisada paremal asuvast men\u00fc\u00fcst kl\u00f5psates v\u00f5i tirides suurt sinise taustaga pluss m\u00e4rki.\n<p><img loading=\"lazy\" decoding=\"async\" width=\"758\" height=\"373\" class=\"alignnone wp-image-260\" src=\"https:\/\/sisu.ut.ee\/wp-content\/uploads\/sites\/177\/mahara-lehe-alamenuu.png\" title=\"mahara-lehe-alamenuu.png\" alt=\"Mahara lehe muutmine\" srcset=\"https:\/\/sisu.ut.ee\/wp-content\/uploads\/sites\/177\/mahara-lehe-alamenuu.png 758w, https:\/\/sisu.ut.ee\/wp-content\/uploads\/sites\/177\/mahara-lehe-alamenuu-300x148.png 300w\" sizes=\"auto, (max-width: 758px) 100vw, 758px\">\n\t<\/p><\/li>\n<li>\n\t\tPlokkide paigutust saate muuta neid tirides ning laiemaks tegemisega. Kujundusmalli saate m\u00e4\u00e4rata Seaded lehelt<em>\u00a0(Kujundusmall<\/em>).\n\t<\/li>\n<li>\n\t\tVajadusel koondage mitu lehte \u00fchte kollektsiooni liikudes tagasi lehtede ja kollektsioonide juurde ning seej\u00e4rel valida <em>Lisa\u00a0<\/em> <em>\u2013\u00a0Kollektsioon.\u00a0<\/em>J\u00e4rgnevalt t\u00e4ita \u00e4ra seaded ning j\u00e4rgnevalt lehelt saate valida lehed, mida soovite \u00fchte kollektsiooni koguda.\n\t<\/li>\n<li>\n\t\tAvalikustage kollektsioon v\u00f5i \u00fcksik leht (Lehed ja kollektsioonid): valige leht\/kollektsioon ning kl\u00f5psake vasakul allosas asuvat noolekest. Seej\u00e4rel valige <em>Halda juurdep\u00e4\u00e4su<\/em>. Lisage sihtr\u00fchm(ad) ning soovi korral ajalised piirangud.\n\t<\/li>\n<li>\n\t\tEdastage kollektsiooni\/lehe veebiaadress sihtr\u00fchmale.\n\t<\/li>\n<\/ol>\n<h2 id=\"Sisenemineja\u00fclevaade-Tekstitoimeti\">\n\tTekstitoimeti<br>\n<\/h2>\n<p>\n\tTekstitoimetil on alguses avatud vaid \u00fcks nupurida. Kui klikkida esimesel vasakpoolsel nupul, avanevad k\u00f5ik nupuread. Tekstitoimeti parempoolsest alumisest nurgast saab akent hiirega suuremaks venitada.\n<\/p>\n<p>\n\t<img loading=\"lazy\" decoding=\"async\" width=\"966\" height=\"433\" class=\"alignnone wp-image-1088\" style=\"margin-right: auto;margin-left: auto\" src=\"https:\/\/sisu.ut.ee\/wp-content\/uploads\/sites\/177\/tekstitoimeti.png\" title=\"tekstitoimeti.png\" alt=\"Tekstitoimeti\" srcset=\"https:\/\/sisu.ut.ee\/wp-content\/uploads\/sites\/177\/tekstitoimeti.png 966w, https:\/\/sisu.ut.ee\/wp-content\/uploads\/sites\/177\/tekstitoimeti-300x134.png 300w, https:\/\/sisu.ut.ee\/wp-content\/uploads\/sites\/177\/tekstitoimeti-768x344.png 768w\" sizes=\"auto, (max-width: 966px) 100vw, 966px\"><\/p>\n","protected":false},"excerpt":{"rendered":"<p>Andmemaht Teil on Maharas kasutada 500 MB andmemahtu. \u00dclevaadet andmemahu kasutamise kohta n\u00e4ete Mahara parempoolsest \u00fclamen\u00fc\u00fcnupust (Loo\u00a0\u2013\u00a0Failid) v\u00f5i faile keskkonda laadides.\u00a0 NB! Soovitatav on mitte laadida Maharasse v\u00e4ga suuri v\u00f5i \u00fcleliigseid faile\u00a0ning kasutada audio- ja videofailide lisamiseks vistutamist nt YouTubest &#8230;<\/p>\n","protected":false},"author":6,"featured_media":0,"parent":0,"menu_order":0,"comment_status":"closed","ping_status":"closed","template":"","meta":{"_acf_changed":false,"inline_featured_image":false,"footnotes":""},"class_list":["post-258","page","type-page","status-publish","hentry"],"acf":[],"_links":{"self":[{"href":"https:\/\/sisu.ut.ee\/juhendid\/wp-json\/wp\/v2\/pages\/258","targetHints":{"allow":["GET"]}}],"collection":[{"href":"https:\/\/sisu.ut.ee\/juhendid\/wp-json\/wp\/v2\/pages"}],"about":[{"href":"https:\/\/sisu.ut.ee\/juhendid\/wp-json\/wp\/v2\/types\/page"}],"author":[{"embeddable":true,"href":"https:\/\/sisu.ut.ee\/juhendid\/wp-json\/wp\/v2\/users\/6"}],"replies":[{"embeddable":true,"href":"https:\/\/sisu.ut.ee\/juhendid\/wp-json\/wp\/v2\/comments?post=258"}],"version-history":[{"count":1,"href":"https:\/\/sisu.ut.ee\/juhendid\/wp-json\/wp\/v2\/pages\/258\/revisions"}],"predecessor-version":[{"id":1593,"href":"https:\/\/sisu.ut.ee\/juhendid\/wp-json\/wp\/v2\/pages\/258\/revisions\/1593"}],"wp:attachment":[{"href":"https:\/\/sisu.ut.ee\/juhendid\/wp-json\/wp\/v2\/media?parent=258"}],"curies":[{"name":"wp","href":"https:\/\/api.w.org\/{rel}","templated":true}]}}