{"id":257,"date":"2024-04-04T02:50:54","date_gmt":"2024-04-03T23:50:54","guid":{"rendered":"https:\/\/sisu.ut.ee\/juhendid\/sisenemine-maharasse\/"},"modified":"2024-11-26T13:41:46","modified_gmt":"2024-11-26T11:41:46","slug":"sisenemine-maharasse","status":"publish","type":"page","link":"https:\/\/sisu.ut.ee\/juhendid\/sisenemine-maharasse\/","title":{"rendered":"Sisenemine Maharasse"},"content":{"rendered":"<p>Tartu \u00dclikooli t\u00f6\u00f6tajad ja \u00fcli\u00f5pilased saavad siseneda T\u00dc arvutiv\u00f5rgu kasutajatunnuse ja parooliga Mahara avalehelt (<a class=\"external-link\" href=\"https:\/\/mahara.ut.ee\/\" target=\"_blank\" rel=\"nofollow noopener\" data-ext-link-init=\"true\">https:\/\/mahara.ut.ee<\/a>) v\u00f5i Moodle\u2019i <em>Mahara login <\/em>vahendi\u00a0 (<a class=\"external-link\" href=\"https:\/\/moodle.ut.ee\/\" target=\"_blank\" rel=\"nofollow noopener\" data-ext-link-init=\"true\">https:\/\/moodle.ut.ee<\/a>)\u00a0kaudu.<\/p>\n<h5><span data-mce-mark=\"1\">NB!<\/span>\u00a0<span data-mce-mark=\"1\">Kui teil on probleeme Maharasse sisselogimisel, v\u00f5ib p\u00f5hjuseks olla see, et teie T\u00dc arvutiv\u00f5rgu parool on ammu vahetamata. Parooli saab vahetada aadressil\u00a0<\/span><a class=\"external-link\" href=\"https:\/\/parool.ut.ee\/\" target=\"_blank\" rel=\"nofollow noopener\" data-ext-link-init=\"true\">https:\/\/parool.ut.ee\/<\/a><\/h5>\n<ul>\n<li>T\u00e4ienduskoolituses \u00f5ppijad, kel on T\u00dc Moodle\u2019i kasutajakonto, saavad siseneda Moodle\u2019i kaudu.<\/li>\n<li>Kasutajakontot on vaja e-portfoolio loomiseks ning piiratud juurdep\u00e4\u00e4suga e-portfooliote vaatamiseks. Avalikke e-portfoolioid saavad vaadata k\u00f5ik, kes e-portfoolio asukohta teavad.<\/li>\n<li>\u00dclikooliv\u00e4liste inimeste jaoks (kel pole T\u00dc arvutiv\u00f5rgu ega Moodle\u2019i kasutajakontot) kasutajatunnuse saamiseks p\u00f6\u00f6rduge aadressil\u00a0<a class=\"external-link\" href=\"mailto:eope@ut.ee\" target=\"_blank\" rel=\"nofollow noopener\" data-ext-link-init=\"true\">eope@ut.ee<\/a>.<\/li>\n<li>Kui te pole p\u00e4rast Maharasse sisenemist aktiivne, logitakse teid automaatselt v\u00e4lja 1 tunni p\u00e4rast.<\/li>\n<\/ul>\n<h5>NB! Vaikimisi on Mahara keeleks eesti keel. Keelt saab valida Mahara lehel enne sisenemist (1. pilt) v\u00f5i p\u00e4rast sisenemist keelevahetuse nupust\u00a0(2. pilt).<\/h5>\n<p id=\"Sisenemineja\u00fclevaade-\"><img loading=\"lazy\" decoding=\"async\" width=\"590\" height=\"458\" class=\"alignnone wp-image-1086\" style=\"margin-right: auto; margin-left: auto; width: 618px; height: 482px;\" title=\"Mahara keelevalik\" src=\"https:\/\/sisu.ut.ee\/wp-content\/uploads\/sites\/177\/keelevalik.png\" alt=\"Mahara keelevalik\" srcset=\"https:\/\/sisu.ut.ee\/wp-content\/uploads\/sites\/177\/keelevalik.png 590w, https:\/\/sisu.ut.ee\/wp-content\/uploads\/sites\/177\/keelevalik-300x233.png 300w\" sizes=\"auto, (max-width: 590px) 100vw, 590px\"><\/p>\n","protected":false},"excerpt":{"rendered":"<p>Tartu \u00dclikooli t\u00f6\u00f6tajad ja \u00fcli\u00f5pilased saavad siseneda T\u00dc arvutiv\u00f5rgu kasutajatunnuse ja parooliga Mahara avalehelt (https:\/\/mahara.ut.ee) v\u00f5i Moodle\u2019i Mahara login vahendi\u00a0 (https:\/\/moodle.ut.ee)\u00a0kaudu. NB!\u00a0Kui teil on probleeme Maharasse sisselogimisel, v\u00f5ib p\u00f5hjuseks olla see, et teie T\u00dc arvutiv\u00f5rgu parool on ammu vahetamata. Parooli &#8230;<\/p>\n","protected":false},"author":6,"featured_media":0,"parent":0,"menu_order":0,"comment_status":"closed","ping_status":"closed","template":"","meta":{"_acf_changed":false,"inline_featured_image":false,"footnotes":""},"class_list":["post-257","page","type-page","status-publish","hentry"],"acf":[],"_links":{"self":[{"href":"https:\/\/sisu.ut.ee\/juhendid\/wp-json\/wp\/v2\/pages\/257","targetHints":{"allow":["GET"]}}],"collection":[{"href":"https:\/\/sisu.ut.ee\/juhendid\/wp-json\/wp\/v2\/pages"}],"about":[{"href":"https:\/\/sisu.ut.ee\/juhendid\/wp-json\/wp\/v2\/types\/page"}],"author":[{"embeddable":true,"href":"https:\/\/sisu.ut.ee\/juhendid\/wp-json\/wp\/v2\/users\/6"}],"replies":[{"embeddable":true,"href":"https:\/\/sisu.ut.ee\/juhendid\/wp-json\/wp\/v2\/comments?post=257"}],"version-history":[{"count":2,"href":"https:\/\/sisu.ut.ee\/juhendid\/wp-json\/wp\/v2\/pages\/257\/revisions"}],"predecessor-version":[{"id":3961,"href":"https:\/\/sisu.ut.ee\/juhendid\/wp-json\/wp\/v2\/pages\/257\/revisions\/3961"}],"wp:attachment":[{"href":"https:\/\/sisu.ut.ee\/juhendid\/wp-json\/wp\/v2\/media?parent=257"}],"curies":[{"name":"wp","href":"https:\/\/api.w.org\/{rel}","templated":true}]}}