{"id":255,"date":"2024-04-04T02:50:54","date_gmt":"2024-04-03T23:50:54","guid":{"rendered":"https:\/\/sisu.ut.ee\/juhendid\/bbb-kasutamine-kaitsmiseks\/"},"modified":"2025-03-12T15:43:19","modified_gmt":"2025-03-12T13:43:19","slug":"bbb-kasutamine-kaitsmiseks","status":"publish","type":"page","link":"https:\/\/sisu.ut.ee\/juhendid\/bbb-kasutamine-kaitsmiseks\/","title":{"rendered":"BBB kasutamine kaitsmiseks"},"content":{"rendered":"<h5>NB! Kui kaitsmine on avalik ning sellel peavad saama osaleda ka k\u00fclalised, kes ei ole T\u00dc Moodle\u2019i kasutajad v\u00f5i mingi konkreetse Moodle\u2019i kursuse kasutajad, saab lubada k\u00fclalise juurdep\u00e4\u00e4su (vt juhendit <a title=\"\" href=\"https:\/\/sisu.ut.ee\/juhendid\/bbb\" target=\"_blank\" rel=\"noopener\" data-url=\"https:\/\/sisu.ut.ee\/juhendid\/bbb\">https:\/\/sisu.ut.ee\/juhendid\/bbb<\/a>)\u00a0Moodle\u2019i BBBle v\u00f5i kasutada Moodle\u2019i v\u00e4list BBBd aadressil <a title=\"\" href=\"https:\/\/gl.bbb.ut.ee\/\" target=\"_blank\" rel=\"noopener\" data-url=\"https:\/\/button.ut.ee\">https:\/\/gl.bbb.ut.ee\/<\/a>.<\/h5>\n<h3>Moodle\u2019i v\u00e4lise BBB ruumi loomine kaitsmiseks<\/h3>\n<p>Kaitsmise jaoks BBB ruumi loomiseks peab kaitsmiskomisjoni esimees v\u00f5i muu instituudi juhi poolt m\u00e4\u00e4ratud isik sisenema oma T\u00dc arvutiv\u00f5rgu kasutajakontoga <a title=\"\" href=\"https:\/\/gl.bbb.ut.ee\/\" target=\"_blank\" rel=\"noopener\" data-url=\"https:\/\/button.ut.ee\">https:\/\/gl.bbb.ut.ee\/<\/a> (paremas \u00fclanurgas <em>Sign In<\/em>).<\/p>\n<p>Seej\u00e4rel tuleb kl\u00f5psata nupul <em>+<\/em> <em>New\u00a0Room<\/em>, sisestada loodava ruumi nimi ning kl\u00f5psata <strong><em>Create Room<\/em><\/strong>. Ruumi seadete valimisel m\u00f5elge, kas te soovite, et k\u00f5ik kasutajad oleksid ruumi sisenedes vaigistatud olekus (<em>Mute users when they join<\/em>), et kaitsmisel poleks segavaid helisid.<\/p>\n<p>Kui tegemist on kinnise kaitsmisega ning osalema on oodatud vaid komisjoniliikmed ja kaitsja, siis on soovitatav ruumi seadeks valida <em>Require moderator approval before joining<\/em>. Siis saab soovimatute isikute osalemist mitte kinnitada. See seade v\u00f5ib olla kasulik ka juhtudel, kui igale kaitsjale on m\u00e4\u00e4ratud kindel kaitsmise aeg ning muul ajal ruumis viibida ei tohi.<\/p>\n<p>K\u00fclalised sisenevad kaitsmisruumi BBB ruumi veebiaadressi kaudu, mis neile edastatakse kaitsimise teates v\u00f5i e-postiga. Ruumi veebiaadress kopeeritakse ruumi lehel <em>Copy Join Link<\/em> nupust:<\/p>\n<p><img loading=\"lazy\" decoding=\"async\" class=\"alignnone  wp-image-4228\" src=\"https:\/\/sisu.ut.ee\/wp-content\/uploads\/sites\/177\/copy-join-link-300x93.png\" alt=\"\" width=\"387\" height=\"120\" srcset=\"https:\/\/sisu.ut.ee\/wp-content\/uploads\/sites\/177\/copy-join-link-300x93.png 300w, https:\/\/sisu.ut.ee\/wp-content\/uploads\/sites\/177\/copy-join-link.png 372w\" sizes=\"auto, (max-width: 387px) 100vw, 387px\"><\/p>\n<p>K\u00fclalised sisestavad lahtrisse oma nime (soovitatavalt ees- ja perekonnanime) ning kl\u00f5psavad <strong><em>Join Meeting<\/em><\/strong>.<\/p>\n<h5>NB! K\u00fclalised, kes selliselt kaitsmise ruumi sisenevad, ei ole autenditud kasutajad (nad ei logi sisse ning\u00a0kirjutavad oma nime ise).<\/h5>\n<h3>Millised ruumi seaded\/v\u00f5imalused on kasulikud kaitsmise jaoks?<\/h3>\n<p>Kui moderaator ei soovi, et vaatajad saaksid jagada oma veebikaamerat ja\/v\u00f5i mikrofoni v\u00f5i et nad saaksid kirjutada avalikku vestlusse (<em>Public chat<\/em>), siis on v\u00f5imalik need tegevused keelata, l\u00fclitades vastavad nupud v\u00e4lja. Neid seadeid saab igal ajal muuta, mis teeb v\u00f5imalikuks nt vestlusaknas kirjalike k\u00fcsimuste k\u00fcsimise vaid selleks etten\u00e4htud ajal.<\/p>\n<p style=\"text-align: center;\"><img loading=\"lazy\" decoding=\"async\" class=\"alignnone  wp-image-3622\" src=\"https:\/\/sisu.ut.ee\/wp-content\/uploads\/sites\/177\/lock-viewers1.png\" alt=\"\" width=\"445\" height=\"413\" srcset=\"https:\/\/sisu.ut.ee\/wp-content\/uploads\/sites\/177\/lock-viewers1.png 944w, https:\/\/sisu.ut.ee\/wp-content\/uploads\/sites\/177\/lock-viewers1-300x278.png 300w, https:\/\/sisu.ut.ee\/wp-content\/uploads\/sites\/177\/lock-viewers1-768x713.png 768w\" sizes=\"auto, (max-width: 445px) 100vw, 445px\"> <img loading=\"lazy\" decoding=\"async\" class=\"alignnone  wp-image-3624\" src=\"https:\/\/sisu.ut.ee\/wp-content\/uploads\/sites\/177\/lock-viewers2.png\" alt=\"\" width=\"455\" height=\"413\" srcset=\"https:\/\/sisu.ut.ee\/wp-content\/uploads\/sites\/177\/lock-viewers2.png 1024w, https:\/\/sisu.ut.ee\/wp-content\/uploads\/sites\/177\/lock-viewers2-300x272.png 300w, https:\/\/sisu.ut.ee\/wp-content\/uploads\/sites\/177\/lock-viewers2-768x698.png 768w\" sizes=\"auto, (max-width: 455px) 100vw, 455px\"><\/p>\n<p>Moderaator saab kaitsjale anda <strong>esitleja \u00f5igused<\/strong> (<em>Make presenter<\/em>). Esitleja saab ise enda esitluse slaide vahetada.<\/p>\n<p style=\"text-align: center;\"><img loading=\"lazy\" decoding=\"async\" class=\"alignnone  wp-image-3664\" src=\"https:\/\/sisu.ut.ee\/wp-content\/uploads\/sites\/177\/make-presenter.png\" alt=\"\" width=\"455\" height=\"285\" srcset=\"https:\/\/sisu.ut.ee\/wp-content\/uploads\/sites\/177\/make-presenter.png 900w, https:\/\/sisu.ut.ee\/wp-content\/uploads\/sites\/177\/make-presenter-300x188.png 300w, https:\/\/sisu.ut.ee\/wp-content\/uploads\/sites\/177\/make-presenter-768x481.png 768w\" sizes=\"auto, (max-width: 455px) 100vw, 455px\"><\/p>\n<p>Moderaator saab k\u00f5ik ruumis olijad vaigistada v\u00f5i saab vaigistada k\u00f5ik peale esitleja (<em>presenter<\/em>).<\/p>\n<p style=\"text-align: center;\"><img loading=\"lazy\" decoding=\"async\" class=\"alignnone  wp-image-3666\" src=\"https:\/\/sisu.ut.ee\/wp-content\/uploads\/sites\/177\/mute-all.png\" alt=\"\" width=\"409\" height=\"403\" srcset=\"https:\/\/sisu.ut.ee\/wp-content\/uploads\/sites\/177\/mute-all.png 872w, https:\/\/sisu.ut.ee\/wp-content\/uploads\/sites\/177\/mute-all-300x295.png 300w, https:\/\/sisu.ut.ee\/wp-content\/uploads\/sites\/177\/mute-all-768x756.png 768w\" sizes=\"auto, (max-width: 409px) 100vw, 409px\"><\/p>\n<p>Moderaatoril on soovitatav kaitsja <strong>esitlusfail pdf-formaadis<\/strong> laadida kaitsmisruumi \u00fcles juba enne kaitsmise algust (NB! P\u00e4rast failide \u00fcleslaadimist ei tohi ruumi kinni panna (<em>End meeting<\/em>)) ning avada vastav fail siis, kui kaitsja ettekanne algab.<\/p>\n<p style=\"text-align: center;\"><img loading=\"lazy\" decoding=\"async\" class=\"alignnone  wp-image-3627\" src=\"https:\/\/sisu.ut.ee\/wp-content\/uploads\/sites\/177\/pres1.png\" alt=\"\" width=\"249\" height=\"500\" srcset=\"https:\/\/sisu.ut.ee\/wp-content\/uploads\/sites\/177\/pres1.png 432w, https:\/\/sisu.ut.ee\/wp-content\/uploads\/sites\/177\/pres1-149x300.png 149w\" sizes=\"auto, (max-width: 249px) 100vw, 249px\"><\/p>\n<h3>Video jagamine<\/h3>\n<p>Kui esineja peab teistele n\u00e4itama videot, v\u00f5iks video olla YouTubes v\u00f5i Vimeos. Siis saab seda n\u00e4idata lingist <em>Share an external video<\/em>.<\/p>\n<p style=\"text-align: center;\"><img loading=\"lazy\" decoding=\"async\" class=\"alignnone  wp-image-3631\" src=\"https:\/\/sisu.ut.ee\/wp-content\/uploads\/sites\/177\/exvideo1.png\" alt=\"\" width=\"250\" height=\"499\" srcset=\"https:\/\/sisu.ut.ee\/wp-content\/uploads\/sites\/177\/exvideo1.png 430w, https:\/\/sisu.ut.ee\/wp-content\/uploads\/sites\/177\/exvideo1-150x300.png 150w\" sizes=\"auto, (max-width: 250px) 100vw, 250px\"><\/p>\n<p>Kui video on mujal (nt enda arvutis), tuleks seda n\u00e4idata ekraanijagamisena nupust <em>Share your screen<\/em>. Sel juhul peaks video heli kuulmiseks olema esineja arvutil k\u00f5larid, mitte k\u00f5rvaklapid.<\/p>\n<p style=\"text-align: center;\"><img loading=\"lazy\" decoding=\"async\" class=\"alignnone  wp-image-3668\" src=\"https:\/\/sisu.ut.ee\/wp-content\/uploads\/sites\/177\/ekraani-jagamine.png\" alt=\"\" width=\"251\" height=\"52\" srcset=\"https:\/\/sisu.ut.ee\/wp-content\/uploads\/sites\/177\/ekraani-jagamine.png 562w, https:\/\/sisu.ut.ee\/wp-content\/uploads\/sites\/177\/ekraani-jagamine-300x62.png 300w\" sizes=\"auto, (max-width: 251px) 100vw, 251px\"><\/p>\n<h3>Kaitsmiskomisjoni omavahelise arutelu korraldamine<\/h3>\n<ol>\n<li>Kaitsmiskomisjoni privaatseks aruteluks v\u00f5ib moderaator luua eraldatud ruumi (<em>Users<\/em> juures hammasrattal vali\u00a0<em>Create\u00a0<\/em> <em>Breakout Rooms, <\/em>loo 2 ruumi, lisa komisjoniliikmed neist \u00fchte), kust tullakse tagasi \u00fcldruumi ja tehakse tulemused teatavaks.<\/li>\n<li>Teise variandina v\u00f5ivad kaitsmiskomisjoni liikmed arutamiseks kasutada teist BBB ruumi.<\/li>\n<\/ol>\n<h3>Kaitsmise salvestamine<\/h3>\n<h5>Vaata \u201c<a title=\"\" href=\"https:\/\/sisu.ut.ee\/eriolukord\/\" target=\"_blank\" rel=\"noopener\" data-url=\"https:\/\/sisu.ut.ee\/eriolukord\/\">L\u00f5put\u00f6\u00f6de kaitsmiste korraldus eriolukorras<\/a>\u201d (s.h. Lisa 1. Informeeritud n\u00f5usolek v\u00f5rgukeskkonnas l\u00f5put\u00f6\u00f6 kaitsmise l\u00e4biviimiseks ja kaitsmise salvestamiseks ja Lisa 2. Reeglid v\u00f5rgukeskkonnas l\u00f5put\u00f6\u00f6 kaitsmise korral)<\/h5>\n<p>Kaitsmisi I ja II \u00f5ppeastmes \u00fcldjuhul ei salvestata. Kaitsmise algul tuleb osalejaid teavitada, et k\u00f5rvaline salvestamine ei ole lubatud.<\/p>\n<p>Kui kaitsmiskomisjon soovib kaitsmist salvestada, siis vastutab salvestamise ja salvestise hilisema t\u00f6\u00f6tlemise eest kaitsmiskomisjoni esimees v\u00f5i muu instituudi juhi poolt m\u00e4\u00e4ratud isik.<\/p>\n<p>Kaitsmiste salvestamiseks tuleb kaitsjatelt k\u00fcsida informeeritud n\u00f5usolekut.<\/p>\n<h5>Kui te salvestate kaitsmise BBB-ga, siis veenduge, et salvestusele pole juurdep\u00e4\u00e4su nendel isikutel, kellel ei pea juurdep\u00e4\u00e4su olema ning semestri l\u00f5pus \u00e4rge unustage salvestust kustutada (juhul, kui ei ole kokku lepitud teisiti).<\/h5>\n<h3>Salvestuste kustutamine<\/h3>\n<p>Salvestusi saab kustutada salvestuse lehe juures pr\u00fcgikasti nupust.<\/p>\n<p style=\"text-align: center;\"><img loading=\"lazy\" decoding=\"async\" class=\" wp-image-4234 aligncenter\" src=\"https:\/\/sisu.ut.ee\/wp-content\/uploads\/sites\/177\/kustutamisnupp-300x28.png\" alt=\"\" width=\"986\" height=\"92\" srcset=\"https:\/\/sisu.ut.ee\/wp-content\/uploads\/sites\/177\/kustutamisnupp-300x28.png 300w, https:\/\/sisu.ut.ee\/wp-content\/uploads\/sites\/177\/kustutamisnupp-1024x96.png 1024w, https:\/\/sisu.ut.ee\/wp-content\/uploads\/sites\/177\/kustutamisnupp-768x72.png 768w, https:\/\/sisu.ut.ee\/wp-content\/uploads\/sites\/177\/kustutamisnupp.png 1285w\" sizes=\"auto, (max-width: 986px) 100vw, 986px\"><\/p>\n","protected":false},"excerpt":{"rendered":"<p>NB! Kui kaitsmine on avalik ning sellel peavad saama osaleda ka k\u00fclalised, kes ei ole T\u00dc Moodle\u2019i kasutajad v\u00f5i mingi konkreetse Moodle\u2019i kursuse kasutajad, saab lubada k\u00fclalise juurdep\u00e4\u00e4su (vt juhendit https:\/\/sisu.ut.ee\/juhendid\/bbb)\u00a0Moodle\u2019i BBBle v\u00f5i kasutada Moodle\u2019i v\u00e4list BBBd aadressil https:\/\/gl.bbb.ut.ee\/. Moodle\u2019i &#8230;<\/p>\n","protected":false},"author":6,"featured_media":0,"parent":0,"menu_order":0,"comment_status":"closed","ping_status":"closed","template":"","meta":{"_acf_changed":false,"inline_featured_image":false,"footnotes":""},"class_list":["post-255","page","type-page","status-publish","hentry"],"acf":[],"_links":{"self":[{"href":"https:\/\/sisu.ut.ee\/juhendid\/wp-json\/wp\/v2\/pages\/255","targetHints":{"allow":["GET"]}}],"collection":[{"href":"https:\/\/sisu.ut.ee\/juhendid\/wp-json\/wp\/v2\/pages"}],"about":[{"href":"https:\/\/sisu.ut.ee\/juhendid\/wp-json\/wp\/v2\/types\/page"}],"author":[{"embeddable":true,"href":"https:\/\/sisu.ut.ee\/juhendid\/wp-json\/wp\/v2\/users\/6"}],"replies":[{"embeddable":true,"href":"https:\/\/sisu.ut.ee\/juhendid\/wp-json\/wp\/v2\/comments?post=255"}],"version-history":[{"count":10,"href":"https:\/\/sisu.ut.ee\/juhendid\/wp-json\/wp\/v2\/pages\/255\/revisions"}],"predecessor-version":[{"id":4251,"href":"https:\/\/sisu.ut.ee\/juhendid\/wp-json\/wp\/v2\/pages\/255\/revisions\/4251"}],"wp:attachment":[{"href":"https:\/\/sisu.ut.ee\/juhendid\/wp-json\/wp\/v2\/media?parent=255"}],"curies":[{"name":"wp","href":"https:\/\/api.w.org\/{rel}","templated":true}]}}