{"id":253,"date":"2024-04-04T02:50:46","date_gmt":"2024-04-03T23:50:46","guid":{"rendered":"https:\/\/sisu.ut.ee\/juhendid\/creating-groups\/"},"modified":"2024-04-10T19:27:44","modified_gmt":"2024-04-10T16:27:44","slug":"creating-groups","status":"publish","type":"page","link":"https:\/\/sisu.ut.ee\/juhendid\/creating-groups\/?lang=en","title":{"rendered":"Creating groups"},"content":{"rendered":"<h5>\n\tIf learners have registered into groups at the syllabus in SIS and learners are transferred to the Moodle e-course, similar groups are automatically set up in the Moodle e-course at the moment of transfer, and the learners are added to the groups. These are usually groups for practical classes or seminars. For group work, separate groups or groupings should be created in an e-course.<br>\n<\/h5>\n<p>\n\tYou can use the group mode in the whole course (Administration \u2013 Edit settings) or for individual activities in Moodle. In addition, it is possible to create groupings from the existing groups.\n<\/p>\n<p>\n\tGroup mode and groupings may be used to distinguish between learning groups and to assign specific activities or resources to specific groups.\n<\/p>\n<h3>\n\tExample:<br>\n<\/h3>\n<p>\n\tThe course includes three groups that have been transferred from the SIS: stats 1, stats 2 and stats 3. These groups have seminars and you may want to filter the gradebook and assignments according to these groups. In addition, there is online group work in this course and two groups have been manually created for the e-course: R\u00fchmat\u00f6\u00f6 1, R\u00fchmat\u00f6\u00f6 2.\n<\/p>\n<p style=\"text-align: center\">\n\t<img loading=\"lazy\" decoding=\"async\" width=\"1346\" height=\"584\" class=\"alignnone wp-image-1070\" style=\"width: 650px;height: 282px\" src=\"https:\/\/sisu.ut.ee\/wp-content\/uploads\/sites\/177\/snip20200714_127.png\" title=\"snip20200714_127.png\" alt=\"grouping\" srcset=\"https:\/\/sisu.ut.ee\/wp-content\/uploads\/sites\/177\/snip20200714_127.png 1346w, https:\/\/sisu.ut.ee\/wp-content\/uploads\/sites\/177\/snip20200714_127-300x130.png 300w, https:\/\/sisu.ut.ee\/wp-content\/uploads\/sites\/177\/snip20200714_127-1024x444.png 1024w, https:\/\/sisu.ut.ee\/wp-content\/uploads\/sites\/177\/snip20200714_127-768x333.png 768w\" sizes=\"auto, (max-width: 1346px) 100vw, 1346px\">\n<\/p>\n<p>\n\tTo avoid seminar groups and group work groups getting mixed up, you should use groupings. Create two groupings: for example, grouping \u2013 seminar (for seminar groups) and grouping 2 (for group work groups) and specify that grouping \u2013 seminar includes groups stats 1, stats 2 and stats 3, and grouping 2 contains groups R\u00fchmat\u00f6\u00f6 1 and R\u00fchmat\u00f6\u00f6 2.\n<\/p>\n<p>\n\tNow, in the resource or activity settings page, under general module settings, you can set that study material x and quiz y are visible for grouping \u2013 seminar only, that is, to members of the groups stats 1, stats 2 and stats 3, etc.\n<\/p>\n<p>\n\tIt is possible to use two group modes both in the whole course and for separate resources or activities:\n<\/p>\n<ol>\n<li>\n\t\tSeparate groups \u2013 members of different groups cannot see posts of another group (for example, wikis, forum posts).\n\t<\/li>\n<li>\n\t\tVisible groups \u2013 members of different groups can see each other\u2019s activities but cannot participate in them.\n\t<\/li>\n<\/ol>\n<p>\n\tThere are several ways to create groups:\n<\/p>\n<p>\n\t1. Learners have already enrolled in the course:\n<\/p>\n<ul>\n<li>\n\t\tMoodle creates groups automatically\n\t<\/li>\n<li>\n\t\tyou create groups and place learners into the correct groups\n\t<\/li>\n<li>\n\t\tyou create groups and use the Moodle activity Group self-selection, which allows learners to join the group of their choice\n\t<\/li>\n<\/ul>\n<p>\n\t2. Learners have not yet enrolled in the course\n<\/p>\n<ul>\n<li>\n\t\tyou create groups and set for each group a key, which automatically enrols learners into the correct group when they first join the course\n\t<\/li>\n<li>\n\t\tyou allow students to enrol in groups in the SIS and the same groups will be automatically created in the e-course as students are transferred\n\t<\/li>\n<\/ul>\n<h2>\n\t1. Manual creating of groups<br>\n<\/h2>\n<ol>\n<li>\n\t\tselect Administration \u2013 Users \u2013 Groups\n\t<\/li>\n<li>\n\t\tto create a new group, click on the button Create a group\n\t<\/li>\n<li>\n\t\tOn each group settings page, you can also set the group key (only if you want that the learners using the self-enrolment key to join the course are also automatically added to the respective group)\n\t<\/li>\n<\/ol>\n<h5>\n\tNB! If you want to add learners automatically into the correct group, you should give learners the key to the respective group only, and, although you set the key for the entire course (Administration \u2013 Users \u2013 Enrolment methods \u2013 Self Enrolment (Student) \u2013 Enrolment key), you do not share the key with students. With a course key the learners could enrol in a course but not to any groups.<br>\n<\/h5>\n<p>\n\tManual enrolment of group members\n<\/p>\n<ol>\n<li>\n\t\tOn the groups page: Administration \u2013 Users \u2013 Groups\n\t<\/li>\n<li>\n\t\tclick on the group\u2019s name\n\t<\/li>\n<li>\n\t\tclick Add\/remove members below the window on the right \u2013 all learners enrolled in the course are displayed in the window on the right\n\t<\/li>\n<li>\n\t\tclick on a learner\u2019s name and add to the group in the window on the left\n\t<\/li>\n<\/ol>\n<h2>\n\t2. Auto-creating emty groups (see picture)<br>\n<\/h2>\n<ol>\n<li>\n\t\tOn the groups page: Administration \u2013 Users \u2013 Groups\n\t<\/li>\n<li>\n\t\tclick Auto-create groups and specify the suitable settings. Using @ in the group name creates groups using a naming scheme with letters: e.g. Group A, Group B, etc. If you include # in the group name (e.g. Group #), the auto-created group names will use the naming scheme with numbers (e.g. Group 1, Group 2, etc.)\n\t<\/li>\n<li>\n\t\tto create empty groups (so that learners could choose their own group), select No allocation\n\t<\/li>\n<\/ol>\n<p style=\"text-align: center\">\n\t<img loading=\"lazy\" decoding=\"async\" width=\"1248\" height=\"1142\" class=\"alignnone wp-image-1071\" style=\"width: 600px;height: 549px\" src=\"https:\/\/sisu.ut.ee\/wp-content\/uploads\/sites\/177\/snip20200714_131.png\" title=\"snip20200714_131.png\" alt=\"groups\" srcset=\"https:\/\/sisu.ut.ee\/wp-content\/uploads\/sites\/177\/snip20200714_131.png 1248w, https:\/\/sisu.ut.ee\/wp-content\/uploads\/sites\/177\/snip20200714_131-300x275.png 300w, https:\/\/sisu.ut.ee\/wp-content\/uploads\/sites\/177\/snip20200714_131-1024x937.png 1024w, https:\/\/sisu.ut.ee\/wp-content\/uploads\/sites\/177\/snip20200714_131-768x703.png 768w\" sizes=\"auto, (max-width: 1248px) 100vw, 1248px\">\n<\/p>\n<p>\n\tTo edit the names or settings of existing groups, click on the group name and the button Edit group settings.\n<\/p>\n<p>\n\tTo enable learners to self-enrol into groups, create the groups and add the Group self-selection activity to the course. This module allows you to specify the number of learners in groups (in the menu on the left Max members per group and the enrolment period Open from and Open until).\n<\/p>\n<h3>\n\tGroupings<br>\n<\/h3>\n<p>\n\tTo create groupings, go to the groups page (Administration \u2013 Users \u2013 Groups), select the tab Groupings and click on the button Create grouping. To assign groups into the grouping, click on the people icon in the column on the right.<\/p>\n","protected":false},"excerpt":{"rendered":"<p>If learners have registered into groups at the syllabus in SIS and learners are transferred to the Moodle e-course, similar groups are automatically set up in the Moodle e-course at the moment of transfer, and the learners are added to &#8230;<\/p>\n","protected":false},"author":6,"featured_media":0,"parent":0,"menu_order":0,"comment_status":"closed","ping_status":"closed","template":"","meta":{"_acf_changed":false,"inline_featured_image":false,"footnotes":""},"class_list":["post-253","page","type-page","status-publish","hentry"],"acf":[],"_links":{"self":[{"href":"https:\/\/sisu.ut.ee\/juhendid\/wp-json\/wp\/v2\/pages\/253","targetHints":{"allow":["GET"]}}],"collection":[{"href":"https:\/\/sisu.ut.ee\/juhendid\/wp-json\/wp\/v2\/pages"}],"about":[{"href":"https:\/\/sisu.ut.ee\/juhendid\/wp-json\/wp\/v2\/types\/page"}],"author":[{"embeddable":true,"href":"https:\/\/sisu.ut.ee\/juhendid\/wp-json\/wp\/v2\/users\/6"}],"replies":[{"embeddable":true,"href":"https:\/\/sisu.ut.ee\/juhendid\/wp-json\/wp\/v2\/comments?post=253"}],"version-history":[{"count":1,"href":"https:\/\/sisu.ut.ee\/juhendid\/wp-json\/wp\/v2\/pages\/253\/revisions"}],"predecessor-version":[{"id":1598,"href":"https:\/\/sisu.ut.ee\/juhendid\/wp-json\/wp\/v2\/pages\/253\/revisions\/1598"}],"wp:attachment":[{"href":"https:\/\/sisu.ut.ee\/juhendid\/wp-json\/wp\/v2\/media?parent=253"}],"curies":[{"name":"wp","href":"https:\/\/api.w.org\/{rel}","templated":true}]}}