{"id":250,"date":"2024-04-04T02:50:54","date_gmt":"2024-04-03T23:50:54","guid":{"rendered":"https:\/\/sisu.ut.ee\/juhendid\/5-videoloikamine\/"},"modified":"2024-08-21T15:44:44","modified_gmt":"2024-08-21T12:44:44","slug":"5-videoloikamine","status":"publish","type":"page","link":"https:\/\/sisu.ut.ee\/juhendid\/5-videoloikamine\/","title":{"rendered":"5. Video l\u00f5ikamine ja sisukorra toimetamine"},"content":{"rendered":"<h3><strong>Video l\u00f5ikamine<\/strong><\/h3>\n<ul>\n<li>Video monteerimisre\u017eiimi l\u00fclitumiseks kl\u00f5psake <em>Edit <\/em>nupul. Avanevas aknas n\u00e4ete kaamera pilti, slaide ja ajajoont.<\/li>\n<li>Video alguse v\u00f5i l\u00f5pu l\u00f5ikamiseks kl\u00f5psake esmalt\u00a0<em>k\u00e4\u00e4ridega nupul<\/em>\u00a0ja seej\u00e4rel liigutage hiirega ajajoone alguses ja\/v\u00f5i l\u00f5pus olevat\u00a0<em>halli joont<\/em>.<\/li>\n<li>Video keskelt l\u00f5igu v\u00e4ljal\u00f5ikamiseks kl\u00f5psake\u00a0<em>k\u00e4\u00e4ridega nupul<\/em>, siis ajajoonel valitud l\u00f5igu alguspunktis ning liikuge hiirega paremale \u2013 nii saate l\u00f5igatava l\u00f5igu v\u00e4lja valida. Antud l\u00f5iku tegelikult ei kustutata \u2013 seda lihtsalt ei m\u00e4ngita p\u00e4rast salvestamist video vaatajale.<\/li>\n<li>P\u00e4rast video l\u00f5ikamist kl\u00f5psake ekraani paremas \u00fclanurgas nuppu\u00a0<em>Apply<\/em>. Video salvestamine ja konverteerimine v\u00f5tab aega ja sel ajal pole video vaadatav.<\/li>\n<\/ul>\n<h5>NB! Suurendusklaasi-nupust saate ajajoone sisse suumida, et l\u00f5ikamiseks \u00f5iget kohta heliribal paremini n\u00e4ha.<\/h5>\n<p><img loading=\"lazy\" decoding=\"async\" width=\"1424\" height=\"372\" class=\"alignnone wp-image-1069\" title=\"kuvatommis_2024-02-08_132732.jpg\" src=\"https:\/\/sisu.ut.ee\/wp-content\/uploads\/sites\/177\/kuvatommis_2024-02-08_132732.jpg\" alt=\"editing\" srcset=\"https:\/\/sisu.ut.ee\/wp-content\/uploads\/sites\/177\/kuvatommis_2024-02-08_132732.jpg 1424w, https:\/\/sisu.ut.ee\/wp-content\/uploads\/sites\/177\/kuvatommis_2024-02-08_132732-300x78.jpg 300w, https:\/\/sisu.ut.ee\/wp-content\/uploads\/sites\/177\/kuvatommis_2024-02-08_132732-1024x268.jpg 1024w, https:\/\/sisu.ut.ee\/wp-content\/uploads\/sites\/177\/kuvatommis_2024-02-08_132732-768x201.jpg 768w\" sizes=\"auto, (max-width: 1424px) 100vw, 1424px\"><\/p>\n<h3><strong>Sisukorras pealkirjade muutmine<\/strong><\/h3>\n<p>Vaikimisi v\u00f5tab Panopto videoloengu sisukorda pealkirjadeks PowerPointi slaidide pealkirjad. Kui pealkirja slaidil pole, v\u00f5etakse slaidilt esimese lause esimene osa. Kui soovite neid muuta, kl\u00f5psake sisukorral\u00a0(<em>Contents<\/em>) ja seej\u00e4rel muudetaval pealkirjal.<\/p>\n<p><img loading=\"lazy\" decoding=\"async\" width=\"455\" height=\"250\" class=\"alignnone wp-image-1063\" style=\"margin-left: auto; margin-right: auto; border: 1px solid #eee;\" title=\"toimeti-uus2.png\" src=\"https:\/\/sisu.ut.ee\/wp-content\/uploads\/sites\/177\/toimeti-uus2.png\" alt=\"toimeti-uus2.png\" srcset=\"https:\/\/sisu.ut.ee\/wp-content\/uploads\/sites\/177\/toimeti-uus2.png 455w, https:\/\/sisu.ut.ee\/wp-content\/uploads\/sites\/177\/toimeti-uus2-300x165.png 300w\" sizes=\"auto, (max-width: 455px) 100vw, 455px\"><\/p>\n<p>P\u00e4rast sisukorra muutmist kl\u00f5psake ekraani paremas \u00fclanurgas nuppu\u00a0<em>Apply<\/em>. Video salvestamine ja konverteerimine v\u00f5tab aega ja sel ajal pole video vaadatav.<\/p>\n<h3><strong>Sisukorda pealkirjade lisamine<\/strong><\/h3>\n<p><img loading=\"lazy\" decoding=\"async\" width=\"199\" height=\"243\" class=\"alignnone wp-image-1061\" style=\"float: right; margin-left: 10px; margin-right: 10px;\" title=\"title_lisamine.png\" src=\"https:\/\/sisu.ut.ee\/wp-content\/uploads\/sites\/177\/title_lisamine.png\" alt=\"title_lisamine.png\">Kui ilmneb, et m\u00f5ni slaid on sisukorrast puudu (pealkiri polnud korrektselt lisatud v\u00f5i tekst slaidil puudus), tuleb kl\u00f5psata ajajoonel vastaval slaidil ning seej\u00e4rel pliiatsi-nupul. Avanevas aknas tuleb sisestada slaidi pealkiri lahtrisse\u00a0<em>Title<\/em> ning muudatus salvestada.<\/p>\n<h2><strong>Smart Chapters \u2013 ekraanisalvestuselt\u00a0sisutuvastusega pealkirjad<\/strong><\/h2>\n<p>Panopto<em>\u00a0Smart Chapters\u00a0<\/em>v\u00f5imalus loob\u00a0automaatselt ekraanisalvestuselt sisukorra, kui slaididena kasutatakse PDF-faili v\u00f5i m\u00f5nda muud esitlustarkvara.<\/p>\n<h5>NB! Kui kasutatakse Panopto t\u00f6\u00f6laua salvestustarkvara, siis on v\u00f5imalik pealkirjad automaatselt Panoptosse tuua kasutades esitlusteks PowerPoint v\u00f5i Keynote (Mac) tarkvara.<\/h5>\n<h3><strong>Mida peab j\u00e4rgima kui soovitakse kasutada Smart Chapters v\u00f5imalust?\u00a0<\/strong><\/h3>\n<p>Smart Chapters parima tulemuse saamiseks ning toimimiseks tuleb j\u00e4rgida j\u00e4rgmisi punkte:<\/p>\n<ul>\n<li>Veenduge, et ekraanisalvestus on hea kvaliteediga. Ekraanisalvestuse kvaliteeti m\u00f5jutab ka arvuti resursside kasutus \u2013 veenduge, et arvutusj\u00f5udlus on piisav. Vajadusel sulgege salvestamise hetkeks k\u00f5ik teised programmid.<\/li>\n<li>Veenduge, et pealkirjad oleksid n\u00e4htavad. Pealkirja kirjasuurus peab olema v\u00e4hemalt 15pt ning see peaks olema m\u00e4rgatavalt suurem kui slaidi p\u00f5hitekst.<\/li>\n<li>Smart Chapters t\u00f6\u00f6tab k\u00f5ige paremini, kui slaidil on pealkiri ja ka sisuosa.<\/li>\n<li>Slaid peab olema erkaanil n\u00e4htav v\u00e4hemalt 5 sekundit.<\/li>\n<li>Veenduge, et teil on v\u00e4hemalt 4 pealkirjadega slaidi.<\/li>\n<li>Veenduge, et Panopto t\u00f6\u00f6laua salvestusprogrammi kasutades on valimata <em>Capture PowerPoint<\/em> v\u00f5i <em>Capture Keynote<\/em>.<\/li>\n<\/ul>\n<h3><strong>Kuidas Smart Chapters oma videos aktiveerida?\u00a0<\/strong><\/h3>\n<p>Oodake, kuni video on t\u00f6\u00f6deldud\u00a0ning lisaks kulub veel aega, et tekstituvastus saaks tulemused genereerida. Kindlasti peab j\u00e4rgima \u00fclaltoodud soovitusi, et Smart Chapters saaks tulemusi luua. Smart Chapter tulemused v\u00f5iksid ilmuda v\u00e4hemalt tunni jooksul peale video t\u00f6\u00f6tlemise l\u00f5ppu, kuid nende valmimine oleneb ka serveris j\u00e4rjekorras olevatest videotest.<\/p>\n<p>Kui olete oodanud ja lubanud videol t\u00f6\u00f6delda, siis tuleks kontrollida Panopto video muutmisre\u017eiimis, kas on ilmunud <em>Contents<\/em> osale rippmen\u00fc\u00fc <em>Smart Chapters<\/em>\u00a0(vt pilti). J\u00e4rgevalt tuleb Smart Chapters sisse\u00a0l\u00fclitada ning veenduda, et automaatselt genereeritud sisukord on \u00f5ige. Tehke vajadusel parandused kl\u00f5psates sisukorra punktil v\u00f5i vajadusel kustutage.<\/p>\n<p><img loading=\"lazy\" decoding=\"async\" width=\"930\" height=\"580\" class=\"alignnone wp-image-1067\" style=\"width: 347px; height: 210px;\" title=\"screenshot_2021-07-13_at_11.06.09.png\" src=\"https:\/\/sisu.ut.ee\/wp-content\/uploads\/sites\/177\/screenshot_2021-07-13_at_11.06.09.png\" alt=\"L\u00fclita Smart Chapters sisse\" srcset=\"https:\/\/sisu.ut.ee\/wp-content\/uploads\/sites\/177\/screenshot_2021-07-13_at_11.06.09.png 930w, https:\/\/sisu.ut.ee\/wp-content\/uploads\/sites\/177\/screenshot_2021-07-13_at_11.06.09-300x187.png 300w, https:\/\/sisu.ut.ee\/wp-content\/uploads\/sites\/177\/screenshot_2021-07-13_at_11.06.09-768x479.png 768w\" sizes=\"auto, (max-width: 930px) 100vw, 930px\"><img loading=\"lazy\" decoding=\"async\" width=\"928\" height=\"626\" class=\"alignnone wp-image-1066\" style=\"width: 345px; height: 210px; margin: 10px;\" title=\"screenshot_2021-07-13_at_11.06.31.png\" src=\"https:\/\/sisu.ut.ee\/wp-content\/uploads\/sites\/177\/screenshot_2021-07-13_at_11.06.31.png\" alt=\"L\u00fclita Smart Chapters v\u00e4lja\" srcset=\"https:\/\/sisu.ut.ee\/wp-content\/uploads\/sites\/177\/screenshot_2021-07-13_at_11.06.31.png 928w, https:\/\/sisu.ut.ee\/wp-content\/uploads\/sites\/177\/screenshot_2021-07-13_at_11.06.31-300x202.png 300w, https:\/\/sisu.ut.ee\/wp-content\/uploads\/sites\/177\/screenshot_2021-07-13_at_11.06.31-768x518.png 768w\" sizes=\"auto, (max-width: 928px) 100vw, 928px\"><\/p>\n<h5>NB! Vaadake Panopto e-l\u00f5una videosalvestust video toimetamise kohta:<\/h5>\n<p><\/p><div class=\"ratio ratio-16x9 mb-3\"><div class=\"video-placeholder-wrapper video-placeholder-wrapper--16x9\">\n\t\t\t    <div class=\"video-placeholder d-flex justify-content-center align-items-center\">\n\t\t\t        <div class=\"overlay text-white p-2 w-100 text-center d-block justify-content-center align-items-center\">\n\t\t\t            <div>Kolmandate osapoolte sisu n\u00e4gemiseks palun n\u00f5ustu k\u00fcpsistega.<\/div>\n\t\t\t            <button class=\"btn btn-secondary btn-sm mt-1 consent-change\">Muuda n\u00f5usolekut<\/button>\n\t\t\t        <\/div>\n\t\t\t    <\/div>\n\t\t\t<\/div>\n<\/div>\n","protected":false},"excerpt":{"rendered":"<p>Video l\u00f5ikamine Video monteerimisre\u017eiimi l\u00fclitumiseks kl\u00f5psake Edit nupul. Avanevas aknas n\u00e4ete kaamera pilti, slaide ja ajajoont. Video alguse v\u00f5i l\u00f5pu l\u00f5ikamiseks kl\u00f5psake esmalt\u00a0k\u00e4\u00e4ridega nupul\u00a0ja seej\u00e4rel liigutage hiirega ajajoone alguses ja\/v\u00f5i l\u00f5pus olevat\u00a0halli joont. Video keskelt l\u00f5igu v\u00e4ljal\u00f5ikamiseks kl\u00f5psake\u00a0k\u00e4\u00e4ridega nupul, siis &#8230;<\/p>\n","protected":false},"author":6,"featured_media":0,"parent":0,"menu_order":0,"comment_status":"closed","ping_status":"closed","template":"","meta":{"_acf_changed":false,"inline_featured_image":false,"footnotes":""},"class_list":["post-250","page","type-page","status-publish","hentry"],"acf":[],"_links":{"self":[{"href":"https:\/\/sisu.ut.ee\/juhendid\/wp-json\/wp\/v2\/pages\/250","targetHints":{"allow":["GET"]}}],"collection":[{"href":"https:\/\/sisu.ut.ee\/juhendid\/wp-json\/wp\/v2\/pages"}],"about":[{"href":"https:\/\/sisu.ut.ee\/juhendid\/wp-json\/wp\/v2\/types\/page"}],"author":[{"embeddable":true,"href":"https:\/\/sisu.ut.ee\/juhendid\/wp-json\/wp\/v2\/users\/6"}],"replies":[{"embeddable":true,"href":"https:\/\/sisu.ut.ee\/juhendid\/wp-json\/wp\/v2\/comments?post=250"}],"version-history":[{"count":3,"href":"https:\/\/sisu.ut.ee\/juhendid\/wp-json\/wp\/v2\/pages\/250\/revisions"}],"predecessor-version":[{"id":3783,"href":"https:\/\/sisu.ut.ee\/juhendid\/wp-json\/wp\/v2\/pages\/250\/revisions\/3783"}],"wp:attachment":[{"href":"https:\/\/sisu.ut.ee\/juhendid\/wp-json\/wp\/v2\/media?parent=250"}],"curies":[{"name":"wp","href":"https:\/\/api.w.org\/{rel}","templated":true}]}}