{"id":25,"date":"2024-04-04T02:50:37","date_gmt":"2024-04-03T23:50:37","guid":{"rendered":"https:\/\/sisu.ut.ee\/juhendid\/oppijate-lisamine-moodlei-kursusele\/"},"modified":"2024-04-11T10:20:52","modified_gmt":"2024-04-11T07:20:52","slug":"oppijate-lisamine-moodlei-kursusele","status":"publish","type":"page","link":"https:\/\/sisu.ut.ee\/juhendid\/oppijate-lisamine-moodlei-kursusele\/","title":{"rendered":"Inimeste lisamine e-kursusele"},"content":{"rendered":"<p>\n\tE-kursusele saab lisada \u00f5ppej\u00f5ude, \u00f5ppijaid ja k\u00fclalisi. Samuti saab teatud inimestele anda juurdep\u00e4\u00e4su e-kursustele programmijuhi rollis.\n<\/p>\n<ul>\n<li>\n\t\t\u00d5ppej\u00f5ud omab kursusel k\u00f5iki \u00f5igusi: ta saab kursust luua ja muuta, suhelda \u00f5ppijatega ning neid hinnata.\n\t<\/li>\n<li>\n\t\t\u00d5ppija saab kursusel osaleda ja teha seda, mida \u00f5ppej\u00f5ud on m\u00e4\u00e4ranud.\n\t<\/li>\n<li>\n\t\tK\u00fclaline ei sisene Moodle\u2019isse enda kasutajatunnusega ning parooliga.\u00a0Ta saab vaid kursust vaadata, mitte ei saa kasutada Moodle\u2019i tegevusi (nt foorumid, testid, \u00fclesanded). Reeglina on vaja k\u00fclalisena sisenemiseks vaja v\u00f5tit\/parooli, mille annab kursuse \u00f5ppej\u00f5ud.\n\t<\/li>\n<\/ul>\n","protected":false},"excerpt":{"rendered":"<p>E-kursusele saab lisada \u00f5ppej\u00f5ude, \u00f5ppijaid ja k\u00fclalisi. Samuti saab teatud inimestele anda juurdep\u00e4\u00e4su e-kursustele programmijuhi rollis. \u00d5ppej\u00f5ud omab kursusel k\u00f5iki \u00f5igusi: ta saab kursust luua ja muuta, suhelda \u00f5ppijatega ning neid hinnata. \u00d5ppija saab kursusel osaleda ja teha seda, mida &#8230;<\/p>\n","protected":false},"author":6,"featured_media":0,"parent":0,"menu_order":0,"comment_status":"closed","ping_status":"closed","template":"","meta":{"_acf_changed":false,"inline_featured_image":false,"footnotes":""},"class_list":["post-25","page","type-page","status-publish","hentry"],"acf":[],"_links":{"self":[{"href":"https:\/\/sisu.ut.ee\/juhendid\/wp-json\/wp\/v2\/pages\/25","targetHints":{"allow":["GET"]}}],"collection":[{"href":"https:\/\/sisu.ut.ee\/juhendid\/wp-json\/wp\/v2\/pages"}],"about":[{"href":"https:\/\/sisu.ut.ee\/juhendid\/wp-json\/wp\/v2\/types\/page"}],"author":[{"embeddable":true,"href":"https:\/\/sisu.ut.ee\/juhendid\/wp-json\/wp\/v2\/users\/6"}],"replies":[{"embeddable":true,"href":"https:\/\/sisu.ut.ee\/juhendid\/wp-json\/wp\/v2\/comments?post=25"}],"version-history":[{"count":1,"href":"https:\/\/sisu.ut.ee\/juhendid\/wp-json\/wp\/v2\/pages\/25\/revisions"}],"predecessor-version":[{"id":1826,"href":"https:\/\/sisu.ut.ee\/juhendid\/wp-json\/wp\/v2\/pages\/25\/revisions\/1826"}],"wp:attachment":[{"href":"https:\/\/sisu.ut.ee\/juhendid\/wp-json\/wp\/v2\/media?parent=25"}],"curies":[{"name":"wp","href":"https:\/\/api.w.org\/{rel}","templated":true}]}}