{"id":249,"date":"2024-04-04T02:50:54","date_gmt":"2024-04-03T23:50:54","guid":{"rendered":"https:\/\/sisu.ut.ee\/juhendid\/4-kuidas-enda-salvestatud-videod-yles-leida\/"},"modified":"2024-08-21T15:38:23","modified_gmt":"2024-08-21T12:38:23","slug":"4-kuidas-enda-salvestatud-videod-yles-leida","status":"publish","type":"page","link":"https:\/\/sisu.ut.ee\/juhendid\/4-kuidas-enda-salvestatud-videod-yles-leida\/","title":{"rendered":"4. Kuidas enda salvestatud videod \u00fcles leida?"},"content":{"rendered":"<h3 class=\"wp-block-heading\"><strong>Kui olete salvestuste jaoks loonud kausta e-kursuse Panopto ploki kaudu<\/strong><\/h3>\n\n\n\n<figure class=\"wp-block-image alignright size-full\"><img loading=\"lazy\" decoding=\"async\" width=\"296\" height=\"410\" src=\"https:\/\/sisu.ut.ee\/wp-content\/uploads\/sites\/177\/Screenshot-2024-08-21-152328.png\" alt=\"\" class=\"wp-image-3771\" srcset=\"https:\/\/sisu.ut.ee\/wp-content\/uploads\/sites\/177\/Screenshot-2024-08-21-152328.png 296w, https:\/\/sisu.ut.ee\/wp-content\/uploads\/sites\/177\/Screenshot-2024-08-21-152328-217x300.png 217w\" sizes=\"auto, (max-width: 296px) 100vw, 296px\"><\/figure>\n\n\n\n<ul class=\"wp-block-list\">\n<li>salvestatud videod lisatakse linkidena e-kursuse Panopto plokki<\/li>\n\n\n\n<li>k\u00f5iki antud e-kursuse jaoks salvestatud videod on serveris \u00fches kaustas, kuhu p\u00e4\u00e4sete Panopto plokist lingist <em>Kursuse kaust Panoptos<\/em><\/li>\n\n\n\n<li>n\u00e4ete k\u00f5iki enda videosid Panopto serveris, kuhu sisenete aadressil\u00a0<a href=\"https:\/\/ut.cloud.panopto.eu\/\" target=\"_blank\" rel=\"noreferrer noopener\">https:\/\/ut.cloud.panopto.eu\/<\/a>\u00a0enda Moodle\u2019i kontoga.<\/li>\n<\/ul>\n\n\n\n<h2 class=\"wp-block-heading\">Video pealkirja muutmine<\/h2>\n\n\n\n<p>Videol on vaikimisi Panopto poolt pandud pealkiri \u2013 salvestamise kuup\u00e4ev ja kellaaeg. Kl\u00f5psake\u00a0<em>Settings <\/em>hammasrattale video kuvapildi peal<em>\u00a0<\/em>(<strong>nupud ilmuvad, kui liigute hiirega video pealkirjale<\/strong>). Avanevas aknas saate muuta \u00f5igeks video pealkirja kl\u00f5psates <em>Name \u2014 Edit<\/em>.<\/p>\n\n\n\n<p>Samas saate minna muutma ka avalikustamise seadeid (<em>Share, <\/em>hammasrattast vasakul),\u00a0videot l\u00f5igata (<em>Edit<\/em>, k\u00f5ige vasakpoolsem nupp) ning kustutada (<em>Delete<\/em>). Viimase jaoks peate kl\u00f5psama kolmel punktil.<\/p>\n\n\n\n<figure class=\"wp-block-image size-full is-resized\"><img loading=\"lazy\" decoding=\"async\" width=\"648\" height=\"155\" src=\"https:\/\/sisu.ut.ee\/wp-content\/uploads\/sites\/177\/56.jpg\" alt=\"\" class=\"wp-image-3779\" style=\"width:598px;height:auto\" title=\"87.jpg\" srcset=\"https:\/\/sisu.ut.ee\/wp-content\/uploads\/sites\/177\/56.jpg 648w, https:\/\/sisu.ut.ee\/wp-content\/uploads\/sites\/177\/56-300x72.jpg 300w\" sizes=\"auto, (max-width: 648px) 100vw, 648px\"><\/figure>\n\n\n\n<p><\/p>\n","protected":false},"excerpt":{"rendered":"<p>Kui olete salvestuste jaoks loonud kausta e-kursuse Panopto ploki kaudu Video pealkirja muutmine Videol on vaikimisi Panopto poolt pandud pealkiri \u2013 salvestamise kuup\u00e4ev ja kellaaeg. Kl\u00f5psake\u00a0Settings hammasrattale video kuvapildi peal\u00a0(nupud ilmuvad, kui liigute hiirega video pealkirjale). Avanevas aknas saate muuta &#8230;<\/p>\n","protected":false},"author":6,"featured_media":0,"parent":0,"menu_order":0,"comment_status":"closed","ping_status":"closed","template":"","meta":{"_acf_changed":false,"inline_featured_image":false,"footnotes":""},"class_list":["post-249","page","type-page","status-publish","hentry"],"acf":[],"_links":{"self":[{"href":"https:\/\/sisu.ut.ee\/juhendid\/wp-json\/wp\/v2\/pages\/249","targetHints":{"allow":["GET"]}}],"collection":[{"href":"https:\/\/sisu.ut.ee\/juhendid\/wp-json\/wp\/v2\/pages"}],"about":[{"href":"https:\/\/sisu.ut.ee\/juhendid\/wp-json\/wp\/v2\/types\/page"}],"author":[{"embeddable":true,"href":"https:\/\/sisu.ut.ee\/juhendid\/wp-json\/wp\/v2\/users\/6"}],"replies":[{"embeddable":true,"href":"https:\/\/sisu.ut.ee\/juhendid\/wp-json\/wp\/v2\/comments?post=249"}],"version-history":[{"count":7,"href":"https:\/\/sisu.ut.ee\/juhendid\/wp-json\/wp\/v2\/pages\/249\/revisions"}],"predecessor-version":[{"id":3781,"href":"https:\/\/sisu.ut.ee\/juhendid\/wp-json\/wp\/v2\/pages\/249\/revisions\/3781"}],"wp:attachment":[{"href":"https:\/\/sisu.ut.ee\/juhendid\/wp-json\/wp\/v2\/media?parent=249"}],"curies":[{"name":"wp","href":"https:\/\/api.w.org\/{rel}","templated":true}]}}