{"id":248,"date":"2024-04-04T02:50:54","date_gmt":"2024-04-03T23:50:54","guid":{"rendered":"https:\/\/sisu.ut.ee\/juhendid\/3-videoloengu-salvestamine\/"},"modified":"2024-08-21T15:07:05","modified_gmt":"2024-08-21T12:07:05","slug":"3-videoloengu-salvestamine","status":"publish","type":"page","link":"https:\/\/sisu.ut.ee\/juhendid\/3-videoloengu-salvestamine\/","title":{"rendered":"3. Videoloengu salvestamine"},"content":{"rendered":"<h3><strong>1. Sisenege\u00a0Panopto salvestusprogrammi.<\/strong><\/h3>\n<ul>\n<li>K\u00e4ivitage enda arvutis Panopto programm ning kl\u00f5psake <em>Sign in<\/em>.<\/li>\n<li>Kui teil on\u00a0<strong>Moodle\u2019i kaudu<\/strong>\u00a0loodud juurdep\u00e4\u00e4s, valige rippmen\u00fc\u00fcst\u00a0<em>UT Moodle\u00a0<\/em>ja sisestage oma Moodle\u2019i kasutajatunnus ning parool.<\/li>\n<\/ul>\n<h3><strong>2. Vaadake \u00fcle salvestusprogrammi seaded akna vasakus servas (A).\u00a0<\/strong><\/h3>\n<ul>\n<li>Valige video jaoks rippmen\u00fc\u00fcst kaamera ja audio jaoks mikrofon. Oodake veidi, kuni programm saab \u00fchenduse videokaameraga ja n\u00e4itab pilti.<\/li>\n<li>Valige <em>Primary Sources<\/em> video kvaliteedi jaoks<a href=\"#\" data-bs-toggle=\"modal\" data-bs-target=\"#popup-modal\" data-title=\" &lt;em&gt;High&lt;\/em&gt;\" data-content='&lt;img class=\"alignnone wp-image-1051\" title=\"panopto_seaded.png\" src=\"https:\/\/sisu.ut.ee\/wp-content\/uploads\/sites\/177\/panopto_seaded.png\" alt=\"panopto_seaded.png\" \/&gt;'> <em>High<\/em><\/a>.<\/li>\n<li>Kui soovite salvestada <strong>loengut koos slaididega<\/strong>, valige linnukesega <em>Capture PowerPoint, <\/em>seadeid E (resolutsioon 1920\u00d71080, fps 4) ei muuda.<\/li>\n<li>Kui soovite <strong>enda arvutiekraani<\/strong> salvestada, m\u00e4rkige linnukesega ka <em>Capture Main Screen,\u00a0<\/em>valite seadete E alt resolutsiooniks 1280\u00d7720 ja fps 24-30.<\/li>\n<li>Kui soovite salvestada ainult <strong>enda videot ja audiot<\/strong>, j\u00e4lgige, et linnukesega poleks m\u00e4rgitud kumbki:\u00a0<em>Capture PowerPoint <\/em>ega<em> <em>Capture Main Screen, <\/em><\/em>seadeid E ei muuda.<\/li>\n<li>Kui soovite salvestada <strong>audioloengut slaididega<\/strong>, valige video rippmen\u00fc\u00fcst <em>None<\/em> ja\u00a0<em>Capture PowerPoint,<\/em>\u00a0seadeid E ei muuda.<\/li>\n<li>Kui soovite, et l\u00f5pptulemus oleks <strong>\u00fcks videofail, kus on vaheldumisi teie video ja slaidid<\/strong>,\u00a0valige <em>Primary Sources<\/em> video rippmen\u00fc\u00fcst\u00a0<em>None<\/em>\u00a0ning lisage videokaamera hoopis sekundaarse sisendina (<em>Add Another Video Source<\/em>) ja m\u00e4rkige linnukesega\u00a0<em>Capture PowerPoint<\/em> \u00a0ja\u00a0<em><em><em>Capture Main Screen<\/em><\/em>. <\/em>P\u00e4rast salvestamist saate video vaheldumisi slaididega m\u00e4ngima monteerida.<\/li>\n<\/ul>\n<h5>NB! K\u00f5ige lihtsam ja v\u00e4hem t\u00f6\u00f6mahukam on salvestada ainult video\/audio ja PowerPoint esitlus (linnuke ainult m\u00e4rkeruudus <em>Capture PowerPoint)<\/em>\u00a0\u2013 nii alustatakse salvestamist automaatselt esitluse k\u00e4ivitamisel.<\/h5>\n<p><img loading=\"lazy\" decoding=\"async\" width=\"700\" height=\"571\" class=\"alignnone wp-image-1052\" style=\"margin-left: auto; margin-right: auto;\" title=\"seaded0_3.png\" src=\"https:\/\/sisu.ut.ee\/wp-content\/uploads\/sites\/177\/seaded0_3.png\" alt=\"seaded0_3.png\" srcset=\"https:\/\/sisu.ut.ee\/wp-content\/uploads\/sites\/177\/seaded0_3.png 700w, https:\/\/sisu.ut.ee\/wp-content\/uploads\/sites\/177\/seaded0_3-300x245.png 300w\" sizes=\"auto, (max-width: 700px) 100vw, 700px\"><\/p>\n<p><\/p><div class=\"accordion mb-3\">\n        <div class=\"accordion-item accordion-item--white\">\n        <h2 class=\"accordion-header\" id=\"accordion-69d20892ade5d-heading\">\n            <button class=\"accordion-button collapsed\" type=\"button\" data-bs-toggle=\"collapse\" data-bs-target=\"#accordion-69d20892ade5d-collapse\" aria-expanded=\"true\" aria-controls=\"accordion-69d20892ade5d-collapse\">Lisaseaded<\/button>\n        <\/h2>\n        <div id=\"accordion-69d20892ade5d-collapse\" class=\"accordion-collapse collapse\" aria-labelledby=\"accordion-69d20892ade5d-heading\">\n            <div class=\"accordion-body\">\n<p><strong><em>Secondary Sources<\/em> seaded salvestusprogrammi p\u00f5hiaknas:<\/strong><\/p>\n<p><img loading=\"lazy\" decoding=\"async\" width=\"469\" height=\"39\" class=\"alignnone wp-image-1048\" style=\"margin-left: auto; margin-right: auto; border: 1px solid #eee;\" title=\"seaded0.png\" src=\"https:\/\/sisu.ut.ee\/wp-content\/uploads\/sites\/177\/seaded0.png\" alt=\"seaded0.png\" srcset=\"https:\/\/sisu.ut.ee\/wp-content\/uploads\/sites\/177\/seaded0.png 469w, https:\/\/sisu.ut.ee\/wp-content\/uploads\/sites\/177\/seaded0-300x25.png 300w\" sizes=\"auto, (max-width: 469px) 100vw, 469px\"><\/p>\n<ul>\n<li><strong>1<\/strong> \u2013 Resolutsioon ehk eraldusv\u00f5ime, mis iseloomustab detailide eristatavuse astet. Siia valige enda arvutiekraani resolutsioon.<\/li>\n<li><strong>2<\/strong> \u2013 fps ehk kaadrite arv sekundis. Mida suurem fps on, seda sujuvam on videos liikumine.<\/li>\n<\/ul>\n<ol>\n<li style=\"list-style-type: none;\">\n<ol>\n<li>Kui <em>Secondary Source<\/em> on esitluse slaidid, siis\u00a0<em>Secondary Source<\/em> seaded pole olulised \u2013 neid ei pea muutma.<\/li>\n<li>Kui <em>Secondary Source<\/em> on video, siis panna <em>fps<\/em> v\u00e4hemalt 20.<\/li>\n<li>Kui <em>Secondary Source<\/em> on ekraanisalvestus (nt Excelis toimetamine), siis panna\u00a0<em>fps<\/em> v\u00e4hemalt 20.<\/li>\n<li>Kui <em>Secondary Source<\/em> on ekraanisalvestus koos videoga (nt YouTube), siis panna\u00a0<em>fps<\/em> v\u00e4hemalt 30.<\/li>\n<\/ol>\n<\/li>\n<\/ol>\n<ul>\n<li>3\u00a0\u2013 kbps ehk\u00a0interneti\u00fchenduse kiirus (kilobaiti sekundis).<\/li>\n<\/ul>\n<p>Kl\u00f5psates \u00fclamen\u00fc\u00fcs <em>Settings<\/em>, avaneb kaks eraldi seadete lehte: <em>Basic Settings<\/em> ja <em>Advanced Settings<\/em>.<\/p>\n<p><em><strong>Basic Settings:<\/strong><\/em><\/p>\n<ul>\n<li><strong>1<\/strong> \u2013 <em>Recording Directory \u2013\u00a0<\/em>kaust arvutis (vaikimisi\u00a0C:PanoptoRecorder), kuhu videod salvestakse. <strong>NB!<\/strong> \u00c4rge salvestage videosid v\u00f5rgukettale!<\/li>\n<li><strong>2<\/strong> \u2013 <em>Upload when Panopto is closed<\/em>\u00a0 \u2013 failid laetakse serverisse ka siis, kui Panopto programm on suletud.<\/li>\n<li><b>3<\/b> \u2013 <em>Delete recordings once they are uploaded<\/em> \u2013 Failid kustutatakse teie arvutist p\u00e4rast serverisse \u00fcleslaadimist.<\/li>\n<li><b>4<\/b> \u2013 <em>Prefer primary capture device input resolution<\/em>\u00a0\u2013 primaarse sisendi eelistatud resolutsioon:\n<ul>\n<li>Auto \u2013 Panopto tuvastab ise primaarse sisendi resolutsiooni<\/li>\n<li>NTSC \u2013 720\u00d7486<\/li>\n<li>PAL \u2013 720\u00d7576<\/li>\n<li>720p \u2013 1280\u00d7720<\/li>\n<li>1080i\/p \u2013 1920\u00d71088<\/li>\n<\/ul>\n<\/li>\n<li><b>5<\/b> \u2013 <em>Progressively uploaded while recording\u00a0<\/em>\u2013 salvestamise ajal laetakse salvestus serverisse. Eeldab, et salvestamise ajal on interneti\u00fchendus v\u00e4ga hea.<\/li>\n<li><b>6<\/b> \u2013 <em>Minimize when recording\u00a0<\/em>\u2013 Panopto programmi aken minimeeritakse\u00a0salvestamise ajal.<\/li>\n<li><b>7<\/b> \u2013 <em>Notify me when a viewer posts a question or comment<\/em> \u2013 kui video \u00fclekande ajal vaataja kirjutab video juurde k\u00fcsimuse v\u00f5i kommenteerib, siis antakse video loojale sellest h\u00fcpikaknas teada.<\/li>\n<li><b>8<\/b> \u2013 <em>Disable hot keys\u00a0<\/em>\u2013 keelatakse kiirklahvid (F8 \u2013 alustab salvestamist, F9 \u2013 paus, F10 \u2013 l\u00f5petab salvestamise)<\/li>\n<li><b>9<\/b> \u2013 <em>Use the default system proxy settings\u00a0<\/em>\u2013 kasutatakse vaikimisi s\u00fcsteemi proksi s\u00e4tteid.<\/li>\n<li><b>10<\/b> \u2013 <em>Highlight the mouse cursor during screen capture\u00a0<\/em>\u2013 t\u00f5stetakse hiire kursor ekraani salvestuse ajal esile.<\/li>\n<\/ul>\n<p style=\"margin-left: 80px;\"><img loading=\"lazy\" decoding=\"async\" width=\"623\" height=\"674\" class=\"alignnone wp-image-1054\" title=\"66.jpg\" src=\"https:\/\/sisu.ut.ee\/wp-content\/uploads\/sites\/177\/66.jpg\" alt=\"basic settings\" srcset=\"https:\/\/sisu.ut.ee\/wp-content\/uploads\/sites\/177\/66.jpg 623w, https:\/\/sisu.ut.ee\/wp-content\/uploads\/sites\/177\/66-277x300.jpg 277w\" sizes=\"auto, (max-width: 623px) 100vw, 623px\"><\/p>\n<p><strong><em>Advanced Settings:<\/em><\/strong><\/p>\n<ul>\n<li><strong>1<\/strong> \u2013 <em>Enable \u201cRemember me\u201d option for sign-in\u00a0<\/em>\u2013 sisenemise aknas n\u00e4idatakse m\u00e4rkeruutu \u201cJ\u00e4ta mind meelde\u201d.<\/li>\n<li><strong>2<\/strong> \u2013\u00a0<em>Show help message pop-ups\u00a0<\/em>\u2013 n\u00e4idatakse abitekste.<\/li>\n<li><b>3<\/b> \u2013\u00a0<em>Automatically upload recording logs<\/em> \u2013 Panopto salvestab automaatselt salvestuste logid.<\/li>\n<li><b>4<\/b> \u2013\u00a0<em>Allow secondary only recordings<\/em> \u2013 Lubab salvestada ka ainult <em>Secondary Sources<\/em> sisendeid (ekraanipilt, slaidid) ilma <em>Primary Sources<\/em> video ja audiota.<\/li>\n<li><b>5<\/b> \u2013\u00a0<em>Allow toast notifications<\/em> \u2013 Lubab\u00a0teavitused popupidena.<\/li>\n<li><b>6<\/b> \u2013\u00a0<em>Enable no audio detected alerts<\/em> \u2013 N\u00e4itab teavitust, kui heli\/mikrofoni sisend enam ei t\u00f6\u00f6ta.<\/li>\n<li><b>7<\/b> \u2013\u00a0<em>Enable high CPU usage alerts<\/em> \u2013 N\u00e4itab teavitust, kui arvuti protsessor on \u00fclekoormatud.<\/li>\n<li><b>8<\/b> \u2013\u00a0<em>Enable advanced device configuration\u00a0<\/em>\u2013 lubatakse m\u00e4\u00e4rata primaarse video ja audio\u00a0sisendi t\u00e4psemaid seadeid.<\/li>\n<li><b>9<\/b> \u2013\u00a0<em>Capture in MP4 format\u00a0<\/em>\u2013 video salvestatakse arvutisse MP4 formaadis.<\/li>\n<li><b>10<\/b> \u2013\u00a0<em>Capture PowerPoint animations as unique slides\u00a0<\/em>\u2013 Salvestatakse ka PowerPoint slaidide animatsioonid.<\/li>\n<li><b>11<\/b> \u2013 <em>Enable custom quality settings<\/em> \u2013 Lubab m\u00e4\u00e4rata ise videokvaliteedi s\u00e4tteid (C<em>ustom<\/em>\u2026 valik <em>Quality<\/em> rippmen\u00fc\u00fcs).<\/li>\n<li><b>12<\/b> \u2013 <em>Capture PowerPoint slides as screen images<\/em> \u2013\u00a0PowerPoint slaidid salvestatakse ekraanipiltidena, et kindlustada nt erinevate fontide korrektne v\u00e4ljan\u00e4gemine.<\/li>\n<li><b>13<\/b> \u2013\u00a0<em>Fix primary Audio\/Video stream synchronization\u00a0<\/em>\u2013 s\u00fcnkroniseeritakse primaarse sisendi audio\/video, kas automaatselt (<em>Auto<\/em>), keelatakse \u00fcldse (<em>No<\/em>) v\u00f5i s\u00fcnkroniseeritakse (<em>On<\/em>).<\/li>\n<\/ul>\n<p style=\"margin-left: 80px;\"><img loading=\"lazy\" decoding=\"async\" width=\"623\" height=\"666\" class=\"alignnone wp-image-1055\" title=\"unique_slides.jpg\" src=\"https:\/\/sisu.ut.ee\/wp-content\/uploads\/sites\/177\/unique_slides.jpg\" alt=\"advanced settings\" srcset=\"https:\/\/sisu.ut.ee\/wp-content\/uploads\/sites\/177\/unique_slides.jpg 623w, https:\/\/sisu.ut.ee\/wp-content\/uploads\/sites\/177\/unique_slides-281x300.jpg 281w\" sizes=\"auto, (max-width: 623px) 100vw, 623px\"><\/p>\n<p><\/p><\/div>\n        <\/div>\n        <\/div>\n    <\/div>\n<h3><strong>3. Valige salvestamiseks \u00f5ige asukoht (B).<\/strong><\/h3>\n<p>Kl\u00f5psake <em>Folder<\/em>\u00a0(e-kursuse) nimega rippmen\u00fc\u00fcs ja valige \u00f5ige kaust. Soovitud kausta kiiremaks leidmiseks, hakake lahtrisse kirjutama e-kursuse nime. Kui valite kausta asemel <em>Offline Recording<\/em>, peate p\u00e4rast video vaatamiseks v\u00f5i toimetamiseks selle siiski serverisse kursuse kausta laadima.<\/p>\n<h3><strong>4. Sisestage lahrisse\u00a0<em>Name\u00a0<\/em>videoloengu pealkiri (B).<\/strong><\/h3>\n<p>Pealkirja saate ka hiljem muuta. Vaikimisi pannakse pealkirjaks kuup\u00e4ev ja kellaaeg.<\/p>\n<h3><strong>5. Esitluse salvestamiseks kl\u00f5psake lipikul\u00a0<em>PowerPoint<\/em>\u00a0(C).<\/strong><\/h3>\n<p>Avage esitluse fail nupust\u00a0<em>Open a Presentation<\/em>\u00a0(D) ja lubage alustada salvestamist p\u00e4rast esitluse k\u00e4ivitamist.<\/p>\n<p><img loading=\"lazy\" decoding=\"async\" width=\"325\" height=\"161\" class=\"alignnone wp-image-1045\" style=\"margin-left: auto; margin-right: auto;\" title=\"panopto13.png\" src=\"https:\/\/sisu.ut.ee\/wp-content\/uploads\/sites\/177\/panopto13.png\" alt=\"panopto13.png\" srcset=\"https:\/\/sisu.ut.ee\/wp-content\/uploads\/sites\/177\/panopto13.png 325w, https:\/\/sisu.ut.ee\/wp-content\/uploads\/sites\/177\/panopto13-300x149.png 300w\" sizes=\"auto, (max-width: 325px) 100vw, 325px\"><\/p>\n<h5>NB! Mac-is Panoptoga salvestades k\u00e4ivitage nupust <em>Record<\/em> salvestus, siis avage enda arvutist PowerPoint esitlus, l\u00fclituge esitlusre\u017eiimi ning pidage loeng l\u00f5puni. Siis minge tagasi Panoptosse ja l\u00f5petage salvestamine. Hiljem tuleb loengu algus ja l\u00f5pp \u00e4ra l\u00f5igata.<\/h5>\n<h3><strong>6. Kui te ei lubanud automaatset salvestamise alustamist, kl\u00f5psake nupul\u00a0<em>Record<\/em>.\u00a0<\/strong><\/h3>\n<p>Record-nupp asendub nupuga\u00a0<em>STOP<\/em>.\u00a0Salvestise alguse ja l\u00f5pu saate hiljem vajadusel \u00e4ra l\u00f5igata.<\/p>\n<h3><strong>7. Salvestamise l\u00f5petamiseks kl\u00f5psake\u00a0<em>STOP<\/em>-nupul.\u00a0<\/strong><\/h3>\n<h3><strong>8. Oodake, kuni video laetakse automaatselt serverisse v\u00f5i (Offline salvestuse korral) kl\u00f5psake nupul<em>\u00a0Upload to Server<\/em>.<\/strong><\/h3>\n<p>Enne serverisse laadimist ei saa te videot vaadata ega toimetada. \u00c4rge sulgege arvutit v\u00f5i programmi enne, kui video ilmub (salvestamise aja j\u00e4rgi leiate \u00fcles) kategooriasse\u00a0<em>Uploaded Recordings<\/em>. Oodake, kuni salvestuse j\u00e4rele ilmuvad lingid\u00a0<em>Share, Edit ja View<\/em>.<\/p>\n<h5>NB! Serverisse laadimine ja protsessimine v\u00f5ib v\u00f5tta aega kuni paark\u00fcmmend minutit,\u00a0s\u00f5ltuvalt video pikkusest ja serveri koormusest.<\/h5>\n<p style=\"text-align: center;\"><img loading=\"lazy\" decoding=\"async\" width=\"864\" height=\"118\" class=\"alignnone wp-image-1056\" title=\"kuvatommis_2024-02-08_130205.jpg\" src=\"https:\/\/sisu.ut.ee\/wp-content\/uploads\/sites\/177\/kuvatommis_2024-02-08_130205.jpg\" alt=\"uploaded recordings\" srcset=\"https:\/\/sisu.ut.ee\/wp-content\/uploads\/sites\/177\/kuvatommis_2024-02-08_130205.jpg 864w, https:\/\/sisu.ut.ee\/wp-content\/uploads\/sites\/177\/kuvatommis_2024-02-08_130205-300x41.jpg 300w, https:\/\/sisu.ut.ee\/wp-content\/uploads\/sites\/177\/kuvatommis_2024-02-08_130205-768x105.jpg 768w\" sizes=\"auto, (max-width: 864px) 100vw, 864px\"><\/p>\n<h3><strong>9. Lingist\u00a0<em>Resume<\/em>\u00a0saate antud salvestust j\u00e4tkata.<\/strong><\/h3>\n<h3><strong>10. Lingist\u00a0<em>Share<\/em>\u00a0saate m\u00e4\u00e4rata, kellele on video vaadatav.<\/strong><\/h3>\n<p>Valides <em>Anyone with the link<\/em>, on video k\u00e4ttesaadav k\u00f5igile, kes video t\u00e4pset veebiaadressi teavad v\u00f5i siis nt kursusele lisatud veebilingist. Vaikimisi seadetega on video n\u00e4htav konkreetse kursuse \u00f5ppej\u00f5ududele ja \u00f5ppijatele.<\/p>\n<h3><strong>11. Lehel <em>Share<\/em> leiate ka videoloengu veebiaadressi v\u00f5i embed-koodi video lisamiseks e-kursusele.<\/strong><\/h3>\n<h3><strong>12. Lingist\u00a0<em>Edit<\/em>\u00a0saate vajadusel videot l\u00f5igata.<\/strong><\/h3>\n<p>P\u00e4rast l\u00f5ikamist ning muudatuste salvestamist kulub aega video automaatseks kodeerimiseks, mil video pole vaadatav. Lingist\u00a0<em>View<\/em>\u00a0saab salvestust vaadata.<\/p>\n","protected":false},"excerpt":{"rendered":"<p>1. Sisenege\u00a0Panopto salvestusprogrammi. K\u00e4ivitage enda arvutis Panopto programm ning kl\u00f5psake Sign in. Kui teil on\u00a0Moodle\u2019i kaudu\u00a0loodud juurdep\u00e4\u00e4s, valige rippmen\u00fc\u00fcst\u00a0UT Moodle\u00a0ja sisestage oma Moodle\u2019i kasutajatunnus ning parool. 2. Vaadake \u00fcle salvestusprogrammi seaded akna vasakus servas (A).\u00a0 Valige video jaoks rippmen\u00fc\u00fcst kaamera &#8230;<\/p>\n","protected":false},"author":6,"featured_media":0,"parent":0,"menu_order":0,"comment_status":"closed","ping_status":"closed","template":"","meta":{"_acf_changed":false,"inline_featured_image":false,"footnotes":""},"class_list":["post-248","page","type-page","status-publish","hentry"],"acf":[],"_links":{"self":[{"href":"https:\/\/sisu.ut.ee\/juhendid\/wp-json\/wp\/v2\/pages\/248","targetHints":{"allow":["GET"]}}],"collection":[{"href":"https:\/\/sisu.ut.ee\/juhendid\/wp-json\/wp\/v2\/pages"}],"about":[{"href":"https:\/\/sisu.ut.ee\/juhendid\/wp-json\/wp\/v2\/types\/page"}],"author":[{"embeddable":true,"href":"https:\/\/sisu.ut.ee\/juhendid\/wp-json\/wp\/v2\/users\/6"}],"replies":[{"embeddable":true,"href":"https:\/\/sisu.ut.ee\/juhendid\/wp-json\/wp\/v2\/comments?post=248"}],"version-history":[{"count":3,"href":"https:\/\/sisu.ut.ee\/juhendid\/wp-json\/wp\/v2\/pages\/248\/revisions"}],"predecessor-version":[{"id":3766,"href":"https:\/\/sisu.ut.ee\/juhendid\/wp-json\/wp\/v2\/pages\/248\/revisions\/3766"}],"wp:attachment":[{"href":"https:\/\/sisu.ut.ee\/juhendid\/wp-json\/wp\/v2\/media?parent=248"}],"curies":[{"name":"wp","href":"https:\/\/api.w.org\/{rel}","templated":true}]}}