{"id":247,"date":"2024-04-04T02:50:54","date_gmt":"2024-04-03T23:50:54","guid":{"rendered":"https:\/\/sisu.ut.ee\/juhendid\/2-salvestusprogramm-panopto-recorder\/"},"modified":"2025-06-27T13:31:11","modified_gmt":"2025-06-27T10:31:11","slug":"2-salvestusprogramm-panopto-recorder","status":"publish","type":"page","link":"https:\/\/sisu.ut.ee\/juhendid\/2-salvestusprogramm-panopto-recorder\/","title":{"rendered":"2. Panopto salvestusprogramm"},"content":{"rendered":"<p>Videoloengute salvestamiseks vajate Panopto salvestusprogrammi. Kui teil seda juba enda arvutis pole, peate selle ise alla laadima. <\/p>\n\n\n\n<h5 class=\"wp-block-heading\">\u00dclikooli Windows arvutis kasutage Panopto installeerimiseks Software Center rakendust. Tartu \u00dclikooli IT viki juhend \u201c<a href=\"https:\/\/wiki.ut.ee\/spaces\/AA\/pages\/165790345\/Valikulise+tarkvara+paigaldamine\" target=\"_blank\" rel=\"noreferrer noopener\">Valikulise tarkvara paigaldamine<\/a>\u201c. Vajadusel k\u00fcsige abi struktuuri\u00fcksuse IT-toelt v\u00f5i T\u00dc arvutiabist.<\/h5>\n\n\n\n<h5 class=\"wp-block-heading\">Isiklikus arvutis, kus teil on installeerimis\u00f5igused, laadige salvestusprogramm enda arvutisse ja installeerige see j\u00e4rgides j\u00e4rgmisi juhiseid.<\/h5>\n\n\n\n<h3 class=\"wp-block-heading\">Salvestusprogrammi alla laadimine Panopto plokist<\/h3>\n\n\n\n<p>Kui olete lisanud enda e-kursusele Moodle\u2019is Panopto ploki, saate salvestaja enda arvutisse laadida Panopto plokis olevast lingist\u00a0<em>Salvestaja allalaadimine (Windows \/ Mac)<\/em>.<\/p>\n\n\n\n<figure class=\"wp-block-image\"><img loading=\"lazy\" decoding=\"async\" width=\"309\" height=\"331\" src=\"https:\/\/sisu.ut.ee\/wp-content\/uploads\/sites\/177\/plokk1-2020.png\" alt=\"Plokk\" class=\"wp-image-1043\" title=\"plokk1-2020.png\" srcset=\"https:\/\/sisu.ut.ee\/wp-content\/uploads\/sites\/177\/plokk1-2020.png 309w, https:\/\/sisu.ut.ee\/wp-content\/uploads\/sites\/177\/plokk1-2020-280x300.png 280w\" sizes=\"auto, (max-width: 309px) 100vw, 309px\"><\/figure>\n\n\n\n<h3 class=\"wp-block-heading\">Salvestusprogrammi alla laadimine Panopto serverist<\/h3>\n\n\n\n<p>Minge aadressile <a href=\"https:\/\/panopto.ut.ee\" target=\"_blank\" rel=\"noreferrer noopener\">https:\/\/panopto.ut.ee<\/a>. Logige sisse T\u00dc kasutajakontoga. Kl\u00f5psake vasakul sinist nuppu <em>Create<\/em> ja valige <em>Panopto for Windows<\/em> (kui on Win arvuti) \/ <em>Panopto for Mac<\/em> (kui on Mac arvuti). <\/p>\n\n\n\n<h3 class=\"wp-block-heading\">Panopto programmi installeerimine<\/h3>\n\n\n\n<p>1. P\u00e4rast programmi alla laadimist, otsige see arvutist \u00fcles ja installeerige see enda arvutisse.<\/p>\n\n\n\n<p><\/p>\n\n\n\n<p>2. Installeerimisel veenduge, et <span data-mce-mark=\"1\">Panopto serveriks<\/span>\u00a0(<em>Panopto Web Server<\/em>) on\u00a0<span data-mce-mark=\"1\"><strong>ut.cloud.panopto.eu<\/strong><\/span>, muud v\u00e4ljad j\u00e4tke muutmata.<\/p>\n\n\n\n<figure class=\"wp-block-image size-full\"><img loading=\"lazy\" decoding=\"async\" width=\"496\" height=\"347\" src=\"https:\/\/sisu.ut.ee\/wp-content\/uploads\/sites\/177\/9846.jpg\" alt=\"\" class=\"wp-image-3762\" title=\"panopto4.png\" srcset=\"https:\/\/sisu.ut.ee\/wp-content\/uploads\/sites\/177\/9846.jpg 496w, https:\/\/sisu.ut.ee\/wp-content\/uploads\/sites\/177\/9846-300x210.jpg 300w\" sizes=\"auto, (max-width: 496px) 100vw, 496px\"><\/figure>\n\n\n\n<p><\/p>\n\n\n\n<p>3. Vaikimisi seadetega tekib programmi ikoon arvuti t\u00f6\u00f6lauale\u00a0 \u2013\u00a0avage sellest programm.\u00a0<img loading=\"lazy\" decoding=\"async\" width=\"60\" height=\"77\" class=\"alignnone wp-image-1040\" title=\"programm.png\" src=\"https:\/\/sisu.ut.ee\/wp-content\/uploads\/sites\/177\/programm-1.png\" alt=\"programm.png\"><\/p>\n","protected":false},"excerpt":{"rendered":"<p>Videoloengute salvestamiseks vajate Panopto salvestusprogrammi. Kui teil seda juba enda arvutis pole, peate selle ise alla laadima. \u00dclikooli Windows arvutis kasutage Panopto installeerimiseks Software Center rakendust. Tartu \u00dclikooli IT viki juhend \u201cValikulise tarkvara paigaldamine\u201c. Vajadusel k\u00fcsige abi struktuuri\u00fcksuse IT-toelt v\u00f5i &#8230;<\/p>\n","protected":false},"author":6,"featured_media":0,"parent":0,"menu_order":0,"comment_status":"closed","ping_status":"closed","template":"","meta":{"_acf_changed":false,"inline_featured_image":false,"footnotes":""},"class_list":["post-247","page","type-page","status-publish","hentry"],"acf":[],"_links":{"self":[{"href":"https:\/\/sisu.ut.ee\/juhendid\/wp-json\/wp\/v2\/pages\/247","targetHints":{"allow":["GET"]}}],"collection":[{"href":"https:\/\/sisu.ut.ee\/juhendid\/wp-json\/wp\/v2\/pages"}],"about":[{"href":"https:\/\/sisu.ut.ee\/juhendid\/wp-json\/wp\/v2\/types\/page"}],"author":[{"embeddable":true,"href":"https:\/\/sisu.ut.ee\/juhendid\/wp-json\/wp\/v2\/users\/6"}],"replies":[{"embeddable":true,"href":"https:\/\/sisu.ut.ee\/juhendid\/wp-json\/wp\/v2\/comments?post=247"}],"version-history":[{"count":24,"href":"https:\/\/sisu.ut.ee\/juhendid\/wp-json\/wp\/v2\/pages\/247\/revisions"}],"predecessor-version":[{"id":4716,"href":"https:\/\/sisu.ut.ee\/juhendid\/wp-json\/wp\/v2\/pages\/247\/revisions\/4716"}],"wp:attachment":[{"href":"https:\/\/sisu.ut.ee\/juhendid\/wp-json\/wp\/v2\/media?parent=247"}],"curies":[{"name":"wp","href":"https:\/\/api.w.org\/{rel}","templated":true}]}}