{"id":246,"date":"2024-04-04T02:50:54","date_gmt":"2024-04-03T23:50:54","guid":{"rendered":"https:\/\/sisu.ut.ee\/juhendid\/salvestamisoigus\/"},"modified":"2024-08-21T14:36:54","modified_gmt":"2024-08-21T11:36:54","slug":"salvestamisoigus","status":"publish","type":"page","link":"https:\/\/sisu.ut.ee\/juhendid\/salvestamisoigus\/","title":{"rendered":"1. Salvestamis\u00f5igused"},"content":{"rendered":"<p><img loading=\"lazy\" decoding=\"async\" width=\"309\" height=\"484\" class=\"alignnone wp-image-1036\" style=\"float: right;\" title=\"lisa_plokk2020.png\" src=\"https:\/\/sisu.ut.ee\/wp-content\/uploads\/sites\/177\/lisa_plokk2020.png\" alt=\"Lisa plokk\" srcset=\"https:\/\/sisu.ut.ee\/wp-content\/uploads\/sites\/177\/lisa_plokk2020.png 309w, https:\/\/sisu.ut.ee\/wp-content\/uploads\/sites\/177\/lisa_plokk2020-192x300.png 192w\" sizes=\"auto, (max-width: 309px) 100vw, 309px\">Panoptoga salvestamiseks on vaja Panopto serverisse kausta ning \u00f5igusi sinna salvestamiseks.<\/p>\n<h5>K\u00f5ige lihtsam viis kausta ja salvestamis\u00f5iguste saamiseks on lisada Moodle\u2019is enda e-kursusele Panopto plokk.<\/h5>\n<p>Kui teil veel e-kursust pole, saate selle ise \u00d5ISi kaudu lihtsasti luua (<a href=\"https:\/\/sisu.ut.ee\/juhendid\/kursuse-pohja-loominetellimine\/\" target=\"_blank\" rel=\"noopener\" data-url=\"https:\/\/sisu.ut.eekursuse-p%C3%B5hja-loominetellimine\">vt juhendit<\/a>). E-kursuse kaudu loodud Panopto kaustast saate videod veebilinkidena lisada ka teistele e-kursustele.<\/p>\n<h3><strong>Panopto ploki lisamiseks e-kursusele:<\/strong><\/h3>\n<ul>\n<li>l\u00fclituge e-kursusel muutmisre\u017eiimi<\/li>\n<li>valige vasakust servast\u00a0<em>Lisa plokk <\/em>men\u00fc\u00fcst<em> Panopto<\/em><\/li>\n<li>looge selle kaudu kaust (Panopto plokis link <em>Provision Course<\/em>)<\/li>\n<\/ul>\n<p>Te saate sinna kursuse kausta kohe ka salvestamis\u00f5igused (vaikimisi antakse salvestamis\u00f5igused k\u00f5igile selle aine \u00f5ppej\u00f5ududele ja vaatamis\u00f5igused antud e-kursuse \u00f5ppijatele).<\/p>\n<p style=\"text-align: center;\"><img loading=\"lazy\" decoding=\"async\" width=\"310\" height=\"128\" class=\"alignnone wp-image-1035\" title=\"plokk-moodles2020.png\" src=\"https:\/\/sisu.ut.ee\/wp-content\/uploads\/sites\/177\/plokk-moodles2020.png\" alt=\"Plokk\" srcset=\"https:\/\/sisu.ut.ee\/wp-content\/uploads\/sites\/177\/plokk-moodles2020.png 310w, https:\/\/sisu.ut.ee\/wp-content\/uploads\/sites\/177\/plokk-moodles2020-300x124.png 300w\" sizes=\"auto, (max-width: 310px) 100vw, 310px\"><\/p>\n<h5>Kui soovite veebilinke jagada ka teistel e-kursustel, siis kontrollige Panopto kausta vaatamis\u00f5igusi ning veenduge, et need oleksid n\u00e4htavad lingi kaudu v\u00f5i avalikud k\u00f5igile.<\/h5>\n<p>Kui te ei soovi videoloenguid siduda \u00fchegi konkreetse e-kursusega (nt videoloenguid salvestatakse mingi projekti raames), p\u00f6\u00f6rduge kausta ning \u00f5iguste saamiseks\u00a0e-kirjaga\u00a0<a href=\"mailto:eope@ut.ee\" target=\"_blank\" rel=\"noopener\">eope@ut.ee<\/a>.<\/p>\n","protected":false},"excerpt":{"rendered":"<p>Panoptoga salvestamiseks on vaja Panopto serverisse kausta ning \u00f5igusi sinna salvestamiseks. K\u00f5ige lihtsam viis kausta ja salvestamis\u00f5iguste saamiseks on lisada Moodle\u2019is enda e-kursusele Panopto plokk. Kui teil veel e-kursust pole, saate selle ise \u00d5ISi kaudu lihtsasti luua (vt juhendit). E-kursuse &#8230;<\/p>\n","protected":false},"author":6,"featured_media":0,"parent":0,"menu_order":0,"comment_status":"closed","ping_status":"closed","template":"","meta":{"_acf_changed":false,"inline_featured_image":false,"footnotes":""},"class_list":["post-246","page","type-page","status-publish","hentry"],"acf":[],"_links":{"self":[{"href":"https:\/\/sisu.ut.ee\/juhendid\/wp-json\/wp\/v2\/pages\/246","targetHints":{"allow":["GET"]}}],"collection":[{"href":"https:\/\/sisu.ut.ee\/juhendid\/wp-json\/wp\/v2\/pages"}],"about":[{"href":"https:\/\/sisu.ut.ee\/juhendid\/wp-json\/wp\/v2\/types\/page"}],"author":[{"embeddable":true,"href":"https:\/\/sisu.ut.ee\/juhendid\/wp-json\/wp\/v2\/users\/6"}],"replies":[{"embeddable":true,"href":"https:\/\/sisu.ut.ee\/juhendid\/wp-json\/wp\/v2\/comments?post=246"}],"version-history":[{"count":4,"href":"https:\/\/sisu.ut.ee\/juhendid\/wp-json\/wp\/v2\/pages\/246\/revisions"}],"predecessor-version":[{"id":3744,"href":"https:\/\/sisu.ut.ee\/juhendid\/wp-json\/wp\/v2\/pages\/246\/revisions\/3744"}],"wp:attachment":[{"href":"https:\/\/sisu.ut.ee\/juhendid\/wp-json\/wp\/v2\/media?parent=246"}],"curies":[{"name":"wp","href":"https:\/\/api.w.org\/{rel}","templated":true}]}}