{"id":243,"date":"2024-04-04T02:50:53","date_gmt":"2024-04-03T23:50:53","guid":{"rendered":"https:\/\/sisu.ut.ee\/juhendid\/3-kulaliste-lisamine-votmega-voi-ilma\/"},"modified":"2024-04-04T02:55:35","modified_gmt":"2024-04-03T23:55:35","slug":"3-kulaliste-lisamine-votmega-voi-ilma","status":"publish","type":"page","link":"https:\/\/sisu.ut.ee\/juhendid\/3-kulaliste-lisamine-votmega-voi-ilma\/","title":{"rendered":"3. K\u00fclaliste lisamine"},"content":{"rendered":"<p>\n\tKui soovite, et teie kursusele p\u00e4\u00e4seksid vaatama k\u00fclalised\u00a0\u2013 inimesed, kel pole Tartu \u00dclikooli kasutajatunnust ning parooli, saate enda kursuse avada k\u00fclalistele.\u00a0K\u00fclaline\u00a0saab vaid kursuse materjale vaadata, mitte seal midagi muuta v\u00f5i kasutada (nt teste sooritada, foorumit kasutada, kodut\u00f6id esitada).\n<\/p>\n<h3>\n\tK\u00fclaliste ligip\u00e4\u00e4su avamiseks:<br>\n<\/h3>\n<ul>\n<li>\n\t\tkl\u00f5psake vasakus plokis\u00a0<em>Seadistused \u2013 Kasutajad \u2013 Registreerimise meetodid<\/em>\n\t<\/li>\n<li>\n\t\tlisage p\u00f5hiaknas tabeli all olevast rippmen\u00fc\u00fcst meetod\u00a0<em>Ligip\u00e4\u00e4s k\u00fclalisena <\/em>(j\u00e4lgige, et<em> Ligip\u00e4\u00e4s k\u00fclalisena <\/em>poleks peidetud)\n\t<\/li>\n<li>\n\t\tn\u00fc\u00fcd kl\u00f5psake <em>Ligip\u00e4\u00e4s k\u00fclalisena <\/em>hammasratast ja lisage v\u00f5ti<br><img loading=\"lazy\" decoding=\"async\" width=\"606\" height=\"42\" class=\"alignnone wp-image-1032\" src=\"https:\/\/sisu.ut.ee\/wp-content\/uploads\/sites\/177\/ligipaas-kylalisena.png\" title=\"ligipaas-kylalisena.png\" alt=\"Ligip\u00e4\u00e4s k\u00fclalisena\" srcset=\"https:\/\/sisu.ut.ee\/wp-content\/uploads\/sites\/177\/ligipaas-kylalisena.png 606w, https:\/\/sisu.ut.ee\/wp-content\/uploads\/sites\/177\/ligipaas-kylalisena-300x21.png 300w\" sizes=\"auto, (max-width: 606px) 100vw, 606px\">\n\t<\/li>\n<li>\n\t\tsalvestage seadete lehel tehtud muudatused\n\t<\/li>\n<li>\n\t\tsaatke k\u00fclalisele kursuse veebiaadress ja v\u00f5ti\n\t<\/li>\n<\/ul>\n<p>\n\tV\u00f5tmeks v\u00f5ib olla suvaline t\u00e4htede ja numbrite kombinatsioon, kuid pigem v\u00f5iks valida sellise s\u00f5na, mille sisestamisel tekiks k\u00fclalisel v\u00f5imalikult v\u00e4he vigu. Sisestatud v\u00f5tit n\u00e4ete, kui kl\u00f5psate v\u00f5tme lahtri k\u00f5rval oleval silmal. Salvestage muudatused ja saatke k\u00fclalistele juhised edasiseks tegutsemiseks.\u00a0\n<\/p>\n<h5>\n\tNB! K\u00fclaline ei sisene Moodle\u2019isse enda Moodle\u2019i kasutajatunnusega ning parooliga.<br>\n<\/h5>\n","protected":false},"excerpt":{"rendered":"<p>Kui soovite, et teie kursusele p\u00e4\u00e4seksid vaatama k\u00fclalised\u00a0\u2013 inimesed, kel pole Tartu \u00dclikooli kasutajatunnust ning parooli, saate enda kursuse avada k\u00fclalistele.\u00a0K\u00fclaline\u00a0saab vaid kursuse materjale vaadata, mitte seal midagi muuta v\u00f5i kasutada (nt teste sooritada, foorumit kasutada, kodut\u00f6id esitada). K\u00fclaliste ligip\u00e4\u00e4su &#8230;<\/p>\n","protected":false},"author":6,"featured_media":0,"parent":0,"menu_order":0,"comment_status":"closed","ping_status":"closed","template":"","meta":{"_acf_changed":false,"inline_featured_image":false,"footnotes":""},"class_list":["post-243","page","type-page","status-publish","hentry"],"acf":[],"_links":{"self":[{"href":"https:\/\/sisu.ut.ee\/juhendid\/wp-json\/wp\/v2\/pages\/243","targetHints":{"allow":["GET"]}}],"collection":[{"href":"https:\/\/sisu.ut.ee\/juhendid\/wp-json\/wp\/v2\/pages"}],"about":[{"href":"https:\/\/sisu.ut.ee\/juhendid\/wp-json\/wp\/v2\/types\/page"}],"author":[{"embeddable":true,"href":"https:\/\/sisu.ut.ee\/juhendid\/wp-json\/wp\/v2\/users\/6"}],"replies":[{"embeddable":true,"href":"https:\/\/sisu.ut.ee\/juhendid\/wp-json\/wp\/v2\/comments?post=243"}],"version-history":[{"count":1,"href":"https:\/\/sisu.ut.ee\/juhendid\/wp-json\/wp\/v2\/pages\/243\/revisions"}],"predecessor-version":[{"id":1608,"href":"https:\/\/sisu.ut.ee\/juhendid\/wp-json\/wp\/v2\/pages\/243\/revisions\/1608"}],"wp:attachment":[{"href":"https:\/\/sisu.ut.ee\/juhendid\/wp-json\/wp\/v2\/media?parent=243"}],"curies":[{"name":"wp","href":"https:\/\/api.w.org\/{rel}","templated":true}]}}