{"id":241,"date":"2024-04-04T02:50:53","date_gmt":"2024-04-03T23:50:53","guid":{"rendered":"https:\/\/sisu.ut.ee\/juhendid\/2-oppejoudude-lisamine\/"},"modified":"2024-04-04T02:55:35","modified_gmt":"2024-04-03T23:55:35","slug":"2-oppejoudude-lisamine","status":"publish","type":"page","link":"https:\/\/sisu.ut.ee\/juhendid\/2-oppejoudude-lisamine\/","title":{"rendered":"2. \u00d5ppej\u00f5udude lisamine"},"content":{"rendered":"<h2>\n\tA. \u00d5ISi kaudu<br>\n<\/h2>\n<p>\n\tKui tellite endale \u00d5ISi kaudu uue kursuse p\u00f5hja, liidetakse teid kohe sinna kursusele \u00f5ppej\u00f5uks\/disaineriks. Samamoodi lisatakse teie kollegid, kes on \u00d5ISis vastava ainekavaga seotud. Seega j\u00e4lgige, et k\u00f5ik vajalikud \u00f5ppej\u00f5ud oleksid \u00d5ISis ainekavasse lisatud.\u00a0\n<\/p>\n<p>\n\tKui \u00d5ISis muudetakse \u00f5ppeainega seotud \u00f5ppej\u00f5ude, siis saab Moodle\u2019is oleva kursuse vastavaid andmeid ainekava juurest muuta, klikkides nupul\u00a0<em>V\u00e4rskenda andmeid Moodle\u2019is<\/em>.\n<\/p>\n<p style=\"text-align: center\">\n\t<img loading=\"lazy\" decoding=\"async\" width=\"1118\" height=\"334\" class=\"alignnone wp-image-325\" style=\"width: 600px;height: 179px\" src=\"https:\/\/sisu.ut.ee\/wp-content\/uploads\/sites\/177\/screenshot_2022-04-29_at_13.14.49.png\" title=\"screenshot_2022-04-29_at_13.14.49.png\" alt=\"pilt\" srcset=\"https:\/\/sisu.ut.ee\/wp-content\/uploads\/sites\/177\/screenshot_2022-04-29_at_13.14.49.png 1118w, https:\/\/sisu.ut.ee\/wp-content\/uploads\/sites\/177\/screenshot_2022-04-29_at_13.14.49-300x90.png 300w, https:\/\/sisu.ut.ee\/wp-content\/uploads\/sites\/177\/screenshot_2022-04-29_at_13.14.49-1024x306.png 1024w, https:\/\/sisu.ut.ee\/wp-content\/uploads\/sites\/177\/screenshot_2022-04-29_at_13.14.49-768x229.png 768w\" sizes=\"auto, (max-width: 1118px) 100vw, 1118px\">\n<\/p>\n<h3>\n\t\u00d5ppe\u00fclesande t\u00e4itja lisamine Moodle\u2019i kursusele<br>\n<\/h3>\n<p>\n\tKui \u00f5ppej\u00f5ud ei ole t\u00f6\u00f6lepinguga T\u00dc t\u00f6\u00f6taja, vaid on t\u00f6\u00f6v\u00f5tu- v\u00f5i k\u00e4sunduslepinguga \u00f5ppe\u00fclesande t\u00e4itja, siis tuleb ta k\u00f5igepealt lisada \u00f5ppekorralduse spetsialisti v\u00f5i programmijuhi poolt\u00a0ainekava\/programmi juurde \u00f5ppej\u00f5uks. Halda Moodle\u2019i seoseid alt <em>V\u00e4rskenda andmeid Moodle\u2019is<\/em> nupul kl\u00f5psates lisatakse \u00f5ppe\u00fclesande t\u00e4itja Moodle\u2019is kursuse \u00f5ppej\u00f5uks.\n<\/p>\n<ul>\n<li>\n\t\tKui \u00f5ppe\u00fclesande t\u00e4itjal on \u00fclikooli arvutiv\u00f5rgu kasutajakonto, siis lisatakse ta Moodle\u2019isse selle kontoga. T\u00f6\u00f6v\u00f5tu- v\u00f5i k\u00e4sundusleping peab olema sel perioodil aktiivne. Kui t\u00f6\u00f6v\u00f5tu- v\u00f5i k\u00e4sunduslepingu periood l\u00f5peb ja \u00f5ppe\u00fclesande t\u00e4itja logib sisse Moodle\u2019isse, siis konverteeritakse \u00fclikooli arvutiv\u00f5rgu kasutajakonto Moodle\u2019is Moodle\u2019i lokaalseks kontoks (kursusele \u00f5ppej\u00f5u rollis ligip\u00e4\u00e4s s\u00e4ilib).\n\t<\/li>\n<li>\n\t\tKui \u00f5ppe\u00fclesande t\u00e4itjal ei ole \u00fclikooli arvutiv\u00f5rgu kontot, siis luuakse talle\u00a0seejuures\u00a0automaatselt Moodle\u2019i lokaalne kasutajatunnus, mille info\u00a0saadetakse talle e-postiga.\n\t<\/li>\n<\/ul>\n<h2>\n\tB. K\u00e4sitsi<br>\n<\/h2>\n<p>\n\tMoodle\u2019i e-kursusel saab k\u00e4sitsi \u00f5ppej\u00f5uks lisada ka neid isikuid, kes \u00d5ISis vastava kursuse ainekava \u00f5ppej\u00f5uks m\u00e4rgitud pole.\u00a0Need T\u00dc arvutiv\u00f5rgu kasutajatunnust omavad isikud peavad enne Moodle\u2019is oma kasutajakonto aktiveerima (korra sisenema ja oma kasutajaandmed t\u00e4itma) \u2013 alles siis saab neid otsinguga Moodle\u2019i kasutajate hulgast otsida ja kursusele lisada.\u00a0\n<\/p>\n<p>\n\tKui soovite\u00a0ise oma\u00a0kolleege kursusele \u00f5petajaks lisada, siis\n<\/p>\n<ul>\n<li>\n\t\tkl\u00f5psake vasakus men\u00fc\u00fcs\u00a0<em>Seadistused \u2013 Kasutajad \u2013 Registreeritud kasutajad<\/em>\n\t<\/li>\n<li>\n\t\tkl\u00f5psake paremas \u00fclanurgas nuppu\u00a0<em>Registreeri kasutajaid<\/em>\n\t<\/li>\n<li>\n\t\tvalige avaneva akna alaosas olevas rippmen\u00fc\u00fcs<em>\u00a0M\u00e4\u00e4ra roll\u00a0<\/em>sobiv roll\n\t<\/li>\n<li>\n\t\tsisestage otsingulahtrisse \u00f5ppej\u00f5u\u00a0<em>perenimi<\/em>\u00a0\n\t<\/li>\n<li>\n\t\tkl\u00f5psake nimel ja otsige j\u00e4rgmine \u00f5ppej\u00f5ud\n\t<\/li>\n<li>\n\t\tl\u00f5petamiseks kl\u00f5psake nupul\u00a0<em>Registreeri kasutajaid<\/em>\n\t<\/li>\n<\/ul>\n","protected":false},"excerpt":{"rendered":"<p>A. \u00d5ISi kaudu Kui tellite endale \u00d5ISi kaudu uue kursuse p\u00f5hja, liidetakse teid kohe sinna kursusele \u00f5ppej\u00f5uks\/disaineriks. Samamoodi lisatakse teie kollegid, kes on \u00d5ISis vastava ainekavaga seotud. Seega j\u00e4lgige, et k\u00f5ik vajalikud \u00f5ppej\u00f5ud oleksid \u00d5ISis ainekavasse lisatud.\u00a0 Kui \u00d5ISis muudetakse &#8230;<\/p>\n","protected":false},"author":6,"featured_media":0,"parent":0,"menu_order":0,"comment_status":"closed","ping_status":"closed","template":"","meta":{"_acf_changed":false,"inline_featured_image":false,"footnotes":""},"class_list":["post-241","page","type-page","status-publish","hentry"],"acf":[],"_links":{"self":[{"href":"https:\/\/sisu.ut.ee\/juhendid\/wp-json\/wp\/v2\/pages\/241","targetHints":{"allow":["GET"]}}],"collection":[{"href":"https:\/\/sisu.ut.ee\/juhendid\/wp-json\/wp\/v2\/pages"}],"about":[{"href":"https:\/\/sisu.ut.ee\/juhendid\/wp-json\/wp\/v2\/types\/page"}],"author":[{"embeddable":true,"href":"https:\/\/sisu.ut.ee\/juhendid\/wp-json\/wp\/v2\/users\/6"}],"replies":[{"embeddable":true,"href":"https:\/\/sisu.ut.ee\/juhendid\/wp-json\/wp\/v2\/comments?post=241"}],"version-history":[{"count":1,"href":"https:\/\/sisu.ut.ee\/juhendid\/wp-json\/wp\/v2\/pages\/241\/revisions"}],"predecessor-version":[{"id":1610,"href":"https:\/\/sisu.ut.ee\/juhendid\/wp-json\/wp\/v2\/pages\/241\/revisions\/1610"}],"wp:attachment":[{"href":"https:\/\/sisu.ut.ee\/juhendid\/wp-json\/wp\/v2\/media?parent=241"}],"curies":[{"name":"wp","href":"https:\/\/api.w.org\/{rel}","templated":true}]}}