{"id":238,"date":"2024-04-04T02:50:53","date_gmt":"2024-04-03T23:50:53","guid":{"rendered":"https:\/\/sisu.ut.ee\/juhendid\/1-oppijate-lisamine\/"},"modified":"2024-04-04T02:55:35","modified_gmt":"2024-04-03T23:55:35","slug":"1-oppijate-lisamine","status":"publish","type":"page","link":"https:\/\/sisu.ut.ee\/juhendid\/1-oppijate-lisamine\/","title":{"rendered":"\u00d5ppijate lisamine"},"content":{"rendered":"<p>\n\t\u00d5ppijaid\u00a0on v\u00f5imalik kursusele lisada kolmel moel: <strong>\u00d5ISi kaudu<\/strong> (soovitatav), <strong>k\u00e4sitsi<\/strong>, <strong>iseregistreerumise teel<\/strong> v\u00f5tmega v\u00f5i ilma.\n<\/p>\n<h5>\n\tP\u00e4rast \u00f5ppijate lisamist e-kursusele on kursuse nimi \u00f5ppija Moodle\u2019i avalehel <em>T\u00f6\u00f6laud<\/em>\u00a0 ja ta p\u00e4\u00e4seb kursusele selle nimel klikkides.<br>\n<\/h5>\n<h2>\n\tA. \u00d5ISi kaudu<br>\n<\/h2>\n<p>\n\t\u00d5ISi kaudu\u00a0on k\u00f5ige lihtsam ja korrektsem. Nupulevajutusega lisatakse automaatselt k\u00f5ik \u00d5ISis ainele registreerunud \u00f5ppijad e-kursusele, tekitatakse neile vajadusel Moodle\u2019is kasutajatunnused (kui T\u00dc arvutiv\u00f5rgu kasutajatunnus puudub) ja saadetakse e-kiri vajaliku infoga.\u00a0\u00d5ppijate e-kursusele lisamiseks peab olema loodud seos \u00d5ISi ainekava ja e-kursuse vahel. Kui l\u00f5ite varem Moodle\u2019i kursuse p\u00f5hja \u00d5ISi ainekava juurest, siis on seos juba automaatselt olemas. Seose loomise eelduseks on see, et vastava \u00f5ppeaine ainekava on \u00d5ISis m\u00e4rgitud p\u00f5im- v\u00f5i veebi\u00f5ppeks.\u00a0\n<\/p>\n<p>\n\tAinekava muutmiseks veebip\u00f5hiseks (kui seda pole juba tehtud):\n<\/p>\n<ul>\n<li>\n\t\tavage \u00d5ISis ainekava ja kl\u00f5psake nupul\u00a0<em>Muuda ainekava p\u00f5hiandmeid<\/em>\n\t<\/li>\n<li>\n\t\tvalige tunnuse\u00a0<em>\u00d5ppevorm\u00a0<\/em>rippmen\u00fc\u00fcst\u00a0<em>P\u00f5im\u00f5pe<\/em>\u00a0v\u00f5i\u00a0<em>Veebi\u00f5pe<\/em>\n\t<\/li>\n<\/ul>\n<p>\n\tSeose loomiseks\u00a0\u00d5ISi ainekava ja Moodle\u2019i e-kursuse vahel:\n<\/p>\n<ul>\n<li>\n\t\tkl\u00f5psake \u00d5ISis ainekava juures nupul\u00a0<em>Halda Moodle\u2019i seoseid<\/em>\n\t<\/li>\n<li>\n\t\tavanevas aknas\u00a0<em>Seosed Moodle\u2019iga<\/em>\u00a0kl\u00f5psake nupul\u00a0<em>Seo olemasoleva Moodle\u2019i kursusega<\/em>\n\t<\/li>\n<li>\n\t\tseose loomiseks sisestage tekstikasti soovitud\u00a0<strong>e-kursuse l\u00fchinimi<\/strong>, mis kopeerige Moodle\u2019ist e-kursuselt (kursusel olles p\u00e4rast linki\u00a0<em>T\u00f6\u00f6laud \u00a0<\/em>v\u00f5i <em>Seadistused <\/em>\u2013\u00a0<em>Kursuse<\/em> a<em>dministreerimine \u2013 Muuda s\u00e4tteid, Kursuse l\u00fchinimi<\/em>)\n\t<\/li>\n<\/ul>\n<p style=\"text-align: center\">\n\t<img loading=\"lazy\" decoding=\"async\" width=\"1310\" height=\"342\" class=\"alignnone wp-image-324\" style=\"width: 550px;height: 144px\" src=\"https:\/\/sisu.ut.ee\/wp-content\/uploads\/sites\/177\/screenshot_2022-04-29_at_13.13.05.png\" title=\"screenshot_2022-04-29_at_13.13.05.png\" alt=\"pilt\" srcset=\"https:\/\/sisu.ut.ee\/wp-content\/uploads\/sites\/177\/screenshot_2022-04-29_at_13.13.05.png 1310w, https:\/\/sisu.ut.ee\/wp-content\/uploads\/sites\/177\/screenshot_2022-04-29_at_13.13.05-300x78.png 300w, https:\/\/sisu.ut.ee\/wp-content\/uploads\/sites\/177\/screenshot_2022-04-29_at_13.13.05-1024x267.png 1024w, https:\/\/sisu.ut.ee\/wp-content\/uploads\/sites\/177\/screenshot_2022-04-29_at_13.13.05-768x201.png 768w\" sizes=\"auto, (max-width: 1310px) 100vw, 1310px\">\n<\/p>\n<h5>\n\tNB! Kontrollige l\u00fchinimi kindlasti \u00fcle Moodle\u2019i kursuselt, et v\u00e4ltida seose loomist vale e-kursusega ja \u00f5ppijate \u00fclekannet valele e-kursusele.<br>\n<\/h5>\n<h3>\n\t\u00d5ppijate automaatseks \u00fclekandeks j\u00e4rgmisel \u00f6\u00f6l:<br>\n<\/h3>\n<ul>\n<li>\n\t\tkl\u00f5psake \u00d5ISi ainekava juures aknas\u00a0<em>Seosed Moodle\u2019iga<\/em>\u00a0real\u00a0<em>I<\/em><em>ga\u00f6ine \u00f5ppijate \u00fclekanne<\/em>\u00a0lingil\u00a0<em>Alusta<\/em>. P\u00e4rast vajutamist sooritatakse j\u00e4rgneval \u00f6\u00f6l esimene \u00f5ppijate \u00fclekanne. P\u00e4rast \u00fclekannete alustamist uuendatakse Moodle\u2019is \u00f5ppijate nimistut kord \u00f6\u00f6p\u00e4evas l\u00e4htuvalt \u00d5ISis ainele registreerunute nimekirjast.\n\t<\/li>\n<\/ul>\n<p style=\"text-align: center\">\n\t<img loading=\"lazy\" decoding=\"async\" width=\"1118\" height=\"334\" class=\"alignnone wp-image-1025\" style=\"width: 600px;height: 179px\" src=\"https:\/\/sisu.ut.ee\/wp-content\/uploads\/sites\/177\/screenshot_2022-04-29_at_13.18.52.png\" title=\"screenshot_2022-04-29_at_13.18.52.png\" alt=\"pilt\" srcset=\"https:\/\/sisu.ut.ee\/wp-content\/uploads\/sites\/177\/screenshot_2022-04-29_at_13.18.52.png 1118w, https:\/\/sisu.ut.ee\/wp-content\/uploads\/sites\/177\/screenshot_2022-04-29_at_13.18.52-300x90.png 300w, https:\/\/sisu.ut.ee\/wp-content\/uploads\/sites\/177\/screenshot_2022-04-29_at_13.18.52-1024x306.png 1024w, https:\/\/sisu.ut.ee\/wp-content\/uploads\/sites\/177\/screenshot_2022-04-29_at_13.18.52-768x229.png 768w\" sizes=\"auto, (max-width: 1118px) 100vw, 1118px\">\n<\/p>\n<h3>\n\t\u00d5ppijate koheseks \u00fclekandeks:<br>\n<\/h3>\n<ul>\n<li>\n\t\tkl\u00f5psake real\u00a0<em>Iga\u00f6ine \u00f5ppijate \u00fclekanne<\/em>\u00a0lingil\u00a0<em>Alusta\u00a0<\/em>\n\t<\/li>\n<li>\n\t\tkl\u00f5psake nupul\u00a0<em>Uuenda \u00f5ppijaid Moodle\u2019i kursusel<\/em>\n\t<\/li>\n<\/ul>\n<p style=\"text-align: center\">\n\t<img loading=\"lazy\" decoding=\"async\" width=\"1498\" height=\"360\" class=\"alignnone wp-image-1026\" style=\"width: 800px;height: 192px\" src=\"https:\/\/sisu.ut.ee\/wp-content\/uploads\/sites\/177\/screenshot_2022-04-29_at_13.20.37.png\" title=\"screenshot_2022-04-29_at_13.20.37.png\" alt=\"pilt\" srcset=\"https:\/\/sisu.ut.ee\/wp-content\/uploads\/sites\/177\/screenshot_2022-04-29_at_13.20.37.png 1498w, https:\/\/sisu.ut.ee\/wp-content\/uploads\/sites\/177\/screenshot_2022-04-29_at_13.20.37-300x72.png 300w, https:\/\/sisu.ut.ee\/wp-content\/uploads\/sites\/177\/screenshot_2022-04-29_at_13.20.37-1024x246.png 1024w, https:\/\/sisu.ut.ee\/wp-content\/uploads\/sites\/177\/screenshot_2022-04-29_at_13.20.37-768x185.png 768w\" sizes=\"auto, (max-width: 1498px) 100vw, 1498px\">\n<\/p>\n<p>\n\tKui te viimasel nupul ei vajuta, k\u00e4ivitub j\u00e4rgmisel \u00f6\u00f6l automaatne \u00f5ppijate \u00fclekanne. \u00a0\u00d5ppijate automaatseid \u00fclekandeid \u00d5ISist Moodle\u00b4i kursusele saab peatada, klikkides real\u00a0<em>Iga\u00f6ine \u00f5ppijate \u00fclekanne<\/em>\u00a0lingil\u00a0<em>L\u00f5peta<\/em>.\n<\/p>\n<p>\n\tT\u00dc arvutiv\u00f5rgu kasutajatunnust omavad ainele registreerunud isikud lisatakse \u00f5ppija staatuses vastavale Moodle\u2019i kursusele ning neile saadetakse e-postiga vastav teade. Kui \u00f5ppijal puudub \u00d5ISis e-posti aadress, ei saa teda Moodle\u2019i kursusele lisada ning nende isikute kohta kuvatakse veateade. Need \u00f5ppijad peate e-kursusele lisama k\u00e4sitsi v\u00f5i teatama neile\u00a0v\u00f5tme, mille abil nad saavad kursusele siseneda. Uutel \u00d5ISi kasutajatel on e-posti aadressi lisamine kohustuslik, kuid varem kasutajatunnuse saanutel v\u00f5ib e-posti aadressi info kasutajakontol puududa.\n<\/p>\n<p>\n\tNendele, kes on \u00d5ISis ainele registreerunud, kuid \u00fclikooli kasutajatunnust ei oma (nt t\u00e4iendus\u00f5ppe kursustele registreerunud), luuakse Moodle\u2019i kasutajakonto automaatselt. Konto andmed edastatakse neile e-kirjaga.\n<\/p>\n<p>\n\tKui olete kord loonud seose \u00d5ISi ainekava ja Moodle\u2019is e-kursuse vahel ja alustanud iga\u00f6ist \u00f5ppijate \u00fclekannet, siis hakkab \u00d5IS automaatselt igal \u00f6\u00f6l terve semestri jooksul vastava e-kursusega \u00f5ppijate andmeid vahetama. Moodle\u2019is lisatakse kursusele need, kes on \u00d5ISis juurde registreerunud ning eemaldatakse need, kes on \u00d5ISis ainelt maha registreerunud. Neid kasutajaid, kes on e-kursusele Moodle\u2019is k\u00e4sitsi lisatud, automaatselt e-kursuselt ei eemaldata.\n<\/p>\n<h5>\n\tNB!\u00a0\u00dchele e-kursusele saab \u00f5ppijaid lisada erinevatelt \u00d5ISi ainekavadelt (nt nii statsi kui a\u00fc ainekavadelt). Eelduseks on see, et k\u00f5ikidel nendel ainekavadel on seos vastava e-kursusega loodud ning alustatud iga\u00f6ist \u00f5ppijate \u00fclekannet.<br>\n<\/h5>\n<h3>\n\tR\u00fchmade ja r\u00fchmituste moodustamine<br>\n<\/h3>\n<p>\n\tKui \u00f5ppijad on \u00d5ISi ainekava juures registreerunud r\u00fchmadesse ja toimub \u00f5ppijate \u00fclekandmine e-kursusele, siis moodustatakse e-kursusel \u00f5ppijate \u00fclekandmise hetkel automaatselt samasugused r\u00fchmad ja paigutatakse \u00f5ppijad r\u00fchmadesse. Lisaks luuakse Moodle\u2019i kursusel r\u00fchmitus, kuhu paigutatakse vastava ainekava r\u00fchmad.\n<\/p>\n<p>\n\tR\u00fchmade ja r\u00fchmituste moodustamise p\u00f5him\u00f5tted:\n<\/p>\n<ul>\n<li>\n\t\te-kursusel luuakse automaatselt samad <strong>r\u00fchmad <\/strong>nagu on \u00d5ISis, r\u00fchma nimetuses kajastub Moodle\u2019i kursusel ka semester, \u00f5ppevorm ja keel, nt\u00a01. r\u00fchm 22\/23 K P\u00d5,\u00a01. group 22\/23 K S\u00d5 Eng\n\t<\/li>\n<li>\n\t\te-kursusel luuakse ainekava tunnustega <strong>r\u00fchmitus<\/strong>, kuhu paigutatakse vastava ainekava \u00d5ISi r\u00fchmad. R\u00fchmituse nimetuses kajastub ainekood, semester, \u00f5ppevorm ja keel, nt P2OO.001 K S\u00d5\n\t<\/li>\n<li>\n\t\t\u00f5ppijate andmete uuendamisel \u00d5ISist uuendatakse ka Moodle\u2019is olevate \u00d5ISi r\u00fchmade koosseisu (nt kui keegi on \u00d5ISis r\u00fchmast maha registreerunud, eemaldatakse ta ka Moodle\u2019is vastavast r\u00fchmast, kui keegi vahetab \u00d5ISis r\u00fchma, siis vahetatakse tal r\u00fchma ka Moodle\u2019is). \u00d5ppej\u00f5u poolt e-kursusel k\u00e4sitsi tehtud r\u00fchmi ja nende koosseise uuendamise k\u00e4igus ei puututa\n\t<\/li>\n<li>\n\t\te-kursusel saab \u00f5ppija olla \u00fches \u00d5ISi r\u00fchmas pluss veel teistes r\u00fchmades, mis on \u00f5ppej\u00f5u poolt k\u00e4sitsi loodud ja kuhu ta on lisatud\n\t<\/li>\n<li>\n\t\tkui e-kursusele tulevad \u00f5ppijad kokku mitmest \u00d5ISi ainekavast, kus on r\u00fchmad, siis e-kursusel luukse r\u00fchmad ja r\u00fchmitused m\u00f5lema ainekava baasil. Kui sama \u00f5ppija on m\u00f5lemale ainele registreerunud, siis v\u00f5ib ta e-kursusel kuuluda mitmesse \u00d5ISi r\u00fchma.\n\t<\/li>\n<\/ul>\n<h2>\n\tB. K\u00e4sitsi<br>\n<\/h2>\n<p>\n\tIse \u00f5ppijate\u00a0k\u00e4sitsi lisamine\u00a0sobib siis, kui \u00f5ppej\u00f5ud teab k\u00f5igi \u00f5ppijate korrektseid nimesid, \u00f5ppijatel on T\u00dc arvutiv\u00f5rgu kasutajatunnus v\u00f5i\u00a0Moodle\u2019i kasutajatunnus\u00a0ning \u00f5ppijaid pole eriti palju ja mingil p\u00f5hjusel pole nad \u00d5ISis kursusele registreerunud. K\u00e4sitsi \u00f5ppijate lisamiseks:\n<\/p>\n<ul>\n<li>\n\t\tkl\u00f5psake vasakus men\u00fc\u00fcs\u00a0<em>Seadistused \u2013 Kasutajad \u2013 Registreeritud kasutajad<\/em>\n\t<\/li>\n<li>\n\t\tkl\u00f5psake paremas \u00fclanurgas nuppu\u00a0<em>Registreeri kasutajaid<\/em>\n\t<\/li>\n<li>\n\t\tvalige avaneva akna alaosas olevas rippmen\u00fc\u00fcs<em> M\u00e4\u00e4ra roll\u00a0<\/em>sobiv roll\n\t<\/li>\n<li>\n\t\tsisestage otsingulahtrisse\u00a0<em>\u00f5ppija perenimi<\/em>\u00a0\n\t<\/li>\n<li>\n\t\tkl\u00f5psake nimel ja otsige j\u00e4rgmine \u00f5ppija\n\t<\/li>\n<li>\n\t\tkl\u00f5psates Kuva rohkem\u2026 saate m\u00e4\u00e4rata, kas \u00f5ppijate vanad hinded sel kursusel taastatakse (\u00f5ppija hinded on taastatavad 365 p\u00e4eva ja kui \u00f5ppijad kustutati varem kursuselt k\u00e4sitsi)\u00a0\n\t<\/li>\n<li>\n\t\tl\u00f5petamiseks kl\u00f5psake nupul\u00a0<em>Registreeri kasutajaid<\/em>\n\t<\/li>\n<\/ul>\n<h5>\n\tNB! K\u00e4sitsi lisatud \u00f5ppijad tuleb p\u00e4rast kursuse l\u00f5ppu ka k\u00e4sitsi kursuselt eemaldada ja nende hindeid ei saa e-kursuselt \u00d5ISi protokolli importida<br>\n<\/h5>\n<h2>\n\tC. Iseregistreerumine (v\u00f5tmega v\u00f5i ilma)<br>\n<\/h2>\n<p>\n\tIseregistreerumine\u00a0sobib siis, kui \u00f5ppijaid on kursusel palju ja kui \u00f5ppej\u00f5ud teab, et \u00f5ppijatel on T\u00dc arvutiv\u00f5rgu kasutajatunnus v\u00f5i\u00a0Moodle\u2019i kasutajatunnus\u00a0(t\u00e4iendus\u00f5ppijad) ja kui Moodle\u2019is on \u00fchel e-kursusel mitme aine \u00f5ppijad korraga ja \u00f5ppej\u00f5ud ei soovi e-kursuse hindetabeli p\u00f5hjal otse \u00d5ISi protokolli luua vm. Sellisel juhul p\u00e4\u00e4sevad\u00a0\u00f5ppijad Moodle\u2019i kursustele \u00f5ppej\u00f5u k\u00e4est saadud v\u00f5tme abil.\u00a0\n<\/p>\n<p>\n\tIseregirtreerumise lehele j\u00f5uate plokist\u00a0<em>Seadistused \u2013<\/em>\u00a0<em>Kasutajad\u00a0<\/em>\u2013\u00a0<em>Registreerimise meetodid \u2013 Iseregistreerumine (\u00d5ppija)<\/em>.\n<\/p>\n<p>\n\tIseregistreerumise seadete lehel saate m\u00e4\u00e4rata ka\u00a0registreerumise v\u00f5tme.\u00a0V\u00f5tmeks v\u00f5ib olla suvaline t\u00e4htede ja numbrite kombinatsioon, kuid pigem v\u00f5iks valida sellise s\u00f5na, mille sisestamisel tekiks \u00f5ppijal v\u00f5imalikult v\u00e4he vigu. Sisestatud v\u00f5tit n\u00e4ete, kui kl\u00f5psate lahtri j\u00e4rel silmal. Salvestage muudatused ja saatke \u00f5ppijatele juhised edasiseks tegutsemiseks.\u00a0V\u00f5tmega sisenemisel saate \u00d5ISis kursusele registreerunud \u00f5ppijatele saata juhised (kursuse nime, veebiaadressi ja v\u00f5tme) \u00d5ISi kaudu e-kirjana.\u00a0\n<\/p>\n<h5>\n\tNB! Iseregistreerumisega sisenenud \u00f5ppijad tuleb p\u00e4rast kursuse l\u00f5ppu k\u00e4sitsi kursuselt eemaldada ja nende hindeid ei saa e-kursuselt \u00d5ISi protokolli importida.<br>\n<\/h5>\n","protected":false},"excerpt":{"rendered":"<p>\u00d5ppijaid\u00a0on v\u00f5imalik kursusele lisada kolmel moel: \u00d5ISi kaudu (soovitatav), k\u00e4sitsi, iseregistreerumise teel v\u00f5tmega v\u00f5i ilma. P\u00e4rast \u00f5ppijate lisamist e-kursusele on kursuse nimi \u00f5ppija Moodle\u2019i avalehel T\u00f6\u00f6laud\u00a0 ja ta p\u00e4\u00e4seb kursusele selle nimel klikkides. A. \u00d5ISi kaudu \u00d5ISi kaudu\u00a0on k\u00f5ige lihtsam &#8230;<\/p>\n","protected":false},"author":6,"featured_media":0,"parent":0,"menu_order":0,"comment_status":"closed","ping_status":"closed","template":"","meta":{"_acf_changed":false,"inline_featured_image":false,"footnotes":""},"class_list":["post-238","page","type-page","status-publish","hentry"],"acf":[],"_links":{"self":[{"href":"https:\/\/sisu.ut.ee\/juhendid\/wp-json\/wp\/v2\/pages\/238","targetHints":{"allow":["GET"]}}],"collection":[{"href":"https:\/\/sisu.ut.ee\/juhendid\/wp-json\/wp\/v2\/pages"}],"about":[{"href":"https:\/\/sisu.ut.ee\/juhendid\/wp-json\/wp\/v2\/types\/page"}],"author":[{"embeddable":true,"href":"https:\/\/sisu.ut.ee\/juhendid\/wp-json\/wp\/v2\/users\/6"}],"replies":[{"embeddable":true,"href":"https:\/\/sisu.ut.ee\/juhendid\/wp-json\/wp\/v2\/comments?post=238"}],"version-history":[{"count":1,"href":"https:\/\/sisu.ut.ee\/juhendid\/wp-json\/wp\/v2\/pages\/238\/revisions"}],"predecessor-version":[{"id":1613,"href":"https:\/\/sisu.ut.ee\/juhendid\/wp-json\/wp\/v2\/pages\/238\/revisions\/1613"}],"wp:attachment":[{"href":"https:\/\/sisu.ut.ee\/juhendid\/wp-json\/wp\/v2\/media?parent=238"}],"curies":[{"name":"wp","href":"https:\/\/api.w.org\/{rel}","templated":true}]}}