{"id":236,"date":"2024-04-04T02:50:53","date_gmt":"2024-04-03T23:50:53","guid":{"rendered":"https:\/\/sisu.ut.ee\/juhendid\/6-testi-kusimuste-taaskasutamine-eksportimport\/"},"modified":"2025-11-10T11:27:04","modified_gmt":"2025-11-10T09:27:04","slug":"6-testi-kusimuste-taaskasutamine-eksportimport","status":"publish","type":"page","link":"https:\/\/sisu.ut.ee\/juhendid\/6-testi-kusimuste-taaskasutamine-eksportimport\/","title":{"rendered":"6. Testi k\u00fcsimuste taaskasutamine"},"content":{"rendered":"<p>Kui soovite testik\u00fcsimusi kasutada mingil teisel e-kursusel, siis saab neid testist eksportida \u00fche tervikfailina ning teisele kursusel importida.<\/p>\n<h5>NB! Nii saate teisele kursusele importida k\u00fcsimused, mitte tervet testi \u2013 testi peate imporditud k\u00fcsimustest kursusel uuesti looma (ja k\u00fcsimused sinna lisama).<\/h5>\n<h3>K\u00fcsimuste eksportimiseks:<\/h3>\n<ul>\n<li>valige vasakust plokist\u00a0<em>Seadistused<\/em> \u2013 <em>K\u00fcsimustepank \u2013 Ekspordi<\/em><\/li>\n<li>faili formaadiks valige <em>Moodle\u2019i XML-vorming<\/em><\/li>\n<li>kl\u00f5psake nuppu\u00a0<em>Ekspordi k\u00fcsimused faili \u2013<\/em> fail l\u00e4heb allalaetud failide kausta teie arvuti k\u00f5vakettal<\/li>\n<\/ul>\n<h3>K\u00fcsimuste importimiseks:<\/h3>\n<ul>\n<li>valige vasakust plokist\u00a0<em>Seadistused<\/em>\u00a0\u2013 \u00a0<em>K\u00fcsimustepank \u2013 Impordi<\/em><\/li>\n<li>faili formaadiks valige\u00a0<em>Moodle\u2019i XML-vorming<\/em><\/li>\n<li>valige v\u00f5i lohistage lahtrisse\u00a0k\u00fcsimuste fail<\/li>\n<li>lisage imporditud k\u00fcsimused soovitud testi<\/li>\n<\/ul>\n","protected":false},"excerpt":{"rendered":"<p>Kui soovite testik\u00fcsimusi kasutada mingil teisel e-kursusel, siis saab neid testist eksportida \u00fche tervikfailina ning teisele kursusel importida. NB! Nii saate teisele kursusele importida k\u00fcsimused, mitte tervet testi \u2013 testi peate imporditud k\u00fcsimustest kursusel uuesti looma (ja k\u00fcsimused sinna lisama). &#8230;<\/p>\n","protected":false},"author":6,"featured_media":0,"parent":0,"menu_order":0,"comment_status":"closed","ping_status":"closed","template":"","meta":{"_acf_changed":false,"inline_featured_image":false,"footnotes":""},"class_list":["post-236","page","type-page","status-publish","hentry"],"acf":[],"_links":{"self":[{"href":"https:\/\/sisu.ut.ee\/juhendid\/wp-json\/wp\/v2\/pages\/236","targetHints":{"allow":["GET"]}}],"collection":[{"href":"https:\/\/sisu.ut.ee\/juhendid\/wp-json\/wp\/v2\/pages"}],"about":[{"href":"https:\/\/sisu.ut.ee\/juhendid\/wp-json\/wp\/v2\/types\/page"}],"author":[{"embeddable":true,"href":"https:\/\/sisu.ut.ee\/juhendid\/wp-json\/wp\/v2\/users\/6"}],"replies":[{"embeddable":true,"href":"https:\/\/sisu.ut.ee\/juhendid\/wp-json\/wp\/v2\/comments?post=236"}],"version-history":[{"count":2,"href":"https:\/\/sisu.ut.ee\/juhendid\/wp-json\/wp\/v2\/pages\/236\/revisions"}],"predecessor-version":[{"id":4932,"href":"https:\/\/sisu.ut.ee\/juhendid\/wp-json\/wp\/v2\/pages\/236\/revisions\/4932"}],"wp:attachment":[{"href":"https:\/\/sisu.ut.ee\/juhendid\/wp-json\/wp\/v2\/media?parent=236"}],"curies":[{"name":"wp","href":"https:\/\/api.w.org\/{rel}","templated":true}]}}