{"id":234,"date":"2024-04-04T02:50:53","date_gmt":"2024-04-03T23:50:53","guid":{"rendered":"https:\/\/sisu.ut.ee\/juhendid\/5-testi-tulemuste-haldamine\/"},"modified":"2025-11-10T11:23:32","modified_gmt":"2025-11-10T09:23:32","slug":"5-testi-tulemuste-haldamine","status":"publish","type":"page","link":"https:\/\/sisu.ut.ee\/juhendid\/5-testi-tulemuste-haldamine\/","title":{"rendered":"5. Testi tulemuste haldamine"},"content":{"rendered":"<p>Testi tulemuste vaatamiseks kl\u00f5psake kursuse avalehel testi nimel. Avaneb testi infolehek\u00fclg, kus n\u00e4ete testi nime, kirjeldust ning testi soorituste (katsete) arvu.<\/p>\n<p>Kl\u00f5psates katsete arvul avaneb testi \u00fclevaate leht, kus on tabel \u00f5ppijate nimedega, testi avamise, sulgemise ja sooritamiseks kulunud ajaga, tulemustega k\u00fcsimuste kaupa, hindega ning \u00f5ppej\u00f5u tagasisidega.<\/p>\n<ul>\n<li><em>Vali \u00fclevaate sisu<\/em> sektsioonist saab valida, kelle ja milliste testisoorituste \u00fclevaadet soovite.<\/li>\n<li><em>Kuvamise seaded<\/em> sektsioonist valige, kui palju ja milliseid testisooritusi \u00fchel lehel n\u00e4idatakse.<\/li>\n<li><em>Hinda testisooritused uuesti<\/em> nupp on vajalik, kui nt testi k\u00e4igus on testi punktis\u00fcsteemi muudetud ja testisooritused on vaja \u00fcmber hinnata.<\/li>\n<li>M\u00e4rkides konkreetse \u00f5ppija testisoorituse linnukesega, saab nupust <em>Kustuta valitud katsed<\/em> selle kustutada.<\/li>\n<li>Kl\u00f5psates konkreetse \u00f5ppija nime all <em style=\"font-size: revert;\">Vaata testisooritus \u00fcle<\/em><span style=\"font-size: revert;\">, n\u00e4idatakse tema testi \u00fclevaadet \u2013 vastuseid ning punkte igale testik\u00fcsimusele.<\/span><\/li>\n<\/ul>\n<p>Testi tulemusi saab eksportida Excelisse (nt csv- v\u00f5i xls-formaadis) v\u00f5i XHTML-formaadis, samuti tavalise tekstitabelina. Selleks vajutage nupule\u00a0<em>Salvesta tulemuste tabel kui<\/em>\u00a0 ja valige sobiv faili formaat.<\/p>\n<div class=\"block-editor-rich-text__editable rich-text\" role=\"textbox\" contenteditable=\"true\" aria-multiline=\"true\" aria-label=\"List text\" data-wp-block-attribute-key=\"content\">\n<p>Vasakus servas testi haldamise plokis on j\u00e4rgmised lingid:<\/p>\n<\/div>\n<ul id=\"block-f3206788-70b0-4f09-8690-590f7773d573\" class=\"block-editor-block-list__block wp-block wp-block-list block-editor-block-list__layout\" tabindex=\"0\" role=\"document\" draggable=\"true\" aria-label=\"Block: List\" data-block=\"f3206788-70b0-4f09-8690-590f7773d573\" data-type=\"core\/list\" data-title=\"List\" data-is-drop-zone=\"true\">\n<li id=\"block-0c969d93-ca44-4c62-8152-77afc1bc206b\" class=\"block-editor-block-list__block wp-block wp-block-list-item block-editor-block-list__layout\" tabindex=\"0\" role=\"document\" draggable=\"true\" aria-label=\"Block: List Item\" data-block=\"0c969d93-ca44-4c62-8152-77afc1bc206b\" data-type=\"core\/list-item\" data-title=\"List Item\">\n<div class=\"block-editor-rich-text__editable rich-text\" role=\"textbox\" contenteditable=\"true\" aria-multiline=\"true\" aria-label=\"List text\" data-wp-block-attribute-key=\"content\">Hinded \u2013 tabel k\u00f5igi sooritajate ning nende soorituste infoga (aeg, punktisumma, iga k\u00fcsimuse tulemus)<\/div>\n<\/li>\n<li id=\"block-325f7ec3-f839-4456-9842-5b1e7d4868c8\" class=\"block-editor-block-list__block wp-block wp-block-list-item block-editor-block-list__layout\" tabindex=\"0\" role=\"document\" draggable=\"true\" aria-label=\"Block: List Item\" data-block=\"325f7ec3-f839-4456-9842-5b1e7d4868c8\" data-type=\"core\/list-item\" data-title=\"List Item\">\n<div class=\"block-editor-rich-text__editable rich-text\" role=\"textbox\" contenteditable=\"true\" aria-multiline=\"true\" aria-label=\"List text\" data-wp-block-attribute-key=\"content\">Vastused \u2013 tabel k\u00f5igi sooritajate k\u00fcsimuste ning vastuste tekstidega<\/div>\n<\/li>\n<li id=\"block-ed06a465-5c6a-4021-9c46-daddb87f398e\" class=\"block-editor-block-list__block wp-block wp-block-list-item block-editor-block-list__layout\" tabindex=\"0\" role=\"document\" draggable=\"true\" aria-label=\"Block: List Item\" data-block=\"ed06a465-5c6a-4021-9c46-daddb87f398e\" data-type=\"core\/list-item\" data-title=\"List Item\">\n<div class=\"block-editor-rich-text__editable rich-text\" role=\"textbox\" contenteditable=\"true\" aria-multiline=\"true\" aria-label=\"List text\" data-wp-block-attribute-key=\"content\">Statistika \u2013 tabel \u00fcldse soorituste statististikaga ning kl\u00f5psates k\u00fcsimuse nimel (kui on testis konkreetsed k\u00fcsimused v\u00f5i lingil <em>Vaata detaile<\/em> (kui testis on juhuslikud k\u00fcsimused), n\u00e4idatakse iga k\u00fcsimuse konreetset statistikat<\/div>\n<\/li>\n<li id=\"block-d04ba8c1-5f76-4fe1-8cc8-2aa612088f49\" class=\"block-editor-block-list__block wp-block wp-block-list-item block-editor-block-list__layout\" tabindex=\"0\" role=\"document\" draggable=\"true\" aria-label=\"Block: List Item\" data-block=\"d04ba8c1-5f76-4fe1-8cc8-2aa612088f49\" data-type=\"core\/list-item\" data-title=\"List Item\">\n<div class=\"block-editor-rich-text__editable rich-text\" role=\"textbox\" contenteditable=\"true\" aria-multiline=\"true\" aria-label=\"List text\" data-wp-block-attribute-key=\"content\">K\u00e4sitsi hindamine \u2013 eelk\u00f5ige essee-t\u00fc\u00fcpi vastustega k\u00fcsimuste hindamiseks, kuid kl\u00f5psates <em>Kuva ka automaatselt hinnatud k\u00fcsimused<\/em>, saab \u00fcle hinnata ka etteantud valikutega k\u00fcsimusi.<\/div>\n<\/li>\n<\/ul>\n","protected":false},"excerpt":{"rendered":"<p>Testi tulemuste vaatamiseks kl\u00f5psake kursuse avalehel testi nimel. Avaneb testi infolehek\u00fclg, kus n\u00e4ete testi nime, kirjeldust ning testi soorituste (katsete) arvu. Kl\u00f5psates katsete arvul avaneb testi \u00fclevaate leht, kus on tabel \u00f5ppijate nimedega, testi avamise, sulgemise ja sooritamiseks kulunud ajaga, &#8230;<\/p>\n","protected":false},"author":6,"featured_media":0,"parent":0,"menu_order":0,"comment_status":"closed","ping_status":"closed","template":"","meta":{"_acf_changed":false,"inline_featured_image":false,"footnotes":""},"class_list":["post-234","page","type-page","status-publish","hentry"],"acf":[],"_links":{"self":[{"href":"https:\/\/sisu.ut.ee\/juhendid\/wp-json\/wp\/v2\/pages\/234","targetHints":{"allow":["GET"]}}],"collection":[{"href":"https:\/\/sisu.ut.ee\/juhendid\/wp-json\/wp\/v2\/pages"}],"about":[{"href":"https:\/\/sisu.ut.ee\/juhendid\/wp-json\/wp\/v2\/types\/page"}],"author":[{"embeddable":true,"href":"https:\/\/sisu.ut.ee\/juhendid\/wp-json\/wp\/v2\/users\/6"}],"replies":[{"embeddable":true,"href":"https:\/\/sisu.ut.ee\/juhendid\/wp-json\/wp\/v2\/comments?post=234"}],"version-history":[{"count":4,"href":"https:\/\/sisu.ut.ee\/juhendid\/wp-json\/wp\/v2\/pages\/234\/revisions"}],"predecessor-version":[{"id":4930,"href":"https:\/\/sisu.ut.ee\/juhendid\/wp-json\/wp\/v2\/pages\/234\/revisions\/4930"}],"wp:attachment":[{"href":"https:\/\/sisu.ut.ee\/juhendid\/wp-json\/wp\/v2\/media?parent=234"}],"curies":[{"name":"wp","href":"https:\/\/api.w.org\/{rel}","templated":true}]}}