{"id":232,"date":"2024-04-04T02:50:52","date_gmt":"2024-04-03T23:50:52","guid":{"rendered":"https:\/\/sisu.ut.ee\/juhendid\/4-kusimuste-lisamine-testi\/"},"modified":"2025-11-10T10:27:25","modified_gmt":"2025-11-10T08:27:25","slug":"4-kusimuste-lisamine-testi","status":"publish","type":"page","link":"https:\/\/sisu.ut.ee\/juhendid\/4-kusimuste-lisamine-testi\/","title":{"rendered":"4. K\u00fcsimuste lisamine testi"},"content":{"rendered":"<h3>K\u00fcsimuste lisamiseks testi:<\/h3>\n<ul>\n<li>kl\u00f5psake avalehel testi nimel<\/li>\n<li>seej\u00e4rel kl\u00f5psake plokis\u00a0<em>Seadistused \u2013 Testi haldamine<\/em>\u00a0\u2013\u00a0<em>Muuda testi<\/em>\u00a0<\/li>\n<li>kl\u00f5psake lingil <em>Lisa<\/em>\u00a0<\/li>\n<\/ul>\n<h5>NB! Kui soovite, et k\u00fcsimuste j\u00e4rjekord testis oleks juhuslik, m\u00e4rkige linnukesega <em>Muuda k\u00fcsimuste j\u00e4rjekorda<\/em>.<\/h5>\n<p><img loading=\"lazy\" decoding=\"async\" class=\"aligncenter  wp-image-4922\" src=\"https:\/\/sisu.ut.ee\/wp-content\/uploads\/sites\/177\/Screenshot-2025-11-10-at-10.20.01.png\" alt=\"\" width=\"832\" height=\"442\" srcset=\"https:\/\/sisu.ut.ee\/wp-content\/uploads\/sites\/177\/Screenshot-2025-11-10-at-10.20.01.png 1035w, https:\/\/sisu.ut.ee\/wp-content\/uploads\/sites\/177\/Screenshot-2025-11-10-at-10.20.01-300x159.png 300w, https:\/\/sisu.ut.ee\/wp-content\/uploads\/sites\/177\/Screenshot-2025-11-10-at-10.20.01-1024x544.png 1024w, https:\/\/sisu.ut.ee\/wp-content\/uploads\/sites\/177\/Screenshot-2025-11-10-at-10.20.01-768x408.png 768w\" sizes=\"auto, (max-width: 832px) 100vw, 832px\"><\/p>\n<p>Kui soovite, et testi l\u00e4heksid <strong>kindlad k\u00fcsimused<\/strong>, kl\u00f5psake men\u00fc\u00fcs\u00a0<strong>k\u00fcsimustepangast.<\/strong>\u00a0Valige rippmen\u00fc\u00fcst kategooria ja sealt k\u00fcsimused, mida soovite testi lisada ja kl\u00f5psake kas <strong>pluss-nupul<\/strong> iga k\u00fcsimuse ees (k\u00fcsimuste \u00fchekaupa lisamiseks) v\u00f5i m\u00e4rkige soovitud k\u00fcsimused linnukesega ja kl\u00f5psake lehe l\u00f5pus nupul <strong><em>Lisa valitud k\u00fcsimused testi<\/em><\/strong>\u00a0(k\u00f5igi linnukesega m\u00e4rgitud k\u00fcsimuste korraga lisamiseks).<\/p>\n<p>Kui soovite, et testi l\u00e4heks teatud hulk <strong>juhuslikke k\u00fcsimusi<\/strong> erinevatest (alam)kategooriatest, valige rippmen\u00fc\u00fcst <strong>juhuslik k\u00fcsimus<\/strong>. \u00a0Valige vastav (alam)kategooria ning m\u00e4\u00e4rake juhuslike k\u00fcsimuste arv ja kl\u00f5psake nupul\u00a0<strong><em>Lisa juhuk\u00fcsimus<\/em><\/strong>.<\/p>\n<p>Samuti on v\u00f5imalik muuta iga k\u00fcsimuse eest saadavat hinnet, paigutada k\u00fcsimusi erinevatele lehtedele, muuta nende j\u00e4rjekorda, kustutada jne.<\/p>\n<p>Et r\u00fchmitada k\u00fcsimused sektsioonidesse, saab <em>Lisa<\/em> lingist valida <strong><em>Lisa uus sektsiooni pealkiri<\/em><\/strong>.\u00a0\u00a0<\/p>\n<p>Te saate m\u00e4\u00e4rata ka terve testi l\u00f5pptulemuse (<strong><em>Maksimumpunktid<\/em><\/strong>). Vaikimisi on maksimaalne hinne 10, kuid see v\u00f5iks olla sama, mis <span data-mce-mark=\"1\">k\u00fcsimuste eest saadavate punktide summa. <\/span>Kui n\u00e4iteks \u00fcksikute k\u00fcsimuste punktide summa on 10, kuid te soovite, et test annaks 20% kursuse l\u00f5pphinde 100st punktist, v\u00f5ite testi maksimumhindeks panna 20. Sel juhul arvutatakse testi tulemus vastavalt \u00fcmber.\u00a0<\/p>\n<h5>Juhul, kui te ei soovi harjutustesti punkte hindetabelisse, siis seadistage testi maksimumpunktideks 0.<\/h5>\n<p>Hindetabelisse sel juhul hindetulpa ei teki, kuid \u00f5ppija n\u00e4eb oma testi tulemusi harjutustesti alt. \u00d5ppej\u00f5ud saab testi seadete l\u00e4bivaatusevalikutes\u00a0m\u00e4\u00e4rata, mida \u00f5ppijale n\u00e4idatakse (soorituskatset, vastuste \u00f5igsust, punkte, tagasisidet jm).<\/p>\n<p>Testi lisatud k\u00fcsimusi on v\u00f5imalik pr\u00fcgikasti-ikoonil kl\u00f5psates testist eemaldada v\u00f5i pliiatsist muuta.<\/p>\n<h5><span data-mce-mark=\"1\">NB! Testi saate k\u00fcsimusi lisada v\u00f5i neid sealt kustutada seni, kuni keegi pole testi kordagi sooritanud.\u00a0<\/span>V\u00e4iksemaid parandusi k\u00fcsimuste s\u00f5nastuses saate teha pidevalt.\u00a0<\/h5>\n<p>Kui selgub, et testi on juba sooritatud, kuid seal on vaja teha suuremaid muudatusi (nt asendada m\u00f5ni k\u00fcsimus uuega), peate tegema soovitud k\u00fcsimustest uue testi v\u00f5i senised \u00f5ppijate katsed t\u00fchistama.<\/p>\n<p>Kui valite vasakmen\u00fc\u00fcst testi <strong>eelvaate<\/strong>, saate testi ise l\u00e4bi proovida. Eelvaates on mugav minna ka konkreetset k\u00fcsimust muutma.<\/p>\n\n\n<p><\/p>\n","protected":false},"excerpt":{"rendered":"<p>K\u00fcsimuste lisamiseks testi: kl\u00f5psake avalehel testi nimel seej\u00e4rel kl\u00f5psake plokis\u00a0Seadistused \u2013 Testi haldamine\u00a0\u2013\u00a0Muuda testi\u00a0 kl\u00f5psake lingil Lisa\u00a0 NB! Kui soovite, et k\u00fcsimuste j\u00e4rjekord testis oleks juhuslik, m\u00e4rkige linnukesega Muuda k\u00fcsimuste j\u00e4rjekorda. Kui soovite, et testi l\u00e4heksid kindlad k\u00fcsimused, kl\u00f5psake men\u00fc\u00fcs\u00a0k\u00fcsimustepangast.\u00a0Valige &#8230;<\/p>\n","protected":false},"author":6,"featured_media":0,"parent":0,"menu_order":0,"comment_status":"closed","ping_status":"closed","template":"","meta":{"_acf_changed":false,"inline_featured_image":false,"footnotes":""},"class_list":["post-232","page","type-page","status-publish","hentry"],"acf":[],"_links":{"self":[{"href":"https:\/\/sisu.ut.ee\/juhendid\/wp-json\/wp\/v2\/pages\/232","targetHints":{"allow":["GET"]}}],"collection":[{"href":"https:\/\/sisu.ut.ee\/juhendid\/wp-json\/wp\/v2\/pages"}],"about":[{"href":"https:\/\/sisu.ut.ee\/juhendid\/wp-json\/wp\/v2\/types\/page"}],"author":[{"embeddable":true,"href":"https:\/\/sisu.ut.ee\/juhendid\/wp-json\/wp\/v2\/users\/6"}],"replies":[{"embeddable":true,"href":"https:\/\/sisu.ut.ee\/juhendid\/wp-json\/wp\/v2\/comments?post=232"}],"version-history":[{"count":2,"href":"https:\/\/sisu.ut.ee\/juhendid\/wp-json\/wp\/v2\/pages\/232\/revisions"}],"predecessor-version":[{"id":4924,"href":"https:\/\/sisu.ut.ee\/juhendid\/wp-json\/wp\/v2\/pages\/232\/revisions\/4924"}],"wp:attachment":[{"href":"https:\/\/sisu.ut.ee\/juhendid\/wp-json\/wp\/v2\/media?parent=232"}],"curies":[{"name":"wp","href":"https:\/\/api.w.org\/{rel}","templated":true}]}}