{"id":23,"date":"2024-04-04T02:50:37","date_gmt":"2024-04-03T23:50:37","guid":{"rendered":"https:\/\/sisu.ut.ee\/juhendid\/moodle\/"},"modified":"2024-04-10T20:07:33","modified_gmt":"2024-04-10T17:07:33","slug":"moodle","status":"publish","type":"page","link":"https:\/\/sisu.ut.ee\/juhendid\/moodle\/","title":{"rendered":"Moodle"},"content":{"rendered":"<p>Tartu \u00dclikoolis kasutatakse veebip\u00f5histe kursuste loomiseks Moodle\u2019i \u00f5pikeskkonda (<a href=\"https:\/\/moodle.ut.ee\/\" target=\"_blank\" rel=\"noopener\">https:\/\/moodle.ut.ee\/<\/a>). Kursuse loomine ja \u00f5ppet\u00f6\u00f6s kasutamine ei n\u00f5ua l\u00e4biviijalt (\u00f5ppej\u00f5ult, teaduskonnalt, struktuuri\u00fcksuselt) mingeid rahalisi kulutusi. Moodle\u2019it v\u00f5ib kasutada p\u00e4eva- ja sessioon\u00f5ppe ning t\u00e4iendus\u00f5ppekursuste l\u00e4biviimiseks, aga ka projektide ja t\u00f6\u00f6r\u00fchmade t\u00f6\u00f6keskkonnana.<\/p>\n\n\n\n<h5 class=\"wp-block-heading\"><strong>NB!<\/strong> Moodle\u2019i v\u00f5imalustega saate tutvuda \u00f5ppija rollis <a href=\"https:\/\/moodle.ut.ee\/course\/info.php?id=21\" target=\"_blank\" rel=\"noopener\">Moodle\u2019i demokursusel<\/a>, kuhu p\u00e4\u00e4sete v\u00f5tmega \u2018<strong>demo<\/strong>\u2018.<\/h5>\n\n\n\n<h3 class=\"wp-block-heading\" id=\"Mahara-Kontaktjaabi\">Kontakt ja abi<\/h3>\n\n\n\n<p>Probleemide ja k\u00fcsimuste korral v\u00f5i kui soovite individuaalset juhendamist, v\u00f5tke \u00fchendust oma valdkonna \u00f5ppedisaineriga (vt <a title=\"\" href=\"https:\/\/ut.ee\/et\/opetamisoskuste-konsultandid-oppedisainerid\" target=\"_blank\" rel=\"noopener\" data-url=\"https:\/\/ut.ee\/et\/opetamisoskuste-konsultandid-oppedisainerid\">https:\/\/ut.ee\/et\/opetamisoskuste-konsultandid-oppedisainerid<\/a>) v\u00f5i kirjutage T\u00dc elukestva \u00f5ppe keskuse aadressil <a class=\"external-link\" style=\"font-family: inherit; background-color: #ffffff;\" href=\"mailto:eope@ut.ee\" target=\"_blank\" rel=\"nofollow noopener\" data-ext-link-init=\"true\">eope@ut.ee<\/a>.<\/p>\n\n\n\n<h3 class=\"wp-block-heading\">Kasulikud materjalid<\/h3>\n\n\n\n<ul class=\"wp-block-list\">\n<li><a href=\"https:\/\/panopto.ut.ee\/Panopto\/Pages\/Viewer.aspx?id=fba56388-0cfb-4313-bf62-0757d3d29b0b\" target=\"_blank\" rel=\"noopener\">E-kursuse \u00f5ppedisain (video)<\/a><\/li>\n\n\n\n<li><a title=\"\" href=\"https:\/\/oppevara.hitsa.ee\/ekursus\" target=\"_blank\" rel=\"noopener\" data-url=\"https:\/\/oppevara.hitsa.ee\/ekursus\">Juhend kvaliteetse e-kursuse loomiseks<\/a><\/li>\n\n\n\n<li><a title=\"\" href=\"https:\/\/kvaliteedihindamine.etu.ut.ee\/\" target=\"_blank\" rel=\"noopener\" data-url=\"https:\/\/kvaliteedihindamine.etu.ut.ee\/\">E-kursuse kvaliteedi hindamise vahend<\/a><\/li>\n\n\n\n<li><a style=\"background-color: #ffffff;\" href=\"https:\/\/sisu.ut.ee\/aktiivope\" target=\"_blank\" rel=\"noopener\">Aktiiv\u00f5ppemeetodid e-\u00f5ppes<\/a>\u00a0<\/li>\n\n\n\n<li><a title=\"\" href=\"https:\/\/ut.ee\/et\/moocide-loomise-pohimotted\" target=\"_blank\" rel=\"noopener\" data-url=\"https:\/\/ut.ee\/et\/moocide-loomise-pohimotted\">MOOCide loomise p\u00f5him\u00f5tted<\/a><\/li>\n\n\n\n<li><a style=\"background-color: #ffffff;\" href=\"https:\/\/sisu.ut.ee\/moocs\" target=\"_blank\" rel=\"noopener\">MOOC \u2013 miks, kellele ja kuidas?<\/a>\u00a0<\/li>\n\n\n\n<li><a style=\"background-color: #ffffff;\" href=\"https:\/\/www.uttv.ee\/naita?id=24702\" target=\"_blank\" rel=\"noopener\">Autori\u00f5igustest (video)<\/a><\/li>\n\n\n\n<li><a title=\"https:\/\/siseveeb.ut.ee\/et\/tugiteenused\/nousoleku-kusimise-naidistekstid\" href=\"\/juhendid\/\" target=\"_blank\" rel=\"noopener\" data-url=\"\/juhendid\/\">Isikuandmete t\u00f6\u00f6tlemise n\u00f5usoleku k\u00fcsimise n\u00e4idistekstid<\/a>\u00a0(link siseveebi)<\/li>\n<\/ul>\n","protected":false},"excerpt":{"rendered":"<p>Tartu \u00dclikoolis kasutatakse veebip\u00f5histe kursuste loomiseks Moodle\u2019i \u00f5pikeskkonda (https:\/\/moodle.ut.ee\/). Kursuse loomine ja \u00f5ppet\u00f6\u00f6s kasutamine ei n\u00f5ua l\u00e4biviijalt (\u00f5ppej\u00f5ult, teaduskonnalt, struktuuri\u00fcksuselt) mingeid rahalisi kulutusi. Moodle\u2019it v\u00f5ib kasutada p\u00e4eva- ja sessioon\u00f5ppe ning t\u00e4iendus\u00f5ppekursuste l\u00e4biviimiseks, aga ka projektide ja t\u00f6\u00f6r\u00fchmade t\u00f6\u00f6keskkonnana. NB! Moodle\u2019i &#8230;<\/p>\n","protected":false},"author":6,"featured_media":0,"parent":0,"menu_order":0,"comment_status":"closed","ping_status":"closed","template":"","meta":{"_acf_changed":false,"inline_featured_image":false,"footnotes":""},"class_list":["post-23","page","type-page","status-publish","hentry"],"acf":[],"_links":{"self":[{"href":"https:\/\/sisu.ut.ee\/juhendid\/wp-json\/wp\/v2\/pages\/23","targetHints":{"allow":["GET"]}}],"collection":[{"href":"https:\/\/sisu.ut.ee\/juhendid\/wp-json\/wp\/v2\/pages"}],"about":[{"href":"https:\/\/sisu.ut.ee\/juhendid\/wp-json\/wp\/v2\/types\/page"}],"author":[{"embeddable":true,"href":"https:\/\/sisu.ut.ee\/juhendid\/wp-json\/wp\/v2\/users\/6"}],"replies":[{"embeddable":true,"href":"https:\/\/sisu.ut.ee\/juhendid\/wp-json\/wp\/v2\/comments?post=23"}],"version-history":[{"count":4,"href":"https:\/\/sisu.ut.ee\/juhendid\/wp-json\/wp\/v2\/pages\/23\/revisions"}],"predecessor-version":[{"id":2028,"href":"https:\/\/sisu.ut.ee\/juhendid\/wp-json\/wp\/v2\/pages\/23\/revisions\/2028"}],"wp:attachment":[{"href":"https:\/\/sisu.ut.ee\/juhendid\/wp-json\/wp\/v2\/media?parent=23"}],"curies":[{"name":"wp","href":"https:\/\/api.w.org\/{rel}","templated":true}]}}