{"id":228,"date":"2024-04-04T02:50:52","date_gmt":"2024-04-03T23:50:52","guid":{"rendered":"https:\/\/sisu.ut.ee\/juhendid\/2-kusimuste-koostamine\/"},"modified":"2026-02-04T13:39:42","modified_gmt":"2026-02-04T11:39:42","slug":"2-kusimuste-koostamine","status":"publish","type":"page","link":"https:\/\/sisu.ut.ee\/juhendid\/2-kusimuste-koostamine\/","title":{"rendered":"2. K\u00fcsimuste koostamine"},"content":{"rendered":"<p>K\u00fcsimusi saab luua otse Moodle\u2019is v\u00f5i importida teiselt Moodle\u2019i kursuselt v\u00f5i \u00f5igesti vormistatud tekstifailist. K\u00fcsimustepanka saab importida ka HotPotatoes programmiga loodud k\u00fcsimusi: JCloze; JMatch; JQuiz ja l\u00fchivastusega k\u00fcsimusteks JQuiz,\u00a0JCross\u00a0ning JMix.<\/p>\n\n\n\n<h5 class=\"wp-block-heading\">Koolituse \u201cTestik\u00fcsimuste koostamine tekstiroboti abil\u201d videosalvestus (2025):\u00a0 <a href=\"https:\/\/ut.cloud.panopto.eu\/Panopto\/Pages\/Viewer.aspx?id=98c41726-8c3f-4208-8691-b38600ed2f81\" target=\"_blank\" rel=\"noopener\">https:\/\/ut.cloud.panopto.eu\/Panopto\/Pages\/Viewer.aspx?id=98c41726-8c3f-4208-8691-b38600ed2f81<\/a><\/h5>\n\n\n\n<h5 class=\"wp-block-heading\">Koolituse \u201cTestik\u00fcsimuste loomine ja importimine e-kursusele\u201d videosalvestus (2024):\u00a0 <a href=\"https:\/\/ut.cloud.panopto.eu\/Panopto\/Pages\/Viewer.aspx?id=f5c0df81-1ce8-4e23-a99c-b24100f960fd\" target=\"_blank\" rel=\"noopener\">https:\/\/ut.cloud.panopto.eu\/Panopto\/Pages\/Viewer.aspx?id=f5c0df81-1ce8-4e23-a99c-b24100f960fd<\/a><\/h5>\n\n\n\n<p><\/p>\n\n\n\n<h2 class=\"wp-block-heading\">K\u00fcsimuste importimine<\/h2>\n\n\n\n<h3 class=\"wp-block-heading\">I XML generaator testik\u00fcsimuste importimiseks Moodle\u2019i kursusele<\/h3>\n\n\n\n<p>Tekstifailist k\u00fcsimuste <strong>importmiseks kasutage veebip\u00f5hist rakendust aadressil <a href=\"http:\/\/www.ut.ee\/moodletestixml\" target=\"_blank\" rel=\"noopener\">http:\/\/www.ut.ee\/moodletestixml<\/a>.<\/strong> Selle rakendusega saab genereerida Moodle\u2019isse testik\u00fcsimuste (valikvastused, \u00f5ige\/vale, l\u00fchivastus, essee, arvuline vastus, l\u00fcnktekst, vahetekst, vastavusse seadmine, piiratud arvuga valikvastused, k\u00f5ik-v\u00f5i-mitte-midagi valikvastused)\u00a0importimiseks vajaliku Moodle\u2019ile sobiliku XML-faili. K\u00fcsimused, vastused ja tagasiside tuleb koostada kindla vormi j\u00e4rgi. Seda v\u00f5ib teha igas tekstitoimetusprogrammis. Generaatorisse kopeerides kaovad teie tekstist k\u00f5ik rasvased v\u00f5i muud tekstivormingud. Pilte, audiot ja videot ei saa importida \u2013 need tuleb lisada p\u00e4rast Moodle\u2019is.<\/p>\n\n\n\n<p>P\u00e4rast k\u00fcsimuste konverteerimist (nupp\u00a0<em>Konverteeri<\/em>) luuakse XML-fail, mis tuleb enda arvutisse salvestada (nupp\u00a0<em>Lae fail alla<\/em>). K\u00fcsimuste importimiseks Moodle\u2019isse kl\u00f5psake e-kursusel seadistuste plokis lingil <em>K\u00fcsimustepank<\/em> ja seej\u00e4rel <em>Impordi<\/em>. Valige failivorminguks <em>Moodle\u2019i XML-vorming<\/em>, lisage XML-fail failialasse ning kl\u00f5psake nupul <em>Impordi<\/em>.<\/p>\n\n\n\n<h4 class=\"wp-block-heading\">II Moodle\u2019i testik\u00fcsimuste XML konverteerija GoogleDrive\u2019i\/docx formaadis failist<\/h4>\n\n\n\n<p>T\u00dc arvutiteaduste instituudi poolt hallatav konverter eesk\u00e4tt testik\u00fcsimuste loomiseks Google Drive\u2019i keskkonnas, millest salvestatakse docx fail ja kasutatakse<i>\u00a0<\/i>Moodle\u2019i ktesti\u00fcsimuste konverteerimiseks.<\/p>\n\n\n\n<h5 class=\"wp-block-heading\">NB! Google Drive keskkonda kasutada ainult siis, kui teil on olemas \u00fclikooli Google\u2019i konto, mis on seotud teie ut.ee e-posti aadressiga.<\/h5>\n\n\n\n<p>K\u00fcsimustiku fail luuakse malli alusel (vt <a id=\"menur802\" class=\"fui-Link ___1q1shib f2hkw1w f3rmtva f1ewtqcl fyind8e f1k6fduh f1w7gpdv fk6fouc fjoy568 figsok6 f1s184ao f1mk8lai fnbmjn9 f1o700av f13mvf36 f1cmlufx f9n3di6 f1ids18y f1tx3yz7 f1deo86v f1eh06m1 f1iescvh fhgqx19 f1olyrje f1p93eir f1nev41a f1h8hb77 f1lqvz6u f10aw75t fsle3fq f17ae5zn\" title=\"https:\/\/quiz-convert.cs.ut.ee\/documentation)\" href=\"https:\/\/quiz-convert.cs.ut.ee\/documentation\" target=\"_blank\" rel=\"noreferrer noopener\" aria-label=\"Link https:\/\/quiz-convert.cs.ut.ee\/documentation)\">https:\/\/quiz-convert.cs.ut.ee\/documentation<\/a> docx formaadis ja see laaditakse \u00fcles konverteri keskkonda: <a id=\"menur804\" class=\"fui-Link ___1q1shib f2hkw1w f3rmtva f1ewtqcl fyind8e f1k6fduh f1w7gpdv fk6fouc fjoy568 figsok6 f1s184ao f1mk8lai fnbmjn9 f1o700av f13mvf36 f1cmlufx f9n3di6 f1ids18y f1tx3yz7 f1deo86v f1eh06m1 f1iescvh fhgqx19 f1olyrje f1p93eir f1nev41a f1h8hb77 f1lqvz6u f10aw75t fsle3fq f17ae5zn\" title=\"https:\/\/quiz-convert.cs.ut.ee\/\" href=\"https:\/\/quiz-convert.cs.ut.ee\/\" target=\"_blank\" rel=\"noreferrer noopener\" aria-label=\"Link https:\/\/quiz-convert.cs.ut.ee\/.\"><strong>https:\/\/quiz-convert.cs.ut.ee\/<\/strong>.<\/a> K\u00fcsimustikku on v\u00f5imalik luua GoogleDrive\u2019i keskkonnas v\u00f5i MS Wordis. Eelnevalt tuleb oma arvutisse alla laadida Wordi formaadis malli ning siis lisada k\u00fcsimused vastavalt mallis eelnevalt defineeritud seadetele.<\/p>\n\n\n\n<p>Hetkel toetab s\u00fcsteem valikvastustega (\u00fcks v\u00f5i mitu valikut), \u00f5ige\/vale, l\u00fchivastusega, numbrilise vastusega, vastavusse seadmise ja essee vastusega k\u00fcsimusi. Samuti toetatakse mitme l\u00f5iguga k\u00fcsimuse kirjeldusi ja k\u00fcsimustesse on v\u00f5imalik lisada pilte. K\u00fcsimuste n\u00e4ited saab mallist kopeerida ja vastavalt omale soovile muuta.<\/p>\n\n\n\n<p>P\u00e4rast k\u00fcsimuste docx faili \u00fcles laadimist ja konverteerimist (nupp <em>Moodle XML<\/em>) luuakse XML-fail, mille saab enda arvutisse salvestada. K\u00fcsimuste importimiseks Moodle\u2019isse kl\u00f5psake Moodle\u2019i kursusel seadistuste plokis lingil <em>K\u00fcsimustepank<\/em> ja seej\u00e4rel <em>Impordi<\/em>. Valige failivorminguks <em>Moodle\u2019i XML-vorming<\/em>, lisage XML-fail failialasse ning kl\u00f5psake nupul <em>Impordi<\/em>.<\/p>\n\n\n\n<p>Selle konverteri kasutamisel tekkivate k\u00fcsimuste korral kirjutage <span data-teams=\"true\"><a id=\"menur58n\" class=\"fui-Link ___1q1shib f2hkw1w f3rmtva f1ewtqcl fyind8e f1k6fduh f1w7gpdv fk6fouc fjoy568 figsok6 f1s184ao f1mk8lai fnbmjn9 f1o700av f13mvf36 f1cmlufx f9n3di6 f1ids18y f1tx3yz7 f1deo86v f1eh06m1 f1iescvh fhgqx19 f1olyrje f1p93eir f1nev41a f1h8hb77 f1lqvz6u f10aw75t fsle3fq f17ae5zn\" title=\"mailto:ati.comp@ut.ee\" href=\"mailto:ati.comp@ut.ee\" target=\"_blank\" rel=\"noreferrer noopener\" aria-label=\"Link ati.comp@ut.ee\">ati.comp@ut.ee<\/a>.<\/span><\/p>\n\n\n\n<h3 class=\"wp-block-heading\">K\u00fcsimuste loomine Moodle\u2019is<\/h3>\n\n\n\n<h5 class=\"wp-block-heading\">Otstarbekas on enne k\u00fcsimuste loomist luua k\u00fcsimuste panka (S<em>eadistused \u2013 K\u00fcsimustepank \u2013 Kategooriad<\/em>) iga testi jaoks eraldi kategooriad ja vajadusel ka alamkategooriad.<\/h5>\n\n\n\n<p>Alamkategooriad on vajalikud, kui soovite hiljem testi lisada juhuslikke k\u00fcsimusi: nt alamkategooriast A \u2013 3 juhuslikku k\u00fcsimust, alamkategooriast B \u2013 2 juhuslikku k\u00fcsimust jne.<\/p>\n\n\n\n<p>K\u00fcsimusi saab luua ka otse k\u00fcsimuste panka (<em>Seadistused \u2013 K\u00fcsimustepank \u2013 K\u00fcsimused \u2013 Lisa \u2013 Loo uus k\u00fcsimus<\/em>).<\/p>\n\n\n\n<h5 class=\"wp-block-heading\">NB! J\u00e4lgige, et looksite uue k\u00fcsimuse soovitud kategooriasse v\u00f5i alamkategooriasse.<\/h5>\n\n\n\n<p><\/p>\n","protected":false},"excerpt":{"rendered":"<p>K\u00fcsimusi saab luua otse Moodle\u2019is v\u00f5i importida teiselt Moodle\u2019i kursuselt v\u00f5i \u00f5igesti vormistatud tekstifailist. K\u00fcsimustepanka saab importida ka HotPotatoes programmiga loodud k\u00fcsimusi: JCloze; JMatch; JQuiz ja l\u00fchivastusega k\u00fcsimusteks JQuiz,\u00a0JCross\u00a0ning JMix. Koolituse \u201cTestik\u00fcsimuste koostamine tekstiroboti abil\u201d videosalvestus (2025):\u00a0 https:\/\/ut.cloud.panopto.eu\/Panopto\/Pages\/Viewer.aspx?id=98c41726-8c3f-4208-8691-b38600ed2f81 Koolituse \u201cTestik\u00fcsimuste &#8230;<\/p>\n","protected":false},"author":6,"featured_media":0,"parent":0,"menu_order":0,"comment_status":"closed","ping_status":"closed","template":"","meta":{"_acf_changed":false,"inline_featured_image":false,"footnotes":""},"class_list":["post-228","page","type-page","status-publish","hentry"],"acf":[],"_links":{"self":[{"href":"https:\/\/sisu.ut.ee\/juhendid\/wp-json\/wp\/v2\/pages\/228","targetHints":{"allow":["GET"]}}],"collection":[{"href":"https:\/\/sisu.ut.ee\/juhendid\/wp-json\/wp\/v2\/pages"}],"about":[{"href":"https:\/\/sisu.ut.ee\/juhendid\/wp-json\/wp\/v2\/types\/page"}],"author":[{"embeddable":true,"href":"https:\/\/sisu.ut.ee\/juhendid\/wp-json\/wp\/v2\/users\/6"}],"replies":[{"embeddable":true,"href":"https:\/\/sisu.ut.ee\/juhendid\/wp-json\/wp\/v2\/comments?post=228"}],"version-history":[{"count":19,"href":"https:\/\/sisu.ut.ee\/juhendid\/wp-json\/wp\/v2\/pages\/228\/revisions"}],"predecessor-version":[{"id":4995,"href":"https:\/\/sisu.ut.ee\/juhendid\/wp-json\/wp\/v2\/pages\/228\/revisions\/4995"}],"wp:attachment":[{"href":"https:\/\/sisu.ut.ee\/juhendid\/wp-json\/wp\/v2\/media?parent=228"}],"curies":[{"name":"wp","href":"https:\/\/api.w.org\/{rel}","templated":true}]}}