{"id":227,"date":"2024-04-04T02:50:52","date_gmt":"2024-04-03T23:50:52","guid":{"rendered":"https:\/\/sisu.ut.ee\/juhendid\/jarelevalve\/"},"modified":"2025-07-18T09:28:06","modified_gmt":"2025-07-18T06:28:06","slug":"jarelevalve","status":"publish","type":"page","link":"https:\/\/sisu.ut.ee\/juhendid\/jarelevalve\/","title":{"rendered":"Testi j\u00e4relevalve plugina kasutamine"},"content":{"rendered":"<h3>Mis on Moodle\u2019i testi j\u00e4relevalve plugin?<\/h3>\n<h5>Moodle\u2019isse\u00a0on lisatud testi j\u00e4relevalve\u00a0plugin\u00a0(<em>Moodle\u00a0proctoring<\/em>), mis\u00a0n\u00f5uab testi sooritajalt veebilehitsejas veebikaamerale juurdep\u00e4\u00e4su lubamist.<\/h5>\n<p>Veebikaamera salvestab \u00f5ppijast testi\u00a0sooritamise\u00a0ajal teatud ajavahemike tagant pildid, mida \u00f5ppej\u00f5ul on v\u00f5imalik peale testi sooritamist \u00fcle vaadata, et tuvastada v\u00f5imalikku rikkumist (nt on veebikaamera kaetud ja pildil pole n\u00e4ha \u00f5ppija kujutist;\u00a0pilte on liiga v\u00e4he, mis viitab sellele, et kaamerale juurdep\u00e4\u00e4s on vahepeal \u00e4ra v\u00f5etud;\u00a0\u00f5ppija on kadunud kaadrist;\u00a0kaadris on abiline;\u00a0\u00f5ppija paistab kellegagi vestlevat vms).<\/p>\n<h5>Pildid salvestatakse \u00fclikooli\u00a0Moodle\u2019i\u00a0serverisse ja kustutatakse automaatselt nelja n\u00e4dala m\u00f6\u00f6dumisel.<\/h5>\n<p>Kui\u00a0testi seadetest\u00a0on m\u00e4\u00e4ratud\u00a0testi j\u00e4relevalve\u00a0plugina\u00a0kasutamine, siis\u00a0n\u00f5utakse\u00a0\u00f5ppijalt testi soorituskatse alustamise eel veebilehitsejas veebikaamerale juurdep\u00e4\u00e4su\u00a0andmist. Kui \u00f5ppija luba ei anna, siis ei ole v\u00f5imalik testi sooritada. Seega veenduge enne\u00a0plugina\u00a0kasutamist, et k\u00f5ikidel\u00a0\u00f5ppijatel\u00a0on olemas veebikaamera, et neil oleks v\u00f5imalik j\u00e4relevalvega testi sooritada. Paluge \u00f5ppijatel leida testi sooritamiseks arvuti, kus on olemas veebikaamera (NB! \u00d5ppijal on \u00fclikooli raamatukogus v\u00f5imalik broneerida testi sooritamiseks koht veebikaameraga arvutis). V\u00f5imalusel pakkuge \u00f5ppijatele enne j\u00e4relevalvega testi sooritamist v\u00f5imalust proovida samadel tingimustel proovitesti tegemist.<\/p>\n<h3>Kuidas saab j\u00e4relevalve plugina\u00a0kasutusele v\u00f5tta?<\/h3>\n<p>Testi j\u00e4relevalve plugina kasutuselev\u00f5tt on v\u00e4ga lihtne \u2013 selle kasutamise tuleb testi seadetest m\u00e4\u00e4rata. Tuleb avada testi seaded ning m\u00e4\u00e4rata testi lisapiirangute osas veebikaameraga identiteedi valideerimine (tuleb teha valik \u201cn\u00f5utud, tuleb enne alustamist kinnitada\u201d).<\/p>\n<p><img loading=\"lazy\" decoding=\"async\" width=\"1696\" height=\"782\" class=\"alignnone wp-image-983\" style=\"width: 650px; height: 300px;\" title=\"screenshot_2020-12-12_at_12.00.40.png\" src=\"https:\/\/sisu.ut.ee\/wp-content\/uploads\/sites\/177\/screenshot_2020-12-12_at_12.00.40.png\" alt=\"proctoring\" srcset=\"https:\/\/sisu.ut.ee\/wp-content\/uploads\/sites\/177\/screenshot_2020-12-12_at_12.00.40.png 1696w, https:\/\/sisu.ut.ee\/wp-content\/uploads\/sites\/177\/screenshot_2020-12-12_at_12.00.40-300x138.png 300w, https:\/\/sisu.ut.ee\/wp-content\/uploads\/sites\/177\/screenshot_2020-12-12_at_12.00.40-1024x472.png 1024w, https:\/\/sisu.ut.ee\/wp-content\/uploads\/sites\/177\/screenshot_2020-12-12_at_12.00.40-768x354.png 768w, https:\/\/sisu.ut.ee\/wp-content\/uploads\/sites\/177\/screenshot_2020-12-12_at_12.00.40-1536x708.png 1536w\" sizes=\"auto, (max-width: 1696px) 100vw, 1696px\"><\/p>\n<p>Testi lehel kuvatakse testi sooritajale teade, et selle testi puhul toimub j\u00e4relevalve ning info, et testi sooritamiseks tuleb lubada veebilehitsejas veebikaamerale juurdep\u00e4\u00e4s.<\/p>\n<p>\u00d5ppej\u00f5ud saab testi tegemise k\u00e4igus salvestatud\u00a0pilte\u00a0n\u00e4ha testi lehel\u00a0<strong>Vaata j\u00e4relevalve aruannet\u00a0<\/strong>nupul kl\u00f5psates.<\/p>\n<p><img loading=\"lazy\" decoding=\"async\" width=\"2162\" height=\"390\" class=\"alignnone wp-image-984\" style=\"width: 650px; height: 117px;\" title=\"screenshot_2020-12-12_at_12.05.02.png\" src=\"https:\/\/sisu.ut.ee\/wp-content\/uploads\/sites\/177\/screenshot_2020-12-12_at_12.05.02.png\" alt=\"vaata aruannet\" srcset=\"https:\/\/sisu.ut.ee\/wp-content\/uploads\/sites\/177\/screenshot_2020-12-12_at_12.05.02.png 2162w, https:\/\/sisu.ut.ee\/wp-content\/uploads\/sites\/177\/screenshot_2020-12-12_at_12.05.02-300x54.png 300w, https:\/\/sisu.ut.ee\/wp-content\/uploads\/sites\/177\/screenshot_2020-12-12_at_12.05.02-1024x185.png 1024w, https:\/\/sisu.ut.ee\/wp-content\/uploads\/sites\/177\/screenshot_2020-12-12_at_12.05.02-768x139.png 768w, https:\/\/sisu.ut.ee\/wp-content\/uploads\/sites\/177\/screenshot_2020-12-12_at_12.05.02-1536x277.png 1536w, https:\/\/sisu.ut.ee\/wp-content\/uploads\/sites\/177\/screenshot_2020-12-12_at_12.05.02-2048x369.png 2048w, https:\/\/sisu.ut.ee\/wp-content\/uploads\/sites\/177\/screenshot_2020-12-12_at_12.05.02-1920x346.png 1920w\" sizes=\"auto, (max-width: 2162px) 100vw, 2162px\"><\/p>\n<p>Pilte saab vaadata \u00fche testisooritaja kaupa. Pildid\u00a0kustutatakse serverist nelja n\u00e4dala p\u00e4rast automaatselt. \u00dche testisooritaja pilte saab testisoorituskatse juurest ka kohe kustutada (<em>Delete images<\/em>).<\/p>\n<h3>Mida pidada silmas\u00a0j\u00e4relevalvega\u00a0testi \u00fclesehitamisel?<\/h3>\n<h5>Kui te kasutate j\u00e4relevalvega testi, siis paigutage selles testis k\u00f5ik k\u00fcsimused eraldi lehele.<\/h5>\n<p>See on vajalik selleks, et kui \u00f5ppija v\u00f5tab testi sooritamise k\u00e4igus veebikaamerale ligip\u00e4\u00e4su loa maha, siis ei saa ta testi j\u00e4rgmisele lehele liikuda enne, kui on uuesti veebikaamerale ligip\u00e4\u00e4su lubanud. Kui testi k\u00f5ik k\u00fcsimused on \u00fchel lehel, siis saab \u00f5ppija testi k\u00fcsimustele vastata ka siis, kui ta on veebikaamerale ligip\u00e4\u00e4su andmise loa testi sooritamise ajal maha v\u00f5tnud (siis on aruandes saadaval v\u00e4hem pilte, kui testi sooritamise aeg seda eeldaks).<\/p>\n<h5>J\u00e4relevalvega testi on soovitatav kasutada koos testiakna JavaScript turvalisusega.<\/h5>\n<p>Test avaneb siis \u00f5ppijale m\u00f5ningase\u00a0JavaScript\u00a0turvalisusega\u00a0t\u00e4isekraani h\u00fcpikaknas. N\u00e4iteks ei ole v\u00f5imalik\u00a0mujalt kopeeritud teksti testi k\u00fcsimuse\u00a0tekstikasti kleepida\u00a0ning keelatud on kasutada teatud klahvikombinatsioone (nt\u00a0Ctrl+).<\/p>\n<h5>J\u00e4relevalvega testi ei saa kasutada koos\u00a0SafeExamBrowseriga\u00a0(SEB).<\/h5>\n<p>\u00d5ppijatel on j\u00e4relevalvega testi soovitatav sooritada Google\u00a0Chrome\u2019i\u00a0veebilehitsejas.<\/p>\n<h3>Soovitused testi tegijale<\/h3>\n<p>Testi saab sooritada vaid uuendatud\u00a0ja uuemate\u00a0veebilehitsejatega\u00a0(Google Chrome,\u00a0Firefox). N\u00e4iteks ei saa testi sooritada Internet Exploreriga, mille tugi on Microsofti poolt l\u00f5petatud. Tuleb veenduda, et veebikaamerat ei kasuta enne testi alustamist \u00fckski teine programm.\u00a0Vajadusel tuleb lubada testi sooritamiseks\u00a0popup\u00a0ehk h\u00fcpikaknad.<\/p>\n<p><a title=\"\" href=\"https:\/\/sisu.ut.ee\/eoppija\/moodlei-jarelevalve-pluginaga-test\" target=\"_blank\" rel=\"noopener\" data-url=\"https:\/\/sisu.ut.ee\/eoppija\/moodlei-j%C3%A4relevalve-pluginaga-test\">Pikem juhend \u00f5ppijale<\/a><\/p>\n","protected":false},"excerpt":{"rendered":"<p>Mis on Moodle\u2019i testi j\u00e4relevalve plugin? Moodle\u2019isse\u00a0on lisatud testi j\u00e4relevalve\u00a0plugin\u00a0(Moodle\u00a0proctoring), mis\u00a0n\u00f5uab testi sooritajalt veebilehitsejas veebikaamerale juurdep\u00e4\u00e4su lubamist. Veebikaamera salvestab \u00f5ppijast testi\u00a0sooritamise\u00a0ajal teatud ajavahemike tagant pildid, mida \u00f5ppej\u00f5ul on v\u00f5imalik peale testi sooritamist \u00fcle vaadata, et tuvastada v\u00f5imalikku rikkumist (nt on &#8230;<\/p>\n","protected":false},"author":6,"featured_media":0,"parent":0,"menu_order":0,"comment_status":"closed","ping_status":"closed","template":"","meta":{"_acf_changed":false,"inline_featured_image":false,"footnotes":""},"class_list":["post-227","page","type-page","status-publish","hentry"],"acf":[],"_links":{"self":[{"href":"https:\/\/sisu.ut.ee\/juhendid\/wp-json\/wp\/v2\/pages\/227","targetHints":{"allow":["GET"]}}],"collection":[{"href":"https:\/\/sisu.ut.ee\/juhendid\/wp-json\/wp\/v2\/pages"}],"about":[{"href":"https:\/\/sisu.ut.ee\/juhendid\/wp-json\/wp\/v2\/types\/page"}],"author":[{"embeddable":true,"href":"https:\/\/sisu.ut.ee\/juhendid\/wp-json\/wp\/v2\/users\/6"}],"replies":[{"embeddable":true,"href":"https:\/\/sisu.ut.ee\/juhendid\/wp-json\/wp\/v2\/comments?post=227"}],"version-history":[{"count":2,"href":"https:\/\/sisu.ut.ee\/juhendid\/wp-json\/wp\/v2\/pages\/227\/revisions"}],"predecessor-version":[{"id":4718,"href":"https:\/\/sisu.ut.ee\/juhendid\/wp-json\/wp\/v2\/pages\/227\/revisions\/4718"}],"wp:attachment":[{"href":"https:\/\/sisu.ut.ee\/juhendid\/wp-json\/wp\/v2\/media?parent=227"}],"curies":[{"name":"wp","href":"https:\/\/api.w.org\/{rel}","templated":true}]}}