{"id":225,"date":"2024-04-04T02:50:52","date_gmt":"2024-04-03T23:50:52","guid":{"rendered":"https:\/\/sisu.ut.ee\/juhendid\/1-testipohja-loomine-ja-testi-seadistamine\/"},"modified":"2025-11-10T12:14:33","modified_gmt":"2025-11-10T10:14:33","slug":"1-testipohja-loomine-ja-testi-seadistamine","status":"publish","type":"page","link":"https:\/\/sisu.ut.ee\/juhendid\/1-testipohja-loomine-ja-testi-seadistamine\/","title":{"rendered":"1. Testip\u00f5hja loomine ja seadistamine"},"content":{"rendered":"<p>Testi lisamiseks kursuse avalehele:<\/p>\n<ul>\n<li>l\u00fclituge muutmire\u017eiimi ja kl\u00f5psake sobiva mooduli all \u00a0<em>+ Lisa vahend v\u00f5i tegevus<\/em><\/li>\n<li>valige loetelust\u00a0<em>Test <\/em>ja lisage see<\/li>\n<li>pange testile nimi ja kirjutage soovi korral sissejuhatuse lahtrisse nt \u00f5piv\u00e4ljundid, mille saavutamist selle testiga toetatakse v\u00f5i kontrollitakse<\/li>\n<li>kui soovite, et see kuvatakse testi nime all kursuse avalehel, tehke linnuke\u00a0<em>N\u00e4ita kirjeldust kursuse avalehel<\/em>\u00a0m\u00e4rkeruutu<\/li>\n<li>pange paika testi \u00fcldseaded<\/li>\n<\/ul>\n<h3>Ajastamine<\/h3>\n<ul>\n<li>Ava test\/sulge test \u2013 testi avanemise ja sulgumise kuup\u00e4evad ning kellaajad (NB!\u00a0Tehke eelnevalt linnuke m\u00e4rkeruutu\u00a0<em>Luba<\/em>).\u00a0Kui j\u00e4tate avanemise ning sulgumise aja m\u00e4\u00e4ramata, on test \u00f5ppijatele alati avatud.<\/li>\n<li>Ajapiirang \u2013 testi sooritamise\/katse kestus alates testi avamisest. Kui ajapiirangut pole, v\u00f5ib sooritada seda testi \u00fcksk\u00f5ik kui kaua. <strong>Soovitatav on testile alati ajapiirang m\u00e4\u00e4rata!<\/strong><\/li>\n<li>Kui aeg saab otsa \u2013 valige, kas\n<ul>\n<li>avatud katse salvestatakse automaatselt<strong> (soovitatav seade)<\/strong>,<\/li>\n<li>on olemas ajapikenduse periood, mille jooksul saab avatud katse esitada, kuid ei saa enam k\u00fcsimustele vastata.<\/li>\n<li>\u00f5ppija peab vastused esitama enne ajapiirangu l\u00f5ppu, muidu j\u00e4\u00e4b katse sooritamata.<\/li>\n<\/ul>\n<\/li>\n<li>Ajapikenduse periood \u2013 m\u00e4\u00e4rake periood, mille jooksul on v\u00f5imalik katset esitada p\u00e4rast ajapiirangu l\u00f5ppu.<\/li>\n<\/ul>\n<h3>Hindamine<\/h3>\n<ul>\n<li><em>Hinde kategooria<\/em> valimiseks peavad olema kategooriad\/kaustad eelnevalt kursuse hindetabelis loodud. Kategooriat luua ja testi sinna paigutada saate ka hiljem.<\/li>\n<li><em>L\u00e4vend<\/em> \u2013 punktisumma, millest alates n\u00e4idatakse hindetabelis tulemust roheliselt.<\/li>\n<li>M\u00e4\u00e4rake, <strong>mitu korda iga \u00f5ppija saab testi sooritada<\/strong> (<em>Testisoorituskatseid lubatud<\/em>) ja milline tulemus l\u00e4heb mitme katse korral hindetabelisse (<em>Koondhinne<\/em>).<\/li>\n<\/ul>\n<h3><span data-mce-mark=\"1\">K\u00fcsimuste paigutamine<\/span><\/h3>\n<p>Selles sektsioonis tuleb m\u00e4\u00e4rata k\u00fcsimuste esialgne paigutus. Ka seda saab hiljem muuta.<\/p>\n<ul>\n<li><em>K\u00fcsimuste arv lehel<\/em> \u2013 kui test on pikk ja koosneb paljudest k\u00fcsimustest, on vahel otstarbekas jaotada k\u00fcsimused eraldi lehtedele. <strong>Soovitatav on m\u00e4\u00e4rata k\u00fcsimused \u00fchekaupa lehtedele.<\/strong><\/li>\n<li><em>K\u00fcsimustele vastamise j\u00e4rjekord<\/em> \u2013 valige, kas \u00f5ppija saab liikuda vastates vaid etteantud j\u00e4rjekorras v\u00f5i saab tagasi p\u00f6\u00f6rduda eelmiste k\u00fcsimuste (eelmiste lehtede) juurde.<\/li>\n<\/ul>\n<h3>K\u00fcsimuste toimimine<\/h3>\n<p>Selles sektsioonis saab<\/p>\n<ul>\n<li>valida, kas muuta vastuste j\u00e4rjekorda k\u00fcsimuste sees, kus see on v\u00f5imalik (nt valikvastused, vastavusse seadmine).<\/li>\n<li>m\u00e4\u00e4rata, kuidas k\u00fcsimused k\u00e4ituvad \u2013 millal \u00f5ppijat hinnatakse ja millal ta n\u00e4eb tagasisidet \u2013 kas iga k\u00fcsimuse vastamise j\u00e4rel v\u00f5i p\u00e4rast terve testi esitamist.\u00a0Valikuteks on: <em>kohanduv re\u017eiim, kohanduv re\u017eiim (trahvideta), viivitusega tagasiside, viivitusega tagasiside<\/em> enesehinnanguga, kohene tagasiside, kohene tagasiside enesehinnanguga, interaktiivne mitme katsega, k\u00e4sitsi hinnatav. Nt\u00a0<em>kohanduv re\u017eiim<\/em>\u00a0lubab \u00f5ppijal valesti vastamise korral kohe uuesti vastata (iga k\u00fcsimuse j\u00e4rel on nupp vastuse esitamiseks). Sel juhul oleks m\u00f5istlik iga k\u00fcsimuse seadete lehel m\u00e4\u00e4rata trahv iga vale katse korral.<\/li>\n<li>m\u00e4\u00e4rata, kas iga katse p\u00f5hineb eelmisel v\u00f5i mitte. Kui p\u00f5hineb ja testi on lubatud sooritada mitu korda, arvestab iga uus katse ka eelnevate katsete tulemusi.<\/li>\n<\/ul>\n<h3>L\u00e4bivaatusevalikute sektsioon<\/h3>\n<p>Siin saab m\u00e4\u00e4rata t\u00e4psemalt, kuidas ja millal n\u00e4eb \u00f5ppija tagasisidet terve testi kohta.<\/p>\n<ul>\n<li><em><span data-mce-mark=\"1\">Testi sooritamise ajal<\/span><\/em>\u00a0\u2013 kui katse on veel avatud;<\/li>\n<li><span data-mce-mark=\"1\"><em>Kohe peale testi esitamist<\/em>\u00a0<\/span>\u2013 u 2 minutit p\u00e4rast katse sooritamist;<\/li>\n<li><em><span data-mce-mark=\"1\">Hiljem, kui test on veel avatud<\/span><\/em>\u00a0\u2013 kui test on kuup\u00e4evaliselt ja kellaajaliselt veel k\u00e4ttesaadav;<\/li>\n<li><em><span data-mce-mark=\"1\">P\u00e4rast testi sulgemist<\/span><\/em>\u00a0\u2013 kui test ei ole enam sooritamiseks k\u00e4ttesaadav.<\/li>\n<\/ul>\n<p>Seega saab siin m\u00e4\u00e4rata, millist informatsiooni \u00f5ppija testi eri etappidel n\u00e4eb.<\/p>\n<ul>\n<li><em>Testisoorituskatse\u00a0<\/em>\u2013 kas \u00f5ppija n\u00e4eb \u00fcldse enda katset.<\/li>\n<li><em>Kas on \u00f5ige<\/em>\u00a0\u2013 n\u00e4idatakse vastavate v\u00e4rviliste esilet\u00f5stmistega ja ka s\u00f5naliselt, kas \u00f5ppija vastus on\u00a0 \u201e\u00d5ige\u201d, \u201eOsaliselt \u00f5ige\u201d\u00a0 v\u00f5i \u201eVale\u201d.<\/li>\n<li><em>Punktid\u00a0<\/em>\u2013\u00a0 \u00f5ppijale kuvatakse nii k\u00fcsimuse vastuse numbriline v\u00e4\u00e4rtus kui ka kogu testi punktisumma.\u00a0<strong>NB!\u00a0Kui punktide n\u00e4itamine pole linnukesega m\u00e4rgitud, siis sellel ajal ei n\u00e4e \u00f5ppija enda tulemust ka hindetabelis.<\/strong><\/li>\n<li><em>Konkreetne tagasiside<\/em>\u00a0\u2013 tagasiside, mis s\u00f5ltub nii k\u00fcsimuse t\u00fc\u00fcbist kui ka konkreetse \u00f5ppija vastusest.\u00a0 \u00d5ppej\u00f5ud lisab selle sooritatud testi l\u00e4bivaatamisel.<\/li>\n<li><em>\u00dcldine tagasiside\u00a0<\/em>\u2013 tagasiside, mis tehakse n\u00e4htavaks \u00f5ppijale p\u00e4rast igale k\u00fcsimusele vastamist konkreetse k\u00fcsimuse kohta. Erinevalt spetsiifilisest tagasisidest kuvatakse k\u00f5igile \u00f5ppijatele \u00fchesuguse tekstiga tagasiside. Selles tagasisides saab \u00f5ppej\u00f5ud n\u00e4idata \u00f5ppijatele t\u00e4iesti \u00f5igeid vastuseid, aga ka nt anda linke lisainfoks, juhuks, kui \u00f5ppija vastamisel h\u00e4tta j\u00e4i. See tagasiside on lisatud \u00f5ppej\u00f5u poolt juba testi k\u00fcsimuste koostamisel.<\/li>\n<li><em>\u00d5ige vastus<\/em>\u00a0\u2013 kaaluge, ehk ei tasuks kohe p\u00e4rast testi v\u00f5i juba testi sooritamise ajal \u00f5ppijale \u00f5iget vastust n\u00e4idata. Kui tegu on arvestusliku testiga, on m\u00f5istlik \u00f5igeid vastuseid n\u00e4idata alles p\u00e4rast testi sulgemist (st kui k\u00f5ik on testi sooritanud).<\/li>\n<li><em>Koondtagasiside<\/em>\u00a0\u2013 tagasiside, mida n\u00e4idatakse \u00f5ppijale katse l\u00f5pus (protsendid ja\/v\u00f5i s\u00f5naline tagasiside terve katse kohta). \u00d5ppej\u00f5ud saab selle sisestada testi \u00fcldistes seadetes.<\/li>\n<\/ul>\n<h3>V\u00e4limuse sektsioon<\/h3>\n<p>Siin saab m\u00e4\u00e4rata, kas n\u00e4idatakse \u00f5ppija pilti, plokke ja tulemustes komakohti.<\/p>\n<h3><span data-mce-mark=\"1\">Testi lisapiirangute<\/span>\u00a0sektsioon<\/h3>\n<p>Saab lisada salas\u00f5na ja v\u00f5rguaadressi n\u00f5ude, samuti saab m\u00e4\u00e4rata katsetevahelist aega (viiteaeg). Viiteajal on\u00a0test \u00f5ppijale suletud ning ta peaks valmistuma testi j\u00e4rgmiseks katseks.<\/p>\n<p>Testi turvalises aknas avamine eeldab \u00f5ppija arvutilt JavaScripti, samuti avaneb selline test navigeerimisnuppudeta t\u00e4isekraani katvas h\u00fcpikaknas.\u00a0Turvaline testiaken rakendusega\u00a0<em>Safe Exam Browser<\/em>\u00a0n\u00f5uab \u00f5ppej\u00f5ult vastava rakenduse installeerimist enda arvutisse, seadistamist ning seadistuse lisamist kursusele, mille salvestamisel ja avamisel saavad \u00f5ppijad peale <em>Safe Exam Browser\u2019<\/em>i installeerimist oma arvutisse k\u00e4ivitada\u00a0\u00f5ppej\u00f5u poolt m\u00e4\u00e4ratud tingimustel (nt ei t\u00f6\u00f6ta osa klaviatuuri klahve, parem hiirenupp, ei k\u00e4ivitu teised programmid jne). Vt l\u00e4hemalt\u00a0<a href=\"http:\/\/www.safeexambrowser.org\/about_overview_en.html\" target=\"_blank\" rel=\"noopener\">http:\/\/www.safeexambrowser.org\/about_overview_en.html<\/a><\/p>\n<h3><span data-mce-mark=\"1\">Koondtagasiside<\/span><\/h3>\n<p>Koondtagasiside v\u00f5imaldab p\u00e4rast testi sooritamist n\u00e4idata \u00f5ppijale kommentaare vastavalt tema testi tulemusele. \u00d5ppej\u00f5ud saab ise otsustada, milliste tulemuste kaupa (hinde piirv\u00e4\u00e4rtused) ja millist tagasisidet antakse. N\u00e4iteks v\u00f5idakse tulemusega vahemikus 80% \u2013 100% testi sooritanud \u00f5ppijatele n\u00e4idata kommentaari \u201cSuurep\u00e4rane!\u201d, 60% \u2013 79% saanutele \u201cV\u00e4ga hea!\u201d ning alla 60% saanutele \u201cTe peaksite veel \u00f5ppima!\u201d.\u00a0Oluline on meeles pidada, et hinde piirv\u00e4\u00e4rtusena tuleb sisestada nii number kui protsendim\u00e4rk (nt 51%) ja tagasiside tekst k\u00e4ib kahe j\u00e4rjestikuse piirv\u00e4\u00e4rtuse vahemiku kohta.<\/p>\n<h3>Mooduli \u00fclds\u00e4tted<\/h3>\n<p>Need seaded on vajalikud juhul, kui teste sooritatakse s\u00f5ltuvalt r\u00fchmakuuluvusest (r\u00fchmad ja r\u00fchmitused on enne loodud: seadistuste plokk \u2013 kasutajad \u2013 r\u00fchmad \u2013 r\u00fchmitused). Samuti saab seal m\u00e4\u00e4rata, kas test on \u00f5ppijatele kursuse avalehel n\u00e4htav v\u00f5i kas testi saab sooritada vaid kindlatest arvutitest.<\/p>\n<h3>Ligip\u00e4\u00e4su piiramine<\/h3>\n<p>Need seaded lubavad m\u00e4\u00e4rata veelgi rangemad ligip\u00e4\u00e4su reeglid (\u00f5ppija ei n\u00e4e ka testi kirjeldust).<\/p>\n<ul>\n<li>Ajaline ligip\u00e4\u00e4su piiramine v\u00f5imaldab ette anda t\u00e4pse aja, mil antud tegevus on \u00f5ppijatele n\u00e4htav. Aja m\u00e4rkimiseks tuleb m\u00e4rkida linnukesega \u2018Luba\u2019. T\u00e4pse aja v\u00f5ib ette anda ainult avanemiseks v\u00f5i sulgemiseks v\u00f5i ka m\u00f5lemaks. Kui ajaline piirang on m\u00e4rkimata, on antud tegevus alati \u00f5ppijatele n\u00e4htav.<\/li>\n<li>Hinde tingimus m\u00e4\u00e4rab juurdep\u00e4\u00e4su tegevusele vastavalt seni kursusel saadud tulemusele. N\u00e4iteks v\u00f5ib m\u00e4\u00e4rata, et antud test avaneb alles siis, kui \u00f5ppija on saanud mingi eelneva testi v\u00f5i \u00fclesande eest teatud protsendi maksimaalsest tulemusest.<\/li>\n<\/ul>\n<p><img loading=\"lazy\" decoding=\"async\" width=\"843\" height=\"140\" class=\"alignnone wp-image-980\" style=\"margin-left: auto; margin-right: auto; border: 1px solid #eee;\" title=\"ligipaasu_piirang.png\" src=\"https:\/\/sisu.ut.ee\/wp-content\/uploads\/sites\/177\/ligipaasu_piirang.png\" alt=\"ligipaasu_piirang.png\" srcset=\"https:\/\/sisu.ut.ee\/wp-content\/uploads\/sites\/177\/ligipaasu_piirang.png 843w, https:\/\/sisu.ut.ee\/wp-content\/uploads\/sites\/177\/ligipaasu_piirang-300x50.png 300w, https:\/\/sisu.ut.ee\/wp-content\/uploads\/sites\/177\/ligipaasu_piirang-768x128.png 768w\" sizes=\"auto, (max-width: 843px) 100vw, 843px\"><\/p>\n<p>P\u00e4rast salvestamist on testip\u00f5hi loodud ja j\u00e4rgneb k\u00fcsimuste koostamine ja\/v\u00f5i lisamine testi.<\/p>\n<h3>Teade testi esitamise kohta<\/h3>\n<p>Kui \u00f5ppej\u00f5ud soovib, et testi esitamise kohta tuleb talle teade (nt esseek\u00fcsimustega testi puhul), siis peab ta selle testi \u00f5igustes lisama seadele <em>Saada teade, kui test on esitatud<\/em>\u00a0\u00f5ppej\u00f5u rolli: kl\u00f5psake testi nimel \u2013 testi seadistuste plokis link <em>\u00d5igused<\/em>.<\/p>\n<p style=\"text-align: center;\"><img loading=\"lazy\" decoding=\"async\" width=\"520\" height=\"55\" class=\"alignnone wp-image-981\" title=\"testi-teade.png\" src=\"https:\/\/sisu.ut.ee\/wp-content\/uploads\/sites\/177\/testi-teade.png\" alt=\"Testi teade\" srcset=\"https:\/\/sisu.ut.ee\/wp-content\/uploads\/sites\/177\/testi-teade.png 520w, https:\/\/sisu.ut.ee\/wp-content\/uploads\/sites\/177\/testi-teade-300x32.png 300w\" sizes=\"auto, (max-width: 520px) 100vw, 520px\"><\/p>\n\n\n<h3 class=\"wp-block-heading\">Testi haldamise plokk<\/h3>\n\n\n\n<p>Kursuse avalehel testi nimel kl\u00f5psates avaneb vasakul pool plokk\u00a0<em>Testi haldamine<\/em>.<\/p>\n\n\n\n<ul class=\"wp-block-list\">\n<li><em>Muuda s\u00e4tteid\u00a0<\/em>\u2013 viib meid tagasi testi \u00fcldseadete juurde<\/li>\n\n\n\n<li><em>S\u00e4tete \u00fclekirjutused<\/em>\u00a0\u2013 annab v\u00f5imaluse lisada konkreetsele \u00f5ppijale v\u00f5i r\u00fchmadele testi sooritamiseks erinevad piiranguid (aeg, salas\u00f5na, katsete arv, ajapiirang)<\/li>\n\n\n\n<li><em>Muuda testi<\/em>\u00a0\u2013 saab luua ja lisada juba olemasolevaid k\u00fcsimusi, paika panna punkte jms<\/li>\n\n\n\n<li><em>Eelvaade\u00a0<\/em>\u2013 v\u00f5imaldab \u00f5ppej\u00f5ul n\u00e4ha ja sooritada testi<\/li>\n\n\n\n<li><em>Tulemused \u2013\u00a0<\/em>testi tulemuste leht<\/li>\n\n\n\n<li><em>Kohalikult m\u00e4\u00e4ratud rollid<\/em>\u00a0\u2013 saab muuta kursusel olevate inimeste rolle selle testi piires<\/li>\n\n\n\n<li><em>\u00d5igused\u00a0<\/em>\u2013 saab muuta olemasolevate rollide \u00f5igusi selle testi raames<\/li>\n\n\n\n<li><em>Kontrolli \u00f5igusi<\/em>\u00a0\u2013 saab kontrollida erinevate kasutajate \u00f5igusi<\/li>\n\n\n\n<li><em>Filtrid\u00a0<\/em>\u2013 erinevate filtrite kasutamine<\/li>\n\n\n\n<li><em>Logid<\/em>\u00a0\u2013 v\u00f5imalik j\u00e4lgida kasutajate tegevusi<\/li>\n\n\n\n<li><em>Loo varukoopia<\/em>\u00a0\u2013 testist varukoopia tegemine<\/li>\n\n\n\n<li><em>Taasta<\/em> \u2013 varukoopiast testi taastamine<\/li>\n\n\n\n<li><em>K\u00fcsimustepank<\/em>\u00a0\u2013 otsetee k\u00fcsimuste panka\n<ul class=\"wp-block-list\">\n<li><em>K\u00fcsimused<\/em> \u2013 n\u00e4eb ja saab muuta ning lisada k\u00fcsimusi<\/li>\n\n\n\n<li><em>Kategooriad<\/em> \u2013 saab luua uusi kategooriaid ja olemasolevaid muuta<\/li>\n\n\n\n<li><em>Impordi<\/em> \u2013 k\u00fcsimuste importimine<\/li>\n\n\n\n<li><em>Ekspordi<\/em> \u2013 k\u00fcsimuste eksportimine<\/li>\n<\/ul>\n<\/li>\n\n\n\n<li>Tulemused \u2013 otsetee testi soorituste lehele\n<ul class=\"wp-block-list\">\n<li>Hinded \u2013 tabel k\u00f5igi sooritajate ning nende soorituste infoga (aeg, punktisumma, iga k\u00fcsimuse tulemus)<\/li>\n\n\n\n<li>Vastused \u2013 tabel k\u00f5igi sooritajate k\u00fcsimuste ning vastuste tekstidega<\/li>\n\n\n\n<li>Statistika \u2013 tabel \u00fcldse soorituste statististikaga ning kl\u00f5psates k\u00fcsimuse nimel (kui on testis konkreetsed k\u00fcsimused v\u00f5i lingil <em>Vaata detaile<\/em> (kui testis on juhuslikud k\u00fcsimused), n\u00e4idatakse iga k\u00fcsimuse konreetset statistikat<\/li>\n\n\n\n<li>K\u00e4sitsi hindamine \u2013 eelk\u00f5ige essee-t\u00fc\u00fcpi vastustega k\u00fcsimuste hindamiseks, kuid kl\u00f5psates <em>Kuva ka automaatselt hinnatud k\u00fcsimused<\/em>, saab \u00fcle hinnata ka etteantud valikutega k\u00fcsimusi.<\/li>\n<\/ul>\n<\/li>\n<\/ul>\n","protected":false},"excerpt":{"rendered":"<p>Testi lisamiseks kursuse avalehele: l\u00fclituge muutmire\u017eiimi ja kl\u00f5psake sobiva mooduli all \u00a0+ Lisa vahend v\u00f5i tegevus valige loetelust\u00a0Test ja lisage see pange testile nimi ja kirjutage soovi korral sissejuhatuse lahtrisse nt \u00f5piv\u00e4ljundid, mille saavutamist selle testiga toetatakse v\u00f5i kontrollitakse kui &#8230;<\/p>\n","protected":false},"author":6,"featured_media":0,"parent":0,"menu_order":0,"comment_status":"closed","ping_status":"closed","template":"","meta":{"_acf_changed":false,"inline_featured_image":false,"footnotes":""},"class_list":["post-225","page","type-page","status-publish","hentry"],"acf":[],"_links":{"self":[{"href":"https:\/\/sisu.ut.ee\/juhendid\/wp-json\/wp\/v2\/pages\/225","targetHints":{"allow":["GET"]}}],"collection":[{"href":"https:\/\/sisu.ut.ee\/juhendid\/wp-json\/wp\/v2\/pages"}],"about":[{"href":"https:\/\/sisu.ut.ee\/juhendid\/wp-json\/wp\/v2\/types\/page"}],"author":[{"embeddable":true,"href":"https:\/\/sisu.ut.ee\/juhendid\/wp-json\/wp\/v2\/users\/6"}],"replies":[{"embeddable":true,"href":"https:\/\/sisu.ut.ee\/juhendid\/wp-json\/wp\/v2\/comments?post=225"}],"version-history":[{"count":6,"href":"https:\/\/sisu.ut.ee\/juhendid\/wp-json\/wp\/v2\/pages\/225\/revisions"}],"predecessor-version":[{"id":4935,"href":"https:\/\/sisu.ut.ee\/juhendid\/wp-json\/wp\/v2\/pages\/225\/revisions\/4935"}],"wp:attachment":[{"href":"https:\/\/sisu.ut.ee\/juhendid\/wp-json\/wp\/v2\/media?parent=225"}],"curies":[{"name":"wp","href":"https:\/\/api.w.org\/{rel}","templated":true}]}}