{"id":222,"date":"2024-04-04T02:50:52","date_gmt":"2024-04-03T23:50:52","guid":{"rendered":"https:\/\/sisu.ut.ee\/juhendid\/testid-turvalisus-jarelevalve\/"},"modified":"2024-05-14T09:14:47","modified_gmt":"2024-05-14T06:14:47","slug":"testid-turvalisus-jarelevalve","status":"publish","type":"page","link":"https:\/\/sisu.ut.ee\/juhendid\/testid-turvalisus-jarelevalve\/","title":{"rendered":"V\u00f5imalusi Moodle&#8217;i testide turvalisuseks ja j\u00e4relevalveks"},"content":{"rendered":"<h5>NB! Moodle\u2019i testide puhul peab testi k\u00fcsimused paigutama \u00fchekaupa lehele. Kui k\u00fcsimused on k\u00f5ik \u00fchel lehel, siis vastused ei salvestu enne, kui \u00f5ppija testi esitab (kui k\u00fcsimused on eraldi lehtedel, siis salvestuvad vastused j\u00e4rgmisele lehele liikudes) ning kui siis testi esitamise hetkel on testi tegijal interneti\u00fchenduse katkestus, siis l\u00e4hevad vastused kaduma ja neid pole v\u00f5imalik taastada.<\/h5>\n<table class=\"table table-hover\" style=\"border-collapse: collapse; width: 100%;\" width=\"862\" cellpadding=\"5\" align=\"center\">\n<tbody>\n<tr style=\"height: 18.75pt;\">\n<td style=\"width: 200px; vertical-align: top;\">\n<p style=\"margin-bottom: 0cm; text-align: center;\"><span style=\"line-height: 107%;\"><span style=\"height: 18.75pt;\"><b>Mida soovin teha?<\/b><\/span><\/span><\/p>\n<\/td>\n<td style=\"width: 285.75pt; border-left: none; vertical-align: top;\" width=\"381\">\n<p style=\"margin-bottom: 0cm; text-align: center;\"><span style=\"line-height: normal;\"><span style=\"height: 18.75pt;\"><b>V\u00f5imaluse kirjeldus<\/b><\/span><\/span><\/p>\n<\/td>\n<td style=\"width: 242.25pt; border-left: none; vertical-align: top;\" width=\"323\">\n<p style=\"margin-bottom: 0cm; text-align: center;\"><span style=\"line-height: normal;\"><span style=\"height: 18.75pt;\"><b>Juhised<\/b><\/span><\/span><\/p>\n<\/td>\n<\/tr>\n<tr>\n<td style=\"width: 118.5pt; border-top: none; vertical-align: top;\" width=\"158\">\n<p style=\"margin-bottom: 0cm; padding: 0cm5.4pt0cm5.4pt;\"><span style=\"line-height: normal;\">Soovin, et \u00f5ppija ei saa testi sooritamisel k\u00fcsimuse vastuselahtrisse mujalt kopeeritud teksti kleepida.<\/span><\/p>\n<\/td>\n<td style=\"width: 285.75pt; border-top: none; border-left: none; vertical-align: top;\" width=\"381\">\n<p style=\"margin-bottom: 0cm; padding: 0cm5.4pt0cm5.4pt;\"><span style=\"line-height: normal;\">Kasutan testiakna JavaScript turvalisust. Test avaneb ainult siis, kui \u00f5ppija veebilehitsejal on JavaScript lubatud. T\u00e4isekraani h\u00fcpikaken katab k\u00f5ik muud aknad ja sellel pole navigeerimisribasid. Vastuselahtrisse teksti kleepida ei saa.<\/span><\/p>\n<\/td>\n<td style=\"width: 242.25pt; border-top: none; border-left: none; vertical-align: top;\" width=\"323\">\n<p style=\"margin-bottom: 0cm; padding: 0cm5.4pt0cm5.4pt;\"><span style=\"line-height: normal;\">Testi seadetes on vaikimisi seadena lisapiirangute osas testiakna turvalisuseks m\u00e4\u00e4ratud \u201cT\u00e4isekraani h\u00fcpikaken koos m\u00f5ningase JavaScript turvalisusega\u201d.<\/span><\/p>\n<\/td>\n<\/tr>\n<tr>\n<td style=\"width: 118.5pt; border-top: none; vertical-align: top;\" width=\"158\">\n<p style=\"margin-bottom: 0cm; padding: 0cm5.4pt0cm5.4pt;\"><span style=\"line-height: normal;\">Soovin, et \u00f5ppija ei saa testi sooritamise ajal arvutis kasutada teisi rakendusi, veebilehti ning klaviatuuri teatud klahvikombinatsioone.<\/span><\/p>\n<\/td>\n<td style=\"width: 285.75pt; border-top: none; border-left: none; vertical-align: top;\" width=\"381\">\n<p style=\"margin-bottom: 0cm; padding: 0cm5.4pt0cm5.4pt;\"><span style=\"line-height: normal;\">Lasen \u00f5ppijatel testi sooritada Safe Exam Browseriga (SEB) kas arvutiklassis v\u00f5i iga\u00fchel oma arvutis. SEBi kasutamiseks peab \u00f5ppej\u00f5u ja \u00f5ppija arvutisse olema installeeritud SEB programm ning \u00f5ppej\u00f5ul seadistatud SEB konfiguratsioonifail, millest \u00f5ppija testi avab. Testi sooritaja ei saa arvutis kasutada teisi rakendusi, veebilehti ja klaviatuuri teatud klahvikombinatsioone (nt Ctrl+, Print Screen jm).<\/span><\/p>\n<\/td>\n<td style=\"width: 242.25pt; border-top: none; border-left: none; vertical-align: top;\" width=\"323\">Avan testi seaded ning m\u00e4\u00e4ran ja seadistan Safe Exam Browseri kasutamise.\n<h5>NB!\u00a0Soovitatav on kasutada k\u00e4sitsi SEBi seadeid, mitte muuta vaikimisi seadeid ning pakkuda tudengitele SEBiga proovitesti tegemist, et tudeng saaks veenduda, et SEB tema arvutis k\u00e4ivitub.<\/h5>\n<p>SEB juhend: <a title=\"\" href=\"https:\/\/sisu.ut.ee\/juhendid\/seb\" target=\"_blank\" rel=\"noopener\" data-url=\"https:\/\/sisu.ut.ee\/juhendid\/seb\">https:\/\/sisu.ut.ee\/juhendid\/seb<\/a><\/p>\n<p>Ants Kure ettekande\u00a0<a title=\"\" href=\"https:\/\/panopto.ut.ee\/Panopto\/Pages\/Viewer.aspx?id=674ecf99-a550-4e59-b4a4-ac80008c46c3\" target=\"_blank\" rel=\"noopener\" data-url=\"https:\/\/panopto.ut.ee\/Panopto\/Pages\/Viewer.aspx?id=674ecf99-a550-4e59-b4a4-ac80008c46c3\">videosalvestus<\/a>\u00a0SEB kasutamisest testi j\u00e4relevalveks.<\/p>\n<h5>NB! <span class=\"ui-provider a b c d e f g h i j k l m n o p q r s t u v w x y z ab ac ae af ag ah ai aj ak\" dir=\"ltr\">kui soovite SEB brauserit kasutada T\u00dc arvutiklassides, siis v\u00f5tke \u00fchendust arvutiklassi administraatoriga.<\/span><\/h5>\n<\/td>\n<\/tr>\n<tr>\n<td style=\"width: 118.5pt; border-top: none; vertical-align: top;\" width=\"158\">\n<p style=\"margin-bottom: 0cm; padding: 0cm5.4pt0cm5.4pt;\"><span style=\"line-height: normal;\">Soovin, et testi sooritamise ajal salvestatakse \u00f5ppijast veebikaameraga piltide jada.<\/span><\/p>\n<\/td>\n<td>Kasutan Moodle\u2019i testi j\u00e4relevalve pluginat (<span style=\"color: #ff0000;\">NB! uus v\u00f5imalus Moodle\u2019is<\/span>). J\u00e4relevalve plugin n\u00f5uab \u00f5ppijalt testi sooritamisel veebikaamera lubamist ning veebikaamera salvestab \u00f5ppijast testi tegemise ajal teatud ajavahemike tagant pildid, mida \u00f5ppej\u00f5ul on v\u00f5imalik peale testi sooritamist \u00fcle vaadata ja kustutada. Pildid salvestatakse \u00fclikooli Moodle\u2019i serverisse ja kustutatakse automaatselt 3 n\u00e4dala m\u00f6\u00f6dumisel.Teavitan \u00f5ppijaid testi ajal veebikaameraga salvestamisest ette ja pakun neile enne eksamitesti samadel tingimustel proovitesti sooritamise v\u00f5imalust.<\/td>\n<td style=\"width: 242.25pt; border-top: none; border-left: none; vertical-align: top;\" width=\"323\">Kui Moodle\u2019i j\u00e4relevalve plugin on Moodle\u2019isse lisatud, siis on seda v\u00f5imalik kasutada nii:Avan testi seaded ning m\u00e4\u00e4ran testi lisapiirangute osas veebikaame<span style=\"line-height: normal;\">raga identiteedi valideerimise (valik \u201cn\u00f5utud, tuleb enne katse alustamist kinnitada\u201d). <\/span>\n<p><strong>NB!<\/strong> J\u00e4relevalve plugin ei t\u00f6\u00f6ta koos Safe Exam Browseriga.\u00a0Soovitatav on seda kasutada koos testiakna JavaScript turvalisusega. J\u00e4relevalvega testis on soovitatav iga testik\u00fcsimus paigutada eraldi lehele.<\/p>\n<p>J\u00e4relevalve plugina juhend:\u00a0 <a title=\"\" href=\"https:\/\/sisu.ut.ee\/juhendid\/jarelevalve\" target=\"_blank\" rel=\"noopener\" data-url=\"https:\/\/sisu.ut.ee\/juhendid\/jarelevalve\">https:\/\/sisu.ut.ee\/juhendid\/jarelevalve<\/a><\/p>\n<p>Juhend \u00f5ppijale j\u00e4relevalve pluginaga testi sooritamiseks:\u00a0<a title=\"\" href=\"https:\/\/sisu.ut.ee\/eoppija\/moodlei-j%C3%A4relevalve-pluginaga-test\" target=\"_blank\" rel=\"noopener\" data-url=\"https:\/\/sisu.ut.ee\/eoppija\/moodlei-j%C3%A4relevalve-pluginaga-test\">https:\/\/sisu.ut.ee\/eoppija\/moodlei-j\u00e4relevalve-pluginaga-test<\/a><\/p><\/td>\n<\/tr>\n<tr>\n<td style=\"width: 118.5pt; border-top: none; vertical-align: top;\" width=\"158\">\n<p style=\"margin-bottom: 0cm; padding: 0cm5.4pt0cm5.4pt;\"><span style=\"line-height: normal;\">Soovin \u00f5ppijaid testi sooritamise ajal video teel BigBlueButtoniga (BBB) j\u00e4lgida.<\/span><\/p>\n<\/td>\n<td style=\"width: 285.75pt; border-top: none; border-left: none; vertical-align: top;\" width=\"381\">Korraldan \u00f5ppijate testi sooritamise j\u00e4lgimise BigBlueButtoniga. Kuna BBBs on v\u00f5imalik veebikaameraid jagada vaid teatud arv (soovitatavalt mitte \u00fcle 12), siis vajadusel korraldan j\u00e4lgimise mitmes v\u00e4iksemas BBB ruumis (igas ruumis on vajalik j\u00e4relevalvaja olemasolu).Kui kasutan BBBga j\u00e4lgimist suurte eksamite puhul, siis annan sellest eelnevalt teada aadressil <a href=\"mailto:eope@ut.ee\">eope@ut.ee<\/a>, et teaksime, et on oht BBB \u00fclekoormuseks sel perioodil.\n<p>Soovi korral kasutan lisaturvalisusena testi sooritamist Safe Exam Browseriga, et \u00f5ppija ei saaks testi tegemise ajal kasutada arvutis teisi rakendusi, veebilehti ning klaviatuuri teatud klahvikombinatsioone.<\/p>\n<p>BBBsse peab \u00f5ppija sisenema enne SEBs testi avamist arvutis ning v\u00f5imaldama \u00f5ppej\u00f5ul n\u00e4ha oma veebikaamera pilti.<\/p>\n<p>BBBga j\u00e4relvalveks v\u00f5ivad \u00f5ppijad kasutada ka enda nutitelefoni, mille kaamera on suunatud \u00f5ppijale.<\/p><\/td>\n<td style=\"width: 242.25pt; border-top: none; border-left: none; vertical-align: top;\" width=\"323\">\n<p style=\"margin-bottom: 0cm;\"><span style=\"line-height: normal;\">Loon e-kursusel vajalikud BBB ruumid.<\/span><\/p>\n<h5 style=\"margin-bottom: 0cm;\"><span style=\"line-height: normal;\">NB! J\u00e4relevalvajad seadistavad BBB ruumid nii, et \u00f5ppijad BBB sessiooni vaataja rollis <strong>ei n\u00e4e \u00fcksteise videokaamerate pilte <\/strong>(<em>Lock viewers<\/em>, l\u00fclita v\u00e4lja nupp <i>See other viewes webcams<\/i><\/span>). (Kui eksami sooritajad n\u00e4evad k\u00f5ik \u00fcksteise kaameraid, siis on selles BBB sessioonis andmemaht liiga suur. Tulemuseks v\u00f5ib olla kogu BBB \u00fclekoormus ja mittetoimimine.)<\/h5>\n<p style=\"margin-bottom: 0cm;\">BBB kasutamise juhend: <a title=\"\" href=\"https:\/\/sisu.ut.ee\/juhendid\/bbb\" target=\"_blank\" rel=\"noopener\" data-url=\"https:\/\/sisu.ut.ee\/juhendid\/bbb\">https:\/\/sisu.ut.ee\/juhendid\/bbb<\/a><\/p>\n<p>Kui kasutan lisaks Safe Exam Browserit, siis avan testi seaded ning m\u00e4\u00e4ran ja seadistan Safe Exam Browseri kasutamise.<\/p>\n<p>SEB juhend: <a title=\"\" href=\"https:\/\/sisu.ut.ee\/juhendid\/seb\" target=\"_blank\" rel=\"noopener\" data-url=\"https:\/\/sisu.ut.ee\/juhendid\/seb\">https:\/\/sisu.ut.ee\/juhendid\/seb<\/a><\/p>\n<p>Anti Kalda ettekande\u00a0<a title=\"\" href=\"https:\/\/panopto.ut.ee\/Panopto\/Pages\/Viewer.aspx?id=fd5b82d4-7e83-4785-9180-ac7c008d77bd\" target=\"_blank\" rel=\"noopener\" data-url=\"https:\/\/panopto.ut.ee\/Panopto\/Pages\/Viewer.aspx?id=fd5b82d4-7e83-4785-9180-ac7c008d77bd\">videosalvestus<\/a>\u00a0BBB ja SEB kasutamisest testi j\u00e4relevalveks.<\/p><\/td>\n<\/tr>\n<tr>\n<td style=\"width: 118.5pt; border-top: none; vertical-align: top;\" width=\"158\">\n<p style=\"margin-bottom: 0cm; padding: 0cm5.4pt0cm5.4pt;\"><span style=\"line-height: normal;\">Soovin \u00f5ppijaid testi sooritamise ajal video teel MS Teamsiga j\u00e4lgida.<\/span><\/p>\n<p style=\"margin-bottom: 0cm; padding: 0cm5.4pt0cm5.4pt;\">\n<\/p><\/td>\n<td style=\"width: 285.75pt; border-top: none; border-left: none; vertical-align: top;\" width=\"381\">\n<p style=\"margin-bottom: 0cm; padding: 0cm5.4pt0cm5.4pt;\">Korraldan \u00f5ppijate testi sooritamise j\u00e4lgimise MS Teamsiga.<\/p>\n<p>Soovi korral kasutan lisaturvalisusena testi sooritamist<span style=\"line-height: normal;\"> Safe Exam Browseriga, et \u00f5ppija ei saaks testi tegemise ajal kasutada arvutis teisi rakendusi, veebilehti ning klaviatuuri<\/span> teatud klahvikombinatsioone.<\/p>\n<p>Safe Exam Browseri kasutam<span style=\"line-height: normal;\">isel veendun, et konfiguratsioonifailis on lubatud MS Teamsi kasutamine. Seega on vajadus luua konfiguratsioonifail k\u00e4sitsi, kuna vaikimisi suletakse SEB k\u00e4ivitamisel arvutis taustal t\u00f6\u00f6tavad suhtlusprogrammid.<\/span><\/p>\n<p style=\"margin-bottom: 0cm; padding: 0cm5.4pt0cm5.4pt;\">MS Teamsiga j\u00e4relvalveks v\u00f5ivad \u00f5ppijad kasutada ka enda nutitelefoni, mille kaamera on suunatud \u00f5ppijale.<\/p>\n<\/td>\n<td style=\"width: 242.25pt; border-top: none; border-left: none; vertical-align: top;\" width=\"323\">MS Teamsi juhend: <a title=\"\" href=\"https:\/\/wiki.ut.ee\/pages\/viewpage.action?pageId=90693829\" target=\"_blank\" rel=\"noopener\" data-url=\"https:\/\/wiki.ut.ee\/pages\/viewpage.action?pageId=90693829\">https:\/\/wiki.ut.ee\/pages\/viewpage.action?pageId=90693829<\/a>Kui kasutan lisaks<span style=\"line-height: normal;\"> Safe Exam Browserit, siis avan testi seaded ning m\u00e4\u00e4ran ja seadistan Safe Exam Browseri k<\/span>asutamise.\n<p>SEB juhend: <a title=\"\" href=\"https:\/\/sisu.ut.ee\/juhendid\/seb\" target=\"_blank\" rel=\"noopener\" data-url=\"https:\/\/sisu.ut.ee\/juhendid\/seb\">https:\/\/sisu.ut.ee\/juhendid\/seb<\/a><\/p>\n<h5>NB!\u00a0Kui SEBiga tehtava testi sooritamist j\u00e4lgida Teamsiga, siis peavad testi sooritajad kasutama Teamsi veebilehitseja rakendust, mitte \u00e4ppi. Kui kasutatakse Teamsi \u00e4ppi, siis SEBiga testi tehes pannakse Teamsi \u00e4pp kinni (j\u00e4lgimist ei toimu).<\/h5>\n<p style=\"margin-bottom: 0cm; padding: 0cm5.4pt0cm5.4pt;\">\n<\/p><\/td>\n<\/tr>\n<tr>\n<td style=\"width: 118.5pt; border-top: none; vertical-align: top;\" width=\"158\">\n<p style=\"margin-bottom: 0cm; padding: 0cm5.4pt0cm5.4pt;\"><span style=\"line-height: normal;\">Soovin lasta \u00f5ppijatel testi sooritamise ajal Panoptoga salvestada oma veebikaamera pilti ja arvutiekraanil toimuvat.<\/span><\/p>\n<\/td>\n<td style=\"width: 285.75pt; border-top: none; border-left: none; vertical-align: top;\" width=\"381\">\n<p style=\"margin-bottom: 0cm; padding: 0cm5.4pt0cm5.4pt;\"><span style=\"line-height: normal;\">Kui e-kursusel pole veel Panopto plokki ja loodud Panoptosse kursuse kausta, siis teen seda. Seej\u00e4rel lisan kursuse kaustale Panoptos ulesannete alamkausta (<em>Assignments<\/em>). \u00d5ppijad saavad \u00f5iguse endale Panopto installeerida ning ulesannete alamkausta videosid salvestada v\u00f5i \u00fcles laadida. \u00dclesannete kausta salvestusi n\u00e4eb vaikimisi vaid \u00f5ppej\u00f5ud ning \u00f5ppija ise enda salvestust. Vaikimisi seadetega ei n\u00e4e \u00f5ppija ulesannete kausta salvestatud teiste \u00f5ppijate videosid (\u00f5ppej\u00f5ud saab seda seadet vajadusel muuta). Salvestada v\u00f5ib lasta veebikaamera pilti ja ekraanipilti.<\/span><\/p>\n<\/td>\n<td style=\"width: 242.25pt; border-top: none; border-left: none; vertical-align: top;\" width=\"323\">\n<p style=\"margin-bottom: 0cm; padding: 0cm5.4pt0cm5.4pt;\">Juhend Panoptos ulesannete kausta loomisest ja \u00f5ppijatele salvestus\u00f5iguse andmisest: <a title=\"\" href=\"https:\/\/sisu.ut.ee\/juhendid\/salvestusoigus-oppijatele\" target=\"_blank\" rel=\"noopener\" data-url=\"https:\/\/sisu.ut.ee\/juhendid\/salvestusoigus-oppijatele\">https:\/\/sisu.ut.ee\/juhendid\/salvestusoigus-oppijatele<\/a><\/p>\n<p>Juhend \u00f5ppijatele Panoptoga salvestamiseks: <a title=\"\" href=\"https:\/\/sisu.ut.ee\/juhendid\/juhend-oppijatele-panoptoga-salvestamiseks\" target=\"_blank\" rel=\"noopener\" data-url=\"https:\/\/sisu.ut.ee\/juhendid\/juhend-oppijatele-panoptoga-salvestamiseks\">https:\/\/sisu.ut.ee\/juhendid\/juhend-oppijatele-panoptoga-salvestamiseks<\/a><\/p>\n<p>Ricardo Vicente ettekande <a title=\"\" href=\"https:\/\/panopto.ut.ee\/Panopto\/Pages\/Viewer.aspx?id=73bb6c61-6850-43c4-8b44-ac7901508728\" target=\"_blank\" rel=\"noopener\" data-url=\"https:\/\/panopto.ut.ee\/Panopto\/Pages\/Viewer.aspx?id=73bb6c61-6850-43c4-8b44-ac7901508728\">videosalvestus<\/a> Panopto kasutamisest testi j\u00e4relevalveks.<\/p><\/td>\n<\/tr>\n<\/tbody>\n<\/table>\n","protected":false},"excerpt":{"rendered":"<p>NB! Moodle\u2019i testide puhul peab testi k\u00fcsimused paigutama \u00fchekaupa lehele. Kui k\u00fcsimused on k\u00f5ik \u00fchel lehel, siis vastused ei salvestu enne, kui \u00f5ppija testi esitab (kui k\u00fcsimused on eraldi lehtedel, siis salvestuvad vastused j\u00e4rgmisele lehele liikudes) ning kui siis testi &#8230;<\/p>\n","protected":false},"author":6,"featured_media":0,"parent":0,"menu_order":0,"comment_status":"closed","ping_status":"closed","template":"","meta":{"_acf_changed":false,"inline_featured_image":false,"footnotes":""},"class_list":["post-222","page","type-page","status-publish","hentry"],"acf":[],"_links":{"self":[{"href":"https:\/\/sisu.ut.ee\/juhendid\/wp-json\/wp\/v2\/pages\/222","targetHints":{"allow":["GET"]}}],"collection":[{"href":"https:\/\/sisu.ut.ee\/juhendid\/wp-json\/wp\/v2\/pages"}],"about":[{"href":"https:\/\/sisu.ut.ee\/juhendid\/wp-json\/wp\/v2\/types\/page"}],"author":[{"embeddable":true,"href":"https:\/\/sisu.ut.ee\/juhendid\/wp-json\/wp\/v2\/users\/6"}],"replies":[{"embeddable":true,"href":"https:\/\/sisu.ut.ee\/juhendid\/wp-json\/wp\/v2\/comments?post=222"}],"version-history":[{"count":3,"href":"https:\/\/sisu.ut.ee\/juhendid\/wp-json\/wp\/v2\/pages\/222\/revisions"}],"predecessor-version":[{"id":3484,"href":"https:\/\/sisu.ut.ee\/juhendid\/wp-json\/wp\/v2\/pages\/222\/revisions\/3484"}],"wp:attachment":[{"href":"https:\/\/sisu.ut.ee\/juhendid\/wp-json\/wp\/v2\/media?parent=222"}],"curies":[{"name":"wp","href":"https:\/\/api.w.org\/{rel}","templated":true}]}}