{"id":218,"date":"2024-04-04T02:50:51","date_gmt":"2024-04-03T23:50:51","guid":{"rendered":"https:\/\/sisu.ut.ee\/juhendid\/soovitused-videote-salvestamiseks\/"},"modified":"2024-05-16T09:37:33","modified_gmt":"2024-05-16T06:37:33","slug":"soovitused-videote-salvestamiseks","status":"publish","type":"page","link":"https:\/\/sisu.ut.ee\/juhendid\/soovitused-videote-salvestamiseks\/","title":{"rendered":"Soovitused videote salvestamiseks"},"content":{"rendered":"<ul>\n<li>Otsusta, millist t\u00fc\u00fcpi videot soovid luua ja kas vajad abivahendeid \u2013 <strong>kasuta <a href=\"http:\/\/etu.ut.ee\/custom\/puu_2017\/puu.html\" target=\"_blank\" rel=\"noopener\">Videopuu <\/a>abi<\/strong>.<\/li>\n<li>Valmista ette <strong>maksimaalselt 20-30-minutilise video<\/strong> materjal (keskendunult suudab j\u00e4lgida 20 minutit).<\/li>\n<li>\u00d5ppevideote (mitte videoloengu!) loomise jaoks arvesta v\u00e4hemalt 2 tundi t\u00f6\u00f6d iga tunnise l\u00f5pptulemuse kohta.<\/li>\n<\/ul>\n<h5 style=\"text-align: center;\">\u00c4ra loe lihtsalt slaididel olevat teksti ette!<\/h5>\n<h3>Tehniline kvaliteet<\/h3>\n<ul>\n<li><strong>Heledamal taustal<\/strong> filmimine j\u00e4tab r\u00f5\u00f5msama mulje.<\/li>\n<li>Kontrolli, et salvestamise kohas <strong>poleks taustam\u00fcra<\/strong> (telefon, kohvimasin, ventilaatorid, t\u00e4navam\u00fcra jm).<\/li>\n<li>P\u00fc\u00fca mitte mikrofonile vastu minna \u2013 sellest tekib lisam\u00fcra.<\/li>\n<li>V\u00e4ldi klaviatuuri kasutamist \u2013 sellest tekib lisam\u00fcra.<\/li>\n<li>J\u00e4lgi, et <strong>valgust oleks piisavalt<\/strong>.<\/li>\n<li>Tee esmalt l\u00fchike <strong>proovisalvestus<\/strong>.<\/li>\n<\/ul>\n<h5 style=\"text-align: center;\">Kustuta proovisalvestus Panopto serverist kohe p\u00e4rast selle \u00fclevaatamist!<\/h5>\n<h3>Esitluse slaidid<\/h3>\n<ul>\n<li>Kasuta l\u00e4bi kursuse sama kujundusmalli.<\/li>\n<li><strong>Avaslaidil on kirjas loengu teema, \u00f5ppej\u00f5u andmed<\/strong> ning loomise aasta.<\/li>\n<li>Slaididel on <strong>j\u00e4rjekorranumbrid<\/strong>.<\/li>\n<li>Videoloengu alguses anna k\u00e4sitletavast teemast l\u00fchike \u00fclevaade.<\/li>\n<li>Kasuta \u00fchev\u00e4rvilist slaidip\u00f5hja, v\u00f5imalikult heledat ja neutraalset (<strong>tume tekst valgel p\u00f5hjal<\/strong> on k\u00f5ige parem).<\/li>\n<li>Kasuta v\u00f5imalikult v\u00e4he v\u00e4rve (tavatekst \u00fchte v\u00e4rvi, pealkirjad teist v\u00e4rvi).<\/li>\n<li>Olulist saab r\u00f5hutada rasvase kirjaga (mitte teise v\u00e4rviga v\u00f5i allajoonimisega).<\/li>\n<li><strong>Kiri on piisavalt suur <\/strong>(22-28, pealkirjadel max 36) ja k\u00f5ikidel slaididel \u00fchesuurune.<\/li>\n<li>Tekst on liigendatud loenditena.<\/li>\n<li>Slaidide pealkirjad on sisestatud korrektselt kujundusmalli pealkirjadena (need on p\u00e4rast videoloengus nn men\u00fc\u00fcs pealkirjadeks).<\/li>\n<li><strong>Viimane slaid on l\u00f5puslaid<\/strong> (t\u00e4nud, soovid edasiseks v\u00f5i lihtsalt t\u00fchi), et esitlus ootamatult enne juttu \u00e4ra ei l\u00f5peks.<\/li>\n<\/ul>\n<h3>Riided ja v\u00e4limus<\/h3>\n<ul>\n<li>Vali tumedamad (sinine, pruun, hall, tumebee\u017e, violetne) \u00fchev\u00e4rvilised riided, kuid mitte mustad (need neelavad liiga palju valgust).<\/li>\n<li>V\u00e4ldi valgeid v\u00f5i kollaseid riideid, kuna need peegeldavad valgust.<\/li>\n<li>V\u00e4ldi erimustriliste riiete kooskasutamist.<\/li>\n<li>Riietel v\u00f5iks olla koht mikrofoni kinnitamiseks (kui kasutad kraemikrofoni).<\/li>\n<li>Kasuta k\u00f5igi videoloengute salvestamisel samu riideid.<\/li>\n<li>Kerge puudri kasutamine aitab v\u00e4ltida n\u00e4o l\u00e4ikimist.<\/li>\n<li>V\u00e4ldi massiivsete l\u00e4ikivate ning pikkade v\u00f5i rippuvate ehete kasutamist.<\/li>\n<li>Kasuta \u00f5hukesi ja m\u00e4rgumist mitte v\u00e4ljan\u00e4itavaid riideid.<\/li>\n<li>Vali mugavad jalan\u00f5ud.<\/li>\n<\/ul>\n<h3>K\u00f5ne ja pilk<\/h3>\n<ul>\n<li>Tee videoloeng nii, et sel oleks selge eelis kirjaliku teksti valjuh\u00e4\u00e4lse ettelugemise ees.<\/li>\n<li>Arvesta sisse elulised n\u00e4ited ja \u00fcks nali.<\/li>\n<li>R\u00e4\u00e4gi selgelt.<\/li>\n<li>R\u00e4\u00e4gi pigem kiiremas tempos ja entusiastlikult.<\/li>\n<li>Kasuta l\u00fchemaid lauseid.<\/li>\n<li>Muuda k\u00f5ne intonatsiooni ja h\u00e4\u00e4letugevust, et r\u00f5hutada olulist.<\/li>\n<li>Ole taktitundeline.<\/li>\n<li>Naerata.<\/li>\n<li>Vaata otse kaamerasse.<\/li>\n<li>Kui pead aeg-ajalt k\u00f5rvale vaatama (nt m\u00e4rkusi), vaata kogu peaga, mitte ainult silmadega.<\/li>\n<li>\u00c4ra p\u00f6\u00f6ra pilku kaameralt liiga tihti \u2013 see j\u00e4tab mulje, et sa ei ei ole piisavalt kompetentne.<\/li>\n<\/ul>\n","protected":false},"excerpt":{"rendered":"<p>Otsusta, millist t\u00fc\u00fcpi videot soovid luua ja kas vajad abivahendeid \u2013 kasuta Videopuu abi. Valmista ette maksimaalselt 20-30-minutilise video materjal (keskendunult suudab j\u00e4lgida 20 minutit). \u00d5ppevideote (mitte videoloengu!) loomise jaoks arvesta v\u00e4hemalt 2 tundi t\u00f6\u00f6d iga tunnise l\u00f5pptulemuse kohta. \u00c4ra &#8230;<\/p>\n","protected":false},"author":6,"featured_media":0,"parent":0,"menu_order":0,"comment_status":"closed","ping_status":"closed","template":"","meta":{"_acf_changed":false,"inline_featured_image":false,"footnotes":""},"class_list":["post-218","page","type-page","status-publish","hentry"],"acf":[],"_links":{"self":[{"href":"https:\/\/sisu.ut.ee\/juhendid\/wp-json\/wp\/v2\/pages\/218","targetHints":{"allow":["GET"]}}],"collection":[{"href":"https:\/\/sisu.ut.ee\/juhendid\/wp-json\/wp\/v2\/pages"}],"about":[{"href":"https:\/\/sisu.ut.ee\/juhendid\/wp-json\/wp\/v2\/types\/page"}],"author":[{"embeddable":true,"href":"https:\/\/sisu.ut.ee\/juhendid\/wp-json\/wp\/v2\/users\/6"}],"replies":[{"embeddable":true,"href":"https:\/\/sisu.ut.ee\/juhendid\/wp-json\/wp\/v2\/comments?post=218"}],"version-history":[{"count":2,"href":"https:\/\/sisu.ut.ee\/juhendid\/wp-json\/wp\/v2\/pages\/218\/revisions"}],"predecessor-version":[{"id":3513,"href":"https:\/\/sisu.ut.ee\/juhendid\/wp-json\/wp\/v2\/pages\/218\/revisions\/3513"}],"wp:attachment":[{"href":"https:\/\/sisu.ut.ee\/juhendid\/wp-json\/wp\/v2\/media?parent=218"}],"curies":[{"name":"wp","href":"https:\/\/api.w.org\/{rel}","templated":true}]}}