{"id":217,"date":"2024-04-04T02:50:51","date_gmt":"2024-04-03T23:50:51","guid":{"rendered":"https:\/\/sisu.ut.ee\/juhendid\/videote-tyybid\/"},"modified":"2024-04-04T02:55:36","modified_gmt":"2024-04-03T23:55:36","slug":"videote-tyybid","status":"publish","type":"page","link":"https:\/\/sisu.ut.ee\/juhendid\/videote-tyybid\/","title":{"rendered":"Videote t\u00fc\u00fcbid"},"content":{"rendered":"<p>\n\tVideosid v\u00f5ib jaoks salvestada erinevalt. N\u00e4iteks v\u00f5ivad videotel kuulajateks olla \u00f5ppijad, n\u00e4idatakse ainult \u00f5ppej\u00f5u n\u00e4gu v\u00f5i lisaks ka esitlust, n\u00e4idatakse teksti ilmumist pliiatsiga ekraanil v\u00f5i paberil. Konkreetsest eesm\u00e4rgist l\u00e4htudes v\u00f5ib salvestada erinevate teemade jaoks eri t\u00fc\u00fcpi videosid.\n<\/p>\n<p>\n\tVastavalt uuringutele on efektiivsemad ja \u00f5ppijaid haaravamad videoloengud:\n<\/p>\n<ul>\n<li>\n\t\tslaidid koos \u00f5ppej\u00f5uga, mitte ainult slaidid ja audio;\n\t<\/li>\n<li>\n\t\tpersonaalsemas keskkonnas vabamas \u00f5hustikus loodud videod;\n\t<\/li>\n<li>\n\t\tkus \u00f5ppej\u00f5ud r\u00e4\u00e4gib v\u00f5rdlemisi kiiresti ja entusiastlikult, mitte aeglaselt ja monotoonselt;\n\t<\/li>\n<li>\n\t\tkus kasutatakse nutitahvlile v\u00f5i pabertahvlile kirjutamist, mitte slaide.\n\t<\/li>\n<\/ul>\n<h5>\n\tNB! Interaktiivne videopuu tutvustab videote erinevaid t\u00fc\u00fcpe ning nende n\u00e4iteid: <a href=\"http:\/\/etu.ut.ee\/2017\/videopuu\/\" target=\"_blank\" rel=\"noopener\">http:\/\/etu.ut.ee\/2017\/videopuu\/<\/a><br>\n<\/h5>\n<h2>\n\t1. Videoloeng, kus \u00f5ppej\u00f5ud ilma v\u00f5i koos slaididega esitab materjali<br>\n<\/h2>\n<ul>\n<li>\n\t\t\u00d5ppej\u00f5u arvuti taga salvestatud loeng (\u201cPrimaarsed peavalud\u201d <a data-url=\"https:\/\/www.uttv.ee\/naita?id=17775\" href=\"https:\/\/www.uttv.ee\/naita?id=17775\" target=\"_blank\" title=\"\" rel=\"noopener\">https:\/\/www.uttv.ee\/naita?id=17775<\/a>)\n\t<\/li>\n<li>\n\t\tAuditooriumis salvestatud tavaline \u00f5ppet\u00f6\u00f6 koos \u00f5ppijatega (\u201cRaha, rahas\u00fcsteemid ja pangad\u201d <a href=\"http:\/\/www.uttv.ee\/naita?id=7083\" target=\"_blank\" rel=\"noopener\">http:\/\/www.uttv.ee\/naita?id=7083<\/a>)\n\t<\/li>\n<li>\n\t\tStuudios salvestatud loeng, tavaliselt ilma \u00f5ppijateta (\u201cOverview of international energy markets\u201d <a href=\"https:\/\/www.youtube.com\/watch?v=9lT-opHzfLo\" target=\"_blank\" rel=\"noopener\">https:\/\/www.youtube.com\/watch?v=9lT-opHzfLo<\/a>)\n\t<\/li>\n<li>\n\t\t\u00d5ppej\u00f5u t\u00f6\u00f6kabinetis, temaatilises keskkonnas (nt bioloog metsas, f\u00fc\u00fcsik laboris) v\u00f5i auditooriumis, tavaliselt ilma \u00f5ppijateta salvestatud loeng (\u201cRahvusarhiiv\u201d <a href=\"http:\/\/www.uttv.ee\/naita?id=20857\" target=\"_blank\" rel=\"noopener\">http:\/\/www.uttv.ee\/naita?id=20857<\/a>)\n\t<\/li>\n<\/ul>\n<h5>\n\tTavalise auditoorse \u00f5ppet\u00f6\u00f6 salvestamisel on rohkem taustam\u00fcra, video vaatajal ei teki tunnet, et \u00f5ppej\u00f5ud r\u00e4\u00e4gib talle, kuna \u00f5ppej\u00f5ud ei vaata kaamerasse, liigub rohkem ja on vahepeal \u00f5ppija poole seljaga. Auditooriumis pole tegevus v\u00e4ga etteplaneeritav \u2013 ikka tuleb \u00fcllatusi. Samuti on auditoorne loeng oluliselt pikem kui MOOCi jaoks vajalik video ning selle kunstlikult l\u00fchemaks monteerimine on v\u00e4ga t\u00f6\u00f6mahukas ja l\u00f5ppkvaliteet halvem kui spetsiaalselt l\u00fchikest videot salvestades. V\u00f5ib tunduda, et auditoorse \u00f5ppet\u00f6\u00f6 videote salvestamine on \u00f5ppej\u00f5u jaoks k\u00f5ige lihtsam ja mugavam, kuid siis on videotehnikute t\u00f6\u00f6maht v\u00e4ga suur ning selliseid videosid peetakse \u00f5ppimiseks k\u00f5ige halvemaks variandiks.<br>\n<\/h5>\n<h2>\n\t2. Juhend\/demonstratsioon, kus samm-sammult n\u00e4idatakse mingi probleemi lahendamist<br>\n<\/h2>\n<ul>\n<li>\n\t\tEkraanivisioonid, kus on salvestatud arvutiekraanil toimuv ning \u00f5ppej\u00f5ud r\u00e4\u00e4gib juurde videona v\u00f5i audiona (\u201cMatlab \u2013 control flow commands\u201d <a href=\"https:\/\/www.youtube.com\/watch?v=5xILrFHuqKk&amp;feature=youtu.be\" target=\"_blank\" rel=\"noopener\">https:\/\/www.youtube.com\/watch?v=5xILrFHuqKk&amp;feature=youtu.be<\/a>)\n\t<\/li>\n<li>\n\t\tStuudios v\u00f5i auditooriumis ilma \u00f5ppijateta salvestatud video, kus \u00f5ppej\u00f5ud nutitahvlil v\u00f5i pabertahvlil kirjutab\/joonistab samm-sammult lahti mingit protsessi (\u201cAdding and subtracting fractions\u201d <a href=\"https:\/\/www.youtube.com\/watch?v=52ZlXsFJULI\" target=\"_blank\" rel=\"noopener\">https:\/\/www.youtube.com\/watch?v=52ZlXsFJULI<\/a>, \u201cPooled standard deviation in practice: estimating within-lab long-term reproducibility\u201d <a href=\"https:\/\/www.youtube.com\/watch?v=nPJY8HfPxNs\" target=\"_blank\" rel=\"noopener\">https:\/\/www.youtube.com\/watch?v=nPJY8HfPxNs<\/a>)\n\t<\/li>\n<li>\n\t\tFilmitakse mingit objekti ja\/v\u00f5i selgitatakse protsessi toimumist (\u201cBreketi Kleepimine\u201d <a href=\"https:\/\/www.youtube.com\/watch?v=zIrDMEU4Pxs\" target=\"_blank\" rel=\"noopener\">https:\/\/www.youtube.com\/watch?v=zIrDMEU4Pxs<\/a>, \u201cMeasurement uncertainty sources of pipetting with an automatic pipette\u201d <a href=\"https:\/\/www.youtube.com\/watch?v=hicLweJcJWY\" target=\"_blank\" rel=\"noopener\">https:\/\/www.youtube.com\/watch?v=hicLweJcJWY<\/a>)\n\t<\/li>\n<\/ul>\n<h2>\n\t3. Ekspertide paneeldiskussioon v\u00f5i intervjuu<br>\n<\/h2>\n<ul>\n<li>\n\t\t\u201cV\u00e4\u00e4rtuste M\u00e4ngu situatsioon\u201d <a href=\"http:\/\/www.uttv.ee\/naita?id=8319\" target=\"_blank\" rel=\"noopener\">http:\/\/www.uttv.ee\/naita?id=8319<\/a>\n\t<\/li>\n<li>\n\t\t\u201cEU-Russia Relations: Between the Vilnius and Riga Eastern Partnership Summits Lecture 4 \u2013 The MH17 Factor: Sanctions and Countersanctions in EU-Russia Relations\u201d <a href=\"https:\/\/www.uttv.ee\/naita?id=22881&amp;keel=eng\" target=\"_blank\" rel=\"noopener\">https:\/\/www.uttv.ee\/naita?id=22881&amp;keel=eng<\/a> (alates 4. minutist)\n\t<\/li>\n<\/ul>\n<h2>\n\t4. \u00d5ppevideod, mis on etteantud stsenaariumil baseeruvad lavastused ja kus v\u00f5ivad osaleda ka n\u00e4itlejad<br>\n<\/h2>\n<ul>\n<li>\n\t\t\u201cProbleemip\u00f5hine \u00f5pe arvutitehnikas\u201d <a href=\"http:\/\/www.uttv.ee\/naita?id=7184\" style=\"background-color: #ffffff\" target=\"_blank\" rel=\"noopener\">http:\/\/www.uttv.ee\/naita?id=7184<\/a>\n\t<\/li>\n<li>\n\t\t\u201cGiid\u201d <span id=\"docs-internal-guid-d7e20b6d-db92-47d0-bef7-c57f035efafc\"><a href=\"http:\/\/uttv.ee\/naita?id=24735\" target=\"_blank\" rel=\"noopener\">http:\/\/uttv.ee\/naita?id=24735<\/a><\/span>\n\t<\/li>\n<\/ul>\n","protected":false},"excerpt":{"rendered":"<p>Videosid v\u00f5ib jaoks salvestada erinevalt. N\u00e4iteks v\u00f5ivad videotel kuulajateks olla \u00f5ppijad, n\u00e4idatakse ainult \u00f5ppej\u00f5u n\u00e4gu v\u00f5i lisaks ka esitlust, n\u00e4idatakse teksti ilmumist pliiatsiga ekraanil v\u00f5i paberil. Konkreetsest eesm\u00e4rgist l\u00e4htudes v\u00f5ib salvestada erinevate teemade jaoks eri t\u00fc\u00fcpi videosid. Vastavalt uuringutele on &#8230;<\/p>\n","protected":false},"author":6,"featured_media":0,"parent":0,"menu_order":0,"comment_status":"closed","ping_status":"closed","template":"","meta":{"_acf_changed":false,"inline_featured_image":false,"footnotes":""},"class_list":["post-217","page","type-page","status-publish","hentry"],"acf":[],"_links":{"self":[{"href":"https:\/\/sisu.ut.ee\/juhendid\/wp-json\/wp\/v2\/pages\/217","targetHints":{"allow":["GET"]}}],"collection":[{"href":"https:\/\/sisu.ut.ee\/juhendid\/wp-json\/wp\/v2\/pages"}],"about":[{"href":"https:\/\/sisu.ut.ee\/juhendid\/wp-json\/wp\/v2\/types\/page"}],"author":[{"embeddable":true,"href":"https:\/\/sisu.ut.ee\/juhendid\/wp-json\/wp\/v2\/users\/6"}],"replies":[{"embeddable":true,"href":"https:\/\/sisu.ut.ee\/juhendid\/wp-json\/wp\/v2\/comments?post=217"}],"version-history":[{"count":1,"href":"https:\/\/sisu.ut.ee\/juhendid\/wp-json\/wp\/v2\/pages\/217\/revisions"}],"predecessor-version":[{"id":1634,"href":"https:\/\/sisu.ut.ee\/juhendid\/wp-json\/wp\/v2\/pages\/217\/revisions\/1634"}],"wp:attachment":[{"href":"https:\/\/sisu.ut.ee\/juhendid\/wp-json\/wp\/v2\/media?parent=217"}],"curies":[{"name":"wp","href":"https:\/\/api.w.org\/{rel}","templated":true}]}}