{"id":216,"date":"2024-04-04T02:50:38","date_gmt":"2024-04-03T23:50:38","guid":{"rendered":"https:\/\/sisu.ut.ee\/juhendid\/file\/"},"modified":"2024-04-10T19:26:32","modified_gmt":"2024-04-10T16:26:32","slug":"file","status":"publish","type":"page","link":"https:\/\/sisu.ut.ee\/juhendid\/file\/?lang=en","title":{"rendered":"File"},"content":{"rendered":"<p style=\"margin-bottom:7.5pt\">\n\t<span style=\"line-height:normal\"><span lang=\"EN-GB\"><span><span style=\"color:#565656\">It is possible to add files of different formats to the course homepage. To open a file, learners need the correct software on their computer. <\/span><\/span><\/span><\/span>\n<\/p>\n<div style=\"border-bottom:dotted#eeeeee2.25pt;border-top:dotted#eeeeee2.25pt;border-left:none;border-right:none;padding:4.0pt0cm5.0pt0cm\">\n<h5 style=\"border: none;margin: 7.5pt 0cm;padding: 0cm\">\n\t\t<span style=\"line-height:18.0pt\"><span lang=\"EN-GB\"><span><span style=\"color:#a02b2b\">Ensure that file names do not include spaces or diacritical letters (for example, the Estonian \u00f5, \u00e4, \u00f6, \u00fc). If your file names are not suitable, simply rename them before importing to Moodle. <\/span><\/span><\/span>\n<p><span lang=\"EN-GB\"><span><span style=\"color:#a02b2b\">If your files have been created and saved using office software (MS Word, PowerPoint, etc.) and are intended for viewing rather than editing, please save them first in your computer as .pdf files (if the materials contain images, tables, formulas, special symbols). Add files created with office software or files in a specific format only in case learners have to edit them. <\/span><\/span><\/span><\/p><\/span><br>\n\t<\/h5>\n<\/div>\n<h3 style=\"margin: 15pt 0cm 7.5pt\">\n\t<span style=\"line-height:normal\"><span lang=\"EN-GB\"><span><span style=\"color:#2a5188\">To add a file to course homepage: <\/span><\/span><\/span><\/span><br>\n<\/h3>\n<ul>\n<li>\n\t\t<span style=\"color:#565656\"><span style=\"line-height:normal\"><span><span lang=\"EN-GB\"><span>in the drop-down menu that opens under <i>Add an activity or resource, <\/i>select <i>File<\/i> <\/span><\/span><\/span><\/span><\/span>\n\t<\/li>\n<li>\n\t\t<span style=\"color:#565656\"><span style=\"line-height:normal\"><span><span lang=\"EN-GB\"><span>enter the file name (title) and description <\/span><\/span><\/span><\/span><\/span>\n\t<\/li>\n<li>\n\t\t<span style=\"color:#565656\"><span style=\"line-height:normal\"><span><span lang=\"EN-GB\"><span>select a file or drag and drop it from your file browser <\/span><\/span><\/span><\/span><\/span>\n\t<\/li>\n<li>\n\t\t<span style=\"color:#565656\"><span style=\"line-height:normal\"><span><span lang=\"EN-GB\"><span>you can create sub-folders using the Folder button <\/span><\/span><\/span><\/span><\/span>\n\t<\/li>\n<\/ul>\n<p style=\"margin-bottom:7.5pt\">\n\t<span style=\"line-height:normal\"><span lang=\"EN-GB\"><span><span style=\"color:#565656\">Please note that files created in another program cannot be later edited in Moodle. They can only be edited on your computer. Thereafter you have to add the edited and saved file again to the course. Files added to the course page using the file picker are not saved under course files.<\/span><\/span><\/span><\/span>\n<\/p>\n<p style=\"margin-bottom:7.5pt\">\n\t<span style=\"line-height:normal\"><span lang=\"EN-GB\"><span><span style=\"color:#565656\">It is useful to first move the necessary files to the course files folder, and then add them as materials to the course homepage. <\/span><\/span><\/span><\/span>\n<\/p>\n<h3 style=\"margin: 15pt 0cm 7.5pt\">\n\t<span style=\"line-height:normal\"><span lang=\"EN-GB\"><span><span style=\"color:#2a5188\">To add files to course files folder: <\/span><\/span><\/span><\/span><br>\n<\/h3>\n<ol>\n<li>\n\t\t<span style=\"color:#565656\"><span style=\"line-height:normal\"><span><span lang=\"EN-GB\"><span>click in the <i>Settings<\/i> block on <i>Course files <\/i><\/span><\/span><\/span><\/span><\/span>\n\t<\/li>\n<li>\n\t\t<span style=\"color:#565656\"><span style=\"line-height:normal\"><span><span lang=\"EN-GB\"><span>click the button <i>Edit course files <\/i><\/span><\/span><\/span><\/span><\/span>\n\t<\/li>\n<li>\n\t\t<span style=\"color:#565656\"><span style=\"line-height:normal\"><span><span lang=\"EN-GB\"><span>drag and drop the necessary files from the file browser to the files window (you can previously also create folders) <\/span><\/span><\/span><\/span><\/span>\n\t<\/li>\n<li>\n\t\t<span style=\"color:#565656\"><span style=\"line-height:normal\"><span><span lang=\"EN-GB\"><span>click the button <i>Save changes<\/i><\/span><\/span><\/span><\/span><\/span>\n\t<\/li>\n<\/ol>\n","protected":false},"excerpt":{"rendered":"<p>It is possible to add files of different formats to the course homepage. To open a file, learners need the correct software on their computer. Ensure that file names do not include spaces or diacritical letters (for example, the Estonian &#8230;<\/p>\n","protected":false},"author":6,"featured_media":0,"parent":0,"menu_order":0,"comment_status":"closed","ping_status":"closed","template":"","meta":{"_acf_changed":false,"inline_featured_image":false,"footnotes":""},"class_list":["post-216","page","type-page","status-publish","hentry"],"acf":[],"_links":{"self":[{"href":"https:\/\/sisu.ut.ee\/juhendid\/wp-json\/wp\/v2\/pages\/216","targetHints":{"allow":["GET"]}}],"collection":[{"href":"https:\/\/sisu.ut.ee\/juhendid\/wp-json\/wp\/v2\/pages"}],"about":[{"href":"https:\/\/sisu.ut.ee\/juhendid\/wp-json\/wp\/v2\/types\/page"}],"author":[{"embeddable":true,"href":"https:\/\/sisu.ut.ee\/juhendid\/wp-json\/wp\/v2\/users\/6"}],"replies":[{"embeddable":true,"href":"https:\/\/sisu.ut.ee\/juhendid\/wp-json\/wp\/v2\/comments?post=216"}],"version-history":[{"count":1,"href":"https:\/\/sisu.ut.ee\/juhendid\/wp-json\/wp\/v2\/pages\/216\/revisions"}],"predecessor-version":[{"id":1635,"href":"https:\/\/sisu.ut.ee\/juhendid\/wp-json\/wp\/v2\/pages\/216\/revisions\/1635"}],"wp:attachment":[{"href":"https:\/\/sisu.ut.ee\/juhendid\/wp-json\/wp\/v2\/media?parent=216"}],"curies":[{"name":"wp","href":"https:\/\/api.w.org\/{rel}","templated":true}]}}