{"id":21,"date":"2024-04-04T02:50:37","date_gmt":"2024-04-03T23:50:37","guid":{"rendered":"https:\/\/sisu.ut.ee\/juhendid\/isikuandmete-kaitse-kkk\/"},"modified":"2025-10-12T11:37:35","modified_gmt":"2025-10-12T08:37:35","slug":"isikuandmete-kaitse-kkk","status":"publish","type":"page","link":"https:\/\/sisu.ut.ee\/juhendid\/isikuandmete-kaitse-kkk\/","title":{"rendered":"\u00d5ppej\u00f5udude korduma kippuvad k\u00fcsimused \u00f5ppijate isikuandmete kaitse kohta"},"content":{"rendered":"<h2>Kas ma tohin kasutada \u00f5ppet\u00f6\u00f6s \u00fclikooliv\u00e4liseid keskkondi (nt Google Drive)?\u00a0<\/h2>\n<p>\u00d5ppet\u00f6\u00f6s peab kasutama \u00fclikooli hallatavaid \u00f5pikeskkondi, mis asuvad \u00fclikooli serveris v\u00f5i mille kasutuslitsentsid on \u00fclikoolil ostetud (vt <a title=\"\" href=\"https:\/\/ut.ee\/et\/e-oppe-voimalused\" target=\"_blank\" rel=\"noopener\" data-url=\"https:\/\/ut.ee\/et\/e-oppe-voimalused\">https:\/\/ut.ee\/et\/e-oppe-voimalused<\/a>). Arvutiteaduse instituut ning matemaatika ja statistika instituut kasutavad e-kursuste loomiseks lisaks Moodle\u2019ile ka vikit, vt <a title=\"https:\/\/courses.cs.ut.ee\" href=\"\/juhendid\/\" target=\"_blank\" rel=\"noopener\" data-url=\"\/juhendid\/\">https:\/\/courses.cs.ut.ee<\/a> ja <a title=\"\" href=\"https:\/\/courses.ms.ut.ee\" target=\"_blank\" rel=\"noopener\" data-url=\"https:\/\/courses.ms.ut.ee\">https:\/\/courses.ms.ut.ee<\/a>.\u00a0<\/p>\n<p>\u00dclikooliv\u00e4liste \u00f5pikeskkondade (nt Google\u2019i rakendused, Facebook, Slack jm) kasutamisel\u00a0\u00a0<\/p>\n<ul role=\"list\">\n<li>tuleb enne kindlaks teha, kas teenusepakkuja hoiab isikuandmeid ELi territooriumil asuvas serveris ja vastab ka muus osas isikuandmete kaitse n\u00f5uetele. Kui need tingimused ei ole t\u00e4idetud v\u00f5i kui vajad abi hindamisel,\u00a0mil m\u00e4\u00e4ral vastab keskkond andmekaitse n\u00f5uetele, siis tuleb k\u00fcsida n\u00f5u andmekaitse peaspetsialistilt (andmekaitse@ut.ee);\u00a0<\/li>\n<li>tuleb veenduda, et \u00f5ppijatel on keskkonda juurdep\u00e4\u00e4s \u00fclikooli arvutiv\u00f5rgu kontoga v\u00f5i \u00fclikooli loodud kontoga, mis eelistatult tuleb luua ut.ee e-posti aadressiga;\u00a0<\/li>\n<li>kui ut.ee e-posti aadressiga konto kasutamine ei ole v\u00f5imalik, tuleb k\u00fcsida \u00f5ppijalt kirjalik n\u00f5usolek tema isikliku e-posti aadressi kasutamiseks v\u00f5i luua v\u00f5imalused, et ta saaks ise keskkonnaga liituda;\u00a0<\/li>\n<li>ei ole vaja luba, kui keskkonna kasutamiseks ei ole tarvis luua kasutajakontot (nt Padleti veebitahvel, Mentimeeter jms) ning kui nendes ei t\u00f6\u00f6delda isikuandmeid.<\/li>\n<\/ul>\n<h2>Kas ma \u00f5ppej\u00f5una tohin \u00f5ppijatega suhtlemiseks v\u00f5i ulesannete esitamiseks kasutada oma \u00fclikooliv\u00e4list e-posti aadressi (nt gmail.com)?\u00a0<\/h2>\n<p>\u00d5ppijatega suhtlemiseks ja muuks \u00f5ppet\u00f6\u00f6ga seotud tegevusteks on soovitatav kasutada eelisj\u00e4rjekorras Moodle\u2019i \u00f5pikeskkonda. E-posti teel suhtlemisel\u00a0peab \u00f5ppej\u00f5ud kasutama ut.ee e-posti aadressi. \u00dclikooliv\u00e4liste e-posti aadresside kasutamine \u00f5ppijatega suhtlemiseks ja ulesannete esitamiseks ei ole isikuandmete kaitse seisukohast lubatud. Kui aga \u00f5ppija saadab oma \u00fclikooliv\u00e4liselt e-posti aadressilt kirja \u00f5ppej\u00f5u ut.ee e-posti aadressile, siis v\u00f5ib vastuskirja saata \u00f5ppija samale e-posti aadressile.\u00a0<\/p>\n<h2>Kas ma v\u00f5in jagada \u00f5pitulemuste kohta koostatud Exceli faili k\u00f5ikide \u00f5pper\u00fchma liikmetega?\u00a0<\/h2>\n<p>\u00d5pitulemused (hinded, punktid) saab kanda Moodle\u2019i kursusel olevasse hindetabelisse (iga \u00f5ppija n\u00e4eb vaid oma hindeid) v\u00f5i \u00d5IS-i. Samuti v\u00f5ib hinde teatada \u00f5ppijale privaatselt e-kirja teel ut.ee e-posti aadressi kasutades.\u00a0<\/p>\n<p>K\u00f5ikide \u00f5ppijate tulemusi sisaldavaid faile ei jagata. Ka siis, kui \u00f5ppijate nimed on asendatud n\u00e4iteks matriklinumbritega, ei ole hea tava \u00fchisfaili jagada, sest muudes kontekstis v\u00f5idakse matriklinumbreid levitada koos nimedega ja sel juhul oleksid \u00f5ppijad ikkagi tuvastatavad.\u00a0<\/p>\n<h2>Kas Moodle\u2019i kursuse hindetabelis n\u00e4evad \u00f5ppijad ka \u00fcksteise tulemusi?\u00a0<\/h2>\n<p>Moodle\u2019i kursuse hindetabelis n\u00e4eb iga \u00f5ppija vaid oma hindeid. Seega on see parim v\u00f5imalus hindeid privaatselt ja ilma isikuandmeid levitamata teatavaks teha.<\/p>\n<h2>Kui kaua ma v\u00f5in \u00f5ppijaid Moodle\u2019i kursusel hoida?\u00a0<\/h2>\n<p>\u00d5ppej\u00f5ud saab otsustada, kui kaua ta soovib \u00f5ppijaid kursusel hoida, kuid soovitatav on kursus \u00f5ppijatest ja \u00f5pitegevusest t\u00fchjendada semestri l\u00f5pus, kui ei ole kokku lepitud teisiti. T\u00e4iendus\u00f5ppekursuste puhul v\u00f5iks seda teha hiljemalt kuus kuud p\u00e4rast koolituse l\u00f5ppu. See on vajalik sellep\u00e4rast, et iga aasta juulis kustutatakse Moodle\u2019i andmebaasist nende t\u00e4iendus\u00f5ppijate kontod, kes pole seotud \u00fchegi kursusega ega ole 365 p\u00e4eva Moodle\u2019isse sisenenud. Kui kursusi ei t\u00fchjendata, j\u00e4\u00e4vad t\u00e4iendus\u00f5ppijate andmed p\u00f5hjendamatult kauaks Moodle\u2019i andmebaasi.\u00a0<\/p>\n<h2>Kas semestri l\u00f5pus on kohustus Moodle\u2019i kursus \u00f5ppijatest ja nende tegevustest kustutada?\u00a0<\/h2>\n<p>Vastavalt Moodle\u2019i kasutustingimuste (<a title=\"\" href=\"https:\/\/moodle.ut.ee\/utpolicy.php\" target=\"_blank\" rel=\"noopener\" data-url=\"https:\/\/moodle.ut.ee\/utpolicy.php\">https:\/\/moodle.ut.ee\/utpolicy.php<\/a>) punktile 4.2 on \u00f5ppej\u00f5ududel \u00f5igus kursus p\u00e4rast \u00f5ppet\u00f6\u00f6 l\u00f5ppu \u00f5ppijatest ja \u00f5pitegevusest t\u00fchjendada. Tungiv soovitus on seda semestri l\u00f5pus teha.<\/p>\n<p>Kindlasti on vajalik Moodle\u2019i kursus t\u00fchjendada siis, kui see ei ole olnud juba kaks aastat kasutusel. Igal suvel kustutatakse kontod, mille omanik pole seotud \u00fchegi kursusega ega ole 365 p\u00e4eva jooksul Moodle\u2019isse sisenenud. Vanade \u00f5pper\u00fchmade kursusel hoidmine tekitab olukorra, et\u00a0aegunud kasutajakontosid ei kustutata.\u00a0<\/p>\n<h2>Kas ma tohin kasutada BigBlueButtoni, Zoomi v\u00f5i Teamsi veebiseminari salvestist j\u00e4rgmise \u00f5pper\u00fchmaga?\u00a0<\/h2>\n<p>Kui salvestisel on \u00e4ratuntavalt \u00f5ppijate isikuandmed (nimi, videopilt), tohib seda jagada j\u00e4relvaatamise eesm\u00e4rgil sama \u00f5pper\u00fchmaga. Muu \u00f5pper\u00fchmaga v\u00f5ib seda jagada vaid siis, kui k\u00f5ik salvestisel olevad \u00f5ppijad on selleks kirjaliku loa andnud. Sealjuures j\u00e4\u00e4b \u00f5ppijale \u00f5igus hiljem luba tagasi v\u00f5tta ja paluda salvestise jagamise peatamist.<\/p>\n<p>Kui salvestisel on \u00f5ppijad tutvustanud teistele oma kodut\u00f6id, tuleb j\u00e4lgida, et isikuandmed (isiklik e-posti aadress, kodune aadress jms) ei oleks n\u00e4htavad.<\/p>\n<p>Kui Moodle\u2019i kursus t\u00fchjendatakse \u00f5ppijatest ja \u00f5pitegevusest, siis vaikimisi t\u00fchjendusseadete puhul BigBlueButtoni salvestisi ei kustutata. Seega tuleb kursuse t\u00fchjendamisel veenduda, et valite seade, et salvestised kustuvad. Vajaduse korral v\u00f5ib kustutada salvestised k\u00e4sitsi v\u00f5i peita need j\u00e4rgmiste \u00f5ppijate eest.\u00a0<\/p>\n<p>Kui alustate uue \u00f5pper\u00fchmaga MS Teamsis kursuse t\u00f6\u00f6r\u00fchma kasutamist, siis veenduge, et uuel \u00f5pper\u00fchmal ei ole t\u00f6\u00f6r\u00fchmas ligip\u00e4\u00e4su vana \u00f5pper\u00fchma isikuandmetele (sh veebiseminaride salvestustele, mis v\u00f5ivad paikneda t\u00f6\u00f6r\u00fchma failides SharePointis v\u00f5i siis Streamis).\u00a0<\/p>\n<h2>Kui ma kasutan \u00f5ppet\u00f6\u00f6s MS Teamsi t\u00f6\u00f6r\u00fchma, siis mida peaksin silmas pidama kui alustan MS Teamsi t\u00f6\u00f6r\u00fchma kasutamist uue \u00f5pper\u00fchmaga?\u00a0<\/h2>\n<p>Kui alustate uue \u00f5pper\u00fchmaga MS Teamsis kursuse t\u00f6\u00f6r\u00fchma kasutamist, siis veenduge, et uuel \u00f5pper\u00fchmal ei ole t\u00f6\u00f6r\u00fchmas ligip\u00e4\u00e4su vana \u00f5pper\u00fchma isikuandmetele. \u00a0<\/p>\n<p>Kui kursuse MS Teams t\u00f6\u00f6r\u00fchmas on eelmise \u00f5pper\u00fchma \u00f5ppijate isikustatud vestlused v\u00f5i failid (sh juurdep\u00e4\u00e4s videosessioonide salvestustele, kus on eelmise \u00f5pper\u00fchma \u00f5ppijate isikuandmed), siis teil MS Teamsi t\u00f6\u00f6r\u00fchma omanikuna on isikuandmete kaitse p\u00e4rast kohustus need kustutada, kui eelmise \u00f5pper\u00fchmaga pole teisiti kokku lepitud. Eelmise \u00f5pper\u00fchma andmeid on teil v\u00f5imalik kustutada k\u00e4sitsi (vestluse puhul tuleb iga postitus kustutada eraldi).<\/p>\n<h2>Kas ma tohin j\u00e4lgida ja salvestada \u00f5ppijate eksamisooritamist?\u00a0<\/h2>\n<p>Vaata korduma kippuvad k\u00fcsimused eksami ja testi videosalvestamise kohta: <a title=\"\" href=\"https:\/\/wiki.ut.ee\/pages\/viewpage.action?pageId=101221107\" target=\"_blank\" rel=\"noopener\" data-url=\"https:\/\/wiki.ut.ee\/pages\/viewpage.action?pageId=101221107\">https:\/\/wiki.ut.ee\/pages\/viewpage.action?pageId=101221107<\/a>\u00a0<\/p>\n<h2>Kui kaua ma tohin hoida eksamite videosalvestisi?\u00a0<\/h2>\n<p>Kui ei ole kirjalikult teisiti kokku lepitud, siis tohib videosalvestist hoida \u00fcksnes \u00f5ppet\u00f6\u00f6ga seotud toiminguteks ja kuni semestri l\u00f5puni. Semestri l\u00f5pus tuleb salvestised kustutada.\u00a0<\/p>\n<h2>Kas ma tohin kontrollida \u00f5ppija konfidentsiaalse sisuga l\u00f5put\u00f6\u00f6d plagiaadituvastustarkvara abil?\u00a0<\/h2>\n<p>Plagiaadituvastustarkvarasse \u00fcleslaetud t\u00f6\u00f6d j\u00e4\u00e4vad selle andmebaasi ja neid kasutatakse omakorda edaspidi allikatena, millega v\u00f5rreldakse teisi \u00fcleslaaditud t\u00f6id. Plagiaadituvastustarkvara ei ole t\u00f6\u00f6de avaldamise keskkond ja \u00fcleslaaditud t\u00f6\u00f6d ei saa andmebaasist otsinguga leida. Seda n\u00e4idatakse teistele kasutajatele vaid siis, kui tekib kattuvus selle t\u00f6\u00f6 osadega.\u00a0<\/p>\n<p>Seega v\u00f5ib \u00f5ppijate konfidentsiaalseid t\u00f6id plagiaadituvastustarkvaras kontrollida, kuid vajadusel v\u00f5ib paluda administraatoril konfidentsiaalse sisuga faili plagiaadituvastustarkvarast kustutada, saates palve aadressil eope@ut.ee. Kustutamispalve tulema \u00f5ppej\u00f5ult v\u00f5i juhendajalt. \u00d5ppija esitatud n\u00f5uet ei aktsepteerita.<\/p>\n\n\n<p><\/p>\n","protected":false},"excerpt":{"rendered":"<p>Kas ma tohin kasutada \u00f5ppet\u00f6\u00f6s \u00fclikooliv\u00e4liseid keskkondi (nt Google Drive)?\u00a0 \u00d5ppet\u00f6\u00f6s peab kasutama \u00fclikooli hallatavaid \u00f5pikeskkondi, mis asuvad \u00fclikooli serveris v\u00f5i mille kasutuslitsentsid on \u00fclikoolil ostetud (vt https:\/\/ut.ee\/et\/e-oppe-voimalused). Arvutiteaduse instituut ning matemaatika ja statistika instituut kasutavad e-kursuste loomiseks lisaks Moodle\u2019ile &#8230;<\/p>\n","protected":false},"author":6,"featured_media":0,"parent":0,"menu_order":0,"comment_status":"closed","ping_status":"closed","template":"","meta":{"_acf_changed":false,"inline_featured_image":false,"footnotes":""},"class_list":["post-21","page","type-page","status-publish","hentry"],"acf":[],"_links":{"self":[{"href":"https:\/\/sisu.ut.ee\/juhendid\/wp-json\/wp\/v2\/pages\/21","targetHints":{"allow":["GET"]}}],"collection":[{"href":"https:\/\/sisu.ut.ee\/juhendid\/wp-json\/wp\/v2\/pages"}],"about":[{"href":"https:\/\/sisu.ut.ee\/juhendid\/wp-json\/wp\/v2\/types\/page"}],"author":[{"embeddable":true,"href":"https:\/\/sisu.ut.ee\/juhendid\/wp-json\/wp\/v2\/users\/6"}],"replies":[{"embeddable":true,"href":"https:\/\/sisu.ut.ee\/juhendid\/wp-json\/wp\/v2\/comments?post=21"}],"version-history":[{"count":3,"href":"https:\/\/sisu.ut.ee\/juhendid\/wp-json\/wp\/v2\/pages\/21\/revisions"}],"predecessor-version":[{"id":4831,"href":"https:\/\/sisu.ut.ee\/juhendid\/wp-json\/wp\/v2\/pages\/21\/revisions\/4831"}],"wp:attachment":[{"href":"https:\/\/sisu.ut.ee\/juhendid\/wp-json\/wp\/v2\/media?parent=21"}],"curies":[{"name":"wp","href":"https:\/\/api.w.org\/{rel}","templated":true}]}}