{"id":208,"date":"2024-04-04T02:50:51","date_gmt":"2024-04-03T23:50:51","guid":{"rendered":"https:\/\/sisu.ut.ee\/juhendid\/limesurvey\/"},"modified":"2025-10-24T12:32:46","modified_gmt":"2025-10-24T09:32:46","slug":"limesurvey","status":"publish","type":"page","link":"https:\/\/sisu.ut.ee\/juhendid\/limesurvey\/","title":{"rendered":"LimeSurvey"},"content":{"rendered":"<div class=\"columnLayout single\" data-layout=\"single\">\n<div class=\"cell normal\" data-type=\"normal\">\n<div class=\"innerCell\">\n<figure><img loading=\"lazy\" decoding=\"async\" width=\"710\" height=\"234\" class=\"alignnone wp-image-966\" style=\"width: 300px; height: 99px;\" title=\"screenshot_2021-11-26_at_08.35.02.png\" src=\"https:\/\/sisu.ut.ee\/wp-content\/uploads\/sites\/177\/screenshot_2021-11-26_at_08.35.02.png\" alt=\"Pilt\" srcset=\"https:\/\/sisu.ut.ee\/wp-content\/uploads\/sites\/177\/screenshot_2021-11-26_at_08.35.02.png 710w, https:\/\/sisu.ut.ee\/wp-content\/uploads\/sites\/177\/screenshot_2021-11-26_at_08.35.02-300x99.png 300w\" sizes=\"auto, (max-width: 710px) 100vw, 710px\"><\/figure><p><\/p>\n<p>LimeSurvey on keskkond veebip\u00f5histe k\u00fcsimustike koostamiseks ja l\u00e4biviimiseks.<\/p>\n<p>LimeSurvey veebiaadress: <a href=\"https:\/\/survey.ut.ee\" target=\"_blank\" rel=\"noopener\">https:\/\/survey.ut.ee<\/a><\/p>\n<\/div>\n<\/div>\n<\/div>\n\n\n\n<div class=\"columnLayout two-equal\" data-layout=\"two-equal\">\n<div class=\"cell normal\" data-type=\"normal\">\n<div class=\"innerCell\">\n<h3 id=\"Mahara-Kontaktjaabi\">Kontakt ja abi<\/h3>\n<p>Probleemide ja k\u00fcsimuste korral v\u00f5i kui soovite individuaalset juhendamist, v\u00f5tke \u00fchendust oma valdkonna \u00f5ppedisaineriga (vt <a title=\"\" href=\"https:\/\/ut.ee\/et\/oppimis-ja-opetamiskeskus\" target=\"_blank\" rel=\"noopener\" data-url=\"https:\/\/ut.ee\/et\/opetamisoskuste-konsultandid-oppedisainerid\">https:\/\/ut.ee\/et\/opetamisoskuste-konsultandid-oppedisainerid<\/a>) v\u00f5i kirjutage aadressil eope@ut.ee.<\/p>\n<\/div><\/div><\/div>\n\n\n<p><\/p><div class=\"accordion mb-3\">\n        <div class=\"accordion-item accordion-item--white\">\n        <h2 class=\"accordion-header\" id=\"accordion-69d27fdc4f686-heading\">\n            <button class=\"accordion-button collapsed\" type=\"button\" data-bs-toggle=\"collapse\" data-bs-target=\"#accordion-69d27fdc4f686-collapse\" aria-expanded=\"true\" aria-controls=\"accordion-69d27fdc4f686-collapse\">Vaadake koolituse \u201cLimeSurvey kasutamine k\u00fcsimustike koostamiseks\u201d salvestust (13.05.2025)<\/button>\n        <\/h2>\n        <div id=\"accordion-69d27fdc4f686-collapse\" class=\"accordion-collapse collapse\" aria-labelledby=\"accordion-69d27fdc4f686-heading\">\n            <div class=\"accordion-body\">\n<p><\/p><div class=\"ratio ratio-16x9 mb-3\"><div class=\"video-placeholder-wrapper video-placeholder-wrapper--16x9\">\n\t\t\t    <div class=\"video-placeholder d-flex justify-content-center align-items-center\">\n\t\t\t        <div class=\"overlay text-white p-2 w-100 text-center d-block justify-content-center align-items-center\">\n\t\t\t            <div>Kolmandate osapoolte sisu n\u00e4gemiseks palun n\u00f5ustu k\u00fcpsistega.<\/div>\n\t\t\t            <button class=\"btn btn-secondary btn-sm mt-1 consent-change\">Muuda n\u00f5usolekut<\/button>\n\t\t\t        <\/div>\n\t\t\t    <\/div>\n\t\t\t<\/div>\n<\/div>\n<p><\/p><\/div>\n        <\/div>\n        <\/div>\n    <\/div>\n\n\n<p><\/p><div class=\"accordion mb-3\">\n        <div class=\"accordion-item accordion-item--white\">\n        <h2 class=\"accordion-header\" id=\"accordion-69d27fdc4f68c-heading\">\n            <button class=\"accordion-button collapsed\" type=\"button\" data-bs-toggle=\"collapse\" data-bs-target=\"#accordion-69d27fdc4f68c-collapse\" aria-expanded=\"true\" aria-controls=\"accordion-69d27fdc4f68c-collapse\">Vaadake koolituse \u201cLimeSurvey edasij\u00f5udnutele\u201d salvestust (07.03.2024)<\/button>\n        <\/h2>\n        <div id=\"accordion-69d27fdc4f68c-collapse\" class=\"accordion-collapse collapse\" aria-labelledby=\"accordion-69d27fdc4f68c-heading\">\n            <div class=\"accordion-body\">\n<p><\/p><div class=\"ratio ratio-16x9 mb-3\"><div class=\"video-placeholder-wrapper video-placeholder-wrapper--16x9\">\n\t\t\t    <div class=\"video-placeholder d-flex justify-content-center align-items-center\">\n\t\t\t        <div class=\"overlay text-white p-2 w-100 text-center d-block justify-content-center align-items-center\">\n\t\t\t            <div>Kolmandate osapoolte sisu n\u00e4gemiseks palun n\u00f5ustu k\u00fcpsistega.<\/div>\n\t\t\t            <button class=\"btn btn-secondary btn-sm mt-1 consent-change\">Muuda n\u00f5usolekut<\/button>\n\t\t\t        <\/div>\n\t\t\t    <\/div>\n\t\t\t<\/div>\n<\/div>\n<p><\/p><\/div>\n        <\/div>\n        <\/div>\n    <\/div>\n","protected":false},"excerpt":{"rendered":"<p>LimeSurvey on keskkond veebip\u00f5histe k\u00fcsimustike koostamiseks ja l\u00e4biviimiseks. LimeSurvey veebiaadress: https:\/\/survey.ut.ee Kontakt ja abi Probleemide ja k\u00fcsimuste korral v\u00f5i kui soovite individuaalset juhendamist, v\u00f5tke \u00fchendust oma valdkonna \u00f5ppedisaineriga (vt https:\/\/ut.ee\/et\/opetamisoskuste-konsultandid-oppedisainerid) v\u00f5i kirjutage aadressil eope@ut.ee.<\/p>\n","protected":false},"author":6,"featured_media":0,"parent":0,"menu_order":0,"comment_status":"closed","ping_status":"closed","template":"","meta":{"_acf_changed":false,"inline_featured_image":false,"footnotes":""},"class_list":["post-208","page","type-page","status-publish","hentry"],"acf":[],"_links":{"self":[{"href":"https:\/\/sisu.ut.ee\/juhendid\/wp-json\/wp\/v2\/pages\/208","targetHints":{"allow":["GET"]}}],"collection":[{"href":"https:\/\/sisu.ut.ee\/juhendid\/wp-json\/wp\/v2\/pages"}],"about":[{"href":"https:\/\/sisu.ut.ee\/juhendid\/wp-json\/wp\/v2\/types\/page"}],"author":[{"embeddable":true,"href":"https:\/\/sisu.ut.ee\/juhendid\/wp-json\/wp\/v2\/users\/6"}],"replies":[{"embeddable":true,"href":"https:\/\/sisu.ut.ee\/juhendid\/wp-json\/wp\/v2\/comments?post=208"}],"version-history":[{"count":6,"href":"https:\/\/sisu.ut.ee\/juhendid\/wp-json\/wp\/v2\/pages\/208\/revisions"}],"predecessor-version":[{"id":4838,"href":"https:\/\/sisu.ut.ee\/juhendid\/wp-json\/wp\/v2\/pages\/208\/revisions\/4838"}],"wp:attachment":[{"href":"https:\/\/sisu.ut.ee\/juhendid\/wp-json\/wp\/v2\/media?parent=208"}],"curies":[{"name":"wp","href":"https:\/\/api.w.org\/{rel}","templated":true}]}}