{"id":203,"date":"2024-04-04T02:50:50","date_gmt":"2024-04-03T23:50:50","guid":{"rendered":"https:\/\/sisu.ut.ee\/juhendid\/juhend-oppijatele-panoptoga-salvestamiseks\/"},"modified":"2024-10-28T12:49:48","modified_gmt":"2024-10-28T10:49:48","slug":"juhend-oppijatele-panoptoga-salvestamiseks","status":"publish","type":"page","link":"https:\/\/sisu.ut.ee\/juhendid\/juhend-oppijatele-panoptoga-salvestamiseks\/","title":{"rendered":"Juhend \u00f5ppijatele Panoptoga salvestamiseks"},"content":{"rendered":"<p><span style=\"vertical-align: baseline;\"><span lang=\"EN-US\">Kui \u00f5ppej\u00f5ud on teinud Panoptos kursuse kaustale ulesannete alamkausta (<i>Assignments<\/i>), siis saavad \u00f5ppijad \u00f5iguse endale Panopto installeerida ning sellesse kausta videosid salvestada v\u00f5i \u00fcles laadida. \u00dclesannete kausta salvestusi n\u00e4eb vaikimisi vaid \u00f5ppej\u00f5ud ning \u00f5ppija iseenda salvestust. \u00d5ppija ulesannete kausta salvestatud teiste \u00f5ppijate videosid vaikimisi ei n\u00e4e (\u00f5ppej\u00f5ud saab seda seadet vajadusel muuta). <\/span><\/span><\/p>\n\n\n\n<h5 class=\"wp-block-heading\">Kui \u00fclesannete kausta videoid n\u00e4eb vaikimisi vaid \u00f5ppej\u00f5ud ja \u00f5ppija ise, siis \u00f5ppijal on v\u00f5imalus oma video jagamise \u00f5igusi muuta, nt muuta video lingiga k\u00e4ttesaadavaks (<em>Anyone with the link<\/em> valik).<\/h5>\n\n\n\n<p><span style=\"vertical-align: baseline;\"><b><span lang=\"EN-US\">\u00dclesannete kausta salvestamine<\/span><\/b><\/span><\/p>\n\n\n\n<ol class=\"wp-block-list\">\n<li><span style=\"vertical-align: baseline;\"><span lang=\"EN-US\">Esmasel salvestamise kasutamisel logige Moodle\u2019i autentimisviisi kaudu Panoptosse sisse <\/span><\/span><span lang=\"EN-US\" style=\"color: #0563c1;\"><a title=\"\" data-url=\"https:\/\/panopto.ut.ee\/\" href=\"https:\/\/panopto.ut.ee\/\" target=\"_blank\" rel=\"noopener\">https:\/\/ut.cloud.panopto.eu\/<\/a>.<\/span><br><figure><img loading=\"lazy\" decoding=\"async\" width=\"529\" height=\"384\" title=\"6597.jpg\" class=\"alignnone wp-image-958\" src=\"https:\/\/sisu.ut.ee\/wp-content\/uploads\/sites\/177\/6597.jpg\" alt=\"login\" srcset=\"https:\/\/sisu.ut.ee\/wp-content\/uploads\/sites\/177\/6597.jpg 529w, https:\/\/sisu.ut.ee\/wp-content\/uploads\/sites\/177\/6597-300x218.jpg 300w\" sizes=\"auto, (max-width: 529px) 100vw, 529px\"><\/figure><br><\/li>\n\n\n\n<li><span style=\"vertical-align: baseline;\"><span lang=\"EN-US\">Installeerige enda arvutisse Panopto salvestusprogramm (Windows v\u00f5i Mac). Kui vajate abi Panopto salvestusprogrammi installeerimisel, siis v\u00f5tke \u00fchendust <a href=\"mailto:arvutiabi@ut.ee\" target=\"_blank\" rel=\"noopener\"><span style=\"color: #0563c1;\">arvutiabi@ut.ee<\/span><\/a> v\u00f5i tel 7375500<\/span><\/span><br><img loading=\"lazy\" decoding=\"async\" width=\"300\" height=\"421\" class=\"alignnone wp-image-957\" src=\"https:\/\/sisu.ut.ee\/wp-content\/uploads\/sites\/177\/screenshot_2020-06-02_at_12.32.33.png\" alt=\"install\" style=\"width: 300px;\" srcset=\"https:\/\/sisu.ut.ee\/wp-content\/uploads\/sites\/177\/screenshot_2020-06-02_at_12.32.33.png 504w, https:\/\/sisu.ut.ee\/wp-content\/uploads\/sites\/177\/screenshot_2020-06-02_at_12.32.33-214x300.png 214w\" sizes=\"auto, (max-width: 300px) 100vw, 300px\"><span style=\"vertical-align: baseline;\"><span lang=\"EN-US\">\u00a0<\/span><\/span><\/li>\n\n\n\n<li><span style=\"vertical-align: baseline;\"><span lang=\"EN-US\">Logige UT Moodle autentimisviisi kasutades Panopto salvestusprogrammi sisse.\u00a0<\/span><\/span><\/li>\n\n\n\n<li><span style=\"vertical-align: baseline;\"><span lang=\"EN-US\" style=\"color: #333333;\">Kl\u00f5psake <strong>Create<i>\u00a0New Recording<\/i><\/strong> ning valige rippmen\u00fc\u00fcst kaust (<em>Folder<\/em>), kuhu te salvestama hakkate. Rippmen\u00fc\u00fcs on valikud kaustadest, kuhu teil on \u00f5igus salvestada.<\/span><\/span><br><figure><img loading=\"lazy\" decoding=\"async\" width=\"1578\" height=\"498\" title=\"screenshot_2020-06-01_at_17.48.29.png\" class=\"alignnone wp-image-956\" src=\"https:\/\/sisu.ut.ee\/wp-content\/uploads\/sites\/177\/screenshot_2020-06-01_at_17.48.29.png\" alt=\"rippmenuu\" srcset=\"https:\/\/sisu.ut.ee\/wp-content\/uploads\/sites\/177\/screenshot_2020-06-01_at_17.48.29.png 1578w, https:\/\/sisu.ut.ee\/wp-content\/uploads\/sites\/177\/screenshot_2020-06-01_at_17.48.29-300x95.png 300w, https:\/\/sisu.ut.ee\/wp-content\/uploads\/sites\/177\/screenshot_2020-06-01_at_17.48.29-1024x323.png 1024w, https:\/\/sisu.ut.ee\/wp-content\/uploads\/sites\/177\/screenshot_2020-06-01_at_17.48.29-768x242.png 768w, https:\/\/sisu.ut.ee\/wp-content\/uploads\/sites\/177\/screenshot_2020-06-01_at_17.48.29-1536x485.png 1536w\" sizes=\"auto, (max-width: 1578px) 100vw, 1578px\"><\/figure><\/li>\n\n\n\n<li><span style=\"vertical-align: baseline;\"><span lang=\"EN-US\" style=\"color: #333333;\">Valige salvestamise primaarne (<em>Primary Source<\/em>) ja sekundaarne allikas (<em>Secondary Sources<\/em>) vastavalt sellele, mida salvestama peate. Nt valige primaarseks allikaks veebikaamera\u00a0ning sekundaarseks arvutiekraan. Kui peate salvestama ainult ekraanipilti, siis valige primaarseks allikaks heli, v\u00f5tke \u00e4ra video ehk m\u00e4\u00e4rake see None ning sekundaarseks allikaks m\u00e4\u00e4rake arvutiekraan. <\/span><\/span><\/li>\n\n\n\n<li><span style=\"vertical-align: baseline;\"><span lang=\"EN-US\" style=\"color: #333333;\">Salvestamise alustamiseks kl\u00f5psake suurel punase ringiga <em><strong>Record<\/strong><\/em> nupul. <\/span><\/span><\/li>\n\n\n\n<li><span style=\"vertical-align: baseline;\"><span lang=\"EN-US\" style=\"color: #333333;\">Salvestamise l\u00f5petamiseks kl\u00f5psake <em><strong>Stop recording<\/strong><\/em>. Seej\u00e4rel saate te teate <em>Recording complete<\/em> ning saate salvestuse Panopto serverisse valitud kausta \u00fcles laadida (<strong><em>Upload<\/em><\/strong>).<\/span><\/span><\/li>\n\n\n\n<li><span style=\"vertical-align: baseline;\"><span lang=\"EN-US\" style=\"color: #333333;\">Kui te logite veebilehitsejas Panoptosse (<\/span><\/span><a href=\"https:\/\/ut.cloud.panopto.eu\/\" target=\"_blank\" rel=\"noreferrer noopener\">https:\/\/ut.cloud.panopto.eu\/<\/a><span style=\"vertical-align: baseline;\"><span style=\"color: #333333;\">), siis saate veenduda, et salvestis on ulesannete kausta ilmunud. <strong>NB! Kui tegemist on pika salvestusega, siis v\u00f5ib salvestuse \u00fcleslaadimine kauem aega v\u00f5tta.<\/strong><\/span><\/span><\/li>\n\n\n\n<li><span style=\"vertical-align: baseline;\"><span lang=\"EN-US\" style=\"color: #333333;\">Te saate \u00fcleslaetud salvestisi muuta ja kustutada ka siis, kui need on juba serverisse \u00fcles laetud. <\/span><\/span><\/li>\n\n\n\n<li><span style=\"vertical-align: baseline;\"><span lang=\"EN-US\" style=\"color: #333333;\">P\u00e4rast \u00fcleslaadimist on soovitatav vanad salvestused enda arvutist eemaldada, et s\u00e4\u00e4sta arvuti kettamahtu. Selleks tuleb Panopto salvestusprogrammis leida vastav fail ning kasutada <em><strong>Delete<\/strong><\/em> nuppu.<\/span><\/span><br><figure><img loading=\"lazy\" decoding=\"async\" width=\"852\" height=\"120\" title=\"66663.png\" class=\"alignnone wp-image-959\" src=\"https:\/\/sisu.ut.ee\/wp-content\/uploads\/sites\/177\/66663.png\" alt=\"delete recording\" srcset=\"https:\/\/sisu.ut.ee\/wp-content\/uploads\/sites\/177\/66663.png 852w, https:\/\/sisu.ut.ee\/wp-content\/uploads\/sites\/177\/66663-300x42.png 300w, https:\/\/sisu.ut.ee\/wp-content\/uploads\/sites\/177\/66663-768x108.png 768w\" sizes=\"auto, (max-width: 852px) 100vw, 852px\"><\/figure><\/li>\n<\/ol>\n\n\n\n<p><span style=\"vertical-align: baseline;\"><span lang=\"EN-US\" style=\"color: #333333;\">11. Lisaks v\u00f5ite soovi korral Panopto salvestusprogrammi oma arvutist eemaldada, kui te seda edaspidi enam ei vaja. <\/span><\/span><\/p>\n","protected":false},"excerpt":{"rendered":"<p>Kui \u00f5ppej\u00f5ud on teinud Panoptos kursuse kaustale ulesannete alamkausta (Assignments), siis saavad \u00f5ppijad \u00f5iguse endale Panopto installeerida ning sellesse kausta videosid salvestada v\u00f5i \u00fcles laadida. \u00dclesannete kausta salvestusi n\u00e4eb vaikimisi vaid \u00f5ppej\u00f5ud ning \u00f5ppija iseenda salvestust. \u00d5ppija ulesannete kausta salvestatud &#8230;<\/p>\n","protected":false},"author":6,"featured_media":0,"parent":0,"menu_order":0,"comment_status":"closed","ping_status":"closed","template":"","meta":{"_acf_changed":false,"inline_featured_image":false,"footnotes":""},"class_list":["post-203","page","type-page","status-publish","hentry"],"acf":[],"_links":{"self":[{"href":"https:\/\/sisu.ut.ee\/juhendid\/wp-json\/wp\/v2\/pages\/203","targetHints":{"allow":["GET"]}}],"collection":[{"href":"https:\/\/sisu.ut.ee\/juhendid\/wp-json\/wp\/v2\/pages"}],"about":[{"href":"https:\/\/sisu.ut.ee\/juhendid\/wp-json\/wp\/v2\/types\/page"}],"author":[{"embeddable":true,"href":"https:\/\/sisu.ut.ee\/juhendid\/wp-json\/wp\/v2\/users\/6"}],"replies":[{"embeddable":true,"href":"https:\/\/sisu.ut.ee\/juhendid\/wp-json\/wp\/v2\/comments?post=203"}],"version-history":[{"count":7,"href":"https:\/\/sisu.ut.ee\/juhendid\/wp-json\/wp\/v2\/pages\/203\/revisions"}],"predecessor-version":[{"id":3929,"href":"https:\/\/sisu.ut.ee\/juhendid\/wp-json\/wp\/v2\/pages\/203\/revisions\/3929"}],"wp:attachment":[{"href":"https:\/\/sisu.ut.ee\/juhendid\/wp-json\/wp\/v2\/media?parent=203"}],"curies":[{"name":"wp","href":"https:\/\/api.w.org\/{rel}","templated":true}]}}