{"id":202,"date":"2024-04-04T02:50:50","date_gmt":"2024-04-03T23:50:50","guid":{"rendered":"https:\/\/sisu.ut.ee\/juhendid\/panopto\/"},"modified":"2024-08-21T14:27:04","modified_gmt":"2024-08-21T11:27:04","slug":"panopto","status":"publish","type":"page","link":"https:\/\/sisu.ut.ee\/juhendid\/panopto\/","title":{"rendered":"Panopto"},"content":{"rendered":"<p>Panopto v\u00f5imaldab salvestada videoloenguid enda arvutis. Te saate valida, mida salvestatakse: videokaamera pilti ja audiot, esitlust ja\/v\u00f5i arvutiekraani. Salvestatud videot saab p\u00e4rast serveris l\u00f5igata, muuta privaatseks v\u00f5i avalikustada teile sobivatel tingimustel.<\/p>\n\n\n\n<h3 class=\"wp-block-heading\"><strong>Panoptosse sisenemine Moodle\u2019i kaudu<\/strong><\/h3>\n\n\n\n<ul class=\"wp-block-list\">\n<li>Panopto on \u00fchendatud Moodle\u2019i \u00f5pikeskkonnaga ning kui olete Moodle\u2019isse sisse logitud, siis Panoptosse eraldi enam sisse logima ei pea.<\/li>\n\n\n\n<li>Kui Te lisate oma Moodle\u2019i kursusele Panopto ploki, siis saate sealt \u00fche kl\u00f5psuga luua oma kursuse\u00a0kausta Panoptos. Seej\u00e4rel saate \u00f5iguse Panopto installeerimiseks ning videote salvestamiseks kursuse kausta. Kui Teie arvutis pole programmide installeerimise \u00f5igust, siis p\u00f6\u00f6rduge\u00a0Panopto installeerimise sooviga arvutiabisse\u00a0<a class=\"spamspan\" href=\"mailto:arvutiabi@ut.ee\">arvutiabi@ut.ee<\/a> (tel 5500). <strong>NB!<\/strong> Teil ei ole \u00f5igusi Panoptot installeerida, kui teil ei ole \u00fcheski Panopto kaustas salvestamise \u00f5igusi.<\/li>\n\n\n\n<li>Panoptos Teie kaustas olevaid videosid kuvatakse automaatselt vastava Moodle\u2019i kursuse Panopto plokis.<\/li>\n\n\n\n<li>Panopto avalehelt\u00a0<a title=\"\" data-url=\"https:\/\/panopto.ut.ee\/\" href=\"https:\/\/panopto.ut.ee\/\" target=\"_blank\" rel=\"noopener\">https:\/\/ut.cloud.panopto.eu\/<\/a> saate samuti Panoptosse siseneda, valides sisselogimiseks <strong>UT Moodle<\/strong> valiku.<\/li>\n<\/ul>\n\n\n\n<hr class=\"wp-block-separator has-alpha-channel-opacity\">\n\n\n\n<p>Videoloengu salvestamiseks kasutage sobiva kujundusega\u00a0PowerPointi esitlust.<\/p>\n\n\n\n<h5 class=\"wp-block-heading\">NB! Vt soovitusi videoloengute salvestamiseks:\u00a0<a href=\"https:\/\/sisu.ut.ee\/juhendid\/soovitused-videote-salvestamiseks\">https:\/\/sisu.ut.ee\/juhendid\/soovitused-videote-salvestamiseks<\/a><\/h5>\n\n\n\n<p>Mida v\u00f5imsamat arvutit ja kiiremat interneti\u00fchendust kasutate, seda parem. Video salvestatakse alguses enda arvutisse ja laetakse p\u00e4rast Panopto pilveserverisse \u2013 selleks on vaja \u00fcsna head ja stabiilset interneti\u00fchendust.<\/p>\n\n\n\n<h5 class=\"wp-block-heading\">NB! Et vajadusel video algust ning l\u00f5ppu mugavalt l\u00f5igata, avage esitlus, k\u00e4ivitage salvestus, lugege m\u00f5ttes kolmeni ja alustage loenguga.<\/h5>\n\n\n\n<p>Salvestage esmalt l\u00fchike video katsetamiseks ja veenduge, et kvaliteet on piisavalt hea.<\/p>\n\n\n\n<h3 class=\"wp-block-heading\" id=\"Mahara-Kontaktjaabi\"><strong>Kontakt ja abi<\/strong><\/h3>\n\n\n\n<p>Probleemide ja k\u00fcsimuste korral v\u00f5i kui soovite individuaalset juhendamist, v\u00f5tke \u00fchendust oma valdkonna \u00f5ppedisaineriga\u00a0(vt\u00a0<a href=\"https:\/\/ut.ee\/et\/oppimis-ja-opetamiskeskus\" target=\"_blank\" rel=\"noreferrer noopener\">https:\/\/ut.ee\/et\/oppimis-ja-opetamiskeskus<\/a>) v\u00f5i\u00a0kirjutage T\u00dc \u00f5ppimis- ja \u00f5petamiskeskuse aadressil\u00a0<a class=\"external-link\" data-ext-link-init=\"true\" href=\"mailto:eope@ut.ee\" target=\"_blank\" rel=\"nofollow noopener\"><span style=\"text-decoration: underline;\"><strong>eope@ut.ee<\/strong><\/span><\/a>.<\/p>\n","protected":false},"excerpt":{"rendered":"<p>Panopto v\u00f5imaldab salvestada videoloenguid enda arvutis. Te saate valida, mida salvestatakse: videokaamera pilti ja audiot, esitlust ja\/v\u00f5i arvutiekraani. Salvestatud videot saab p\u00e4rast serveris l\u00f5igata, muuta privaatseks v\u00f5i avalikustada teile sobivatel tingimustel. Panoptosse sisenemine Moodle\u2019i kaudu Videoloengu salvestamiseks kasutage sobiva kujundusega\u00a0PowerPointi &#8230;<\/p>\n","protected":false},"author":6,"featured_media":0,"parent":0,"menu_order":0,"comment_status":"closed","ping_status":"closed","template":"","meta":{"_acf_changed":false,"inline_featured_image":false,"footnotes":""},"class_list":["post-202","page","type-page","status-publish","hentry"],"acf":[],"_links":{"self":[{"href":"https:\/\/sisu.ut.ee\/juhendid\/wp-json\/wp\/v2\/pages\/202","targetHints":{"allow":["GET"]}}],"collection":[{"href":"https:\/\/sisu.ut.ee\/juhendid\/wp-json\/wp\/v2\/pages"}],"about":[{"href":"https:\/\/sisu.ut.ee\/juhendid\/wp-json\/wp\/v2\/types\/page"}],"author":[{"embeddable":true,"href":"https:\/\/sisu.ut.ee\/juhendid\/wp-json\/wp\/v2\/users\/6"}],"replies":[{"embeddable":true,"href":"https:\/\/sisu.ut.ee\/juhendid\/wp-json\/wp\/v2\/comments?post=202"}],"version-history":[{"count":18,"href":"https:\/\/sisu.ut.ee\/juhendid\/wp-json\/wp\/v2\/pages\/202\/revisions"}],"predecessor-version":[{"id":3740,"href":"https:\/\/sisu.ut.ee\/juhendid\/wp-json\/wp\/v2\/pages\/202\/revisions\/3740"}],"wp:attachment":[{"href":"https:\/\/sisu.ut.ee\/juhendid\/wp-json\/wp\/v2\/media?parent=202"}],"curies":[{"name":"wp","href":"https:\/\/api.w.org\/{rel}","templated":true}]}}