{"id":201,"date":"2024-04-04T02:50:50","date_gmt":"2024-04-03T23:50:50","guid":{"rendered":"https:\/\/sisu.ut.ee\/juhendid\/urkundi-plugina-kasutamine\/"},"modified":"2024-05-24T14:43:27","modified_gmt":"2024-05-24T11:43:27","slug":"sp-plugina-kasutamine","status":"publish","type":"page","link":"https:\/\/sisu.ut.ee\/juhendid\/sp-plugina-kasutamine\/","title":{"rendered":"StrikePlagiarismi plugina kasutamine Moodle&#8217;i kursusel"},"content":{"rendered":"<p>\u00dclikooli Moodle\u2019isse lisati <strong>12. veebruaril 2024<\/strong> StrikePlagiarismi plugin.<\/p>\n\n\n\n<h5 class=\"wp-block-heading\">StrikePlagiarismi pluginat on v\u00f5imalik kasutada Moodle\u2019i kursuse <strong>\u00fclesande, foorumi, \u00f5pikoja <\/strong>ja<strong> testi<\/strong> vahendites. StrikePlagiarismi saadetakse kontrollimiseks \u00f5ppijate esitatud failid, veebitekstid ja testi esseek\u00fcsimuste vastused.<\/h5>\n\n\n\n<p>StrikePlagiarismi Moodle\u2019i plugina kasutamiseks piisab, kui te <strong>olete Moodle\u2019i kursusel \u00f5ppej\u00f5u rollis<\/strong> ning seadistate \u00fclesande, foorumi, \u00f5pikoja ja testi s\u00e4tetes StrikePlagiarism.com plugina osas\u00a0StrikePlagiarismi kasutamise:\u00a0<\/p>\n\n\n\n<figure class=\"wp-block-image is-resized\"><img loading=\"lazy\" decoding=\"async\" width=\"758\" height=\"216\" src=\"https:\/\/sisu.ut.ee\/wp-content\/uploads\/sites\/177\/screenshot_2024-01-26_at_12.09.01.png\" alt=\"Strike\" class=\"wp-image-388\" style=\"width:450px\" title=\"screenshot_2024-01-26_at_12.09.01.png\" srcset=\"https:\/\/sisu.ut.ee\/wp-content\/uploads\/sites\/177\/screenshot_2024-01-26_at_12.09.01.png 758w, https:\/\/sisu.ut.ee\/wp-content\/uploads\/sites\/177\/screenshot_2024-01-26_at_12.09.01-300x85.png 300w\" sizes=\"auto, (max-width: 758px) 100vw, 758px\"><\/figure>\n\n\n\n<p>Teil on v\u00f5imalik valida plugina s\u00e4tete osas enda jaoks sobivad seaded. StrikePlagiarismi sarnasuskoefitsienti ja sarnasusraportit saate n\u00e4idata ka \u00f5ppijatele.\u00a0<\/p>\n\n\n\n<p><strong>NB!<\/strong> Esitatud t\u00f6\u00f6 juures kuvatakse praegu kaks sarnasuskoefitsienti. SC1 n\u00e4itab v\u00e4iksemate tekstifragmentide ja SC2 suuremate tekstifragmentide kattuvuse protsenti.<\/p>\n\n\n\n<p>Kui te kasutate Moodle\u2019i kursusel v\u00e4hemalt \u00fches \u00fclesandes, foorumis, \u00f5pikojas v\u00f5i testis StrikePlagiarismi pluginat, siis on kursuse seadistuste plokis <em>StrikePlagiarism.com<\/em> osas n\u00e4ha, millistes kursuse tegevustes on StrikePlagiarism kasutusel ning\u00a0saate minna vastavate vahendite kaudu StrikePlagiarismi kontrollimisele l\u00e4inud t\u00f6\u00f6de raporteid vaatama.<\/p>\n\n\n\n<h3 class=\"wp-block-heading\">Abi<\/h3>\n\n\n\n<p>Moodle\u2019i StrikePlagiarismi plugina tehniliste k\u00fcsimuste ja\/v\u00f5i probleemidega seoses palume p\u00f6\u00f6rduda <a href=\"mailto:eope@ut.ee\">eope@ut.ee<\/a>.<\/p>\n\n\n\n<p>Kui vajate abi raporti t\u00f5lgendamisel ja\/v\u00f5i \u00fcli\u00f5pilaste n\u00f5ustamisel akadeemilise v\u00e4ljendusoskuse arendamisel, siis palume p\u00f6\u00f6rduda AVOKisse (djuddah.leijen@ut.ee).<\/p>\n\n\n\n<p><\/p>\n","protected":false},"excerpt":{"rendered":"<p>\u00dclikooli Moodle\u2019isse lisati 12. veebruaril 2024 StrikePlagiarismi plugin. StrikePlagiarismi pluginat on v\u00f5imalik kasutada Moodle\u2019i kursuse \u00fclesande, foorumi, \u00f5pikoja ja testi vahendites. StrikePlagiarismi saadetakse kontrollimiseks \u00f5ppijate esitatud failid, veebitekstid ja testi esseek\u00fcsimuste vastused. StrikePlagiarismi Moodle\u2019i plugina kasutamiseks piisab, kui te olete &#8230;<\/p>\n","protected":false},"author":6,"featured_media":0,"parent":0,"menu_order":0,"comment_status":"closed","ping_status":"closed","template":"","meta":{"_acf_changed":false,"inline_featured_image":false,"footnotes":""},"class_list":["post-201","page","type-page","status-publish","hentry"],"acf":[],"_links":{"self":[{"href":"https:\/\/sisu.ut.ee\/juhendid\/wp-json\/wp\/v2\/pages\/201","targetHints":{"allow":["GET"]}}],"collection":[{"href":"https:\/\/sisu.ut.ee\/juhendid\/wp-json\/wp\/v2\/pages"}],"about":[{"href":"https:\/\/sisu.ut.ee\/juhendid\/wp-json\/wp\/v2\/types\/page"}],"author":[{"embeddable":true,"href":"https:\/\/sisu.ut.ee\/juhendid\/wp-json\/wp\/v2\/users\/6"}],"replies":[{"embeddable":true,"href":"https:\/\/sisu.ut.ee\/juhendid\/wp-json\/wp\/v2\/comments?post=201"}],"version-history":[{"count":5,"href":"https:\/\/sisu.ut.ee\/juhendid\/wp-json\/wp\/v2\/pages\/201\/revisions"}],"predecessor-version":[{"id":3542,"href":"https:\/\/sisu.ut.ee\/juhendid\/wp-json\/wp\/v2\/pages\/201\/revisions\/3542"}],"wp:attachment":[{"href":"https:\/\/sisu.ut.ee\/juhendid\/wp-json\/wp\/v2\/media?parent=201"}],"curies":[{"name":"wp","href":"https:\/\/api.w.org\/{rel}","templated":true}]}}