{"id":197,"date":"2024-04-04T02:50:50","date_gmt":"2024-04-03T23:50:50","guid":{"rendered":"https:\/\/sisu.ut.ee\/juhendid\/videod\/"},"modified":"2024-04-04T02:55:37","modified_gmt":"2024-04-03T23:55:37","slug":"videod","status":"publish","type":"page","link":"https:\/\/sisu.ut.ee\/juhendid\/videod\/","title":{"rendered":"Videod"},"content":{"rendered":"<p>\n\tTartu \u00dclikoolis on eesm\u00e4rk salvestada s\u00fcsteemselt videoloenguid ning parandada videoloengute k\u00e4ttesaadavust sihtr\u00fchmadele (\u00fcli\u00f5pilased, \u00f5ppej\u00f5ud, huvilised v\u00e4ljastpoolt \u00fclikooli). Videoloengud jaotuvad:\n<\/p>\n<ul>\n<li>\n\t\tsalvestatud loenguvideod (e-kursuste ja traditsioonilise \u00f5ppega seotud videoloengud, mis on valdavalt slaididega s\u00fcnkroniseeritud)\n\t<\/li>\n<li>\n\t\t\u00f5ppevideod (spetsiaalselt lavastatud \u00f5ppesituatsioonide videod)\n\t<\/li>\n<li>\n\t\tavalikkusele suunatud videoloengud\n\t<\/li>\n<li>\n\t\tturunduseesm\u00e4rkidel loodud reklaamvideod\n\t<\/li>\n<\/ul>\n<h2>\n\tVideoloengute salvestamine<br>\n<\/h2>\n<p>\n\tVideoloengute salvestamiseks on erinevaid v\u00f5imalusi:\n<\/p>\n<h3>\n\ta) Tellida video salvestamine IT osakonna visuaalmeedia talitusest<br>\n<\/h3>\n<p>\n\tVideoloeng salvestatakse videospetsialisti poolt kas auditooriumis v\u00f5i stuudios. T\u00e4psemat infot saab aadressil\u00a0<a href=\"mailto:video@ut.ee\">video@ut.ee<\/a>.\n<\/p>\n<h5>\n\tNB!\u00a0Alates 1.veebaruarist 2020 on <span data-mce-mark=\"1\">taseme- ja t\u00e4iendus\u00f5ppes kasutatavate\u00a0<\/span><span data-mce-mark=\"1\">\u00f5ppeotstarbeliste videote salvestamise teenus\u00a0<\/span><strong>tasuline, vt\u00a0IT osakonna teenuste <\/strong><a data-url=\"https:\/\/siseveeb.ut.ee\/sites\/default\/files\/siseveebi_failid\/infotehnoloogia_osakonna_osutavate_teenuste_hindade_kehtestamine.pdf\" href=\"https:\/\/siseveeb.ut.ee\/sites\/default\/files\/siseveebi_failid\/infotehnoloogia_osakonna_osutavate_teenuste_hindade_kehtestamine.pdf\" target=\"_blank\" title=\"\" rel=\"noopener\">hinnakirja<\/a>\u00a0(Videosalvestus \u00f5ppet\u00f6\u00f6st).<br>\n<\/h5>\n<h3>\n\tb) Kasutada videoloengute salvestamiseks T\u00dc Panopto tarkvara<br>\n<\/h3>\n<p>\n\t<em>Panopto recorder<\/em> on installeeritud k\u00f5ikidesse UT domeenis olevatesse arvutitesse.\u00a0Panopto kasutamine t\u00f6\u00f6 ja auditooriumide arvutites on \u00f5ppej\u00f5udude jaoks tasuta.\n<\/p>\n<p>\n\tMiks Panopto?\n<\/p>\n<ul>\n<li>\n\t\tsalvestamiseks piisab arvutis olevast Panopto tarkvarast ja kaamerast\n\t<\/li>\n<li>\n\t\tslaidid v\u00f5i ekraanipilt ning video\/audio s\u00fcnkroniseeritakse automaatselt\n\t<\/li>\n<li>\n\t\tvideoloeng salvestatakse automaatselt m\u00e4\u00e4ratud serverisse\n\t<\/li>\n<li>\n\t\tsalvestatavat videoloengut saab ka reaalajas webcast\u2019ina \u00fcle kanda\n\t<\/li>\n<li>\n\t\tauditooriumis toimuva loengu salvestamist saab k\u00e4ivitada ja l\u00f5petada automaatselt etteantud kuup\u00e4evadel ja kellaaegadel\n\t<\/li>\n<\/ul>\n<p>\n\tAvage juhendid paremas servas asuvast men\u00fc\u00fcst.\n<\/p>\n<h3>\n\t<br><img loading=\"lazy\" decoding=\"async\" width=\"300\" height=\"368\" class=\"alignnone wp-image-945\" style=\"float: right\" src=\"https:\/\/sisu.ut.ee\/wp-content\/uploads\/sites\/177\/video_lisamine5.png\" title=\"video_lisamine5.png\" alt=\"video_lisamine5.png\" srcset=\"https:\/\/sisu.ut.ee\/wp-content\/uploads\/sites\/177\/video_lisamine5.png 300w, https:\/\/sisu.ut.ee\/wp-content\/uploads\/sites\/177\/video_lisamine5-245x300.png 245w\" sizes=\"auto, (max-width: 300px) 100vw, 300px\">c) Kasutada video salvestamiseks programmi Screen-o-matic<br>\n<\/h3>\n<p>\n\tProgrammiga saab tasuta salvestada kuni 15-minutilisi klippe ning avaldada neid Screen-o-maticu ja Youtube keskkonnas v\u00f5i endale alla laadida ja sobivas keskkonnas avaldada. Salvestamiseks tuleb programmi kodulehelt nupust <em>Start Recording<\/em> salvestada enda arvutisse fail <em>WebLaunchRecorder.exe<\/em> ja see salvestamiseks k\u00e4ivitada ning installeerida.\u00a0Screen-o-matic v\u00f5imaldab salvestada ekraanipilti (nt k\u00e4ivitatud esitlust vm programmi) koos (v\u00f5i ilma) audioga ja vidoega. Video l\u00f5ikamiseks\/monteerimiseks peaksite aga kasutama m\u00f5nda teist tuttavat videot\u00f6\u00f6tlusprogrammi.\n<\/p>\n<p>\n\tProgrammi koduleht: <a href=\"http:\/\/www.screencast-o-matic.com\/\" target=\"_blank\" rel=\"noopener\">http:\/\/www.screencast-o-matic.com\/<\/a><br>N\u00e4ide: <a href=\"http:\/\/www.uttv.ee\/naita?id=18701\" target=\"_blank\" rel=\"noopener\">http:\/\/www.uttv.ee\/naita?id=18701<\/a>\n<\/p>\n<p>\n\t\u00a0<\/p>\n","protected":false},"excerpt":{"rendered":"<p>Tartu \u00dclikoolis on eesm\u00e4rk salvestada s\u00fcsteemselt videoloenguid ning parandada videoloengute k\u00e4ttesaadavust sihtr\u00fchmadele (\u00fcli\u00f5pilased, \u00f5ppej\u00f5ud, huvilised v\u00e4ljastpoolt \u00fclikooli). Videoloengud jaotuvad: salvestatud loenguvideod (e-kursuste ja traditsioonilise \u00f5ppega seotud videoloengud, mis on valdavalt slaididega s\u00fcnkroniseeritud) \u00f5ppevideod (spetsiaalselt lavastatud \u00f5ppesituatsioonide videod) avalikkusele suunatud videoloengud &#8230;<\/p>\n","protected":false},"author":6,"featured_media":0,"parent":0,"menu_order":0,"comment_status":"closed","ping_status":"closed","template":"","meta":{"_acf_changed":false,"inline_featured_image":false,"footnotes":""},"class_list":["post-197","page","type-page","status-publish","hentry"],"acf":[],"_links":{"self":[{"href":"https:\/\/sisu.ut.ee\/juhendid\/wp-json\/wp\/v2\/pages\/197","targetHints":{"allow":["GET"]}}],"collection":[{"href":"https:\/\/sisu.ut.ee\/juhendid\/wp-json\/wp\/v2\/pages"}],"about":[{"href":"https:\/\/sisu.ut.ee\/juhendid\/wp-json\/wp\/v2\/types\/page"}],"author":[{"embeddable":true,"href":"https:\/\/sisu.ut.ee\/juhendid\/wp-json\/wp\/v2\/users\/6"}],"replies":[{"embeddable":true,"href":"https:\/\/sisu.ut.ee\/juhendid\/wp-json\/wp\/v2\/comments?post=197"}],"version-history":[{"count":1,"href":"https:\/\/sisu.ut.ee\/juhendid\/wp-json\/wp\/v2\/pages\/197\/revisions"}],"predecessor-version":[{"id":1654,"href":"https:\/\/sisu.ut.ee\/juhendid\/wp-json\/wp\/v2\/pages\/197\/revisions\/1654"}],"wp:attachment":[{"href":"https:\/\/sisu.ut.ee\/juhendid\/wp-json\/wp\/v2\/media?parent=197"}],"curies":[{"name":"wp","href":"https:\/\/api.w.org\/{rel}","templated":true}]}}