{"id":19,"date":"2024-04-04T02:50:36","date_gmt":"2024-04-03T23:50:36","guid":{"rendered":"https:\/\/sisu.ut.ee\/juhendid\/avaleht\/"},"modified":"2025-10-12T11:38:44","modified_gmt":"2025-10-12T08:38:44","slug":"avaleht","status":"publish","type":"page","link":"https:\/\/sisu.ut.ee\/juhendid\/","title":{"rendered":"Avaleht"},"content":{"rendered":"<h2>Juhendid e-\u00f5ppe kasutamiseks<\/h2>\n<p>Tartu \u00dclikoolis kasutatakse \u00f5ppet\u00f6\u00f6 toetamiseks ja mitmekesistamiseks mitmesuguseid erinevaid e-\u00f5ppe v\u00f5imalusi.<\/p>\n<h3>Liitumine digi\u00f5ppe listiga<\/h3>\n<p>Kui te soovite liituda digi\u00f5ppe listiga, kus jagatakse Moodle\u2019i ja muude e-\u00f5ppe v\u00f5imalustega seotud infot, siis saatke e-kiri aadressile <a href=\"mailto:sympa@lists.ut.ee\" target=\"_blank\" rel=\"nofollow noopener\" data-ext-link-init=\"true\">sympa@lists.ut.ee<\/a>. Kirja pealkirjaks lisage tekst: SUBscribe digiope ning kirja sisuosa v\u00f5ib j\u00e4\u00e4da t\u00fchjaks.<\/p>\n<h3>\u00d5ppijate isikuandmete kaitse<\/h3>\n<p><a title=\"\" href=\"https:\/\/sisu.ut.ee\/juhendid\/isikuandmete-kaitse-kkk\" data-url=\"https:\/\/sisu.ut.ee\/juhendid\/isikuandmete-kaitse-kkk\">\u00d5ppijate isikuandmete kaitsega seotud korduma kippuvad k\u00fcsimused<\/a><\/p>\n<h2>Digitehnoloogiliste vahendite kasutamise juhendid<\/h2>\n<p>K\u00e4esolevale veebilehestikule on koondatud j\u00e4rgnevate digitehnoloogiliste vahendite kasutamise juhendid:<\/p>\n<h3><a href=\"https:\/\/sisu.ut.ee\/juhendid\/moodle\">I \u00d5pikeskkond Moodle<\/a><\/h3>\n<p>Moodle on keskkond e-kursuste loomiseks ja l\u00e4biviimiseks. Moodle\u2019it kasutatakse kursuse \u00f5ppematerjalide esitamiseks, suhtlemiseks \u00f5ppijate ja \u00f5ppej\u00f5udude vahel, \u00f5ppimise h\u00f5lbustamiseks erinevate tegevuste abil, kodut\u00f6\u00f6de esitamiseks, \u00f5ppijate hindamiseks ning kursuse administreerimiseks.<\/p>\n<h3><a href=\"https:\/\/sisu.ut.ee\/juhendid\/sisuut\">II Veebilehestike loomise vahend Sisu@UT<\/a><\/h3>\n<p>Sisu@UT vahend on m\u00f5eldud \u00fclikooli teadus- ja \u00f5ppet\u00f6\u00f6ga seotud temaatiliste sisupakettide, projektide ja konverentside veebilehestike ning portfooliote loomiseks.<\/p>\n<h3><a href=\"https:\/\/sisu.ut.ee\/juhendid\/videod\">III Videod<\/a><\/h3>\n<p>Videote t\u00fc\u00fcbid, soovitused salvestamiseks ning salvestamise tarkvarade juhendid.<\/p>\n<h3><a href=\"https:\/\/sisu.ut.ee\/juhendid\/mahara\">IV E-portfooliote loomise vahend Mahara<\/a><\/h3>\n<p>Mahara on e-portfooliote keskkond, kus saab luua lehek\u00fclgi, pidada p\u00e4evikut, luua digiCV, koondada lehed erinevate kollektsioonide alla, avaldada neid ning esitada Moodle\u2019is hindamiseks.<\/p>\n<h3><a href=\"https:\/\/sisu.ut.ee\/juhendid\/limesurvey\">V\u00a0LimeSurvey<\/a><\/h3>\n<p>LimeSurvey on keskkond veebip\u00f5histe k\u00fcsimustike koostamiseks ja kusitluste l\u00e4biviimiseks.<\/p>\n<h3><a href=\"https:\/\/sisu.ut.ee\/juhendid\/veebiseminarid\">VI Veebiseminarid<\/a><\/h3>\n<p>Veebiseminaride pidamiseks pakub \u00fclikool kahte vahendit: Big Blue Button ja MS Teams.<\/p>\n<h3><a href=\"https:\/\/sisu.ut.ee\/juhendid\/plagiaadituvastus\/\">VII Plagiaadituvastus\u00fcsteem<\/a><\/h3>\n<p>StrikePlagiarism on T\u00dc Moodle\u2019i e-kursuste foorumites, ulesannetes, testi esseek\u00fcsimustes ning \u00f5pikodades kasutatav plagiaadituvastuss\u00fcsteem, mis v\u00f5rdleb \u00fcli\u00f5pilaste poolt \u00fcleslaetavaid tekste internetis k\u00e4ttesaadavate materjalidega, T\u00dc raamatukogu kaudu kasutatavates andmebaasides olevate publikatsioonide ja \u00fcli\u00f5pilast\u00f6\u00f6dega ning plagiaadituvastuss\u00fcsteemi andmebaasis olevate tekstidega.<\/p>\n","protected":false},"excerpt":{"rendered":"<p>Juhendid e-\u00f5ppe kasutamiseks Tartu \u00dclikoolis kasutatakse \u00f5ppet\u00f6\u00f6 toetamiseks ja mitmekesistamiseks mitmesuguseid erinevaid e-\u00f5ppe v\u00f5imalusi. Liitumine digi\u00f5ppe listiga Kui te soovite liituda digi\u00f5ppe listiga, kus jagatakse Moodle\u2019i ja muude e-\u00f5ppe v\u00f5imalustega seotud infot, siis saatke e-kiri aadressile sympa@lists.ut.ee. Kirja pealkirjaks lisage &#8230;<\/p>\n","protected":false},"author":6,"featured_media":0,"parent":0,"menu_order":0,"comment_status":"closed","ping_status":"closed","template":"","meta":{"_acf_changed":false,"inline_featured_image":false,"footnotes":""},"class_list":["post-19","page","type-page","status-publish","hentry"],"acf":[],"_links":{"self":[{"href":"https:\/\/sisu.ut.ee\/juhendid\/wp-json\/wp\/v2\/pages\/19","targetHints":{"allow":["GET"]}}],"collection":[{"href":"https:\/\/sisu.ut.ee\/juhendid\/wp-json\/wp\/v2\/pages"}],"about":[{"href":"https:\/\/sisu.ut.ee\/juhendid\/wp-json\/wp\/v2\/types\/page"}],"author":[{"embeddable":true,"href":"https:\/\/sisu.ut.ee\/juhendid\/wp-json\/wp\/v2\/users\/6"}],"replies":[{"embeddable":true,"href":"https:\/\/sisu.ut.ee\/juhendid\/wp-json\/wp\/v2\/comments?post=19"}],"version-history":[{"count":13,"href":"https:\/\/sisu.ut.ee\/juhendid\/wp-json\/wp\/v2\/pages\/19\/revisions"}],"predecessor-version":[{"id":4832,"href":"https:\/\/sisu.ut.ee\/juhendid\/wp-json\/wp\/v2\/pages\/19\/revisions\/4832"}],"wp:attachment":[{"href":"https:\/\/sisu.ut.ee\/juhendid\/wp-json\/wp\/v2\/media?parent=19"}],"curies":[{"name":"wp","href":"https:\/\/api.w.org\/{rel}","templated":true}]}}