{"id":189,"date":"2024-04-04T02:50:49","date_gmt":"2024-04-03T23:50:49","guid":{"rendered":"https:\/\/sisu.ut.ee\/juhendid\/utee-domeeni-tellimine\/"},"modified":"2026-03-11T16:23:38","modified_gmt":"2026-03-11T14:23:38","slug":"utee-domeeni-tellimine","status":"publish","type":"page","link":"https:\/\/sisu.ut.ee\/juhendid\/utee-domeeni-tellimine\/","title":{"rendered":"Sisu@UT lehestikule ut.ee alamdomeeni tellimine"},"content":{"rendered":"<p>Veebilehestiku looja saab vajadusel tellida oma Sisu@UT lehestikule domeeni kujul <strong>veebilehenimi.ut.ee<\/strong>.<\/p>\n\n\n\n<p>Domeeni k\u00fcsimiseks:<\/p>\n\n\n\n<ul class=\"wp-block-list\">\n<li>T\u00e4itke e-\u00f5ppe kasutajatoe p\u00f6\u00f6rdumise <a href=\"https:\/\/jira.ut.ee\/servicedesk\/customer\/portal\/6\/create\/98\"><strong>Sisu@UT lehestikule domeeninime tellimise vorm<\/strong><\/a>.<\/li>\n\n\n\n<li>Avanevas vormis tuleb t\u00e4ita domeeni aadress ning p\u00f5hjendada, miks antud domeeni vaja on (Domeeni tellimise p\u00f5hjus).<\/li>\n\n\n\n<li>Tekib p\u00f6\u00f6rdumine ning domeeni loomine l\u00e4heb t\u00f6\u00f6sse.<\/li>\n<\/ul>\n\n\n\n<h5 class=\"wp-block-heading\"><strong>NB! <\/strong>Tellige domeen vaid siis, kui selleks on tungiv vajadus (nt projektide, konverentside vm veebilehestikele). Temaatilistele sisupakettidele pole domeeni tellimise vajalikkus p\u00f5hjendatud.<\/h5>\n\n\n\n<p>Soovitused:<\/p>\n\n\n\n<ul class=\"wp-block-list\">\n<li>Enne domeeni tellimist veenduge, et antud domeen pole juba kasutuses.<\/li>\n\n\n\n<li>Domeeni nimeks valige soovitatavalt sama nimi, mis on sisu.ut.ee saidil. N\u00e4iteks: domeen.ut.ee ja sisu.ut.ee\/domeen.<\/li>\n\n\n\n<li>Domeeni nimi ei tohi sisaldada t\u00e4ppidega t\u00e4hti (\u00f5\u00fc\u00e4\u00f6..) v\u00f5i spetsiaalseid m\u00e4rke (!?\u201d$#..).<\/li>\n\n\n\n<li>\u00c4rge valige domeeni nimeks liiga ambitsioonikaid nimesid (nt teadus.ut.ee), kuna \u00fclikool v\u00f5ib neid domeene vajada muuks otstarbeks.<\/li>\n\n\n\n<li>Domeeni saamine v\u00f5tab p\u00e4rast taotluse esitamist teatud aja, sest Teie taotlus vaadatakse \u00fcle. Kui taotlust pole v\u00f5imalik rahuldada, siis v\u00f5etakse domeeni tellijaga \u00fchendust.<\/li>\n<\/ul>\n\n\n\n<h5 class=\"wp-block-heading\"><strong>NB!<\/strong> Domeeni aadressil saab teie lehestiku vaid vaadata, lehestiku muutmiseks peate endiselt minema Sisu lehele <a title=\"\" href=\"https:\/\/sisu.ut.ee\" target=\"_blank\" rel=\"noopener\" data-url=\"https:\/\/sisu.ut.ee\">https:\/\/sisu.ut.ee<\/a>\u00a0ja sisse logima.<\/h5>\n\n\n\n<h5 class=\"wp-block-heading\"><strong>NB!<\/strong>\u00a0Kui soovite tellida \u00fclemdomeeni kujul n\u00e4iteks domeen.ee, peate domeeni tellima Tartu \u00dclikooli IT kasutajatoe <a href=\"https:\/\/jira.ut.ee\/servicedesk\/customer\/portal\/4\/create\/81\">\u201cTelli domeeninimi\u201d vormi<\/a> kaudu. Tegemist on tasulise teenusega! Varasemalt tellitud domeeni puhul Sisu@UT kasutamisel tuleb teha omanikuvahetus Tartu \u00dclikooli nimele, mille eest rakendub lisatasu.<\/h5>\n","protected":false},"excerpt":{"rendered":"<p>Veebilehestiku looja saab vajadusel tellida oma Sisu@UT lehestikule domeeni kujul veebilehenimi.ut.ee. Domeeni k\u00fcsimiseks: NB! Tellige domeen vaid siis, kui selleks on tungiv vajadus (nt projektide, konverentside vm veebilehestikele). Temaatilistele sisupakettidele pole domeeni tellimise vajalikkus p\u00f5hjendatud. Soovitused: NB! Domeeni aadressil saab &#8230;<\/p>\n","protected":false},"author":6,"featured_media":0,"parent":0,"menu_order":0,"comment_status":"closed","ping_status":"closed","template":"","meta":{"_acf_changed":false,"inline_featured_image":false,"footnotes":""},"class_list":["post-189","page","type-page","status-publish","hentry"],"acf":[],"_links":{"self":[{"href":"https:\/\/sisu.ut.ee\/juhendid\/wp-json\/wp\/v2\/pages\/189","targetHints":{"allow":["GET"]}}],"collection":[{"href":"https:\/\/sisu.ut.ee\/juhendid\/wp-json\/wp\/v2\/pages"}],"about":[{"href":"https:\/\/sisu.ut.ee\/juhendid\/wp-json\/wp\/v2\/types\/page"}],"author":[{"embeddable":true,"href":"https:\/\/sisu.ut.ee\/juhendid\/wp-json\/wp\/v2\/users\/6"}],"replies":[{"embeddable":true,"href":"https:\/\/sisu.ut.ee\/juhendid\/wp-json\/wp\/v2\/comments?post=189"}],"version-history":[{"count":10,"href":"https:\/\/sisu.ut.ee\/juhendid\/wp-json\/wp\/v2\/pages\/189\/revisions"}],"predecessor-version":[{"id":5032,"href":"https:\/\/sisu.ut.ee\/juhendid\/wp-json\/wp\/v2\/pages\/189\/revisions\/5032"}],"wp:attachment":[{"href":"https:\/\/sisu.ut.ee\/juhendid\/wp-json\/wp\/v2\/media?parent=189"}],"curies":[{"name":"wp","href":"https:\/\/api.w.org\/{rel}","templated":true}]}}