{"id":187,"date":"2024-04-04T02:50:49","date_gmt":"2024-04-03T23:50:49","guid":{"rendered":"https:\/\/sisu.ut.ee\/juhendid\/kasutajate-lisamine\/"},"modified":"2024-11-27T09:09:32","modified_gmt":"2024-11-27T07:09:32","slug":"kasutajate-lisamine","status":"publish","type":"page","link":"https:\/\/sisu.ut.ee\/juhendid\/kasutajate-lisamine\/","title":{"rendered":"Kasutajate lisamine"},"content":{"rendered":"<p>Teil on v\u00f5imalik oma lehestikku luua ja muuta koost\u00f6\u00f6s teiste Sisu@UT kasutajatega. Kasutajate lisamine k\u00e4ib vasakpoolses men\u00fc\u00fcs olevast <strong><em>Users<\/em><\/strong> osast.<\/p>\n<h5>NB! Lisada saab ainult neid kasutajaid, kes on varasemast Sisu@UT-sse sisenenud.<\/h5>\n<ul>\n<li>Kasutaja lisamiseks kl\u00f5psake <strong><em>Add Existing User<\/em><\/strong>.<\/li>\n<li>Sisestage kasutaja <strong>ut.ee e-posti aadress<\/strong>.<\/li>\n<li>M\u00e4\u00e4rake kasutaja roll:\n<ul>\n<li><strong>Kaashaldur <\/strong>saab lehestikus lisada uut sisu ning muuta olemasolevat sisu ja s\u00e4tteid (<strong>soovitatud roll<\/strong>).<\/li>\n<li><strong>Toimetaja<\/strong> (<em>Editor<\/em>) saab vaid lisada sisu ning muuta <strong>enda ja teiste<\/strong> kasutajate poolt lisatud sisu.<\/li>\n<li><strong>Autor<\/strong> (<em>Author<\/em>) saab luua ja muuta <strong>enda<\/strong> poolt lisatud sisu.<\/li>\n<li><strong>Lugeja<\/strong> (<em>Subscriber<\/em>) saab privaatset lehestikku vaid vaadata, mitte aga muuta.<\/li>\n<\/ul>\n<\/li>\n<li>Kl\u00f5psake <strong>Lisa olemasolev kasutaja<\/strong> (<em>Add Existing User<\/em>).<\/li>\n<\/ul>\n<p>Kasutajale saadetakse tema ut.ee e-posti aadressile kutse teie lehestiku haldamisega liitumiseks.<\/p>\n<p style=\"text-align: center;\"><img loading=\"lazy\" decoding=\"async\" width=\"971\" height=\"677\" class=\"alignnone wp-image-935\" title=\"user.png\" src=\"https:\/\/sisu.ut.ee\/wp-content\/uploads\/sites\/177\/user.png\" alt=\"Users\" srcset=\"https:\/\/sisu.ut.ee\/wp-content\/uploads\/sites\/177\/user.png 971w, https:\/\/sisu.ut.ee\/wp-content\/uploads\/sites\/177\/user-300x209.png 300w, https:\/\/sisu.ut.ee\/wp-content\/uploads\/sites\/177\/user-768x535.png 768w\" sizes=\"auto, (max-width: 971px) 100vw, 971px\"><\/p>\n","protected":false},"excerpt":{"rendered":"<p>Teil on v\u00f5imalik oma lehestikku luua ja muuta koost\u00f6\u00f6s teiste Sisu@UT kasutajatega. Kasutajate lisamine k\u00e4ib vasakpoolses men\u00fc\u00fcs olevast Users osast. NB! Lisada saab ainult neid kasutajaid, kes on varasemast Sisu@UT-sse sisenenud. Kasutaja lisamiseks kl\u00f5psake Add Existing User. Sisestage kasutaja ut.ee &#8230;<\/p>\n","protected":false},"author":6,"featured_media":0,"parent":0,"menu_order":0,"comment_status":"closed","ping_status":"closed","template":"","meta":{"_acf_changed":false,"inline_featured_image":false,"footnotes":""},"class_list":["post-187","page","type-page","status-publish","hentry"],"acf":[],"_links":{"self":[{"href":"https:\/\/sisu.ut.ee\/juhendid\/wp-json\/wp\/v2\/pages\/187","targetHints":{"allow":["GET"]}}],"collection":[{"href":"https:\/\/sisu.ut.ee\/juhendid\/wp-json\/wp\/v2\/pages"}],"about":[{"href":"https:\/\/sisu.ut.ee\/juhendid\/wp-json\/wp\/v2\/types\/page"}],"author":[{"embeddable":true,"href":"https:\/\/sisu.ut.ee\/juhendid\/wp-json\/wp\/v2\/users\/6"}],"replies":[{"embeddable":true,"href":"https:\/\/sisu.ut.ee\/juhendid\/wp-json\/wp\/v2\/comments?post=187"}],"version-history":[{"count":9,"href":"https:\/\/sisu.ut.ee\/juhendid\/wp-json\/wp\/v2\/pages\/187\/revisions"}],"predecessor-version":[{"id":3965,"href":"https:\/\/sisu.ut.ee\/juhendid\/wp-json\/wp\/v2\/pages\/187\/revisions\/3965"}],"wp:attachment":[{"href":"https:\/\/sisu.ut.ee\/juhendid\/wp-json\/wp\/v2\/media?parent=187"}],"curies":[{"name":"wp","href":"https:\/\/api.w.org\/{rel}","templated":true}]}}