{"id":185,"date":"2024-04-04T02:50:49","date_gmt":"2024-04-03T23:50:49","guid":{"rendered":"https:\/\/sisu.ut.ee\/juhendid\/seaded-lehestiku-avaldamine\/"},"modified":"2025-12-16T09:03:06","modified_gmt":"2025-12-16T07:03:06","slug":"seaded-lehestiku-avaldamine","status":"publish","type":"page","link":"https:\/\/sisu.ut.ee\/juhendid\/seaded-lehestiku-avaldamine\/","title":{"rendered":"Lehestiku avaldamine, SEO ja anal\u00fc\u00fctika"},"content":{"rendered":"<p>Vaikimisi on loodav lehestik privaatne \u2013\u00a0<span data-mce-mark=\"1\">seda n\u00e4eb ainult koostaja v\u00f5i koostajad, kui on Sisu@UT-i sisse loginud<\/span>.<\/p>\n\n\n\n<h3 class=\"wp-block-heading\" id=\"avalikustamine\">1. Lehestiku avalikustamine<\/h3>\n\n\n\n<p>Lehestiku oleku muutmine k\u00e4ib <strong><em>Theme settings, General, Page status<\/em><\/strong> seadest:<\/p>\n\n\n\n<ul class=\"wp-block-list\">\n<li><strong>Avalik<\/strong>\u00a0(<em>Public and indexable<\/em>) \u2013 juurdep\u00e4\u00e4setav konkreetsel URL aadressil, leitav otsinguga otsides. <strong>(soovitatud variant)<\/strong><\/li>\n\n\n\n<li><strong>Lingiga ligip\u00e4\u00e4etav<\/strong> (<em>Public, but not indexable<\/em>) \u2013 juurdep\u00e4\u00e4setav konkreetsel URL aadressil, kuid pole leitav otsinguga otsides<\/li>\n\n\n\n<li><strong>Privaatne<\/strong> (<em>Private<\/em>) \u2013 juurdep\u00e4\u00e4setav vaid sisselogitud kasutajale, kel on vastava lehestiku haldamise \u00f5igus<\/li>\n\n\n\n<li><strong>Suletud<\/strong> (Closed) \u2013 <span data-teams=\"true\">kui on teada, et lehestik ei tohiks enam veebist k\u00e4ttesaadav olla, aga soovite seda hoida nt projekti dokumentide hoidmise n\u00f5ude p\u00e4rast.<\/span><\/li>\n<\/ul>\n\n\n\n<figure class=\"wp-block-image aligncenter\"><img loading=\"lazy\" decoding=\"async\" width=\"971\" height=\"592\" src=\"https:\/\/sisu.ut.ee\/wp-content\/uploads\/sites\/177\/avalikustamine-1.png\" alt=\"\" class=\"wp-image-3579\" title=\"avalikustamine.png\" srcset=\"https:\/\/sisu.ut.ee\/wp-content\/uploads\/sites\/177\/avalikustamine-1.png 971w, https:\/\/sisu.ut.ee\/wp-content\/uploads\/sites\/177\/avalikustamine-1-300x183.png 300w, https:\/\/sisu.ut.ee\/wp-content\/uploads\/sites\/177\/avalikustamine-1-768x468.png 768w\" sizes=\"auto, (max-width: 971px) 100vw, 971px\"><\/figure>\n\n\n\n<p class=\"has-text-align-center\"><\/p>\n\n\n\n<h4 class=\"wp-block-heading\" id=\"lehestiku-eelvaate-pilt\">Avalikule lehestikule lehestiku eelvaate pildi lisamine<\/h4>\n\n\n\n<p>Kui te muudate oma lehestiku avalikuks (<em>Public and indexable<\/em>), siis olge teadlik, et Sisu@UT avalehe <a href=\"https:\/\/sisu.ut.ee\" target=\"_blank\" rel=\"noopener\">https:\/\/sisu.ut.ee<\/a> Viimati uuendatud lehestike plokis kuvatakse \u00fcheksat viimati muudetud lehestikku, mis on vaikimisi eelvaate pildiga (sinisel taustal \u00fclikooli logo). Teil on v\u00f5imalik lisada oma lehestikule unikaalne eelvaate pilt (<em>Theme settings, General, Site preview image)<\/em>. Lehestiku eelvaate pildi sobivad maksimaalsed ja minimaalsed suurused on toodud abitekstis (maksimaalsed suurused: laius 1800 pikslit ja k\u00f5rgus 800 pikslit, minimaalsed suurused: laius 320 pikslit ja k\u00f5rgus 240 pikslit) ning lehestiku meedia jaotuses on v\u00f5imalik varem \u00fcleslaetud pilti k\u00e4rpida ja skaleerida.<\/p>\n\n\n\n<p>Avalikke lehestikke kuvatakse ka Sisu@UT avalehe \u00fclamen\u00fc\u00fcst viidatud vastava kategooria lehel, kuhu kategooriasse lehestik kuulub. Kategooria nimekirjas kuvatakse k\u00f5ige viimati uuendatud lehestikke k\u00f5ige ees ning iga lehestiku juures kuvatakse ka lehestiku eelvaate pilti ja kirjeldust. Kirjelduse puudumisel saate selle oma lehestikule lisada (<em>Settings, Description<\/em>).<\/p>\n\n\n\n<h4 class=\"wp-block-heading\" id=\"lehe-avalikustamine\">\u00dcksiku lehe n\u00e4htavuse valikud<\/h4>\n\n\n\n<p>Lehestikus saab konkreetse lehe n\u00e4htavust muuta olles muutmisre\u017eiimis (\u00fclaribal <strong>Muuda lehte<\/strong>) lehe seadetest (nupp paremal \u00fcleval nurgas) <strong><em>Visibility<\/em><\/strong> osas:<\/p>\n\n\n\n<ul class=\"wp-block-list\">\n<li>lehte saab muuta privaatseks<\/li>\n\n\n\n<li>kaitsta parooliga<\/li>\n<\/ul>\n\n\n\n<figure class=\"wp-block-image\"><img loading=\"lazy\" decoding=\"async\" width=\"971\" height=\"592\" src=\"https:\/\/sisu.ut.ee\/wp-content\/uploads\/sites\/177\/nahtavus.png\" alt=\"N\u00e4htavus\" class=\"wp-image-930\" title=\"nahtavus.png\" srcset=\"https:\/\/sisu.ut.ee\/wp-content\/uploads\/sites\/177\/nahtavus.png 971w, https:\/\/sisu.ut.ee\/wp-content\/uploads\/sites\/177\/nahtavus-300x183.png 300w, https:\/\/sisu.ut.ee\/wp-content\/uploads\/sites\/177\/nahtavus-768x468.png 768w\" sizes=\"auto, (max-width: 971px) 100vw, 971px\"><\/figure>\n\n\n\n<p class=\"has-text-align-center\"><\/p>\n\n\n\n<h3 class=\"wp-block-heading\" id=\"seo\">2. Lisage lehestikule metaandmed (otsingumootoritele optimeerimine):<\/h3>\n\n\n\n<p>Selleks, et saaksite oma lehestiku otsingumootoritele optimeerida, aktiveerige <strong>Plugins<\/strong> osas <strong>Simple SEO<\/strong> rakendus ja kinnitage lehe alaservas <strong>Apply<\/strong>.<\/p>\n\n\n\n<figure class=\"wp-block-image\"><img loading=\"lazy\" decoding=\"async\" width=\"971\" height=\"592\" src=\"https:\/\/sisu.ut.ee\/wp-content\/uploads\/sites\/177\/seo1.png\" alt=\"SEO\" class=\"wp-image-931\" title=\"seo1.png\" srcset=\"https:\/\/sisu.ut.ee\/wp-content\/uploads\/sites\/177\/seo1.png 971w, https:\/\/sisu.ut.ee\/wp-content\/uploads\/sites\/177\/seo1-300x183.png 300w, https:\/\/sisu.ut.ee\/wp-content\/uploads\/sites\/177\/seo1-768x468.png 768w\" sizes=\"auto, (max-width: 971px) 100vw, 971px\"><\/figure>\n\n\n\n<p class=\"has-text-align-center\"><\/p>\n\n\n\n<p>Metaandmete lisamiseks kl\u00f5psake <strong><em>Settings, Simple SEO<\/em><\/strong>:<\/p>\n\n\n\n<p>Sisestage metaandmed:<\/p>\n\n\n\n<ul class=\"wp-block-list\">\n<li>peakiri (<em>Title<\/em>)<\/li>\n\n\n\n<li>kirjeldus (<em>Description<\/em>)<\/li>\n\n\n\n<li>m\u00e4rks\u00f5nad (<em>Keywords<\/em>)<\/li>\n\n\n\n<li>Google\u2019i kinnituskood (<em>Google Verification Code<\/em>)\n<ul class=\"wp-block-list\">\n<li>Koodi saamiseks tuleb minna <strong>Google Search Console <\/strong>(https:\/\/search.google.com\/search-console\/about) veebilehele, kuhu saab siseneda isikliku Google kontoga kl\u00f5psates <strong>Start now<\/strong><\/li>\n\n\n\n<li>J\u00e4rgnevalt valida kahe valiku hulgast \u201c<strong>URL prefix<\/strong>\u201d ja sisestada oma lehestiku t\u00e4ispikk aadress algusega https:\/\/sisu.ut.ee\/\u2026.<\/li>\n\n\n\n<li>Seej\u00e4rel valida \u201c<strong>Other verification methods<\/strong>\u201d alt \u201c<strong>HTML tag<\/strong>\u201d ja kopeerida sealne kood ja kleepida see tekstiredaktorisse.<\/li>\n\n\n\n<li>Kopeeritud koodist tuleb v\u00e4lja v\u00f5tta content=\u201d<strong>\u2026<\/strong>\u201d ehk <span style=\"text-decoration: underline;\">jutum\u00e4rkide vahel olev verifitseerimise kood<\/span> ning lisada see Sisu@UTis veebilehestiku t\u00f6\u00f6laualt <strong>S\u00e4tted (Setting) &gt; Simple SEO plugins<\/strong> \u2013 <strong>Google Verification Code<\/strong> lahtrisse ja seaded salvestada.<\/li>\n\n\n\n<li>Seej\u00e4rel minna tagasi Google Search Console lehele ning vajutada \u201c<strong>Verify<\/strong>\u201c. Kui k\u00f5ik \u00f5nnestub, on lehestik seotud Google Search Console-ga.<\/li>\n\n\n\n<li>Google Search Console\u2019i on v\u00f5imalik lisada ka lehestiku\u00a0<em>Sitemap<\/em>, mille WordPress genereerib j\u00e4rgnevale aadressile:\n<ul class=\"wp-block-list\">\n<li><br><pre>https:\/\/sisu.ut.ee\/[lehestikunimi]\/wp-sitemap.xml<br>## Tellitud alamdomeeni puhul<br>https:\/\/[alamdomeen].ut.ee\/wp-sitemap.xml<\/pre><br><\/li>\n<\/ul>\n<\/li>\n<\/ul>\n<\/li>\n\n\n\n<li>jm<\/li>\n<\/ul>\n\n\n\n<figure class=\"wp-block-image\"><img loading=\"lazy\" decoding=\"async\" width=\"971\" height=\"677\" src=\"https:\/\/sisu.ut.ee\/wp-content\/uploads\/sites\/177\/seo2.png\" alt=\"SEO\" class=\"wp-image-932\" title=\"seo2.png\" srcset=\"https:\/\/sisu.ut.ee\/wp-content\/uploads\/sites\/177\/seo2.png 971w, https:\/\/sisu.ut.ee\/wp-content\/uploads\/sites\/177\/seo2-300x209.png 300w, https:\/\/sisu.ut.ee\/wp-content\/uploads\/sites\/177\/seo2-768x535.png 768w\" sizes=\"auto, (max-width: 971px) 100vw, 971px\"><\/figure>\n\n\n\n<p class=\"has-text-align-center\"><\/p>\n\n\n\n<h3 class=\"wp-block-heading\" id=\"ga\">3. Google Analytics lisamine<\/h3>\n\n\n\n<p>Google Analytics sidumiseks palun avage <strong>T\u00f6\u00f6laud\u00a0<\/strong>ja valige vasakust men\u00fc\u00fcst\u00a0<strong>Theme settings<\/strong>.\u00a0J\u00e4rgnevalt otsige \u00fclesse <strong>Analytics<\/strong> sakk ning sisestage lahtrisse Google Analytics Measurement ID.<\/p>\n\n\n\n<p>NB! Google Analytics kasutamiseks on vajalik omada isiklikku Google kontot. Google Analytics Measurement ID loomiseks palun k\u00fclastage <a href=\"https:\/\/analytics.google.com\">https:\/\/analytics.google.com<\/a> veebilehte ning j\u00e4rgige <a href=\"https:\/\/support.google.com\/analytics\/answer\/9304153\" target=\"_blank\" rel=\"noreferrer noopener\">ingliskeelset juhendit.<\/a><\/p>\n","protected":false},"excerpt":{"rendered":"<p>Vaikimisi on loodav lehestik privaatne \u2013\u00a0seda n\u00e4eb ainult koostaja v\u00f5i koostajad, kui on Sisu@UT-i sisse loginud. 1. Lehestiku avalikustamine Lehestiku oleku muutmine k\u00e4ib Theme settings, General, Page status seadest: Avalikule lehestikule lehestiku eelvaate pildi lisamine Kui te muudate oma lehestiku &#8230;<\/p>\n","protected":false},"author":6,"featured_media":0,"parent":0,"menu_order":0,"comment_status":"closed","ping_status":"closed","template":"","meta":{"_acf_changed":false,"inline_featured_image":false,"footnotes":""},"class_list":["post-185","page","type-page","status-publish","hentry"],"acf":[],"_links":{"self":[{"href":"https:\/\/sisu.ut.ee\/juhendid\/wp-json\/wp\/v2\/pages\/185","targetHints":{"allow":["GET"]}}],"collection":[{"href":"https:\/\/sisu.ut.ee\/juhendid\/wp-json\/wp\/v2\/pages"}],"about":[{"href":"https:\/\/sisu.ut.ee\/juhendid\/wp-json\/wp\/v2\/types\/page"}],"author":[{"embeddable":true,"href":"https:\/\/sisu.ut.ee\/juhendid\/wp-json\/wp\/v2\/users\/6"}],"replies":[{"embeddable":true,"href":"https:\/\/sisu.ut.ee\/juhendid\/wp-json\/wp\/v2\/comments?post=185"}],"version-history":[{"count":22,"href":"https:\/\/sisu.ut.ee\/juhendid\/wp-json\/wp\/v2\/pages\/185\/revisions"}],"predecessor-version":[{"id":4954,"href":"https:\/\/sisu.ut.ee\/juhendid\/wp-json\/wp\/v2\/pages\/185\/revisions\/4954"}],"wp:attachment":[{"href":"https:\/\/sisu.ut.ee\/juhendid\/wp-json\/wp\/v2\/media?parent=185"}],"curies":[{"name":"wp","href":"https:\/\/api.w.org\/{rel}","templated":true}]}}