{"id":183,"date":"2024-04-04T02:50:49","date_gmt":"2024-04-03T23:50:49","guid":{"rendered":"https:\/\/sisu.ut.ee\/juhendid\/kysitluse-lisamine\/"},"modified":"2025-06-26T15:23:13","modified_gmt":"2025-06-26T12:23:13","slug":"kysitluse-lisamine","status":"publish","type":"page","link":"https:\/\/sisu.ut.ee\/juhendid\/kysitluse-lisamine\/","title":{"rendered":"K\u00fcsitluse lisamine"},"content":{"rendered":"<h3>K\u00fcsimustiku loomine LimeSurveyga<\/h3>\n<p>K\u00fcsimustiku loomiseks on soovitatav kasutada Sisu@UT v\u00e4list LimeSurvey vahendit (vt juhend <a title=\"\" href=\"https:\/\/sisu.ut.ee\/juhendid\/limesurvey\" target=\"_blank\" rel=\"noopener\" data-url=\"https:\/\/sisu.ut.ee\/juhendid\/limesurvey\">https:\/\/sisu.ut.ee\/juhendid\/limesurvey<\/a>), mis on isikuandmete kogumiseks \u00fclikooli serveris paiknev turvaline rakendus. LimeSurvey k\u00fcsimustiku saab lehestiku lehelt viidata lingiga v\u00f5i vistutada koodi abil Sisu@UT lehele.<\/p>\n<p>LimeSurvey k\u00fcsitluse lisamiseks kopeerige HTML-i sisse j\u00e4rgnev kood ja asendage sealne veebiaadress \u00f5igega:<\/p>\n<p><code class=\"p1\">[iframe src=\"https:\/\/survey.ut.ee\/......\" width=\"100%\" height=\"800\"]<\/code><\/p>\n<h3>K\u00fcsimustiku loomine Watu PRO-ga<\/h3>\n<p>Lihtsama k\u00fcsimustiku v\u00f5ib lehestikku lisada ka Sisu@UT Watu PRO testi rakendusega, kui m\u00e4\u00e4rate testi k\u00fcsimused k\u00fcsimustiku k\u00fcsimusteks (<em>This is a survey question<\/em> valik).<\/p>\n<p>K\u00fcsitlusega laekunud vastuseid saate n\u00e4ha, kui kl\u00f5psate Watu PRO testide lehel k\u00fcsimustiku real <strong><em>View results<\/em><\/strong> veerus <em>Taken x times<\/em> lingil.<\/p>\n<h5>NB! Kui k\u00fcsite testi k\u00fcsitluse k\u00fcsimustega vastajate isikuandmeid, siis olete vastutavad nende kustutamise eest.<\/h5>\n","protected":false},"excerpt":{"rendered":"<p>K\u00fcsimustiku loomine LimeSurveyga K\u00fcsimustiku loomiseks on soovitatav kasutada Sisu@UT v\u00e4list LimeSurvey vahendit (vt juhend https:\/\/sisu.ut.ee\/juhendid\/limesurvey), mis on isikuandmete kogumiseks \u00fclikooli serveris paiknev turvaline rakendus. LimeSurvey k\u00fcsimustiku saab lehestiku lehelt viidata lingiga v\u00f5i vistutada koodi abil Sisu@UT lehele. LimeSurvey k\u00fcsitluse lisamiseks &#8230;<\/p>\n","protected":false},"author":6,"featured_media":0,"parent":0,"menu_order":0,"comment_status":"closed","ping_status":"closed","template":"","meta":{"_acf_changed":false,"inline_featured_image":false,"footnotes":""},"class_list":["post-183","page","type-page","status-publish","hentry"],"acf":[],"_links":{"self":[{"href":"https:\/\/sisu.ut.ee\/juhendid\/wp-json\/wp\/v2\/pages\/183","targetHints":{"allow":["GET"]}}],"collection":[{"href":"https:\/\/sisu.ut.ee\/juhendid\/wp-json\/wp\/v2\/pages"}],"about":[{"href":"https:\/\/sisu.ut.ee\/juhendid\/wp-json\/wp\/v2\/types\/page"}],"author":[{"embeddable":true,"href":"https:\/\/sisu.ut.ee\/juhendid\/wp-json\/wp\/v2\/users\/6"}],"replies":[{"embeddable":true,"href":"https:\/\/sisu.ut.ee\/juhendid\/wp-json\/wp\/v2\/comments?post=183"}],"version-history":[{"count":8,"href":"https:\/\/sisu.ut.ee\/juhendid\/wp-json\/wp\/v2\/pages\/183\/revisions"}],"predecessor-version":[{"id":4705,"href":"https:\/\/sisu.ut.ee\/juhendid\/wp-json\/wp\/v2\/pages\/183\/revisions\/4705"}],"wp:attachment":[{"href":"https:\/\/sisu.ut.ee\/juhendid\/wp-json\/wp\/v2\/media?parent=183"}],"curies":[{"name":"wp","href":"https:\/\/api.w.org\/{rel}","templated":true}]}}