{"id":179,"date":"2024-04-04T02:50:49","date_gmt":"2024-04-03T23:50:49","guid":{"rendered":"https:\/\/sisu.ut.ee\/juhendid\/sonastik2\/"},"modified":"2024-05-07T19:24:57","modified_gmt":"2024-05-07T16:24:57","slug":"sonastik2","status":"publish","type":"page","link":"https:\/\/sisu.ut.ee\/juhendid\/sonastik2\/","title":{"rendered":"S\u00f5nastiku loomine"},"content":{"rendered":"<p>\n\tS\u00f5nastik luuakse Sisu@UT platvormis <strong>Name Directory<\/strong> pluginaga.\u00a0\n<\/p>\n<ul>\n<li>\n\t\tKui <strong><em>Name Directory<\/em> <\/strong>rakendus pole lehestikus aktiivne, siis saab seda aktiveerida <strong><em>Plugins<\/em><\/strong> lingi kaudu. \u00a0\n\t<\/li>\n<li>\n\t\tKui soovite lehestiku lehtedel linkida sonastiku kirjeid, tuleb aktiveerida ka <strong><em>Name Directory Tooltips<\/em><\/strong> plugin.\u00a0\n\t<\/li>\n<\/ul>\n<h3>\n\tS\u00f5nastiku lisamiseks:\u00a0<br>\n<\/h3>\n<ul>\n<li>\n\t\tValige vasakpoolsest men\u00fc\u00fcst <strong><em>Name Directory \u2013 Add directory<\/em><\/strong>.\u00a0\n\t<\/li>\n<li>\n\t\tSisestage sonastiku pealkiri ja kirjedus.\u00a0\n\t<\/li>\n<li>\n\t\tTehke sonastiku v\u00e4limuse valikud, mida soovite kasutada.\u00a0\n\t<\/li>\n<li>\n\t\tKui soovite sonastiku alguses kuvada t\u00e4hestikulist indeksit, siis tehke valik <em>Show all letters on index<\/em>.\u00a0\n\t<\/li>\n<li>\n\t\t<em>Submissions<\/em> osas saate teha valikuid, mis lubavad ka sonastiku vaatajatel sonastikku termineid lisada.\u00a0\n\t<\/li>\n<li>\n\t\t<em>Naming<\/em> osas saate sisestada s\u00f5nastuse terminite nimetamiseks (sh eesti keeles).\u00a0\n\t<\/li>\n<\/ul>\n<h3>\n\tS\u00f5nastikku kirjete lisamiseks:\u00a0<br>\n<\/h3>\n<ul>\n<li>\n\t\tKl\u00f5psake vasakul men\u00fc\u00fcs <em><strong>Name Directory<\/strong><\/em> lingil ning sonastiku pealkirja all kl\u00f5psake <em>Manage names<\/em>.\u00a0\n\t<\/li>\n<li>\n\t\tKirjutage <strong><em>Add a new name<\/em><\/strong> osas s\u00f5na ja kirjelduse tekstikasti selle kirjeldus\/t\u00e4hendus.\u00a0\n\t<\/li>\n<li>\n\t\tKl\u00f5psale <strong><em>Add name<\/em><\/strong>.\u00a0\n\t<\/li>\n<li>\n\t\tSelleks, et lisatud s\u00f5na nimekirjas n\u00e4ha, v\u00e4rskendage lehte.\u00a0\n\t<\/li>\n<\/ul>\n<p>\n\tS\u00f5nastiku seadete muutmiseks kl\u00f5psake vasakul men\u00fc\u00fcs <em>Name Directory<\/em> ning tehke sonastiku juures valik <em>Settings<\/em>.\u00a0\n<\/p>\n<p>\n\tS\u00f5nastikke v\u00f5ib lehestikule lisada ka mitu.\u00a0\n<\/p>\n<h3>\n\tS\u00f5nastiku vistutamiseks (manustamiseks, embeedimiseks):\u00a0<br>\n<\/h3>\n<ul>\n<li>\n\t\tLisage sonastik lehele <strong>Shortcode<\/strong> ploki abil\u00a0\n\t<\/li>\n<li>\n\t\tKleepige (CTRL V) sonastiku embed kood plokki, nt [namedirectory dir=\u201d1\u2033] (embed koodi saate sonastike lehe vastava sonastiku kiirvalikus\u00a0<i>Shortcode<\/i>)\u00a0\n\t<\/li>\n<\/ul>\n<h3>\n\tS\u00f5nastiku kirjete linkimine lehtedelt\u00a0<br>\n<\/h3>\n<p>\n\tKui soovite lehestiku lehtedel linkida sonastiku kirjeid, siis kl\u00f5psake vasakul men\u00fc\u00fcs <strong>Name Directory Tooltips<\/strong> ja vastava sonastiku linkide seadete lingil (<strong><em>Tooltips settings<\/em><\/strong>). \u00a0\n<\/p>\n<p>\n\tM\u00e4\u00e4rake:\u00a0\n<\/p>\n<ul>\n<li>\n\t\tkas soovite kirjeid automaatselt linkida (<em>Automatic linking<\/em>)\u00a0\n\t<\/li>\n<li>\n\t\tkas kaasatakse ka kirje pealkiri (<em>Include term name<\/em>)\u00a0\n\t<\/li>\n<li>\n\t\tkas linkimine on t\u00f5stutundik (<em>Case sensitive<\/em>)\u00a0\n\t<\/li>\n<li>\n\t\tkas lingitakse ainult lehel esmakordsel esinemisel (<em>First match only<\/em>)\u00a0\n\t<\/li>\n<li>\n\t\tkas lingitakse ainult siis, kui on t\u00e4ielik vastavus (<em>Full match only<\/em>)\u00a0\n\t<\/li>\n<\/ul>\n<p>\n\tV\u00e4lista lehed ja postitused (<em>Exclude pages and posts<\/em>) osas saate v\u00e4listada lehed ja postitused, kus te ei soovi sonastiku kirjeid linkida. Ctrl ja CMD klahvide abil saate selekteerida ja deselekteerida mitmeid lehti v\u00f5i postitusi.\u00a0<\/p>\n","protected":false},"excerpt":{"rendered":"<p>S\u00f5nastik luuakse Sisu@UT platvormis Name Directory pluginaga.\u00a0 Kui Name Directory rakendus pole lehestikus aktiivne, siis saab seda aktiveerida Plugins lingi kaudu. \u00a0 Kui soovite lehestiku lehtedel linkida sonastiku kirjeid, tuleb aktiveerida ka Name Directory Tooltips plugin.\u00a0 S\u00f5nastiku lisamiseks:\u00a0 Valige vasakpoolsest &#8230;<\/p>\n","protected":false},"author":6,"featured_media":0,"parent":0,"menu_order":0,"comment_status":"closed","ping_status":"closed","template":"","meta":{"_acf_changed":false,"inline_featured_image":false,"footnotes":""},"class_list":["post-179","page","type-page","status-publish","hentry"],"acf":[],"_links":{"self":[{"href":"https:\/\/sisu.ut.ee\/juhendid\/wp-json\/wp\/v2\/pages\/179","targetHints":{"allow":["GET"]}}],"collection":[{"href":"https:\/\/sisu.ut.ee\/juhendid\/wp-json\/wp\/v2\/pages"}],"about":[{"href":"https:\/\/sisu.ut.ee\/juhendid\/wp-json\/wp\/v2\/types\/page"}],"author":[{"embeddable":true,"href":"https:\/\/sisu.ut.ee\/juhendid\/wp-json\/wp\/v2\/users\/6"}],"replies":[{"embeddable":true,"href":"https:\/\/sisu.ut.ee\/juhendid\/wp-json\/wp\/v2\/comments?post=179"}],"version-history":[{"count":1,"href":"https:\/\/sisu.ut.ee\/juhendid\/wp-json\/wp\/v2\/pages\/179\/revisions"}],"predecessor-version":[{"id":1672,"href":"https:\/\/sisu.ut.ee\/juhendid\/wp-json\/wp\/v2\/pages\/179\/revisions\/1672"}],"wp:attachment":[{"href":"https:\/\/sisu.ut.ee\/juhendid\/wp-json\/wp\/v2\/media?parent=179"}],"curies":[{"name":"wp","href":"https:\/\/api.w.org\/{rel}","templated":true}]}}